{"id":8766,"date":"2021-03-14T22:16:23","date_gmt":"2021-03-14T21:16:23","guid":{"rendered":"http:\/\/www.zspswiecie.pl\/?page_id=8766"},"modified":"2021-03-23T19:05:35","modified_gmt":"2021-03-23T18:05:35","slug":"technik-spawalnictwa","status":"publish","type":"page","link":"https:\/\/www.zspswiecie.pl\/index.php\/technik-spawalnictwa\/","title":{"rendered":"Technik spawalnictwa"},"content":{"rendered":"\n<p><strong><span class=\"has-inline-color has-black-color\">Opis zawodu<\/span><\/strong><\/p>\n\n\n\n<div class=\"wp-block-image\"><figure class=\"aligncenter size-large is-resized\"><img loading=\"lazy\" decoding=\"async\" src=\"https:\/\/www.zspswiecie.pl\/wp-content\/uploads\/2021\/03\/spawanie-1200x675.jpg\" alt=\"\" class=\"wp-image-8768\" width=\"580\" height=\"326\" srcset=\"https:\/\/www.zspswiecie.pl\/wp-content\/uploads\/2021\/03\/spawanie-1200x675.jpg 1200w, https:\/\/www.zspswiecie.pl\/wp-content\/uploads\/2021\/03\/spawanie-300x169.jpg 300w, https:\/\/www.zspswiecie.pl\/wp-content\/uploads\/2021\/03\/spawanie-768x432.jpg 768w, https:\/\/www.zspswiecie.pl\/wp-content\/uploads\/2021\/03\/spawanie.jpg 1248w\" sizes=\"auto, (max-width: 580px) 100vw, 580px\" \/><\/figure><\/div>\n\n\n\n<p><strong><span class=\"has-inline-color has-black-color\">Technik spawalnictwa to nowy zaw\u00f3d , kt\u00f3ry zapewni Ci dobry start i stabiln\u0105 prac\u0119. Obecnie \u017cadna ga\u0142\u0105\u017a przemys\u0142u nie obejdzie si\u0119 bez spawacza. Praca jest ciekawa, dla ludzi kreatywnych z pasj\u0105.<\/span><\/strong><\/p>\n\n\n\n<p><br><span class=\"has-inline-color has-black-color\">Technik spawalnictwa zajmuje si\u0119 \u0142\u0105czeniem materia\u0142\u00f3w r\u00f3\u017cnymi metodami spawalniczymi. Organizuje, nadzoruje i wykonuje prace zwi\u0105zane z \u0142\u0105czeniem, ci\u0119ciem i zgrzewaniem materia\u0142\u00f3w oraz projektowaniem, wytwarzaniem, eksploatacj\u0105 i utrzymaniem w ruchu r\u00f3\u017cnego rodzaju maszyn i urz\u0105dze\u0144 mechanicznych. Przeprowadza ich monta\u017c, naprawy i konserwacje, wykrywa i usuwa przyczyny awarii oraz uszkodze\u0144, wymienia zu\u017cyte lub uszkodzone elementy oraz zespo\u0142y w maszynach i urz\u0105dzeniach.<\/span><\/p>\n\n\n\n<p><span class=\"has-inline-color has-black-color\"><strong>Okres nauki<\/strong>  5 lat<\/span><\/p>\n\n\n\n<p><strong><span class=\"has-inline-color has-black-color\">W trakcie nauki technik mechanik zdobywa dwie kwalifikacje:<\/span><\/strong><\/p>\n\n\n<p><span style=\"color: #000000;\"><strong>MEC.08.<\/strong>Wykonywanie i naprawa element\u00f3w maszyn, urz\u0105dze\u0144 i narz\u0119dzi,<\/span><\/p>\n<p><span style=\"color: #000000;\"><strong>MEC.10. <\/strong>Organizacja i nadzorowanie proces\u00f3w produkcji maszyn i urz\u0105dze\u0144.<\/span><\/p>\n<p><span style=\"color: #000000;\"><strong>Absolwent ko\u0144cz\u0105cy szko\u0142\u0119 w zawodzie technik spawalnictwa b\u0119dzie przygotowany do wykonywania zada\u0144 zawodowych w zakresie: <\/strong><\/span><\/p>\n<ul>\n<li><span style=\"color: #000000;\">po\u0142\u0105cze\u0144 spawanych r\u00f3\u017cnymi metodami spawalniczymi: spawanie w&nbsp;os\u0142onie gaz\u00f3w ochronnych MIG\/MAG i&nbsp;TIG, spawanie gazowe, spawanie elektryczne,<\/span><\/li>\n<li><span style=\"color: #000000;\">projektowania po\u0142\u0105cze\u0144 konstrukcyjnych oraz&nbsp;cz\u0119\u015bci maszyn przy pomocy oprogramowania typu CAD,<\/span><\/li>\n<li><span style=\"color: #000000;\">oceny z\u0142\u0105czy spawanych i&nbsp;obs\u0142ugi urz\u0105dzenia kontrolno-pomiarowego,<\/span><\/li>\n<li><span style=\"color: #000000;\">pos\u0142ugiwania si\u0119 j\u0119zykiem obcym zawodowym,<\/span><\/li>\n<li><span style=\"color: #000000;\">opracowania dokumentacji technologicznej spajania<\/span><\/li>\n<li><span style=\"color: #000000;\">&nbsp;utrzymania sprawno\u015bci maszyn i urz\u0105dze\u0144 w produkcji spawalniczej<\/span><\/li>\n<\/ul>\n<p><span style=\"color: #000000;\"><strong>Technik spawalnictwa mo\u017ce znale\u017a\u0107 zatrudnienie: <\/strong><\/span><\/p>\n<ul>\n<li><span style=\"color: #000000;\">w budownictwie przemys\u0142owym,<\/span><\/li>\n<li><span style=\"color: #000000;\">przedsi\u0119biorstwach zajmuj\u0105cych si\u0119 produkcj\u0105 urz\u0105dze\u0144 technicznych,<\/span><\/li>\n<li><span style=\"color: #000000;\">zak\u0142adach us\u0142ugowo-naprawczych jako specjalista z zakresu \u0142\u0105czenia metali,<\/span><\/li>\n<li><span style=\"color: #000000;\">na stanowiskach nadzoru technicznego, jako technolog, konstruktor, organizator przebiegu proces\u00f3w wytwarzania maszyn i urz\u0105dze\u0144,<\/span><\/li>\n<li><span style=\"color: #000000;\">jako kontroler jako\u015bci, konserwator i pracownik z zakresu utrzymania ruchu.<\/span><\/li>\n<\/ul>\n\n\n<p><\/p>\n","protected":false},"excerpt":{"rendered":"<p>Opis zawodu Technik spawalnictwa to nowy zaw\u00f3d , kt\u00f3ry zapewni Ci dobry start i stabiln\u0105 prac\u0119. Obecnie \u017cadna ga\u0142\u0105\u017a przemys\u0142u nie obejdzie si\u0119 bez&#8230; &nbsp; <a href=\"https:\/\/www.zspswiecie.pl\/index.php\/technik-spawalnictwa\/\" class=\"moretag\">Wi\u0119cej&#8230;<\/a><\/p>\n","protected":false},"author":2,"featured_media":0,"parent":0,"menu_order":0,"comment_status":"closed","ping_status":"closed","template":"page-fullwidth.php","meta":{"footnotes":""},"class_list":["post-8766","page","type-page","status-publish","hentry"],"yoast_head":"<!-- This site is optimized with the Yoast SEO plugin v26.8 - https:\/\/yoast.com\/product\/yoast-seo-wordpress\/ -->\n<title>Technik spawalnictwa - ZSP<\/title>\n<meta name=\"robots\" content=\"index, follow, max-snippet:-1, max-image-preview:large, max-video-preview:-1\" \/>\n<link rel=\"canonical\" href=\"https:\/\/www.zspswiecie.pl\/index.php\/technik-spawalnictwa\/\" \/>\n<meta property=\"og:locale\" content=\"pl_PL\" \/>\n<meta property=\"og:type\" content=\"article\" \/>\n<meta property=\"og:title\" content=\"Technik spawalnictwa - ZSP\" \/>\n<meta property=\"og:description\" content=\"Opis zawodu Technik spawalnictwa to nowy zaw\u00f3d , kt\u00f3ry zapewni Ci dobry start i stabiln\u0105 prac\u0119. Obecnie \u017cadna ga\u0142\u0105\u017a przemys\u0142u nie obejdzie si\u0119 bez... &nbsp; Wi\u0119cej...\" \/>\n<meta property=\"og:url\" content=\"https:\/\/www.zspswiecie.pl\/index.php\/technik-spawalnictwa\/\" \/>\n<meta property=\"og:site_name\" content=\"ZSP\" \/>\n<meta property=\"article:publisher\" content=\"https:\/\/www.facebook.com\/people\/Zesp-Szk-Ponadpodstawowych-w-wieciu\/100057638830230\/\" \/>\n<meta property=\"article:modified_time\" content=\"2021-03-23T18:05:35+00:00\" \/>\n<meta property=\"og:image\" content=\"http:\/\/www.zspswiecie.pl\/wp-content\/uploads\/2021\/03\/spawanie-1200x675.jpg\" \/>\n<meta name=\"twitter:label1\" content=\"Szacowany czas czytania\" \/>\n\t<meta name=\"twitter:data1\" content=\"1 minuta\" \/>\n<script type=\"application\/ld+json\" class=\"yoast-schema-graph\">{\"@context\":\"https:\/\/schema.org\",\"@graph\":[{\"@type\":\"WebPage\",\"@id\":\"https:\/\/www.zspswiecie.pl\/index.php\/technik-spawalnictwa\/\",\"url\":\"https:\/\/www.zspswiecie.pl\/index.php\/technik-spawalnictwa\/\",\"name\":\"Technik spawalnictwa - ZSP\",\"isPartOf\":{\"@id\":\"https:\/\/www.zspswiecie.pl\/#website\"},\"primaryImageOfPage\":{\"@id\":\"https:\/\/www.zspswiecie.pl\/index.php\/technik-spawalnictwa\/#primaryimage\"},\"image\":{\"@id\":\"https:\/\/www.zspswiecie.pl\/index.php\/technik-spawalnictwa\/#primaryimage\"},\"thumbnailUrl\":\"http:\/\/www.zspswiecie.pl\/wp-content\/uploads\/2021\/03\/spawanie-1200x675.jpg\",\"datePublished\":\"2021-03-14T21:16:23+00:00\",\"dateModified\":\"2021-03-23T18:05:35+00:00\",\"breadcrumb\":{\"@id\":\"https:\/\/www.zspswiecie.pl\/index.php\/technik-spawalnictwa\/#breadcrumb\"},\"inLanguage\":\"pl-PL\",\"potentialAction\":[{\"@type\":\"ReadAction\",\"target\":[\"https:\/\/www.zspswiecie.pl\/index.php\/technik-spawalnictwa\/\"]}]},{\"@type\":\"ImageObject\",\"inLanguage\":\"pl-PL\",\"@id\":\"https:\/\/www.zspswiecie.pl\/index.php\/technik-spawalnictwa\/#primaryimage\",\"url\":\"http:\/\/www.zspswiecie.pl\/wp-content\/uploads\/2021\/03\/spawanie-1200x675.jpg\",\"contentUrl\":\"http:\/\/www.zspswiecie.pl\/wp-content\/uploads\/2021\/03\/spawanie-1200x675.jpg\"},{\"@type\":\"BreadcrumbList\",\"@id\":\"https:\/\/www.zspswiecie.pl\/index.php\/technik-spawalnictwa\/#breadcrumb\",\"itemListElement\":[{\"@type\":\"ListItem\",\"position\":1,\"name\":\"Strona g\u0142\u00f3wna\",\"item\":\"https:\/\/www.zspswiecie.pl\/index.php\/home\/strona-glowna\/\"},{\"@type\":\"ListItem\",\"position\":2,\"name\":\"Technik spawalnictwa\"}]},{\"@type\":\"WebSite\",\"@id\":\"https:\/\/www.zspswiecie.pl\/#website\",\"url\":\"https:\/\/www.zspswiecie.pl\/\",\"name\":\"ZSP\",\"description\":\"Zesp\u00f3\u0142 Szk\u00f3\u0142 Ponadpodstawowych\",\"publisher\":{\"@id\":\"https:\/\/www.zspswiecie.pl\/#organization\"},\"potentialAction\":[{\"@type\":\"SearchAction\",\"target\":{\"@type\":\"EntryPoint\",\"urlTemplate\":\"https:\/\/www.zspswiecie.pl\/?s={search_term_string}\"},\"query-input\":{\"@type\":\"PropertyValueSpecification\",\"valueRequired\":true,\"valueName\":\"search_term_string\"}}],\"inLanguage\":\"pl-PL\"},{\"@type\":\"Organization\",\"@id\":\"https:\/\/www.zspswiecie.pl\/#organization\",\"name\":\"Zesp\u00f3\u0142 Szk\u00f3\u0142 Ponadpodstawowych\",\"url\":\"https:\/\/www.zspswiecie.pl\/\",\"logo\":{\"@type\":\"ImageObject\",\"inLanguage\":\"pl-PL\",\"@id\":\"https:\/\/www.zspswiecie.pl\/#\/schema\/logo\/image\/\",\"url\":\"http:\/\/www.zspswiecie.pl\/wp-content\/uploads\/2016\/03\/logo-zsp2.png\",\"contentUrl\":\"http:\/\/www.zspswiecie.pl\/wp-content\/uploads\/2016\/03\/logo-zsp2.png\",\"width\":449,\"height\":351,\"caption\":\"Zesp\u00f3\u0142 Szk\u00f3\u0142 Ponadpodstawowych\"},\"image\":{\"@id\":\"https:\/\/www.zspswiecie.pl\/#\/schema\/logo\/image\/\"},\"sameAs\":[\"https:\/\/www.facebook.com\/people\/Zesp-Szk-Ponadpodstawowych-w-wieciu\/100057638830230\/\"]}]}<\/script>\n<!-- \/ Yoast SEO plugin. -->","yoast_head_json":{"title":"Technik spawalnictwa - ZSP","robots":{"index":"index","follow":"follow","max-snippet":"max-snippet:-1","max-image-preview":"max-image-preview:large","max-video-preview":"max-video-preview:-1"},"canonical":"https:\/\/www.zspswiecie.pl\/index.php\/technik-spawalnictwa\/","og_locale":"pl_PL","og_type":"article","og_title":"Technik spawalnictwa - ZSP","og_description":"Opis zawodu Technik spawalnictwa to nowy zaw\u00f3d , kt\u00f3ry zapewni Ci dobry start i stabiln\u0105 prac\u0119. Obecnie \u017cadna ga\u0142\u0105\u017a przemys\u0142u nie obejdzie si\u0119 bez... &nbsp; Wi\u0119cej...","og_url":"https:\/\/www.zspswiecie.pl\/index.php\/technik-spawalnictwa\/","og_site_name":"ZSP","article_publisher":"https:\/\/www.facebook.com\/people\/Zesp-Szk-Ponadpodstawowych-w-wieciu\/100057638830230\/","article_modified_time":"2021-03-23T18:05:35+00:00","og_image":[{"url":"http:\/\/www.zspswiecie.pl\/wp-content\/uploads\/2021\/03\/spawanie-1200x675.jpg","type":"","width":"","height":""}],"twitter_misc":{"Szacowany czas czytania":"1 minuta"},"schema":{"@context":"https:\/\/schema.org","@graph":[{"@type":"WebPage","@id":"https:\/\/www.zspswiecie.pl\/index.php\/technik-spawalnictwa\/","url":"https:\/\/www.zspswiecie.pl\/index.php\/technik-spawalnictwa\/","name":"Technik spawalnictwa - ZSP","isPartOf":{"@id":"https:\/\/www.zspswiecie.pl\/#website"},"primaryImageOfPage":{"@id":"https:\/\/www.zspswiecie.pl\/index.php\/technik-spawalnictwa\/#primaryimage"},"image":{"@id":"https:\/\/www.zspswiecie.pl\/index.php\/technik-spawalnictwa\/#primaryimage"},"thumbnailUrl":"http:\/\/www.zspswiecie.pl\/wp-content\/uploads\/2021\/03\/spawanie-1200x675.jpg","datePublished":"2021-03-14T21:16:23+00:00","dateModified":"2021-03-23T18:05:35+00:00","breadcrumb":{"@id":"https:\/\/www.zspswiecie.pl\/index.php\/technik-spawalnictwa\/#breadcrumb"},"inLanguage":"pl-PL","potentialAction":[{"@type":"ReadAction","target":["https:\/\/www.zspswiecie.pl\/index.php\/technik-spawalnictwa\/"]}]},{"@type":"ImageObject","inLanguage":"pl-PL","@id":"https:\/\/www.zspswiecie.pl\/index.php\/technik-spawalnictwa\/#primaryimage","url":"http:\/\/www.zspswiecie.pl\/wp-content\/uploads\/2021\/03\/spawanie-1200x675.jpg","contentUrl":"http:\/\/www.zspswiecie.pl\/wp-content\/uploads\/2021\/03\/spawanie-1200x675.jpg"},{"@type":"BreadcrumbList","@id":"https:\/\/www.zspswiecie.pl\/index.php\/technik-spawalnictwa\/#breadcrumb","itemListElement":[{"@type":"ListItem","position":1,"name":"Strona g\u0142\u00f3wna","item":"https:\/\/www.zspswiecie.pl\/index.php\/home\/strona-glowna\/"},{"@type":"ListItem","position":2,"name":"Technik spawalnictwa"}]},{"@type":"WebSite","@id":"https:\/\/www.zspswiecie.pl\/#website","url":"https:\/\/www.zspswiecie.pl\/","name":"ZSP","description":"Zesp\u00f3\u0142 Szk\u00f3\u0142 Ponadpodstawowych","publisher":{"@id":"https:\/\/www.zspswiecie.pl\/#organization"},"potentialAction":[{"@type":"SearchAction","target":{"@type":"EntryPoint","urlTemplate":"https:\/\/www.zspswiecie.pl\/?s={search_term_string}"},"query-input":{"@type":"PropertyValueSpecification","valueRequired":true,"valueName":"search_term_string"}}],"inLanguage":"pl-PL"},{"@type":"Organization","@id":"https:\/\/www.zspswiecie.pl\/#organization","name":"Zesp\u00f3\u0142 Szk\u00f3\u0142 Ponadpodstawowych","url":"https:\/\/www.zspswiecie.pl\/","logo":{"@type":"ImageObject","inLanguage":"pl-PL","@id":"https:\/\/www.zspswiecie.pl\/#\/schema\/logo\/image\/","url":"http:\/\/www.zspswiecie.pl\/wp-content\/uploads\/2016\/03\/logo-zsp2.png","contentUrl":"http:\/\/www.zspswiecie.pl\/wp-content\/uploads\/2016\/03\/logo-zsp2.png","width":449,"height":351,"caption":"Zesp\u00f3\u0142 Szk\u00f3\u0142 Ponadpodstawowych"},"image":{"@id":"https:\/\/www.zspswiecie.pl\/#\/schema\/logo\/image\/"},"sameAs":["https:\/\/www.facebook.com\/people\/Zesp-Szk-Ponadpodstawowych-w-wieciu\/100057638830230\/"]}]}},"_links":{"self":[{"href":"https:\/\/www.zspswiecie.pl\/index.php\/wp-json\/wp\/v2\/pages\/8766","targetHints":{"allow":["GET"]}}],"collection":[{"href":"https:\/\/www.zspswiecie.pl\/index.php\/wp-json\/wp\/v2\/pages"}],"about":[{"href":"https:\/\/www.zspswiecie.pl\/index.php\/wp-json\/wp\/v2\/types\/page"}],"author":[{"embeddable":true,"href":"https:\/\/www.zspswiecie.pl\/index.php\/wp-json\/wp\/v2\/users\/2"}],"replies":[{"embeddable":true,"href":"https:\/\/www.zspswiecie.pl\/index.php\/wp-json\/wp\/v2\/comments?post=8766"}],"version-history":[{"count":6,"href":"https:\/\/www.zspswiecie.pl\/index.php\/wp-json\/wp\/v2\/pages\/8766\/revisions"}],"predecessor-version":[{"id":8839,"href":"https:\/\/www.zspswiecie.pl\/index.php\/wp-json\/wp\/v2\/pages\/8766\/revisions\/8839"}],"wp:attachment":[{"href":"https:\/\/www.zspswiecie.pl\/index.php\/wp-json\/wp\/v2\/media?parent=8766"}],"curies":[{"name":"wp","href":"https:\/\/api.w.org\/{rel}","templated":true}]}}