{"id":776,"date":"2016-04-13T11:24:02","date_gmt":"2016-04-13T09:24:02","guid":{"rendered":"http:\/\/www.zspswiecie.pl\/?page_id=776"},"modified":"2020-03-04T09:42:18","modified_gmt":"2020-03-04T08:42:18","slug":"pracownie-przedmiotow-ogolnoksztalcacych","status":"publish","type":"page","link":"https:\/\/www.zspswiecie.pl\/index.php\/pracownie-przedmiotow-ogolnoksztalcacych\/","title":{"rendered":"Pracownie przedmiot\u00f3w og\u00f3lnokszta\u0142c\u0105cych"},"content":{"rendered":"<p>Pracownie\u00a0 j\u0119zyka polskiego &#8211; sala 33, 38, 41<\/p>\n<p>Pracownia chemiczna &#8211; sala 5<\/p>\n<div class=\"su-custom-gallery su-custom-gallery-align-left su-custom-gallery-title-never su-lightbox-gallery\"><div class=\"su-custom-gallery-slide\" style=\"width:200px;height:200px\"><a href=\"https:\/\/www.zspswiecie.pl\/wp-content\/uploads\/2016\/04\/P3134200.jpg\" title=\"OLYMPUS DIGITAL CAMERA\"><img loading=\"lazy\" decoding=\"async\" src=\"https:\/\/www.zspswiecie.pl\/wp-content\/uploads\/2016\/04\/P3134200-200x200.jpg\" alt=\"OLYMPUS DIGITAL CAMERA\" width=\"200\" height=\"200\" \/><span class=\"su-custom-gallery-title\">OLYMPUS DIGITAL CAMERA<\/span><\/a><\/div><div class=\"su-custom-gallery-slide\" style=\"width:200px;height:200px\"><a href=\"https:\/\/www.zspswiecie.pl\/wp-content\/uploads\/2016\/03\/DSCF3500.jpg\" title=\"DSCF3500\"><img loading=\"lazy\" decoding=\"async\" src=\"https:\/\/www.zspswiecie.pl\/wp-content\/uploads\/2016\/03\/DSCF3500-200x200.jpg\" alt=\"DSCF3500\" width=\"200\" height=\"200\" \/><span class=\"su-custom-gallery-title\">DSCF3500<\/span><\/a><\/div><div class=\"su-clear\"><\/div><\/div>\n<p>Pracownia fizyczna &#8211; sala 39<\/p>\n<p>Pracownia biologiczna &#8211; sala 32<\/p>\n<div class=\"su-custom-gallery su-custom-gallery-align-left su-custom-gallery-title-never su-lightbox-gallery\"><div class=\"su-custom-gallery-slide\" style=\"width:200px;height:200px\"><a href=\"https:\/\/www.zspswiecie.pl\/wp-content\/uploads\/2020\/03\/20200210_125626.jpg\" title=\"20200210_125626\"><img loading=\"lazy\" decoding=\"async\" src=\"https:\/\/www.zspswiecie.pl\/wp-content\/uploads\/2020\/03\/20200210_125626-200x200.jpg\" alt=\"20200210_125626\" width=\"200\" height=\"200\" \/><span class=\"su-custom-gallery-title\">20200210_125626<\/span><\/a><\/div><div class=\"su-clear\"><\/div><\/div>\n<p>Pracownie matematyczne &#8211; sala 11, 34, 35<\/p>\n<p>Pracownia multimedialna do nauki j\u0119zyk\u00f3w obcych &#8211; sala 31<\/p>\n<div class=\"su-custom-gallery su-custom-gallery-align-left su-custom-gallery-title-never su-lightbox-gallery\"><div class=\"su-custom-gallery-slide\" style=\"width:200px;height:200px\"><a href=\"https:\/\/www.zspswiecie.pl\/wp-content\/uploads\/2016\/04\/P9045361.jpg\" title=\"OLYMPUS DIGITAL CAMERA\"><img loading=\"lazy\" decoding=\"async\" src=\"https:\/\/www.zspswiecie.pl\/wp-content\/uploads\/2016\/04\/P9045361-200x200.jpg\" alt=\"OLYMPUS DIGITAL CAMERA\" width=\"200\" height=\"200\" \/><span class=\"su-custom-gallery-title\">OLYMPUS DIGITAL CAMERA<\/span><\/a><\/div><div class=\"su-custom-gallery-slide\" style=\"width:200px;height:200px\"><a href=\"https:\/\/www.zspswiecie.pl\/wp-content\/uploads\/2016\/04\/P9045371.jpg\" title=\"OLYMPUS DIGITAL CAMERA\"><img loading=\"lazy\" decoding=\"async\" src=\"https:\/\/www.zspswiecie.pl\/wp-content\/uploads\/2016\/04\/P9045371-200x200.jpg\" alt=\"OLYMPUS DIGITAL CAMERA\" width=\"200\" height=\"200\" \/><span class=\"su-custom-gallery-title\">OLYMPUS DIGITAL CAMERA<\/span><\/a><\/div><div class=\"su-clear\"><\/div><\/div>\n<p>Pracownia historyczna &#8211; sala 6<\/p>\n<p>Pracownia geograficzna- sala W3<\/p>\n","protected":false},"excerpt":{"rendered":"<p>Pracownie\u00a0 j\u0119zyka polskiego &#8211; sala 33, 38, 41 Pracownia chemiczna &#8211; sala 5 Pracownia fizyczna &#8211; sala 39 Pracownia biologiczna &#8211; sala 32 Pracownie&#8230; &nbsp; <a href=\"https:\/\/www.zspswiecie.pl\/index.php\/pracownie-przedmiotow-ogolnoksztalcacych\/\" class=\"moretag\">Wi\u0119cej&#8230;<\/a><\/p>\n","protected":false},"author":2,"featured_media":0,"parent":0,"menu_order":0,"comment_status":"closed","ping_status":"open","template":"page-fullwidth.php","meta":{"footnotes":""},"class_list":["post-776","page","type-page","status-publish","hentry"],"yoast_head":"<!-- This site is optimized with the Yoast SEO plugin v26.8 - https:\/\/yoast.com\/product\/yoast-seo-wordpress\/ -->\n<title>Pracownie przedmiot\u00f3w og\u00f3lnokszta\u0142c\u0105cych - ZSP<\/title>\n<meta name=\"robots\" content=\"index, follow, max-snippet:-1, max-image-preview:large, max-video-preview:-1\" \/>\n<link rel=\"canonical\" href=\"https:\/\/www.zspswiecie.pl\/index.php\/pracownie-przedmiotow-ogolnoksztalcacych\/\" \/>\n<meta property=\"og:locale\" content=\"pl_PL\" \/>\n<meta property=\"og:type\" content=\"article\" \/>\n<meta property=\"og:title\" content=\"Pracownie przedmiot\u00f3w og\u00f3lnokszta\u0142c\u0105cych - ZSP\" \/>\n<meta property=\"og:description\" content=\"Pracownie\u00a0 j\u0119zyka polskiego &#8211; sala 33, 38, 41 Pracownia chemiczna &#8211; sala 5 Pracownia fizyczna &#8211; sala 39 Pracownia biologiczna &#8211; sala 32 Pracownie... &nbsp; Wi\u0119cej...\" \/>\n<meta property=\"og:url\" content=\"https:\/\/www.zspswiecie.pl\/index.php\/pracownie-przedmiotow-ogolnoksztalcacych\/\" \/>\n<meta property=\"og:site_name\" content=\"ZSP\" \/>\n<meta property=\"article:publisher\" content=\"https:\/\/www.facebook.com\/people\/Zesp-Szk-Ponadpodstawowych-w-wieciu\/100057638830230\/\" \/>\n<meta property=\"article:modified_time\" content=\"2020-03-04T08:42:18+00:00\" \/>\n<meta property=\"og:image\" content=\"http:\/\/www.zspswiecie.pl\/wp-content\/uploads\/2016\/03\/ZSP_budynek_szko%c5%82y_%c5%9bwiecie.jpg\" \/>\n<script type=\"application\/ld+json\" class=\"yoast-schema-graph\">{\"@context\":\"https:\/\/schema.org\",\"@graph\":[{\"@type\":\"WebPage\",\"@id\":\"https:\/\/www.zspswiecie.pl\/index.php\/pracownie-przedmiotow-ogolnoksztalcacych\/\",\"url\":\"https:\/\/www.zspswiecie.pl\/index.php\/pracownie-przedmiotow-ogolnoksztalcacych\/\",\"name\":\"Pracownie przedmiot\u00f3w og\u00f3lnokszta\u0142c\u0105cych - ZSP\",\"isPartOf\":{\"@id\":\"https:\/\/www.zspswiecie.pl\/#website\"},\"datePublished\":\"2016-04-13T09:24:02+00:00\",\"dateModified\":\"2020-03-04T08:42:18+00:00\",\"breadcrumb\":{\"@id\":\"https:\/\/www.zspswiecie.pl\/index.php\/pracownie-przedmiotow-ogolnoksztalcacych\/#breadcrumb\"},\"inLanguage\":\"pl-PL\",\"potentialAction\":[{\"@type\":\"ReadAction\",\"target\":[\"https:\/\/www.zspswiecie.pl\/index.php\/pracownie-przedmiotow-ogolnoksztalcacych\/\"]}]},{\"@type\":\"BreadcrumbList\",\"@id\":\"https:\/\/www.zspswiecie.pl\/index.php\/pracownie-przedmiotow-ogolnoksztalcacych\/#breadcrumb\",\"itemListElement\":[{\"@type\":\"ListItem\",\"position\":1,\"name\":\"Strona g\u0142\u00f3wna\",\"item\":\"https:\/\/www.zspswiecie.pl\/index.php\/home\/strona-glowna\/\"},{\"@type\":\"ListItem\",\"position\":2,\"name\":\"Pracownie przedmiot\u00f3w og\u00f3lnokszta\u0142c\u0105cych\"}]},{\"@type\":\"WebSite\",\"@id\":\"https:\/\/www.zspswiecie.pl\/#website\",\"url\":\"https:\/\/www.zspswiecie.pl\/\",\"name\":\"ZSP\",\"description\":\"Zesp\u00f3\u0142 Szk\u00f3\u0142 Ponadpodstawowych\",\"publisher\":{\"@id\":\"https:\/\/www.zspswiecie.pl\/#organization\"},\"potentialAction\":[{\"@type\":\"SearchAction\",\"target\":{\"@type\":\"EntryPoint\",\"urlTemplate\":\"https:\/\/www.zspswiecie.pl\/?s={search_term_string}\"},\"query-input\":{\"@type\":\"PropertyValueSpecification\",\"valueRequired\":true,\"valueName\":\"search_term_string\"}}],\"inLanguage\":\"pl-PL\"},{\"@type\":\"Organization\",\"@id\":\"https:\/\/www.zspswiecie.pl\/#organization\",\"name\":\"Zesp\u00f3\u0142 Szk\u00f3\u0142 Ponadpodstawowych\",\"url\":\"https:\/\/www.zspswiecie.pl\/\",\"logo\":{\"@type\":\"ImageObject\",\"inLanguage\":\"pl-PL\",\"@id\":\"https:\/\/www.zspswiecie.pl\/#\/schema\/logo\/image\/\",\"url\":\"http:\/\/www.zspswiecie.pl\/wp-content\/uploads\/2016\/03\/logo-zsp2.png\",\"contentUrl\":\"http:\/\/www.zspswiecie.pl\/wp-content\/uploads\/2016\/03\/logo-zsp2.png\",\"width\":449,\"height\":351,\"caption\":\"Zesp\u00f3\u0142 Szk\u00f3\u0142 Ponadpodstawowych\"},\"image\":{\"@id\":\"https:\/\/www.zspswiecie.pl\/#\/schema\/logo\/image\/\"},\"sameAs\":[\"https:\/\/www.facebook.com\/people\/Zesp-Szk-Ponadpodstawowych-w-wieciu\/100057638830230\/\"]}]}<\/script>\n<!-- \/ Yoast SEO plugin. -->","yoast_head_json":{"title":"Pracownie przedmiot\u00f3w og\u00f3lnokszta\u0142c\u0105cych - ZSP","robots":{"index":"index","follow":"follow","max-snippet":"max-snippet:-1","max-image-preview":"max-image-preview:large","max-video-preview":"max-video-preview:-1"},"canonical":"https:\/\/www.zspswiecie.pl\/index.php\/pracownie-przedmiotow-ogolnoksztalcacych\/","og_locale":"pl_PL","og_type":"article","og_title":"Pracownie przedmiot\u00f3w og\u00f3lnokszta\u0142c\u0105cych - ZSP","og_description":"Pracownie\u00a0 j\u0119zyka polskiego &#8211; sala 33, 38, 41 Pracownia chemiczna &#8211; sala 5 Pracownia fizyczna &#8211; sala 39 Pracownia biologiczna &#8211; sala 32 Pracownie... &nbsp; Wi\u0119cej...","og_url":"https:\/\/www.zspswiecie.pl\/index.php\/pracownie-przedmiotow-ogolnoksztalcacych\/","og_site_name":"ZSP","article_publisher":"https:\/\/www.facebook.com\/people\/Zesp-Szk-Ponadpodstawowych-w-wieciu\/100057638830230\/","article_modified_time":"2020-03-04T08:42:18+00:00","og_image":[{"url":"http:\/\/www.zspswiecie.pl\/wp-content\/uploads\/2016\/03\/ZSP_budynek_szko%c5%82y_%c5%9bwiecie.jpg","type":"","width":"","height":""}],"schema":{"@context":"https:\/\/schema.org","@graph":[{"@type":"WebPage","@id":"https:\/\/www.zspswiecie.pl\/index.php\/pracownie-przedmiotow-ogolnoksztalcacych\/","url":"https:\/\/www.zspswiecie.pl\/index.php\/pracownie-przedmiotow-ogolnoksztalcacych\/","name":"Pracownie przedmiot\u00f3w og\u00f3lnokszta\u0142c\u0105cych - ZSP","isPartOf":{"@id":"https:\/\/www.zspswiecie.pl\/#website"},"datePublished":"2016-04-13T09:24:02+00:00","dateModified":"2020-03-04T08:42:18+00:00","breadcrumb":{"@id":"https:\/\/www.zspswiecie.pl\/index.php\/pracownie-przedmiotow-ogolnoksztalcacych\/#breadcrumb"},"inLanguage":"pl-PL","potentialAction":[{"@type":"ReadAction","target":["https:\/\/www.zspswiecie.pl\/index.php\/pracownie-przedmiotow-ogolnoksztalcacych\/"]}]},{"@type":"BreadcrumbList","@id":"https:\/\/www.zspswiecie.pl\/index.php\/pracownie-przedmiotow-ogolnoksztalcacych\/#breadcrumb","itemListElement":[{"@type":"ListItem","position":1,"name":"Strona g\u0142\u00f3wna","item":"https:\/\/www.zspswiecie.pl\/index.php\/home\/strona-glowna\/"},{"@type":"ListItem","position":2,"name":"Pracownie przedmiot\u00f3w og\u00f3lnokszta\u0142c\u0105cych"}]},{"@type":"WebSite","@id":"https:\/\/www.zspswiecie.pl\/#website","url":"https:\/\/www.zspswiecie.pl\/","name":"ZSP","description":"Zesp\u00f3\u0142 Szk\u00f3\u0142 Ponadpodstawowych","publisher":{"@id":"https:\/\/www.zspswiecie.pl\/#organization"},"potentialAction":[{"@type":"SearchAction","target":{"@type":"EntryPoint","urlTemplate":"https:\/\/www.zspswiecie.pl\/?s={search_term_string}"},"query-input":{"@type":"PropertyValueSpecification","valueRequired":true,"valueName":"search_term_string"}}],"inLanguage":"pl-PL"},{"@type":"Organization","@id":"https:\/\/www.zspswiecie.pl\/#organization","name":"Zesp\u00f3\u0142 Szk\u00f3\u0142 Ponadpodstawowych","url":"https:\/\/www.zspswiecie.pl\/","logo":{"@type":"ImageObject","inLanguage":"pl-PL","@id":"https:\/\/www.zspswiecie.pl\/#\/schema\/logo\/image\/","url":"http:\/\/www.zspswiecie.pl\/wp-content\/uploads\/2016\/03\/logo-zsp2.png","contentUrl":"http:\/\/www.zspswiecie.pl\/wp-content\/uploads\/2016\/03\/logo-zsp2.png","width":449,"height":351,"caption":"Zesp\u00f3\u0142 Szk\u00f3\u0142 Ponadpodstawowych"},"image":{"@id":"https:\/\/www.zspswiecie.pl\/#\/schema\/logo\/image\/"},"sameAs":["https:\/\/www.facebook.com\/people\/Zesp-Szk-Ponadpodstawowych-w-wieciu\/100057638830230\/"]}]}},"_links":{"self":[{"href":"https:\/\/www.zspswiecie.pl\/index.php\/wp-json\/wp\/v2\/pages\/776","targetHints":{"allow":["GET"]}}],"collection":[{"href":"https:\/\/www.zspswiecie.pl\/index.php\/wp-json\/wp\/v2\/pages"}],"about":[{"href":"https:\/\/www.zspswiecie.pl\/index.php\/wp-json\/wp\/v2\/types\/page"}],"author":[{"embeddable":true,"href":"https:\/\/www.zspswiecie.pl\/index.php\/wp-json\/wp\/v2\/users\/2"}],"replies":[{"embeddable":true,"href":"https:\/\/www.zspswiecie.pl\/index.php\/wp-json\/wp\/v2\/comments?post=776"}],"version-history":[{"count":5,"href":"https:\/\/www.zspswiecie.pl\/index.php\/wp-json\/wp\/v2\/pages\/776\/revisions"}],"predecessor-version":[{"id":7871,"href":"https:\/\/www.zspswiecie.pl\/index.php\/wp-json\/wp\/v2\/pages\/776\/revisions\/7871"}],"wp:attachment":[{"href":"https:\/\/www.zspswiecie.pl\/index.php\/wp-json\/wp\/v2\/media?parent=776"}],"curies":[{"name":"wp","href":"https:\/\/api.w.org\/{rel}","templated":true}]}}