{"id":7585,"date":"2020-01-20T10:16:40","date_gmt":"2020-01-20T09:16:40","guid":{"rendered":"http:\/\/www.zspswiecie.pl\/?page_id=7585"},"modified":"2020-05-02T22:54:53","modified_gmt":"2020-05-02T20:54:53","slug":"grudzien-2019","status":"publish","type":"page","link":"https:\/\/www.zspswiecie.pl\/index.php\/grudzien-2019\/","title":{"rendered":"Grudzie\u0144 2019"},"content":{"rendered":"<p><strong>2- 6 grudnia \u2013 <\/strong>na du\u017cej przerwie\u00a0 odby\u0142a si\u0119 akcja inofrmacyjna , zach\u0119caj\u0105ca do Maratonu\u00a0 Pisania List\u00f3w &#8211; International Polska.<\/p>\n<hr \/>\n<p><strong>4 grudnia<\/strong> w naszej szkole odby\u0142 si\u0119 etap szkolny Olimpiady Teologii Katolickiej przeprowadzony przez p. Paw\u0142a Felczykowskiego. Do kolejnego etapu awansowa\u0142y z Technikum: Wiktoria Sobiechowska i Kamila Fe\u0107 z III TM\u017b, z Liceum natomiast: Aleksandra Murek i Claudia Piotrowska z I Lo. Gratuluj\u0119 sukcesu i \u017cycz\u0119 powodzenia w etapie diecezjalnym.<\/p>\n<hr \/>\n<p><strong>4 grudnia<\/strong> -wolontariusze z naszej szko\u0142y spotkali si\u0119, by uczci\u0107 Mi\u0119dzynarodowy Dzie\u0144 Wolontariusza. Go\u015bcili\u015bmy dziewczyny s\u0142u\u017c\u0105ce w szeregach OSP Ratownik w \u015awieciu. Wolontariusze uczestniczyli w instrukta\u017cu udzielania pierwszej pomocy.<\/p>\n<hr \/>\n<p><strong>5 grudnia<\/strong>&#8211; z okazji \u015awiatowego Dnia Wolontariusza gmina \u015awiecie po raz kolejny wyr\u00f3\u017cni\u0142a wolontariuszy. Uroczysto\u015b\u0107 mia\u0142a miejsce w Miejskiej Bibliotece Publicznej.<\/p>\n<hr \/>\n<p><strong>5 grudnia-<\/strong>\u00a0 odby\u0142\u00a0 si\u0119 coroczny bieg Miko\u0142ajkowy organizowany przez nasz\u0105 szko\u0142\u0119.<br \/>\nDystans:<br \/>\n-dziewcz\u0119ta &#8211; 1200m<br \/>\n-ch\u0142opcy &#8211; 2000m<\/p>\n<hr \/>\n<p><strong>6-7 grudnia<\/strong> &#8211; uczniowie w ramach Szkolnego Ko\u0142a Caritas wraz z opiekunem p. Paw\u0142em Felczykowskim przeprowadzili zbi\u00f3rk\u0119 \u017cywno\u015bci w dw\u00f3ch sklepach na terenie \u015awiecia: Biedronka oraz Lidl. Przedsi\u0119wzi\u0119cie organizowane przez Caritas Polska ma wymiar og\u00f3lnokrajowy i realizowane jest pod has\u0142em: Tak, pomagam. W zbi\u00f3rce wzi\u0119\u0142o udzia\u0142 42 uczni\u00f3w z nast\u0119puj\u0105cych klas: IV TL, IV TM, III TM\u017b, III TL, III TE, III Lo, II TIM, II THoMt, I Lo, III a, I a, I b, I c. Darczy\u0144cy podczas zbi\u00f3rki okazali si\u0119 bardzo hojni, dlatego z pomoc\u0105 pa\u0144 pedagog b\u0119dzie mo\u017cna przygotowa\u0107 kilkana\u015bcie paczek dla potrzebuj\u0105cych rodzin uczni\u00f3w naszej szko\u0142y.<\/p>\n<hr \/>\n<p><strong>9 grudnia<\/strong>&#8211; reprezentacja dziewcz\u0105t w pi\u0142ce siatkowej uczestniczy\u0142a w turnieju bo\u017conarodzeniowym. Sk\u0142ad dru\u017cyny:<br \/>\n1.Aleksandra Murek 1 LO(g)<br \/>\n2.Daria Kasprowicz 1Lo (p)<br \/>\n3.Maja Micha\u0142owska 1 TL(p)<br \/>\n4.Marta Lorynska 2 TEA<br \/>\n5.Julia Kami\u0144ska 2 TEA<br \/>\n6.Angelika Papie\u017c 2D<br \/>\n7. Patrycja Walentowicz 3 THOMT<br \/>\n8.Daria Siekierkowska 3TE<br \/>\n9.Magdalena Wojda 3 TE.<br \/>\nOrganizator; Agnieszka Dobrowolska<\/p>\n<hr \/>\n<p><strong>10 grudnia &#8211;<\/strong> w naszej szkole odby\u0142a si\u0119 akcja zapocz\u0105tkowana w 2001 r. przez Amnesty International Polska &#8211; Maraton Pisania List\u00f3w. Co roku na ca\u0142ym \u015bwiecie pisane s\u0105 listy do rz\u0105d\u00f3w pa\u0144stw po to, aby wesprze\u0107 aktywist\u00f3w i aktywistki dzia\u0142aj\u0105cych w imi\u0119 obrony\u00a0 praw cz\u0142owieka oraz aby wyrazi\u0107 sprzeciw wobec \u0142amaniu praw cz\u0142owieka. Pod kierunkiem nauczycielki p. Hanny Kalinowskiej uczniowie naszej szko\u0142y oraz go\u015bcinnie uczniowie klasy 8a z SP3 z p. Jolant\u0105 Kufel, w\u0142asnor\u0119cznie napisali 44 listy poparcia dla 7 bohater\u00f3w tegorocznego Maratonu Pisania List\u00f3w. By\u0142a to oryginalna lekcja praworz\u0105dno\u015bci, postawy obywatelskiej, tolerancji i empatii. Przy okazji t\u0142umaczenia list\u00f3w na j. angielski i ze wzgl\u0119du na adresat\u00f3w z r\u00f3\u017cnych kraj\u00f3w by\u0142a to te\u017c okazja do doskonalenia umiej\u0119tno\u015bci j\u0119zykowych i wiedzy geograficznej. Niekt\u00f3rzy po raz pierwszy w \u017cyciu pisali tradycyjny list wk\u0142adany do koperty.<\/p>\n<p>M\u0142odzie\u017c roz\u0142o\u017cy\u0142a swoje g\u0142osy na 7 bohater\u00f3w tegorocznego MPL .<\/p>\n<p>Organizator : Pani Hanna Kalinowka<\/p>\n<hr \/>\n<p><strong>11 grudnia &#8211;<\/strong> klasa 2 TL zwiedzi\u0142a Rossmann magazyn regionalny w Grudzi\u0105dzu.<\/p>\n<p>Opiekunowie: Pani Izabela kulczyk, Pan Micha\u0142 Kruczy\u0144ski<\/p>\n<hr \/>\n<p><strong>12 grudnia<\/strong>&#8211; uczniowie klasy IV T\u017b pod kierunkiem Pani Ma\u0142gorzaty Kami\u0144skiej przeprowadzi\u0142y zbi\u00f3rk\u0119 pieni\u0119dzy na rzecz Schroniska dla Bezdomnych Zwierz\u0105t w Suln\u00f3wku.<\/p>\n<hr \/>\n<p><strong>13 grudnia<\/strong> &#8211; uczniowie naszej szko\u0142y uczestniczyli w spotkaniu z zakresu edukacji prawnej. Zosta\u0142y om\u00f3wione poj\u0119cia dotycz\u0105ce cyberprzemocy, odpowiedzialno\u015bci cywilnej ze wzgl\u0119du na dzia\u0142ania w sieci.<\/p>\n<hr \/>\n<p><strong>13 grudnia-<\/strong>\u00a0 na holu pojawi\u0142a si\u0119 wystawka z okazji 38 rocznicy wprowadzenia <em>stanu wojennego.<\/em><\/p>\n<p><em>Organizator: biblioteka szkolna.<\/em><\/p>\n<hr \/>\n<p><strong>16 grudnia<\/strong>&#8211; odby\u0142o si\u0119 rozstrzygni\u0119cie konkursu na <em>\u015bwi\u0105teczna kartk\u0119 obcoj\u0119zyczn\u0105.<\/em><\/p>\n<p><strong>I miejsce<\/strong> Anna Pociot klasa\u00a0 IID<\/p>\n<p><strong>II miejsce<\/strong> Dominika \u017byczy\u0144ska\u00a0 kl. II LO<\/p>\n<p><strong>III miejsce<\/strong> Oliwia Lema\u0144czyk\u00a0 kl. 2 D<\/p>\n<hr \/>\n<p><strong>16 grudnia<\/strong>&#8211; Odby\u0142o si\u0119 rozstrzygni\u0119cie szkolnego\u00a0 konkursu <em>Wiedzy o Niemczech <\/em><\/p>\n<p>I miejsce \u2013 Wojciech Tomczyk klasa II TI<\/p>\n<p>II miejsce &#8211; Philip Chudzi\u0144ski kl. IV TI<\/p>\n<p>III miejsce\u00a0 Miko\u0142aj Domisch\u00a0 kl. TE<\/p>\n<p>Organizator: Pani Katarzyna Popio\u0142ek<\/p>\n<hr \/>\n<p><strong>16-18 grudnia- <\/strong>Odby\u0142y si\u0119 pr\u00f3by Poloneza dla uczni\u00f3w klas maturalnych.<\/p>\n<hr \/>\n<p><strong>16 grudnia \u2013 <\/strong>odby\u0142o si\u0119 spotkanie profilaktyczne w ramach akcji\u00a0 STOP SMOG z komendantem Stra\u017cy Miejskiej Romanem Wittem.<\/p>\n<p>Na spotkaniu poruszono\u00a0 zagadnienia:<\/p>\n<p>&#8211; Co to jest smog,\u00a0 sk\u0105d si\u0119 bierze?<br \/>\n&#8211; Jaki wp\u0142yw ma na nasze zdrowie?<br \/>\n&#8211; Czym pali\u0107, \u017ceby nie tru\u0107 siebie i innych?<\/p>\n<p>&#8211; Jak rozwi\u0105za\u0107 problem smogu ?<\/p>\n<hr \/>\n<p><strong>17 grudnia-\u00a0 <\/strong>Wolontariuszki naszej szko\u0142y odwiedzi\u0142y dzieci przebywaj\u0105ce na Oddziale Psychiatrii\u00a0 Wojew\u00f3dzkiego Szpitala dla Nerwowo i Psychicznie Chorych w \u015awieciu.<\/p>\n<p>Dzieci otrzyma\u0142y ksi\u0105\u017cki, zabawki, s\u0142odycze i przybory szkolne.<\/p>\n<hr \/>\n<p><strong>17 grudnia<\/strong> Wolontariuszki Jagoda i Dominika wraz z opiekunem odwiedzi\u0142y ma\u0142ych pacjent\u00f3w oddzia\u0142u pediatrycznego Nowego Szpitala w \u015awieciu.\u00a0 Uczennice przynios\u0142y im s\u0142odkie upominki oraz maskotki.<\/p>\n<p>Org, wolontariat szkolny<\/p>\n<hr \/>\n<p><strong>19 grudnia<\/strong>&#8211; \u00a0Szkolna grupa teatralna \u201e Nietakt\u201d przygotowa\u0142a pod kierunkiem Pani Marty Soko\u0142owskiej jase\u0142ka. Odby\u0142y si\u0119 r\u00f3wnie\u017c wigilie klasowe \u00a0oraz wigilia dla pracownik\u00f3w naszej szko\u0142y.<\/p>\n<hr \/>\n<p><strong>29 grudnia-<\/strong>w\u015br\u00f3d wyr\u00f3\u017cnionych sportowc\u00f3w z gminy \u015awiecie za wyniki osi\u0105gni\u0119te w 2019 roku s\u0105 r\u00f3wnie\u017c uczniowie i nauczyciele z naszej szko\u0142y.<\/p>\n<p>Oliwia Czerwi\u0144ska, Mateusz Piotrowski, Remigiusz Sobieski<\/p>\n","protected":false},"excerpt":{"rendered":"<p>2- 6 grudnia \u2013 na du\u017cej przerwie\u00a0 odby\u0142a si\u0119 akcja inofrmacyjna , zach\u0119caj\u0105ca do Maratonu\u00a0 Pisania List\u00f3w &#8211; International Polska. 4 grudnia w naszej&#8230; &nbsp; <a href=\"https:\/\/www.zspswiecie.pl\/index.php\/grudzien-2019\/\" class=\"moretag\">Wi\u0119cej&#8230;<\/a><\/p>\n","protected":false},"author":2,"featured_media":0,"parent":0,"menu_order":0,"comment_status":"closed","ping_status":"open","template":"page-fullwidth.php","meta":{"footnotes":""},"class_list":["post-7585","page","type-page","status-publish","hentry"],"yoast_head":"<!-- This site is optimized with the Yoast SEO plugin v26.8 - https:\/\/yoast.com\/product\/yoast-seo-wordpress\/ -->\n<title>Grudzie\u0144 2019 - ZSP<\/title>\n<meta name=\"robots\" content=\"index, follow, max-snippet:-1, max-image-preview:large, max-video-preview:-1\" \/>\n<link rel=\"canonical\" href=\"https:\/\/www.zspswiecie.pl\/index.php\/grudzien-2019\/\" \/>\n<meta property=\"og:locale\" content=\"pl_PL\" \/>\n<meta property=\"og:type\" content=\"article\" \/>\n<meta property=\"og:title\" content=\"Grudzie\u0144 2019 - ZSP\" \/>\n<meta property=\"og:description\" content=\"2- 6 grudnia \u2013 na du\u017cej przerwie\u00a0 odby\u0142a si\u0119 akcja inofrmacyjna , zach\u0119caj\u0105ca do Maratonu\u00a0 Pisania List\u00f3w &#8211; International Polska. 4 grudnia w naszej... &nbsp; Wi\u0119cej...\" \/>\n<meta property=\"og:url\" content=\"https:\/\/www.zspswiecie.pl\/index.php\/grudzien-2019\/\" \/>\n<meta property=\"og:site_name\" content=\"ZSP\" \/>\n<meta property=\"article:publisher\" content=\"https:\/\/www.facebook.com\/people\/Zesp-Szk-Ponadpodstawowych-w-wieciu\/100057638830230\/\" \/>\n<meta property=\"article:modified_time\" content=\"2020-05-02T20:54:53+00:00\" \/>\n<meta property=\"og:image\" content=\"http:\/\/www.zspswiecie.pl\/wp-content\/uploads\/2016\/03\/ZSP_budynek_szko%c5%82y_%c5%9bwiecie.jpg\" \/>\n<meta name=\"twitter:label1\" content=\"Szacowany czas czytania\" \/>\n\t<meta name=\"twitter:data1\" content=\"4 minuty\" \/>\n<script type=\"application\/ld+json\" class=\"yoast-schema-graph\">{\"@context\":\"https:\/\/schema.org\",\"@graph\":[{\"@type\":\"WebPage\",\"@id\":\"https:\/\/www.zspswiecie.pl\/index.php\/grudzien-2019\/\",\"url\":\"https:\/\/www.zspswiecie.pl\/index.php\/grudzien-2019\/\",\"name\":\"Grudzie\u0144 2019 - ZSP\",\"isPartOf\":{\"@id\":\"https:\/\/www.zspswiecie.pl\/#website\"},\"datePublished\":\"2020-01-20T09:16:40+00:00\",\"dateModified\":\"2020-05-02T20:54:53+00:00\",\"breadcrumb\":{\"@id\":\"https:\/\/www.zspswiecie.pl\/index.php\/grudzien-2019\/#breadcrumb\"},\"inLanguage\":\"pl-PL\",\"potentialAction\":[{\"@type\":\"ReadAction\",\"target\":[\"https:\/\/www.zspswiecie.pl\/index.php\/grudzien-2019\/\"]}]},{\"@type\":\"BreadcrumbList\",\"@id\":\"https:\/\/www.zspswiecie.pl\/index.php\/grudzien-2019\/#breadcrumb\",\"itemListElement\":[{\"@type\":\"ListItem\",\"position\":1,\"name\":\"Strona g\u0142\u00f3wna\",\"item\":\"https:\/\/www.zspswiecie.pl\/index.php\/home\/strona-glowna\/\"},{\"@type\":\"ListItem\",\"position\":2,\"name\":\"Grudzie\u0144 2019\"}]},{\"@type\":\"WebSite\",\"@id\":\"https:\/\/www.zspswiecie.pl\/#website\",\"url\":\"https:\/\/www.zspswiecie.pl\/\",\"name\":\"ZSP\",\"description\":\"Zesp\u00f3\u0142 Szk\u00f3\u0142 Ponadpodstawowych\",\"publisher\":{\"@id\":\"https:\/\/www.zspswiecie.pl\/#organization\"},\"potentialAction\":[{\"@type\":\"SearchAction\",\"target\":{\"@type\":\"EntryPoint\",\"urlTemplate\":\"https:\/\/www.zspswiecie.pl\/?s={search_term_string}\"},\"query-input\":{\"@type\":\"PropertyValueSpecification\",\"valueRequired\":true,\"valueName\":\"search_term_string\"}}],\"inLanguage\":\"pl-PL\"},{\"@type\":\"Organization\",\"@id\":\"https:\/\/www.zspswiecie.pl\/#organization\",\"name\":\"Zesp\u00f3\u0142 Szk\u00f3\u0142 Ponadpodstawowych\",\"url\":\"https:\/\/www.zspswiecie.pl\/\",\"logo\":{\"@type\":\"ImageObject\",\"inLanguage\":\"pl-PL\",\"@id\":\"https:\/\/www.zspswiecie.pl\/#\/schema\/logo\/image\/\",\"url\":\"http:\/\/www.zspswiecie.pl\/wp-content\/uploads\/2016\/03\/logo-zsp2.png\",\"contentUrl\":\"http:\/\/www.zspswiecie.pl\/wp-content\/uploads\/2016\/03\/logo-zsp2.png\",\"width\":449,\"height\":351,\"caption\":\"Zesp\u00f3\u0142 Szk\u00f3\u0142 Ponadpodstawowych\"},\"image\":{\"@id\":\"https:\/\/www.zspswiecie.pl\/#\/schema\/logo\/image\/\"},\"sameAs\":[\"https:\/\/www.facebook.com\/people\/Zesp-Szk-Ponadpodstawowych-w-wieciu\/100057638830230\/\"]}]}<\/script>\n<!-- \/ Yoast SEO plugin. -->","yoast_head_json":{"title":"Grudzie\u0144 2019 - ZSP","robots":{"index":"index","follow":"follow","max-snippet":"max-snippet:-1","max-image-preview":"max-image-preview:large","max-video-preview":"max-video-preview:-1"},"canonical":"https:\/\/www.zspswiecie.pl\/index.php\/grudzien-2019\/","og_locale":"pl_PL","og_type":"article","og_title":"Grudzie\u0144 2019 - ZSP","og_description":"2- 6 grudnia \u2013 na du\u017cej przerwie\u00a0 odby\u0142a si\u0119 akcja inofrmacyjna , zach\u0119caj\u0105ca do Maratonu\u00a0 Pisania List\u00f3w &#8211; International Polska. 4 grudnia w naszej... &nbsp; Wi\u0119cej...","og_url":"https:\/\/www.zspswiecie.pl\/index.php\/grudzien-2019\/","og_site_name":"ZSP","article_publisher":"https:\/\/www.facebook.com\/people\/Zesp-Szk-Ponadpodstawowych-w-wieciu\/100057638830230\/","article_modified_time":"2020-05-02T20:54:53+00:00","og_image":[{"url":"http:\/\/www.zspswiecie.pl\/wp-content\/uploads\/2016\/03\/ZSP_budynek_szko%c5%82y_%c5%9bwiecie.jpg","type":"","width":"","height":""}],"twitter_misc":{"Szacowany czas czytania":"4 minuty"},"schema":{"@context":"https:\/\/schema.org","@graph":[{"@type":"WebPage","@id":"https:\/\/www.zspswiecie.pl\/index.php\/grudzien-2019\/","url":"https:\/\/www.zspswiecie.pl\/index.php\/grudzien-2019\/","name":"Grudzie\u0144 2019 - ZSP","isPartOf":{"@id":"https:\/\/www.zspswiecie.pl\/#website"},"datePublished":"2020-01-20T09:16:40+00:00","dateModified":"2020-05-02T20:54:53+00:00","breadcrumb":{"@id":"https:\/\/www.zspswiecie.pl\/index.php\/grudzien-2019\/#breadcrumb"},"inLanguage":"pl-PL","potentialAction":[{"@type":"ReadAction","target":["https:\/\/www.zspswiecie.pl\/index.php\/grudzien-2019\/"]}]},{"@type":"BreadcrumbList","@id":"https:\/\/www.zspswiecie.pl\/index.php\/grudzien-2019\/#breadcrumb","itemListElement":[{"@type":"ListItem","position":1,"name":"Strona g\u0142\u00f3wna","item":"https:\/\/www.zspswiecie.pl\/index.php\/home\/strona-glowna\/"},{"@type":"ListItem","position":2,"name":"Grudzie\u0144 2019"}]},{"@type":"WebSite","@id":"https:\/\/www.zspswiecie.pl\/#website","url":"https:\/\/www.zspswiecie.pl\/","name":"ZSP","description":"Zesp\u00f3\u0142 Szk\u00f3\u0142 Ponadpodstawowych","publisher":{"@id":"https:\/\/www.zspswiecie.pl\/#organization"},"potentialAction":[{"@type":"SearchAction","target":{"@type":"EntryPoint","urlTemplate":"https:\/\/www.zspswiecie.pl\/?s={search_term_string}"},"query-input":{"@type":"PropertyValueSpecification","valueRequired":true,"valueName":"search_term_string"}}],"inLanguage":"pl-PL"},{"@type":"Organization","@id":"https:\/\/www.zspswiecie.pl\/#organization","name":"Zesp\u00f3\u0142 Szk\u00f3\u0142 Ponadpodstawowych","url":"https:\/\/www.zspswiecie.pl\/","logo":{"@type":"ImageObject","inLanguage":"pl-PL","@id":"https:\/\/www.zspswiecie.pl\/#\/schema\/logo\/image\/","url":"http:\/\/www.zspswiecie.pl\/wp-content\/uploads\/2016\/03\/logo-zsp2.png","contentUrl":"http:\/\/www.zspswiecie.pl\/wp-content\/uploads\/2016\/03\/logo-zsp2.png","width":449,"height":351,"caption":"Zesp\u00f3\u0142 Szk\u00f3\u0142 Ponadpodstawowych"},"image":{"@id":"https:\/\/www.zspswiecie.pl\/#\/schema\/logo\/image\/"},"sameAs":["https:\/\/www.facebook.com\/people\/Zesp-Szk-Ponadpodstawowych-w-wieciu\/100057638830230\/"]}]}},"_links":{"self":[{"href":"https:\/\/www.zspswiecie.pl\/index.php\/wp-json\/wp\/v2\/pages\/7585","targetHints":{"allow":["GET"]}}],"collection":[{"href":"https:\/\/www.zspswiecie.pl\/index.php\/wp-json\/wp\/v2\/pages"}],"about":[{"href":"https:\/\/www.zspswiecie.pl\/index.php\/wp-json\/wp\/v2\/types\/page"}],"author":[{"embeddable":true,"href":"https:\/\/www.zspswiecie.pl\/index.php\/wp-json\/wp\/v2\/users\/2"}],"replies":[{"embeddable":true,"href":"https:\/\/www.zspswiecie.pl\/index.php\/wp-json\/wp\/v2\/comments?post=7585"}],"version-history":[{"count":4,"href":"https:\/\/www.zspswiecie.pl\/index.php\/wp-json\/wp\/v2\/pages\/7585\/revisions"}],"predecessor-version":[{"id":7592,"href":"https:\/\/www.zspswiecie.pl\/index.php\/wp-json\/wp\/v2\/pages\/7585\/revisions\/7592"}],"wp:attachment":[{"href":"https:\/\/www.zspswiecie.pl\/index.php\/wp-json\/wp\/v2\/media?parent=7585"}],"curies":[{"name":"wp","href":"https:\/\/api.w.org\/{rel}","templated":true}]}}