{"id":57,"date":"2016-03-07T09:46:01","date_gmt":"2016-03-07T08:46:01","guid":{"rendered":"http:\/\/nowa.zspswiecie.pl\/?page_id=57"},"modified":"2017-03-11T23:16:28","modified_gmt":"2017-03-11T22:16:28","slug":"kwalifikacyjne-kursy-zawodowe","status":"publish","type":"page","link":"https:\/\/www.zspswiecie.pl\/index.php\/kwalifikacyjne-kursy-zawodowe\/","title":{"rendered":"Kwalifikacyjne Kursy Zawodowe"},"content":{"rendered":"<p><a href=\"https:\/\/www.zspswiecie.pl\/wp-content\/uploads\/2017\/03\/ZOBACZ.jpg\"><img loading=\"lazy\" decoding=\"async\" class=\"alignnone size-full wp-image-2745\" src=\"https:\/\/www.zspswiecie.pl\/wp-content\/uploads\/2017\/03\/ZOBACZ.jpg\" alt=\"ZOBACZ\" width=\"1240\" height=\"1754\" srcset=\"https:\/\/www.zspswiecie.pl\/wp-content\/uploads\/2017\/03\/ZOBACZ.jpg 1240w, https:\/\/www.zspswiecie.pl\/wp-content\/uploads\/2017\/03\/ZOBACZ-212x300.jpg 212w, https:\/\/www.zspswiecie.pl\/wp-content\/uploads\/2017\/03\/ZOBACZ-848x1200.jpg 848w\" sizes=\"auto, (max-width: 1240px) 100vw, 1240px\" \/><\/a><\/p>\n","protected":false},"excerpt":{"rendered":"","protected":false},"author":1,"featured_media":0,"parent":0,"menu_order":0,"comment_status":"open","ping_status":"open","template":"page-fullwidth.php","meta":{"footnotes":""},"class_list":["post-57","page","type-page","status-publish","hentry"],"yoast_head":"<!-- This site is optimized with the Yoast SEO plugin v26.8 - https:\/\/yoast.com\/product\/yoast-seo-wordpress\/ -->\n<title>Kwalifikacyjne Kursy Zawodowe - ZSP<\/title>\n<meta name=\"robots\" content=\"index, follow, max-snippet:-1, max-image-preview:large, max-video-preview:-1\" \/>\n<link rel=\"canonical\" href=\"https:\/\/www.zspswiecie.pl\/index.php\/kwalifikacyjne-kursy-zawodowe\/\" \/>\n<meta property=\"og:locale\" content=\"pl_PL\" \/>\n<meta property=\"og:type\" content=\"article\" \/>\n<meta property=\"og:title\" content=\"Kwalifikacyjne Kursy Zawodowe - ZSP\" \/>\n<meta property=\"og:url\" content=\"https:\/\/www.zspswiecie.pl\/index.php\/kwalifikacyjne-kursy-zawodowe\/\" \/>\n<meta property=\"og:site_name\" content=\"ZSP\" \/>\n<meta property=\"article:publisher\" content=\"https:\/\/www.facebook.com\/people\/Zesp-Szk-Ponadpodstawowych-w-wieciu\/100057638830230\/\" \/>\n<meta property=\"article:modified_time\" content=\"2017-03-11T22:16:28+00:00\" \/>\n<meta property=\"og:image\" content=\"http:\/\/www.zspswiecie.pl\/wp-content\/uploads\/2017\/03\/ZOBACZ.jpg\" \/>\n<script type=\"application\/ld+json\" class=\"yoast-schema-graph\">{\"@context\":\"https:\/\/schema.org\",\"@graph\":[{\"@type\":\"WebPage\",\"@id\":\"https:\/\/www.zspswiecie.pl\/index.php\/kwalifikacyjne-kursy-zawodowe\/\",\"url\":\"https:\/\/www.zspswiecie.pl\/index.php\/kwalifikacyjne-kursy-zawodowe\/\",\"name\":\"Kwalifikacyjne Kursy Zawodowe - ZSP\",\"isPartOf\":{\"@id\":\"https:\/\/www.zspswiecie.pl\/#website\"},\"primaryImageOfPage\":{\"@id\":\"https:\/\/www.zspswiecie.pl\/index.php\/kwalifikacyjne-kursy-zawodowe\/#primaryimage\"},\"image\":{\"@id\":\"https:\/\/www.zspswiecie.pl\/index.php\/kwalifikacyjne-kursy-zawodowe\/#primaryimage\"},\"thumbnailUrl\":\"http:\/\/www.zspswiecie.pl\/wp-content\/uploads\/2017\/03\/ZOBACZ.jpg\",\"datePublished\":\"2016-03-07T08:46:01+00:00\",\"dateModified\":\"2017-03-11T22:16:28+00:00\",\"breadcrumb\":{\"@id\":\"https:\/\/www.zspswiecie.pl\/index.php\/kwalifikacyjne-kursy-zawodowe\/#breadcrumb\"},\"inLanguage\":\"pl-PL\",\"potentialAction\":[{\"@type\":\"ReadAction\",\"target\":[\"https:\/\/www.zspswiecie.pl\/index.php\/kwalifikacyjne-kursy-zawodowe\/\"]}]},{\"@type\":\"ImageObject\",\"inLanguage\":\"pl-PL\",\"@id\":\"https:\/\/www.zspswiecie.pl\/index.php\/kwalifikacyjne-kursy-zawodowe\/#primaryimage\",\"url\":\"http:\/\/www.zspswiecie.pl\/wp-content\/uploads\/2017\/03\/ZOBACZ.jpg\",\"contentUrl\":\"http:\/\/www.zspswiecie.pl\/wp-content\/uploads\/2017\/03\/ZOBACZ.jpg\"},{\"@type\":\"BreadcrumbList\",\"@id\":\"https:\/\/www.zspswiecie.pl\/index.php\/kwalifikacyjne-kursy-zawodowe\/#breadcrumb\",\"itemListElement\":[{\"@type\":\"ListItem\",\"position\":1,\"name\":\"Strona g\u0142\u00f3wna\",\"item\":\"https:\/\/www.zspswiecie.pl\/index.php\/home\/strona-glowna\/\"},{\"@type\":\"ListItem\",\"position\":2,\"name\":\"Kwalifikacyjne Kursy Zawodowe\"}]},{\"@type\":\"WebSite\",\"@id\":\"https:\/\/www.zspswiecie.pl\/#website\",\"url\":\"https:\/\/www.zspswiecie.pl\/\",\"name\":\"ZSP\",\"description\":\"Zesp\u00f3\u0142 Szk\u00f3\u0142 Ponadpodstawowych\",\"publisher\":{\"@id\":\"https:\/\/www.zspswiecie.pl\/#organization\"},\"potentialAction\":[{\"@type\":\"SearchAction\",\"target\":{\"@type\":\"EntryPoint\",\"urlTemplate\":\"https:\/\/www.zspswiecie.pl\/?s={search_term_string}\"},\"query-input\":{\"@type\":\"PropertyValueSpecification\",\"valueRequired\":true,\"valueName\":\"search_term_string\"}}],\"inLanguage\":\"pl-PL\"},{\"@type\":\"Organization\",\"@id\":\"https:\/\/www.zspswiecie.pl\/#organization\",\"name\":\"Zesp\u00f3\u0142 Szk\u00f3\u0142 Ponadpodstawowych\",\"url\":\"https:\/\/www.zspswiecie.pl\/\",\"logo\":{\"@type\":\"ImageObject\",\"inLanguage\":\"pl-PL\",\"@id\":\"https:\/\/www.zspswiecie.pl\/#\/schema\/logo\/image\/\",\"url\":\"http:\/\/www.zspswiecie.pl\/wp-content\/uploads\/2016\/03\/logo-zsp2.png\",\"contentUrl\":\"http:\/\/www.zspswiecie.pl\/wp-content\/uploads\/2016\/03\/logo-zsp2.png\",\"width\":449,\"height\":351,\"caption\":\"Zesp\u00f3\u0142 Szk\u00f3\u0142 Ponadpodstawowych\"},\"image\":{\"@id\":\"https:\/\/www.zspswiecie.pl\/#\/schema\/logo\/image\/\"},\"sameAs\":[\"https:\/\/www.facebook.com\/people\/Zesp-Szk-Ponadpodstawowych-w-wieciu\/100057638830230\/\"]}]}<\/script>\n<!-- \/ Yoast SEO plugin. -->","yoast_head_json":{"title":"Kwalifikacyjne Kursy Zawodowe - ZSP","robots":{"index":"index","follow":"follow","max-snippet":"max-snippet:-1","max-image-preview":"max-image-preview:large","max-video-preview":"max-video-preview:-1"},"canonical":"https:\/\/www.zspswiecie.pl\/index.php\/kwalifikacyjne-kursy-zawodowe\/","og_locale":"pl_PL","og_type":"article","og_title":"Kwalifikacyjne Kursy Zawodowe - ZSP","og_url":"https:\/\/www.zspswiecie.pl\/index.php\/kwalifikacyjne-kursy-zawodowe\/","og_site_name":"ZSP","article_publisher":"https:\/\/www.facebook.com\/people\/Zesp-Szk-Ponadpodstawowych-w-wieciu\/100057638830230\/","article_modified_time":"2017-03-11T22:16:28+00:00","og_image":[{"url":"http:\/\/www.zspswiecie.pl\/wp-content\/uploads\/2017\/03\/ZOBACZ.jpg","type":"","width":"","height":""}],"schema":{"@context":"https:\/\/schema.org","@graph":[{"@type":"WebPage","@id":"https:\/\/www.zspswiecie.pl\/index.php\/kwalifikacyjne-kursy-zawodowe\/","url":"https:\/\/www.zspswiecie.pl\/index.php\/kwalifikacyjne-kursy-zawodowe\/","name":"Kwalifikacyjne Kursy Zawodowe - ZSP","isPartOf":{"@id":"https:\/\/www.zspswiecie.pl\/#website"},"primaryImageOfPage":{"@id":"https:\/\/www.zspswiecie.pl\/index.php\/kwalifikacyjne-kursy-zawodowe\/#primaryimage"},"image":{"@id":"https:\/\/www.zspswiecie.pl\/index.php\/kwalifikacyjne-kursy-zawodowe\/#primaryimage"},"thumbnailUrl":"http:\/\/www.zspswiecie.pl\/wp-content\/uploads\/2017\/03\/ZOBACZ.jpg","datePublished":"2016-03-07T08:46:01+00:00","dateModified":"2017-03-11T22:16:28+00:00","breadcrumb":{"@id":"https:\/\/www.zspswiecie.pl\/index.php\/kwalifikacyjne-kursy-zawodowe\/#breadcrumb"},"inLanguage":"pl-PL","potentialAction":[{"@type":"ReadAction","target":["https:\/\/www.zspswiecie.pl\/index.php\/kwalifikacyjne-kursy-zawodowe\/"]}]},{"@type":"ImageObject","inLanguage":"pl-PL","@id":"https:\/\/www.zspswiecie.pl\/index.php\/kwalifikacyjne-kursy-zawodowe\/#primaryimage","url":"http:\/\/www.zspswiecie.pl\/wp-content\/uploads\/2017\/03\/ZOBACZ.jpg","contentUrl":"http:\/\/www.zspswiecie.pl\/wp-content\/uploads\/2017\/03\/ZOBACZ.jpg"},{"@type":"BreadcrumbList","@id":"https:\/\/www.zspswiecie.pl\/index.php\/kwalifikacyjne-kursy-zawodowe\/#breadcrumb","itemListElement":[{"@type":"ListItem","position":1,"name":"Strona g\u0142\u00f3wna","item":"https:\/\/www.zspswiecie.pl\/index.php\/home\/strona-glowna\/"},{"@type":"ListItem","position":2,"name":"Kwalifikacyjne Kursy Zawodowe"}]},{"@type":"WebSite","@id":"https:\/\/www.zspswiecie.pl\/#website","url":"https:\/\/www.zspswiecie.pl\/","name":"ZSP","description":"Zesp\u00f3\u0142 Szk\u00f3\u0142 Ponadpodstawowych","publisher":{"@id":"https:\/\/www.zspswiecie.pl\/#organization"},"potentialAction":[{"@type":"SearchAction","target":{"@type":"EntryPoint","urlTemplate":"https:\/\/www.zspswiecie.pl\/?s={search_term_string}"},"query-input":{"@type":"PropertyValueSpecification","valueRequired":true,"valueName":"search_term_string"}}],"inLanguage":"pl-PL"},{"@type":"Organization","@id":"https:\/\/www.zspswiecie.pl\/#organization","name":"Zesp\u00f3\u0142 Szk\u00f3\u0142 Ponadpodstawowych","url":"https:\/\/www.zspswiecie.pl\/","logo":{"@type":"ImageObject","inLanguage":"pl-PL","@id":"https:\/\/www.zspswiecie.pl\/#\/schema\/logo\/image\/","url":"http:\/\/www.zspswiecie.pl\/wp-content\/uploads\/2016\/03\/logo-zsp2.png","contentUrl":"http:\/\/www.zspswiecie.pl\/wp-content\/uploads\/2016\/03\/logo-zsp2.png","width":449,"height":351,"caption":"Zesp\u00f3\u0142 Szk\u00f3\u0142 Ponadpodstawowych"},"image":{"@id":"https:\/\/www.zspswiecie.pl\/#\/schema\/logo\/image\/"},"sameAs":["https:\/\/www.facebook.com\/people\/Zesp-Szk-Ponadpodstawowych-w-wieciu\/100057638830230\/"]}]}},"_links":{"self":[{"href":"https:\/\/www.zspswiecie.pl\/index.php\/wp-json\/wp\/v2\/pages\/57","targetHints":{"allow":["GET"]}}],"collection":[{"href":"https:\/\/www.zspswiecie.pl\/index.php\/wp-json\/wp\/v2\/pages"}],"about":[{"href":"https:\/\/www.zspswiecie.pl\/index.php\/wp-json\/wp\/v2\/types\/page"}],"author":[{"embeddable":true,"href":"https:\/\/www.zspswiecie.pl\/index.php\/wp-json\/wp\/v2\/users\/1"}],"replies":[{"embeddable":true,"href":"https:\/\/www.zspswiecie.pl\/index.php\/wp-json\/wp\/v2\/comments?post=57"}],"version-history":[{"count":9,"href":"https:\/\/www.zspswiecie.pl\/index.php\/wp-json\/wp\/v2\/pages\/57\/revisions"}],"predecessor-version":[{"id":2748,"href":"https:\/\/www.zspswiecie.pl\/index.php\/wp-json\/wp\/v2\/pages\/57\/revisions\/2748"}],"wp:attachment":[{"href":"https:\/\/www.zspswiecie.pl\/index.php\/wp-json\/wp\/v2\/media?parent=57"}],"curies":[{"name":"wp","href":"https:\/\/api.w.org\/{rel}","templated":true}]}}