{"id":48,"date":"2016-03-07T09:38:40","date_gmt":"2016-03-07T08:38:40","guid":{"rendered":"http:\/\/nowa.zspswiecie.pl\/?page_id=48"},"modified":"2024-04-22T21:53:32","modified_gmt":"2024-04-22T19:53:32","slug":"kontakt-zsp-swiecie","status":"publish","type":"page","link":"https:\/\/www.zspswiecie.pl\/index.php\/kontakt-zsp-swiecie\/","title":{"rendered":"Kontakt-sekretariat"},"content":{"rendered":"<div class=\"su-row\"><div class=\"su-column su-column-size-1-3\"><div class=\"su-column-inner su-u-clearfix su-u-trim\">\n<h3>Sekretariat szko\u0142y<\/h3>\n<p><span style=\"color: #000000;\">czynny w godzinach: <\/span><\/p>\n<p><span style=\"color: #000000;\"> poniedzia\u0142ek &#8211; pi\u0105tek<strong>\u00a0 7.00 &#8211; 15.00<br \/>\n<\/strong><\/span><\/p>\n<p><span style=\"color: #000000;\">ka\u017cdy\u00a0 pierwszy wtorek miesi\u0105ca<strong>\u00a0 7.00 &#8211; 16.00<br \/>\n<\/strong><\/span><\/p>\n<p><span style=\"color: #000000;\"><em>ul. Ko\u015bciuszki 6a<\/em><\/span><\/p>\n<p><span style=\"color: #000000;\"><em>86-100 \u015awiecie<\/em><\/span><\/p>\n<p><span style=\"color: #000000;\">tel. <strong>52 3312438<\/strong><\/span><\/p>\n<p>email: <strong>sekretariat@zspswiecie.pl<\/strong><em><br \/>\n<\/em><\/p>\n<\/div><\/div> <div class=\"su-column su-column-size-1-3\"><div class=\"su-column-inner su-u-clearfix su-u-trim\">\n<p><img loading=\"lazy\" decoding=\"async\" class=\"alignnone wp-image-137 size-large\" src=\"http:\/\/zspswiecie.pl\/wp-content\/uploads\/2016\/03\/ZSP_budynek_szko\u0142y_\u015bwiecie-1200x800.jpg\" alt=\"ZSP_budynek_szko\u0142y_\u015bwiecie\" width=\"700\" height=\"467\" srcset=\"https:\/\/www.zspswiecie.pl\/wp-content\/uploads\/2016\/03\/ZSP_budynek_szko\u0142y_\u015bwiecie.jpg 1200w, https:\/\/www.zspswiecie.pl\/wp-content\/uploads\/2016\/03\/ZSP_budynek_szko\u0142y_\u015bwiecie-300x200.jpg 300w\" sizes=\"auto, (max-width: 700px) 100vw, 700px\" \/><\/p>\n<\/div><\/div><\/div>\n<hr \/>\n<div class=\"su-gmap su-u-responsive-media-yes\"><iframe loading=\"lazy\" width=\"600\" height=\"400\" src=\"\/\/maps.google.com\/maps?q=ZSP%20%C5%9Awiecie&amp;output=embed\" title=\"\"><\/iframe><\/div>\n","protected":false},"excerpt":{"rendered":"","protected":false},"author":1,"featured_media":0,"parent":0,"menu_order":0,"comment_status":"open","ping_status":"open","template":"page-fullwidth.php","meta":{"footnotes":""},"class_list":["post-48","page","type-page","status-publish","hentry"],"yoast_head":"<!-- This site is optimized with the Yoast SEO plugin v26.8 - https:\/\/yoast.com\/product\/yoast-seo-wordpress\/ -->\n<title>Kontakt - ZSP \u015awiecie<\/title>\n<meta name=\"description\" content=\"Sekretariat szko\u0142y czynny od poniedzia\u0142ku do pi\u0105tku w godzinach: 7.00 - 16.00, Adres: ul. Ko\u015bciuszki 6a, 86-100 \u015awiecie, tel. 52 33-12-438, email: zsp_swiecie@go2.pl\" \/>\n<meta name=\"robots\" content=\"index, follow, max-snippet:-1, max-image-preview:large, max-video-preview:-1\" \/>\n<link rel=\"canonical\" href=\"https:\/\/www.zspswiecie.pl\/index.php\/kontakt-zsp-swiecie\/\" \/>\n<meta property=\"og:locale\" content=\"pl_PL\" \/>\n<meta property=\"og:type\" content=\"article\" \/>\n<meta property=\"og:title\" content=\"Kontakt - ZSP \u015awiecie\" \/>\n<meta property=\"og:description\" content=\"Sekretariat szko\u0142y czynny od poniedzia\u0142ku do pi\u0105tku w godzinach: 7.00 - 16.00, Adres: ul. Ko\u015bciuszki 6a, 86-100 \u015awiecie, tel. 52 33-12-438, email: zsp_swiecie@go2.pl\" \/>\n<meta property=\"og:url\" content=\"https:\/\/www.zspswiecie.pl\/index.php\/kontakt-zsp-swiecie\/\" \/>\n<meta property=\"og:site_name\" content=\"ZSP\" \/>\n<meta property=\"article:publisher\" content=\"https:\/\/www.facebook.com\/people\/Zesp-Szk-Ponadpodstawowych-w-wieciu\/100057638830230\/\" \/>\n<meta property=\"article:modified_time\" content=\"2024-04-22T19:53:32+00:00\" \/>\n<meta property=\"og:image\" content=\"http:\/\/www.zspswiecie.pl\/wp-content\/uploads\/2016\/03\/ZSP_budynek_szko%c5%82y_%c5%9bwiecie.jpg\" \/>\n<meta name=\"twitter:label1\" content=\"Szacowany czas czytania\" \/>\n\t<meta name=\"twitter:data1\" content=\"1 minuta\" \/>\n<script type=\"application\/ld+json\" class=\"yoast-schema-graph\">{\"@context\":\"https:\/\/schema.org\",\"@graph\":[{\"@type\":\"WebPage\",\"@id\":\"https:\/\/www.zspswiecie.pl\/index.php\/kontakt-zsp-swiecie\/\",\"url\":\"https:\/\/www.zspswiecie.pl\/index.php\/kontakt-zsp-swiecie\/\",\"name\":\"Kontakt - ZSP \u015awiecie\",\"isPartOf\":{\"@id\":\"https:\/\/www.zspswiecie.pl\/#website\"},\"datePublished\":\"2016-03-07T08:38:40+00:00\",\"dateModified\":\"2024-04-22T19:53:32+00:00\",\"description\":\"Sekretariat szko\u0142y czynny od poniedzia\u0142ku do pi\u0105tku w godzinach: 7.00 - 16.00, Adres: ul. Ko\u015bciuszki 6a, 86-100 \u015awiecie, tel. 52 33-12-438, email: zsp_swiecie@go2.pl\",\"breadcrumb\":{\"@id\":\"https:\/\/www.zspswiecie.pl\/index.php\/kontakt-zsp-swiecie\/#breadcrumb\"},\"inLanguage\":\"pl-PL\",\"potentialAction\":[{\"@type\":\"ReadAction\",\"target\":[\"https:\/\/www.zspswiecie.pl\/index.php\/kontakt-zsp-swiecie\/\"]}]},{\"@type\":\"BreadcrumbList\",\"@id\":\"https:\/\/www.zspswiecie.pl\/index.php\/kontakt-zsp-swiecie\/#breadcrumb\",\"itemListElement\":[{\"@type\":\"ListItem\",\"position\":1,\"name\":\"Strona g\u0142\u00f3wna\",\"item\":\"https:\/\/www.zspswiecie.pl\/index.php\/home\/strona-glowna\/\"},{\"@type\":\"ListItem\",\"position\":2,\"name\":\"Kontakt-sekretariat\"}]},{\"@type\":\"WebSite\",\"@id\":\"https:\/\/www.zspswiecie.pl\/#website\",\"url\":\"https:\/\/www.zspswiecie.pl\/\",\"name\":\"ZSP\",\"description\":\"Zesp\u00f3\u0142 Szk\u00f3\u0142 Ponadpodstawowych\",\"publisher\":{\"@id\":\"https:\/\/www.zspswiecie.pl\/#organization\"},\"potentialAction\":[{\"@type\":\"SearchAction\",\"target\":{\"@type\":\"EntryPoint\",\"urlTemplate\":\"https:\/\/www.zspswiecie.pl\/?s={search_term_string}\"},\"query-input\":{\"@type\":\"PropertyValueSpecification\",\"valueRequired\":true,\"valueName\":\"search_term_string\"}}],\"inLanguage\":\"pl-PL\"},{\"@type\":\"Organization\",\"@id\":\"https:\/\/www.zspswiecie.pl\/#organization\",\"name\":\"Zesp\u00f3\u0142 Szk\u00f3\u0142 Ponadpodstawowych\",\"url\":\"https:\/\/www.zspswiecie.pl\/\",\"logo\":{\"@type\":\"ImageObject\",\"inLanguage\":\"pl-PL\",\"@id\":\"https:\/\/www.zspswiecie.pl\/#\/schema\/logo\/image\/\",\"url\":\"http:\/\/www.zspswiecie.pl\/wp-content\/uploads\/2016\/03\/logo-zsp2.png\",\"contentUrl\":\"http:\/\/www.zspswiecie.pl\/wp-content\/uploads\/2016\/03\/logo-zsp2.png\",\"width\":449,\"height\":351,\"caption\":\"Zesp\u00f3\u0142 Szk\u00f3\u0142 Ponadpodstawowych\"},\"image\":{\"@id\":\"https:\/\/www.zspswiecie.pl\/#\/schema\/logo\/image\/\"},\"sameAs\":[\"https:\/\/www.facebook.com\/people\/Zesp-Szk-Ponadpodstawowych-w-wieciu\/100057638830230\/\"]}]}<\/script>\n<!-- \/ Yoast SEO plugin. -->","yoast_head_json":{"title":"Kontakt - ZSP \u015awiecie","description":"Sekretariat szko\u0142y czynny od poniedzia\u0142ku do pi\u0105tku w godzinach: 7.00 - 16.00, Adres: ul. Ko\u015bciuszki 6a, 86-100 \u015awiecie, tel. 52 33-12-438, email: zsp_swiecie@go2.pl","robots":{"index":"index","follow":"follow","max-snippet":"max-snippet:-1","max-image-preview":"max-image-preview:large","max-video-preview":"max-video-preview:-1"},"canonical":"https:\/\/www.zspswiecie.pl\/index.php\/kontakt-zsp-swiecie\/","og_locale":"pl_PL","og_type":"article","og_title":"Kontakt - ZSP \u015awiecie","og_description":"Sekretariat szko\u0142y czynny od poniedzia\u0142ku do pi\u0105tku w godzinach: 7.00 - 16.00, Adres: ul. Ko\u015bciuszki 6a, 86-100 \u015awiecie, tel. 52 33-12-438, email: zsp_swiecie@go2.pl","og_url":"https:\/\/www.zspswiecie.pl\/index.php\/kontakt-zsp-swiecie\/","og_site_name":"ZSP","article_publisher":"https:\/\/www.facebook.com\/people\/Zesp-Szk-Ponadpodstawowych-w-wieciu\/100057638830230\/","article_modified_time":"2024-04-22T19:53:32+00:00","og_image":[{"url":"http:\/\/www.zspswiecie.pl\/wp-content\/uploads\/2016\/03\/ZSP_budynek_szko%c5%82y_%c5%9bwiecie.jpg","type":"","width":"","height":""}],"twitter_misc":{"Szacowany czas czytania":"1 minuta"},"schema":{"@context":"https:\/\/schema.org","@graph":[{"@type":"WebPage","@id":"https:\/\/www.zspswiecie.pl\/index.php\/kontakt-zsp-swiecie\/","url":"https:\/\/www.zspswiecie.pl\/index.php\/kontakt-zsp-swiecie\/","name":"Kontakt - ZSP \u015awiecie","isPartOf":{"@id":"https:\/\/www.zspswiecie.pl\/#website"},"datePublished":"2016-03-07T08:38:40+00:00","dateModified":"2024-04-22T19:53:32+00:00","description":"Sekretariat szko\u0142y czynny od poniedzia\u0142ku do pi\u0105tku w godzinach: 7.00 - 16.00, Adres: ul. Ko\u015bciuszki 6a, 86-100 \u015awiecie, tel. 52 33-12-438, email: zsp_swiecie@go2.pl","breadcrumb":{"@id":"https:\/\/www.zspswiecie.pl\/index.php\/kontakt-zsp-swiecie\/#breadcrumb"},"inLanguage":"pl-PL","potentialAction":[{"@type":"ReadAction","target":["https:\/\/www.zspswiecie.pl\/index.php\/kontakt-zsp-swiecie\/"]}]},{"@type":"BreadcrumbList","@id":"https:\/\/www.zspswiecie.pl\/index.php\/kontakt-zsp-swiecie\/#breadcrumb","itemListElement":[{"@type":"ListItem","position":1,"name":"Strona g\u0142\u00f3wna","item":"https:\/\/www.zspswiecie.pl\/index.php\/home\/strona-glowna\/"},{"@type":"ListItem","position":2,"name":"Kontakt-sekretariat"}]},{"@type":"WebSite","@id":"https:\/\/www.zspswiecie.pl\/#website","url":"https:\/\/www.zspswiecie.pl\/","name":"ZSP","description":"Zesp\u00f3\u0142 Szk\u00f3\u0142 Ponadpodstawowych","publisher":{"@id":"https:\/\/www.zspswiecie.pl\/#organization"},"potentialAction":[{"@type":"SearchAction","target":{"@type":"EntryPoint","urlTemplate":"https:\/\/www.zspswiecie.pl\/?s={search_term_string}"},"query-input":{"@type":"PropertyValueSpecification","valueRequired":true,"valueName":"search_term_string"}}],"inLanguage":"pl-PL"},{"@type":"Organization","@id":"https:\/\/www.zspswiecie.pl\/#organization","name":"Zesp\u00f3\u0142 Szk\u00f3\u0142 Ponadpodstawowych","url":"https:\/\/www.zspswiecie.pl\/","logo":{"@type":"ImageObject","inLanguage":"pl-PL","@id":"https:\/\/www.zspswiecie.pl\/#\/schema\/logo\/image\/","url":"http:\/\/www.zspswiecie.pl\/wp-content\/uploads\/2016\/03\/logo-zsp2.png","contentUrl":"http:\/\/www.zspswiecie.pl\/wp-content\/uploads\/2016\/03\/logo-zsp2.png","width":449,"height":351,"caption":"Zesp\u00f3\u0142 Szk\u00f3\u0142 Ponadpodstawowych"},"image":{"@id":"https:\/\/www.zspswiecie.pl\/#\/schema\/logo\/image\/"},"sameAs":["https:\/\/www.facebook.com\/people\/Zesp-Szk-Ponadpodstawowych-w-wieciu\/100057638830230\/"]}]}},"_links":{"self":[{"href":"https:\/\/www.zspswiecie.pl\/index.php\/wp-json\/wp\/v2\/pages\/48","targetHints":{"allow":["GET"]}}],"collection":[{"href":"https:\/\/www.zspswiecie.pl\/index.php\/wp-json\/wp\/v2\/pages"}],"about":[{"href":"https:\/\/www.zspswiecie.pl\/index.php\/wp-json\/wp\/v2\/types\/page"}],"author":[{"embeddable":true,"href":"https:\/\/www.zspswiecie.pl\/index.php\/wp-json\/wp\/v2\/users\/1"}],"replies":[{"embeddable":true,"href":"https:\/\/www.zspswiecie.pl\/index.php\/wp-json\/wp\/v2\/comments?post=48"}],"version-history":[{"count":18,"href":"https:\/\/www.zspswiecie.pl\/index.php\/wp-json\/wp\/v2\/pages\/48\/revisions"}],"predecessor-version":[{"id":13225,"href":"https:\/\/www.zspswiecie.pl\/index.php\/wp-json\/wp\/v2\/pages\/48\/revisions\/13225"}],"wp:attachment":[{"href":"https:\/\/www.zspswiecie.pl\/index.php\/wp-json\/wp\/v2\/media?parent=48"}],"curies":[{"name":"wp","href":"https:\/\/api.w.org\/{rel}","templated":true}]}}