{"id":4581,"date":"2018-03-22T12:57:56","date_gmt":"2018-03-22T11:57:56","guid":{"rendered":"http:\/\/www.zspswiecie.pl\/?page_id=4581"},"modified":"2019-09-26T10:07:20","modified_gmt":"2019-09-26T08:07:20","slug":"wyksztalcony-profesjonalista","status":"publish","type":"page","link":"https:\/\/www.zspswiecie.pl\/index.php\/wyksztalcony-profesjonalista\/","title":{"rendered":"Wykszta\u0142cony profesjonalista"},"content":{"rendered":"<p>Projekt \u201eWykszta\u0142cony Profesjonalista\u201d wsp\u00f3\u0142finansowany jest ze \u015brodk\u00f3w Unii Europejskiej w ramach Europejskiego Funduszu Rozwoju Regionalnego Wojew\u00f3dztwa Kujawsko- Pomorskiego na lata 2014-2020, O\u015b Priorytetowa 10 \u201eInnowacyjna Edukacja\u201d, Dzia\u0142anie 10.2 \u201eKszta\u0142cenie og\u00f3lne i zawodowe\u201d, Poddzia\u0142anie 10.2.3 \u201eKszta\u0142cenie zawodowe\u201d<\/p>\n<p>Nab\u00f3r na zaj\u0119cia odb\u0119dzie si\u0119 trzy razy w czasie trwania projektu:<\/p>\n<ul>\n<li>od 9 kwietnia do 27 kwietnia 2018 r.,<\/li>\n<li>od 5 wrze\u015bnia 2018 r. do 24 wrze\u015bnia 2018 r.,<\/li>\n<li>od 2 stycznia 2019 r. do 31 stycznia 2019 r.<\/li>\n<\/ul>\n<p>Wymagane dokumenty rekrutacyjne dla potencjalnych uczestnik\u00f3w projektu:<\/p>\n<p>Dokumenty dla uczni\u00f3w:<\/p>\n<ol>\n<li>Formularz zg\u0142oszeniowy dla uczni\u00f3w do udzia\u0142u w projekcie<\/li>\n<li>O\u015bwiadczenie uczestnika projektu<\/li>\n<li>Dokumenty potwierdzaj\u0105ce spe\u0142nianie kryteri\u00f3w rekrutacyjnych: za\u015bwiadczenie<br \/>\no statusie ucznia danej szko\u0142y ze wskazaniem zawodu.<\/li>\n<\/ol>\n<p>Dokumenty rekrutacyjne dost\u0119pne s\u0105 u Koordynatora Szkolnego (Katarzyna Zwoli\u0144ska) oraz w Sekretariacie szko\u0142y.<\/p>\n<p>Uczniowie i nauczyciele mog\u0105 skorzysta\u0107 z wi\u0119cej ni\u017c jednej formy wsparcia w ramach projektu pod warunkiem, \u017ce nie b\u0119d\u0105 to zaj\u0119cia to\u017csame.<\/p>\n<p>W ramach projektu mo\u017cna skorzysta\u0107 z nast\u0119puj\u0105cych form wsparcia<\/p>\n<p><u>Zaj\u0119cia z:<\/u><\/p>\n<p>Zaj\u0119cia indywidualne z zakresu doradztwa edukacyjno-zawodowego<\/p>\n<p>Zaj\u0119cia z zakresu doradztwa edukacyjno &#8211; zawodowe z wykorzystaniem platformy edukacyjnej \u201eMy Cousrer\u201d<\/p>\n<p><u>Zaj\u0119cia dodatkowe z:<\/u><\/p>\n<p>&#8211; obs\u0142uga kas fiskalnych<\/p>\n<p>&#8211; zaj\u0119cia z przedmiot\u00f3w zawodowych( sprzedawca, logistyk, geodeta)<\/p>\n<p>&#8211; zaj\u0119cia przygotowuj\u0105ce do egzaminu na prawo jazdy kat. B<\/p>\n<p>&#8211; wirtualne laboratoria logistyczne<\/p>\n<p>&#8211; prowadzeni biura rachunkowego<\/p>\n<p>&#8211; zakresu ekonomii praktycznej z wykorzystaniem gier planszowych<\/p>\n<p>&#8211; projektowanie uk\u0142ad\u00f3w pneumatycznych i elektropneumatycznych<\/p>\n<p>&#8211; z zakresu rysunku technicznego<\/p>\n<p>&#8211; z zakresu technologii budowy maszyn i urz\u0105dze\u0144<\/p>\n<p>&#8211; programowanie sterownik\u00f3w PLC<\/p>\n<p>&#8211; obs\u0142uga obrabiarek CNC<\/p>\n<p>&#8211; programowanie obrabiarek CNC<\/p>\n<p>&#8211; systemy informatyczno \u2013 diagnostyczne w mechanice pojazdowej<\/p>\n<p>&#8211; z zakresu programowania w j\u0119zyku C+, C++, Java<\/p>\n<p>&#8211; specjalistyczne- kulinaria<\/p>\n<p>&#8211; z zakresu Inteligent Platforms<\/p>\n<p>&#8211; przygotowuj\u0105ce do egzaminu na prawo jazdy<\/p>\n<p>Warsztaty kulinarne \u2013 ryby i owoce morza<\/p>\n<p>&#8211; IT Essentials<\/p>\n<p>-CISCO Routing&amp;Switching<\/p>\n<p>-warsztaty kulinarne \u2013 sposoby przygotowania nowoczesnych potraw<\/p>\n<p>&#8211; perfekcyjne techniki strzy\u017ce\u0144<\/p>\n<p><u>Zaj\u0119cia wyjazdowe na UTP w Bydgoszczy<\/u><\/p>\n<p>&#8211; zaj\u0119cia z przetw\u00f3rstwa i recyklingu tworzyw sztucznych<\/p>\n<p>&#8211; zaj\u0119cia kierunk\u00f3w rozwoju zielonej energii<\/p>\n<p><u>Kursy <\/u><\/p>\n<p>&#8211; spawanie met TIG<\/p>\n<p>&#8211; spawanie met MAG\/MIG<\/p>\n<p>&#8211; kurs obs\u0142ugi podest\u00f3w ruchomych<\/p>\n<p>&#8211; obs\u0142uga w\u00f3zk\u00f3w jezdniowych<\/p>\n<p>&#8211; szkolenie z zakresu uprawnie\u0144 elektrycznych URE<\/p>\n<p>&#8211; szkolenie podstawowe z zakresu obrabiarek numerycznych CNC<\/p>\n<p>&#8211; szkolenie z zakresu programowania obrabiarek numerycznych CNC<\/p>\n<p><u>Sta\u017ce \u2013 p\u0142atne <\/u><\/p>\n<p>za udzia\u0142 w sta\u017cu zawodowym uczniowie otrzymuj\u0105 stypendium, kt\u00f3re jest wyp\u0142acane za ka\u017cde przepracowane 150 godzin. Wysoko\u015b\u0107 stypendium nie mo\u017ce przekroczy\u0107 1 500 z\u0142.<\/p>\n<p>Za\u0142\u0105czniki:<\/p>\n<p><a href=\"https:\/\/www.zspswiecie.pl\/wp-content\/uploads\/2018\/09\/za\u0142_formularz_-uczniowie.doc\" target=\"_blank\">FORMULARZ ZG\u0141OSZENIA DO UDZIA\u0141U W PROJEKCIE- ucze\u0144<\/a><\/p>\n<p><a href=\"https:\/\/www.zspswiecie.pl\/wp-content\/uploads\/2018\/09\/za\u0142_formularz_nauczyciele.doc\" target=\"_blank\">FORMULARZ ZG\u0141OSZENIA DO UDZIA\u0141U W PROJEKCIE &#8211; nauczyciel<\/a><strong><br \/>\n<\/strong><\/p>\n<p><a href=\"https:\/\/www.zspswiecie.pl\/wp-content\/uploads\/2018\/09\/za\u0142_o\u015bwiadczenie_uczest..docx\" target=\"_blank\">O\u015aWIADCZENIE UCZESTNIKA PROJEKTU<\/a><\/p>\n<p><a href=\"https:\/\/www.zspswiecie.pl\/wp-content\/uploads\/2019\/02\/Regulamin.pdf\" target=\"_blank\">REGULAMIN<\/a><strong><br \/>\n<\/strong><\/p>\n<p><a href=\"https:\/\/www.zspswiecie.pl\/wp-content\/uploads\/2019\/02\/Regulamin.pdf\" target=\"_blank\">REGULAMIN ZARZ\u0104DZENIE<\/a><\/p>\n<p><a href=\"https:\/\/www.zspswiecie.pl\/wp-content\/uploads\/2019\/02\/zajecia_-formy-wsparcia.pdf\" target=\"_blank\">FORMY ZAJ\u0118\u0106<\/a><\/p>\n<p><a href=\"https:\/\/www.zspswiecie.pl\/wp-content\/uploads\/2018\/09\/za\u0142_ocena.doc\" target=\"_blank\">OCENA<\/a><\/p>\n","protected":false},"excerpt":{"rendered":"<p>Projekt \u201eWykszta\u0142cony Profesjonalista\u201d wsp\u00f3\u0142finansowany jest ze \u015brodk\u00f3w Unii Europejskiej w ramach Europejskiego Funduszu Rozwoju Regionalnego Wojew\u00f3dztwa Kujawsko- Pomorskiego na lata 2014-2020, O\u015b Priorytetowa 10&#8230; &nbsp; <a href=\"https:\/\/www.zspswiecie.pl\/index.php\/wyksztalcony-profesjonalista\/\" class=\"moretag\">Wi\u0119cej&#8230;<\/a><\/p>\n","protected":false},"author":2,"featured_media":0,"parent":0,"menu_order":0,"comment_status":"closed","ping_status":"open","template":"page-fullwidth.php","meta":{"footnotes":""},"class_list":["post-4581","page","type-page","status-publish","hentry"],"yoast_head":"<!-- This site is optimized with the Yoast SEO plugin v26.8 - https:\/\/yoast.com\/product\/yoast-seo-wordpress\/ -->\n<title>Wykszta\u0142cony profesjonalista - ZSP<\/title>\n<meta name=\"robots\" content=\"index, follow, max-snippet:-1, max-image-preview:large, max-video-preview:-1\" \/>\n<link rel=\"canonical\" href=\"https:\/\/www.zspswiecie.pl\/index.php\/wyksztalcony-profesjonalista\/\" \/>\n<meta property=\"og:locale\" content=\"pl_PL\" \/>\n<meta property=\"og:type\" content=\"article\" \/>\n<meta property=\"og:title\" content=\"Wykszta\u0142cony profesjonalista - ZSP\" \/>\n<meta property=\"og:description\" content=\"Projekt \u201eWykszta\u0142cony Profesjonalista\u201d wsp\u00f3\u0142finansowany jest ze \u015brodk\u00f3w Unii Europejskiej w ramach Europejskiego Funduszu Rozwoju Regionalnego Wojew\u00f3dztwa Kujawsko- Pomorskiego na lata 2014-2020, O\u015b Priorytetowa 10... &nbsp; Wi\u0119cej...\" \/>\n<meta property=\"og:url\" content=\"https:\/\/www.zspswiecie.pl\/index.php\/wyksztalcony-profesjonalista\/\" \/>\n<meta property=\"og:site_name\" content=\"ZSP\" \/>\n<meta property=\"article:publisher\" content=\"https:\/\/www.facebook.com\/people\/Zesp-Szk-Ponadpodstawowych-w-wieciu\/100057638830230\/\" \/>\n<meta property=\"article:modified_time\" content=\"2019-09-26T08:07:20+00:00\" \/>\n<meta property=\"og:image\" content=\"http:\/\/www.zspswiecie.pl\/wp-content\/uploads\/2016\/03\/ZSP_budynek_szko%c5%82y_%c5%9bwiecie.jpg\" \/>\n<meta name=\"twitter:label1\" content=\"Szacowany czas czytania\" \/>\n\t<meta name=\"twitter:data1\" content=\"2 minuty\" \/>\n<script type=\"application\/ld+json\" class=\"yoast-schema-graph\">{\"@context\":\"https:\/\/schema.org\",\"@graph\":[{\"@type\":\"WebPage\",\"@id\":\"https:\/\/www.zspswiecie.pl\/index.php\/wyksztalcony-profesjonalista\/\",\"url\":\"https:\/\/www.zspswiecie.pl\/index.php\/wyksztalcony-profesjonalista\/\",\"name\":\"Wykszta\u0142cony profesjonalista - ZSP\",\"isPartOf\":{\"@id\":\"https:\/\/www.zspswiecie.pl\/#website\"},\"datePublished\":\"2018-03-22T11:57:56+00:00\",\"dateModified\":\"2019-09-26T08:07:20+00:00\",\"breadcrumb\":{\"@id\":\"https:\/\/www.zspswiecie.pl\/index.php\/wyksztalcony-profesjonalista\/#breadcrumb\"},\"inLanguage\":\"pl-PL\",\"potentialAction\":[{\"@type\":\"ReadAction\",\"target\":[\"https:\/\/www.zspswiecie.pl\/index.php\/wyksztalcony-profesjonalista\/\"]}]},{\"@type\":\"BreadcrumbList\",\"@id\":\"https:\/\/www.zspswiecie.pl\/index.php\/wyksztalcony-profesjonalista\/#breadcrumb\",\"itemListElement\":[{\"@type\":\"ListItem\",\"position\":1,\"name\":\"Strona g\u0142\u00f3wna\",\"item\":\"https:\/\/www.zspswiecie.pl\/index.php\/home\/strona-glowna\/\"},{\"@type\":\"ListItem\",\"position\":2,\"name\":\"Wykszta\u0142cony profesjonalista\"}]},{\"@type\":\"WebSite\",\"@id\":\"https:\/\/www.zspswiecie.pl\/#website\",\"url\":\"https:\/\/www.zspswiecie.pl\/\",\"name\":\"ZSP\",\"description\":\"Zesp\u00f3\u0142 Szk\u00f3\u0142 Ponadpodstawowych\",\"publisher\":{\"@id\":\"https:\/\/www.zspswiecie.pl\/#organization\"},\"potentialAction\":[{\"@type\":\"SearchAction\",\"target\":{\"@type\":\"EntryPoint\",\"urlTemplate\":\"https:\/\/www.zspswiecie.pl\/?s={search_term_string}\"},\"query-input\":{\"@type\":\"PropertyValueSpecification\",\"valueRequired\":true,\"valueName\":\"search_term_string\"}}],\"inLanguage\":\"pl-PL\"},{\"@type\":\"Organization\",\"@id\":\"https:\/\/www.zspswiecie.pl\/#organization\",\"name\":\"Zesp\u00f3\u0142 Szk\u00f3\u0142 Ponadpodstawowych\",\"url\":\"https:\/\/www.zspswiecie.pl\/\",\"logo\":{\"@type\":\"ImageObject\",\"inLanguage\":\"pl-PL\",\"@id\":\"https:\/\/www.zspswiecie.pl\/#\/schema\/logo\/image\/\",\"url\":\"http:\/\/www.zspswiecie.pl\/wp-content\/uploads\/2016\/03\/logo-zsp2.png\",\"contentUrl\":\"http:\/\/www.zspswiecie.pl\/wp-content\/uploads\/2016\/03\/logo-zsp2.png\",\"width\":449,\"height\":351,\"caption\":\"Zesp\u00f3\u0142 Szk\u00f3\u0142 Ponadpodstawowych\"},\"image\":{\"@id\":\"https:\/\/www.zspswiecie.pl\/#\/schema\/logo\/image\/\"},\"sameAs\":[\"https:\/\/www.facebook.com\/people\/Zesp-Szk-Ponadpodstawowych-w-wieciu\/100057638830230\/\"]}]}<\/script>\n<!-- \/ Yoast SEO plugin. -->","yoast_head_json":{"title":"Wykszta\u0142cony profesjonalista - ZSP","robots":{"index":"index","follow":"follow","max-snippet":"max-snippet:-1","max-image-preview":"max-image-preview:large","max-video-preview":"max-video-preview:-1"},"canonical":"https:\/\/www.zspswiecie.pl\/index.php\/wyksztalcony-profesjonalista\/","og_locale":"pl_PL","og_type":"article","og_title":"Wykszta\u0142cony profesjonalista - ZSP","og_description":"Projekt \u201eWykszta\u0142cony Profesjonalista\u201d wsp\u00f3\u0142finansowany jest ze \u015brodk\u00f3w Unii Europejskiej w ramach Europejskiego Funduszu Rozwoju Regionalnego Wojew\u00f3dztwa Kujawsko- Pomorskiego na lata 2014-2020, O\u015b Priorytetowa 10... &nbsp; Wi\u0119cej...","og_url":"https:\/\/www.zspswiecie.pl\/index.php\/wyksztalcony-profesjonalista\/","og_site_name":"ZSP","article_publisher":"https:\/\/www.facebook.com\/people\/Zesp-Szk-Ponadpodstawowych-w-wieciu\/100057638830230\/","article_modified_time":"2019-09-26T08:07:20+00:00","og_image":[{"url":"http:\/\/www.zspswiecie.pl\/wp-content\/uploads\/2016\/03\/ZSP_budynek_szko%c5%82y_%c5%9bwiecie.jpg","type":"","width":"","height":""}],"twitter_misc":{"Szacowany czas czytania":"2 minuty"},"schema":{"@context":"https:\/\/schema.org","@graph":[{"@type":"WebPage","@id":"https:\/\/www.zspswiecie.pl\/index.php\/wyksztalcony-profesjonalista\/","url":"https:\/\/www.zspswiecie.pl\/index.php\/wyksztalcony-profesjonalista\/","name":"Wykszta\u0142cony profesjonalista - ZSP","isPartOf":{"@id":"https:\/\/www.zspswiecie.pl\/#website"},"datePublished":"2018-03-22T11:57:56+00:00","dateModified":"2019-09-26T08:07:20+00:00","breadcrumb":{"@id":"https:\/\/www.zspswiecie.pl\/index.php\/wyksztalcony-profesjonalista\/#breadcrumb"},"inLanguage":"pl-PL","potentialAction":[{"@type":"ReadAction","target":["https:\/\/www.zspswiecie.pl\/index.php\/wyksztalcony-profesjonalista\/"]}]},{"@type":"BreadcrumbList","@id":"https:\/\/www.zspswiecie.pl\/index.php\/wyksztalcony-profesjonalista\/#breadcrumb","itemListElement":[{"@type":"ListItem","position":1,"name":"Strona g\u0142\u00f3wna","item":"https:\/\/www.zspswiecie.pl\/index.php\/home\/strona-glowna\/"},{"@type":"ListItem","position":2,"name":"Wykszta\u0142cony profesjonalista"}]},{"@type":"WebSite","@id":"https:\/\/www.zspswiecie.pl\/#website","url":"https:\/\/www.zspswiecie.pl\/","name":"ZSP","description":"Zesp\u00f3\u0142 Szk\u00f3\u0142 Ponadpodstawowych","publisher":{"@id":"https:\/\/www.zspswiecie.pl\/#organization"},"potentialAction":[{"@type":"SearchAction","target":{"@type":"EntryPoint","urlTemplate":"https:\/\/www.zspswiecie.pl\/?s={search_term_string}"},"query-input":{"@type":"PropertyValueSpecification","valueRequired":true,"valueName":"search_term_string"}}],"inLanguage":"pl-PL"},{"@type":"Organization","@id":"https:\/\/www.zspswiecie.pl\/#organization","name":"Zesp\u00f3\u0142 Szk\u00f3\u0142 Ponadpodstawowych","url":"https:\/\/www.zspswiecie.pl\/","logo":{"@type":"ImageObject","inLanguage":"pl-PL","@id":"https:\/\/www.zspswiecie.pl\/#\/schema\/logo\/image\/","url":"http:\/\/www.zspswiecie.pl\/wp-content\/uploads\/2016\/03\/logo-zsp2.png","contentUrl":"http:\/\/www.zspswiecie.pl\/wp-content\/uploads\/2016\/03\/logo-zsp2.png","width":449,"height":351,"caption":"Zesp\u00f3\u0142 Szk\u00f3\u0142 Ponadpodstawowych"},"image":{"@id":"https:\/\/www.zspswiecie.pl\/#\/schema\/logo\/image\/"},"sameAs":["https:\/\/www.facebook.com\/people\/Zesp-Szk-Ponadpodstawowych-w-wieciu\/100057638830230\/"]}]}},"_links":{"self":[{"href":"https:\/\/www.zspswiecie.pl\/index.php\/wp-json\/wp\/v2\/pages\/4581","targetHints":{"allow":["GET"]}}],"collection":[{"href":"https:\/\/www.zspswiecie.pl\/index.php\/wp-json\/wp\/v2\/pages"}],"about":[{"href":"https:\/\/www.zspswiecie.pl\/index.php\/wp-json\/wp\/v2\/types\/page"}],"author":[{"embeddable":true,"href":"https:\/\/www.zspswiecie.pl\/index.php\/wp-json\/wp\/v2\/users\/2"}],"replies":[{"embeddable":true,"href":"https:\/\/www.zspswiecie.pl\/index.php\/wp-json\/wp\/v2\/comments?post=4581"}],"version-history":[{"count":8,"href":"https:\/\/www.zspswiecie.pl\/index.php\/wp-json\/wp\/v2\/pages\/4581\/revisions"}],"predecessor-version":[{"id":6968,"href":"https:\/\/www.zspswiecie.pl\/index.php\/wp-json\/wp\/v2\/pages\/4581\/revisions\/6968"}],"wp:attachment":[{"href":"https:\/\/www.zspswiecie.pl\/index.php\/wp-json\/wp\/v2\/media?parent=4581"}],"curies":[{"name":"wp","href":"https:\/\/api.w.org\/{rel}","templated":true}]}}