{"id":4221,"date":"2018-01-08T14:46:54","date_gmt":"2018-01-08T13:46:54","guid":{"rendered":"http:\/\/www.zspswiecie.pl\/?page_id=4221"},"modified":"2026-03-06T15:09:49","modified_gmt":"2026-03-06T14:09:49","slug":"technik-organizacji-reklamy","status":"publish","type":"page","link":"https:\/\/www.zspswiecie.pl\/index.php\/technik-organizacji-reklamy\/","title":{"rendered":"Technik reklamy"},"content":{"rendered":"\n<figure class=\"wp-block-image size-large is-resized\"><img loading=\"lazy\" decoding=\"async\" width=\"1200\" height=\"859\" src=\"https:\/\/www.zspswiecie.pl\/wp-content\/uploads\/2026\/03\/technik-reklamy-1200x859.jpg\" alt=\"\" class=\"wp-image-15923\" style=\"aspect-ratio:1.396973253039907;width:617px;height:auto\" srcset=\"https:\/\/www.zspswiecie.pl\/wp-content\/uploads\/2026\/03\/technik-reklamy-1200x859.jpg 1200w, https:\/\/www.zspswiecie.pl\/wp-content\/uploads\/2026\/03\/technik-reklamy-300x215.jpg 300w, https:\/\/www.zspswiecie.pl\/wp-content\/uploads\/2026\/03\/technik-reklamy-768x550.jpg 768w, https:\/\/www.zspswiecie.pl\/wp-content\/uploads\/2026\/03\/technik-reklamy-1536x1099.jpg 1536w, https:\/\/www.zspswiecie.pl\/wp-content\/uploads\/2026\/03\/technik-reklamy.jpg 1980w\" sizes=\"auto, (max-width: 1200px) 100vw, 1200px\" \/><\/figure>\n\n\n<p>\u00a0<\/p>\n<p><span style=\"color: #000000;\"><strong>Opis zawodu<\/strong><\/span><\/p>\n<p><span style=\"color: #000000;\">Technik reklamy to bardzo ciekawy i posiadaj\u0105cy du\u017c\u0105 przysz\u0142o\u015b\u0107 zaw\u00f3d. Jest zawodem szerokoprofilowym \u0142\u0105cz\u0105cym wiedz\u0119 ekonomiczn\u0105, organizacyjn\u0105, plastyczn\u0105, psychologiczn\u0105, a tak\u017ce lingwistyczn\u0105. Tak szeroki zakres wiedzy i umiej\u0119tno\u015bci umo\u017cliwia absolwentom pozyskanie ciekawej pracy w szeroko rozumianej reklamie, kt\u00f3ra jest nieod\u0142\u0105cznym elementem gospodarki rynkowej.<\/span><\/p>\n<p><span style=\"color: #000000;\">Dzia\u0142alno\u015b\u0107 reklamowa jest realizowana w ka\u017cdym nowocze\u015bnie prowadzonym przedsi\u0119biorstwie. To sprawia, \u017ce zaw\u00f3d technika reklamy jest coraz bardziej poszukiwany. Technik reklamy dociera do odbiorc\u00f3w r\u00f3\u017cnymi \u015brodkami przekazu reklamy, skutecznie oddzia\u0142uje na ich pozytywne postawy, emocje, przekonania.<\/span><\/p>\n<p><span style=\"color: #000000;\"><strong>Okres nauki <\/strong>5 lat<\/span><\/p>\n<p><span style=\"color: #000000;\"><strong>W trakcie nauki nauczysz si\u0119 praktycznych umiej\u0119tno\u015bci zawodowych:<\/strong><\/span><\/p>\n<ul>\n<li><span style=\"color: #000000;\">cyfrowej obr\u00f3bki zdj\u0119\u0107,<\/span><\/li>\n<li><span style=\"color: #000000;\">projektowania grafiki i materia\u0142\u00f3w reklamowych,<\/span><\/li>\n<li><span style=\"color: #000000;\">animacji, monta\u017cu filmu, tworzenia spot\u00f3w reklamowych<\/span><\/li>\n<li><span style=\"color: #000000;\">zapoznasz si\u0119 z cenionymi na rynku pracy programami do grafiki i multimedi\u00f3w<strong><br \/><\/strong><\/span><\/li>\n<li><span style=\"color: #000000;\">poznasz tajniki skutecznej reklamy oraz zasady budowania wizerunku os\u00f3b i firm.<\/span><\/li>\n<li><span style=\"color: #000000;\">wykonywania fotografii produktowej ,<\/span><\/li>\n<li><span style=\"color: #000000;\">wykorzystywania medi\u00f3w cyfrowych do cel\u00f3w reklamowych<\/span><\/li>\n<li><span style=\"color: #000000;\">prowadzenia sprzeda\u017cy produkt\u00f3w i us\u0142ug reklamowych,<\/span><\/li>\n<li><span style=\"color: #000000;\">badania skuteczno\u015bci reklamy.<\/span><\/li>\n<\/ul>\n<p><span style=\"color: #000000;\"><strong>W trakcie nauki technik reklamy zdobywa dwie kwalifikacje:<\/strong><\/span><\/p>\n<p><span style=\"color: #000000;\"><strong>PGF.07.<\/strong> Wykonywanie przekazu reklamowego<\/span><\/p>\n<p><span style=\"color: #000000;\"><strong>PGF.08.<\/strong> Zarz\u0105dzanie kampani\u0105 reklamow\u0105<\/span><\/p>\n<p><span style=\"color: #000000;\"><strong>Praca zawodowa<\/strong><\/span><\/p>\n<p><span style=\"color: #000000;\">Absolwenci kierunku technik reklamy mog\u0105 podejmowa\u0107 prac\u0119 w:<\/span><\/p>\n<ul>\n<li><span style=\"color: #000000;\">agencjach reklamowych, do spraw kontakt\u00f3w z pras\u0105,<\/span><\/li>\n<li><span style=\"color: #000000;\">dzia\u0142y marketingu i reklamy przedsi\u0119biorstw produkcyjnych, handlowych,<\/span><\/li>\n<li><span style=\"color: #000000;\">biura og\u0142osze\u0144 \u015brodk\u00f3w masowego przekazu,<\/span><\/li>\n<li><span style=\"color: #000000;\">dzia\u0142y promocji i reklamy \u015brodk\u00f3w masowego przekazu,<\/span><\/li>\n<li><span style=\"color: #000000;\">agencje scenariuszowe, studia graficzne,<\/span><\/li>\n<li><span style=\"color: #000000;\">studia produkcyjne.<\/span><\/li>\n<\/ul>","protected":false},"excerpt":{"rendered":"<p>\u00a0 Opis zawodu Technik reklamy to bardzo ciekawy i posiadaj\u0105cy du\u017c\u0105 przysz\u0142o\u015b\u0107 zaw\u00f3d. Jest zawodem szerokoprofilowym \u0142\u0105cz\u0105cym wiedz\u0119 ekonomiczn\u0105, organizacyjn\u0105, plastyczn\u0105, psychologiczn\u0105, a tak\u017ce&#8230; &nbsp; <a href=\"https:\/\/www.zspswiecie.pl\/index.php\/technik-organizacji-reklamy\/\" class=\"moretag\">Wi\u0119cej&#8230;<\/a><\/p>\n","protected":false},"author":2,"featured_media":0,"parent":0,"menu_order":0,"comment_status":"closed","ping_status":"open","template":"page-fullwidth.php","meta":{"footnotes":""},"class_list":["post-4221","page","type-page","status-publish","hentry"],"yoast_head":"<!-- This site is optimized with the Yoast SEO plugin v26.8 - https:\/\/yoast.com\/product\/yoast-seo-wordpress\/ -->\n<title>Technik reklamy - ZSP<\/title>\n<meta name=\"robots\" content=\"index, follow, max-snippet:-1, max-image-preview:large, max-video-preview:-1\" \/>\n<link rel=\"canonical\" href=\"https:\/\/www.zspswiecie.pl\/index.php\/technik-organizacji-reklamy\/\" \/>\n<meta property=\"og:locale\" content=\"pl_PL\" \/>\n<meta property=\"og:type\" content=\"article\" \/>\n<meta property=\"og:title\" content=\"Technik reklamy - ZSP\" \/>\n<meta property=\"og:description\" content=\"\u00a0 Opis zawodu Technik reklamy to bardzo ciekawy i posiadaj\u0105cy du\u017c\u0105 przysz\u0142o\u015b\u0107 zaw\u00f3d. Jest zawodem szerokoprofilowym \u0142\u0105cz\u0105cym wiedz\u0119 ekonomiczn\u0105, organizacyjn\u0105, plastyczn\u0105, psychologiczn\u0105, a tak\u017ce... &nbsp; Wi\u0119cej...\" \/>\n<meta property=\"og:url\" content=\"https:\/\/www.zspswiecie.pl\/index.php\/technik-organizacji-reklamy\/\" \/>\n<meta property=\"og:site_name\" content=\"ZSP\" \/>\n<meta property=\"article:publisher\" content=\"https:\/\/www.facebook.com\/people\/Zesp-Szk-Ponadpodstawowych-w-wieciu\/100057638830230\/\" \/>\n<meta property=\"article:modified_time\" content=\"2026-03-06T14:09:49+00:00\" \/>\n<meta property=\"og:image\" content=\"https:\/\/www.zspswiecie.pl\/wp-content\/uploads\/2026\/03\/technik-reklamy.jpg\" \/>\n\t<meta property=\"og:image:width\" content=\"1980\" \/>\n\t<meta property=\"og:image:height\" content=\"1417\" \/>\n\t<meta property=\"og:image:type\" content=\"image\/jpeg\" \/>\n<meta name=\"twitter:label1\" content=\"Szacowany czas czytania\" \/>\n\t<meta name=\"twitter:data1\" content=\"2 minuty\" \/>\n<script type=\"application\/ld+json\" class=\"yoast-schema-graph\">{\"@context\":\"https:\/\/schema.org\",\"@graph\":[{\"@type\":\"WebPage\",\"@id\":\"https:\/\/www.zspswiecie.pl\/index.php\/technik-organizacji-reklamy\/\",\"url\":\"https:\/\/www.zspswiecie.pl\/index.php\/technik-organizacji-reklamy\/\",\"name\":\"Technik reklamy - ZSP\",\"isPartOf\":{\"@id\":\"https:\/\/www.zspswiecie.pl\/#website\"},\"primaryImageOfPage\":{\"@id\":\"https:\/\/www.zspswiecie.pl\/index.php\/technik-organizacji-reklamy\/#primaryimage\"},\"image\":{\"@id\":\"https:\/\/www.zspswiecie.pl\/index.php\/technik-organizacji-reklamy\/#primaryimage\"},\"thumbnailUrl\":\"https:\/\/www.zspswiecie.pl\/wp-content\/uploads\/2026\/03\/technik-reklamy-1200x859.jpg\",\"datePublished\":\"2018-01-08T13:46:54+00:00\",\"dateModified\":\"2026-03-06T14:09:49+00:00\",\"breadcrumb\":{\"@id\":\"https:\/\/www.zspswiecie.pl\/index.php\/technik-organizacji-reklamy\/#breadcrumb\"},\"inLanguage\":\"pl-PL\",\"potentialAction\":[{\"@type\":\"ReadAction\",\"target\":[\"https:\/\/www.zspswiecie.pl\/index.php\/technik-organizacji-reklamy\/\"]}]},{\"@type\":\"ImageObject\",\"inLanguage\":\"pl-PL\",\"@id\":\"https:\/\/www.zspswiecie.pl\/index.php\/technik-organizacji-reklamy\/#primaryimage\",\"url\":\"https:\/\/www.zspswiecie.pl\/wp-content\/uploads\/2026\/03\/technik-reklamy.jpg\",\"contentUrl\":\"https:\/\/www.zspswiecie.pl\/wp-content\/uploads\/2026\/03\/technik-reklamy.jpg\",\"width\":1980,\"height\":1417},{\"@type\":\"BreadcrumbList\",\"@id\":\"https:\/\/www.zspswiecie.pl\/index.php\/technik-organizacji-reklamy\/#breadcrumb\",\"itemListElement\":[{\"@type\":\"ListItem\",\"position\":1,\"name\":\"Strona g\u0142\u00f3wna\",\"item\":\"https:\/\/www.zspswiecie.pl\/index.php\/home\/strona-glowna\/\"},{\"@type\":\"ListItem\",\"position\":2,\"name\":\"Technik reklamy\"}]},{\"@type\":\"WebSite\",\"@id\":\"https:\/\/www.zspswiecie.pl\/#website\",\"url\":\"https:\/\/www.zspswiecie.pl\/\",\"name\":\"ZSP\",\"description\":\"Zesp\u00f3\u0142 Szk\u00f3\u0142 Ponadpodstawowych\",\"publisher\":{\"@id\":\"https:\/\/www.zspswiecie.pl\/#organization\"},\"potentialAction\":[{\"@type\":\"SearchAction\",\"target\":{\"@type\":\"EntryPoint\",\"urlTemplate\":\"https:\/\/www.zspswiecie.pl\/?s={search_term_string}\"},\"query-input\":{\"@type\":\"PropertyValueSpecification\",\"valueRequired\":true,\"valueName\":\"search_term_string\"}}],\"inLanguage\":\"pl-PL\"},{\"@type\":\"Organization\",\"@id\":\"https:\/\/www.zspswiecie.pl\/#organization\",\"name\":\"Zesp\u00f3\u0142 Szk\u00f3\u0142 Ponadpodstawowych\",\"url\":\"https:\/\/www.zspswiecie.pl\/\",\"logo\":{\"@type\":\"ImageObject\",\"inLanguage\":\"pl-PL\",\"@id\":\"https:\/\/www.zspswiecie.pl\/#\/schema\/logo\/image\/\",\"url\":\"http:\/\/www.zspswiecie.pl\/wp-content\/uploads\/2016\/03\/logo-zsp2.png\",\"contentUrl\":\"http:\/\/www.zspswiecie.pl\/wp-content\/uploads\/2016\/03\/logo-zsp2.png\",\"width\":449,\"height\":351,\"caption\":\"Zesp\u00f3\u0142 Szk\u00f3\u0142 Ponadpodstawowych\"},\"image\":{\"@id\":\"https:\/\/www.zspswiecie.pl\/#\/schema\/logo\/image\/\"},\"sameAs\":[\"https:\/\/www.facebook.com\/people\/Zesp-Szk-Ponadpodstawowych-w-wieciu\/100057638830230\/\"]}]}<\/script>\n<!-- \/ Yoast SEO plugin. -->","yoast_head_json":{"title":"Technik reklamy - ZSP","robots":{"index":"index","follow":"follow","max-snippet":"max-snippet:-1","max-image-preview":"max-image-preview:large","max-video-preview":"max-video-preview:-1"},"canonical":"https:\/\/www.zspswiecie.pl\/index.php\/technik-organizacji-reklamy\/","og_locale":"pl_PL","og_type":"article","og_title":"Technik reklamy - ZSP","og_description":"\u00a0 Opis zawodu Technik reklamy to bardzo ciekawy i posiadaj\u0105cy du\u017c\u0105 przysz\u0142o\u015b\u0107 zaw\u00f3d. Jest zawodem szerokoprofilowym \u0142\u0105cz\u0105cym wiedz\u0119 ekonomiczn\u0105, organizacyjn\u0105, plastyczn\u0105, psychologiczn\u0105, a tak\u017ce... &nbsp; Wi\u0119cej...","og_url":"https:\/\/www.zspswiecie.pl\/index.php\/technik-organizacji-reklamy\/","og_site_name":"ZSP","article_publisher":"https:\/\/www.facebook.com\/people\/Zesp-Szk-Ponadpodstawowych-w-wieciu\/100057638830230\/","article_modified_time":"2026-03-06T14:09:49+00:00","og_image":[{"width":1980,"height":1417,"url":"https:\/\/www.zspswiecie.pl\/wp-content\/uploads\/2026\/03\/technik-reklamy.jpg","type":"image\/jpeg"}],"twitter_misc":{"Szacowany czas czytania":"2 minuty"},"schema":{"@context":"https:\/\/schema.org","@graph":[{"@type":"WebPage","@id":"https:\/\/www.zspswiecie.pl\/index.php\/technik-organizacji-reklamy\/","url":"https:\/\/www.zspswiecie.pl\/index.php\/technik-organizacji-reklamy\/","name":"Technik reklamy - ZSP","isPartOf":{"@id":"https:\/\/www.zspswiecie.pl\/#website"},"primaryImageOfPage":{"@id":"https:\/\/www.zspswiecie.pl\/index.php\/technik-organizacji-reklamy\/#primaryimage"},"image":{"@id":"https:\/\/www.zspswiecie.pl\/index.php\/technik-organizacji-reklamy\/#primaryimage"},"thumbnailUrl":"https:\/\/www.zspswiecie.pl\/wp-content\/uploads\/2026\/03\/technik-reklamy-1200x859.jpg","datePublished":"2018-01-08T13:46:54+00:00","dateModified":"2026-03-06T14:09:49+00:00","breadcrumb":{"@id":"https:\/\/www.zspswiecie.pl\/index.php\/technik-organizacji-reklamy\/#breadcrumb"},"inLanguage":"pl-PL","potentialAction":[{"@type":"ReadAction","target":["https:\/\/www.zspswiecie.pl\/index.php\/technik-organizacji-reklamy\/"]}]},{"@type":"ImageObject","inLanguage":"pl-PL","@id":"https:\/\/www.zspswiecie.pl\/index.php\/technik-organizacji-reklamy\/#primaryimage","url":"https:\/\/www.zspswiecie.pl\/wp-content\/uploads\/2026\/03\/technik-reklamy.jpg","contentUrl":"https:\/\/www.zspswiecie.pl\/wp-content\/uploads\/2026\/03\/technik-reklamy.jpg","width":1980,"height":1417},{"@type":"BreadcrumbList","@id":"https:\/\/www.zspswiecie.pl\/index.php\/technik-organizacji-reklamy\/#breadcrumb","itemListElement":[{"@type":"ListItem","position":1,"name":"Strona g\u0142\u00f3wna","item":"https:\/\/www.zspswiecie.pl\/index.php\/home\/strona-glowna\/"},{"@type":"ListItem","position":2,"name":"Technik reklamy"}]},{"@type":"WebSite","@id":"https:\/\/www.zspswiecie.pl\/#website","url":"https:\/\/www.zspswiecie.pl\/","name":"ZSP","description":"Zesp\u00f3\u0142 Szk\u00f3\u0142 Ponadpodstawowych","publisher":{"@id":"https:\/\/www.zspswiecie.pl\/#organization"},"potentialAction":[{"@type":"SearchAction","target":{"@type":"EntryPoint","urlTemplate":"https:\/\/www.zspswiecie.pl\/?s={search_term_string}"},"query-input":{"@type":"PropertyValueSpecification","valueRequired":true,"valueName":"search_term_string"}}],"inLanguage":"pl-PL"},{"@type":"Organization","@id":"https:\/\/www.zspswiecie.pl\/#organization","name":"Zesp\u00f3\u0142 Szk\u00f3\u0142 Ponadpodstawowych","url":"https:\/\/www.zspswiecie.pl\/","logo":{"@type":"ImageObject","inLanguage":"pl-PL","@id":"https:\/\/www.zspswiecie.pl\/#\/schema\/logo\/image\/","url":"http:\/\/www.zspswiecie.pl\/wp-content\/uploads\/2016\/03\/logo-zsp2.png","contentUrl":"http:\/\/www.zspswiecie.pl\/wp-content\/uploads\/2016\/03\/logo-zsp2.png","width":449,"height":351,"caption":"Zesp\u00f3\u0142 Szk\u00f3\u0142 Ponadpodstawowych"},"image":{"@id":"https:\/\/www.zspswiecie.pl\/#\/schema\/logo\/image\/"},"sameAs":["https:\/\/www.facebook.com\/people\/Zesp-Szk-Ponadpodstawowych-w-wieciu\/100057638830230\/"]}]}},"_links":{"self":[{"href":"https:\/\/www.zspswiecie.pl\/index.php\/wp-json\/wp\/v2\/pages\/4221","targetHints":{"allow":["GET"]}}],"collection":[{"href":"https:\/\/www.zspswiecie.pl\/index.php\/wp-json\/wp\/v2\/pages"}],"about":[{"href":"https:\/\/www.zspswiecie.pl\/index.php\/wp-json\/wp\/v2\/types\/page"}],"author":[{"embeddable":true,"href":"https:\/\/www.zspswiecie.pl\/index.php\/wp-json\/wp\/v2\/users\/2"}],"replies":[{"embeddable":true,"href":"https:\/\/www.zspswiecie.pl\/index.php\/wp-json\/wp\/v2\/comments?post=4221"}],"version-history":[{"count":11,"href":"https:\/\/www.zspswiecie.pl\/index.php\/wp-json\/wp\/v2\/pages\/4221\/revisions"}],"predecessor-version":[{"id":15924,"href":"https:\/\/www.zspswiecie.pl\/index.php\/wp-json\/wp\/v2\/pages\/4221\/revisions\/15924"}],"wp:attachment":[{"href":"https:\/\/www.zspswiecie.pl\/index.php\/wp-json\/wp\/v2\/media?parent=4221"}],"curies":[{"name":"wp","href":"https:\/\/api.w.org\/{rel}","templated":true}]}}