{"id":4186,"date":"2018-01-07T20:50:27","date_gmt":"2018-01-07T19:50:27","guid":{"rendered":"http:\/\/www.zspswiecie.pl\/?page_id=4186"},"modified":"2024-06-06T12:03:16","modified_gmt":"2024-06-06T10:03:16","slug":"technik-logistyk","status":"publish","type":"page","link":"https:\/\/www.zspswiecie.pl\/index.php\/technik-logistyk\/","title":{"rendered":"Technik logistyk"},"content":{"rendered":"<div><\/div>\n<div><\/div>\n<div><span style=\"color: #000000;\"><strong>Opis zawodu<\/strong><\/span><\/div>\n<div>\n<p><span style=\"color: #000000;\"><strong>Technik logistyk<\/strong>\u00a0to specjalista w dziedzinie zaopatrzenia, dystrybucji, ekonomii, komunikacji i\u00a0transportu. Jego zadaniem jest dostarczy\u0107 w\u0142a\u015bciwy towar klientowi w zam\u00f3wionej przez niego ilo\u015bci i w jak najkorzystniejszej cenie, w czasie do zaakceptowania przez obydwie strony. Logistyk zajmuje si\u0119 wi\u0119c zarz\u0105dzaniem procesem planowania, zaopatrzenia i\u00a0przep\u0142ywu towar\u00f3w od producenta do konsumenta, obs\u0142uguje i zarz\u0105dza magazynami i\u00a0dostaw\u0105 towar\u00f3w oraz realizuje procesy transportowe i spedycyjne.<\/span><\/p>\n<\/div>\n<div><\/div>\n<div><span style=\"color: #000000;\"><strong>Okres nauki <\/strong>5 lat<\/span><\/div>\n<div><\/div>\n<div><span style=\"color: #000000;\"><strong>W trakcie nauki technik logistyk zdobywa dwie kwalifikacje<\/strong><\/span><\/div>\n<div>\n<p><span style=\"color: #000000;\"><strong>SPL.01. <\/strong>Obs\u0142uga magazyn\u00f3w<\/span><\/p>\n<p><span style=\"color: #000000;\"><strong>SPL.04. <\/strong>Organizacja transportu<\/span><\/p>\n<div>\n<p><span style=\"color: #000000;\"><strong>Sylwetka absolwenta<\/strong><\/span><\/p>\n<p><span style=\"color: #000000;\">Absolwent\u00a0 w zawodzie technik logistyk b\u0119dzie przygotowany do wykonywania\u00a0 zada\u0144 zawodowych w zakresie:<\/span><\/p>\n<ul>\n<li><span style=\"color: #000000;\">planowania i organizowania prac zwi\u0105zanych z procesem logistycznym w \u0142a\u0144cuchach dostaw,<\/span><\/li>\n<li><span style=\"color: #000000;\">zarz\u0105dzania zapasami i przestrzeni\u0105 magazynow\u0105 oraz tworzenia plan\u00f3w dostaw, a tak\u017ce organizowania recyklingu odpad\u00f3w,<\/span><\/li>\n<li><span style=\"color: #000000;\">wykorzystywania nowoczesnych program\u00f3w informatycznych w zarz\u0105dzaniu przedsi\u0119biorstwem logistycznym,<\/span><\/li>\n<li><span style=\"color: #000000;\">planowania i wdra\u017cania proces\u00f3w przechowywania i transportowania wytworzonych produkt\u00f3w,<\/span><\/li>\n<li><span style=\"color: #000000;\">prowadzenia dokumentacji magazynowej,<\/span><\/li>\n<li><span style=\"color: #000000;\">planowania, organizowania i dokumentowania proces\u00f3w transportowych i spedycyjnych i ich realizacji,<\/span><\/li>\n<li><span style=\"color: #000000;\">obliczania koszt\u00f3w dostawy i magazynowania towar\u00f3w, ustalania cen za us\u0142ugi transportowe, prowadzenia rozlicze\u0144 z klientami krajowymi i zagranicznymi,<\/span><\/li>\n<li><span style=\"color: #000000;\">stosowania mi\u0119dzynarodowych standard\u00f3w identyfikacji, monitorowania i rejestrowania \u0142adunk\u00f3w i wymiany danych.<\/span><\/li>\n<\/ul>\n<\/div>\n<div><span style=\"color: #000000;\"><strong>Praca zawodowa <\/strong><\/span><\/div>\n<\/div>\n<div>\n<p><span style=\"color: #000000;\">Dzia\u0142alno\u015b\u0107 logistyczna jest realizowana w ka\u017cdym nowocze\u015bnie prowadzonym przedsi\u0119biorstwie. To sprawia, \u017ce zaw\u00f3d logistyka\u00a0 jest coraz bardziej poszukiwany.<\/span><\/p>\n<p><span style=\"color: #000000;\"><strong>Wymagania stawiane wzgl\u0119dem logistyka to m.in.:\u00a0<\/strong>znajomo\u015b\u0107 j\u0119zyk\u00f3w obcych, obs\u0142uga komputera,\u00a0zdolno\u015bci negocjacyjne i planistyczne,\u00a0dobra organizacja pracy,\u00a0dok\u0142adno\u015b\u0107 i odpowiedzialno\u015b\u0107,\u00a0znajomo\u015b\u0107 rynku us\u0142ug logistycznych i transportowych.<\/span><\/p>\n<p><span style=\"color: #000000;\"><strong>Technik logistyk znajdzie zatrudnienie w:<\/strong><\/span><\/p>\n<ul>\n<li><span style=\"color: #000000;\">dzia\u0142ach logistyki przedsi\u0119biorstw przemys\u0142owych,<\/span><\/li>\n<li><span style=\"color: #000000;\">przedsi\u0119biorstwach handlowych, dystrybucyjnych i\u00a0us\u0142ugowych,<\/span><\/li>\n<li><span style=\"color: #000000;\">przedsi\u0119biorstwach transportowo \u2013 spedycyjnych,<\/span><\/li>\n<li><span style=\"color: #000000;\">jednostkach samorz\u0105du terytorialnego.<\/span><span style=\"color: #000000;\"><br \/>\n<\/span><\/li>\n<\/ul>\n<\/div>\n","protected":false},"excerpt":{"rendered":"<p>Opis zawodu Technik logistyk\u00a0to specjalista w dziedzinie zaopatrzenia, dystrybucji, ekonomii, komunikacji i\u00a0transportu. Jego zadaniem jest dostarczy\u0107 w\u0142a\u015bciwy towar klientowi w zam\u00f3wionej przez niego ilo\u015bci&#8230; &nbsp; <a href=\"https:\/\/www.zspswiecie.pl\/index.php\/technik-logistyk\/\" class=\"moretag\">Wi\u0119cej&#8230;<\/a><\/p>\n","protected":false},"author":2,"featured_media":0,"parent":0,"menu_order":0,"comment_status":"closed","ping_status":"open","template":"page-fullwidth.php","meta":{"footnotes":""},"class_list":["post-4186","page","type-page","status-publish","hentry"],"yoast_head":"<!-- This site is optimized with the Yoast SEO plugin v26.8 - https:\/\/yoast.com\/product\/yoast-seo-wordpress\/ -->\n<title>Technik logistyk - ZSP<\/title>\n<meta name=\"robots\" content=\"index, follow, max-snippet:-1, max-image-preview:large, max-video-preview:-1\" \/>\n<link rel=\"canonical\" href=\"https:\/\/www.zspswiecie.pl\/index.php\/technik-logistyk\/\" \/>\n<meta property=\"og:locale\" content=\"pl_PL\" \/>\n<meta property=\"og:type\" content=\"article\" \/>\n<meta property=\"og:title\" content=\"Technik logistyk - ZSP\" \/>\n<meta property=\"og:description\" content=\"Opis zawodu Technik logistyk\u00a0to specjalista w dziedzinie zaopatrzenia, dystrybucji, ekonomii, komunikacji i\u00a0transportu. Jego zadaniem jest dostarczy\u0107 w\u0142a\u015bciwy towar klientowi w zam\u00f3wionej przez niego ilo\u015bci... &nbsp; Wi\u0119cej...\" \/>\n<meta property=\"og:url\" content=\"https:\/\/www.zspswiecie.pl\/index.php\/technik-logistyk\/\" \/>\n<meta property=\"og:site_name\" content=\"ZSP\" \/>\n<meta property=\"article:publisher\" content=\"https:\/\/www.facebook.com\/people\/Zesp-Szk-Ponadpodstawowych-w-wieciu\/100057638830230\/\" \/>\n<meta property=\"article:modified_time\" content=\"2024-06-06T10:03:16+00:00\" \/>\n<meta property=\"og:image\" content=\"http:\/\/www.zspswiecie.pl\/wp-content\/uploads\/2016\/03\/ZSP_budynek_szko%c5%82y_%c5%9bwiecie.jpg\" \/>\n<meta name=\"twitter:label1\" content=\"Szacowany czas czytania\" \/>\n\t<meta name=\"twitter:data1\" content=\"2 minuty\" \/>\n<script type=\"application\/ld+json\" class=\"yoast-schema-graph\">{\"@context\":\"https:\/\/schema.org\",\"@graph\":[{\"@type\":\"WebPage\",\"@id\":\"https:\/\/www.zspswiecie.pl\/index.php\/technik-logistyk\/\",\"url\":\"https:\/\/www.zspswiecie.pl\/index.php\/technik-logistyk\/\",\"name\":\"Technik logistyk - ZSP\",\"isPartOf\":{\"@id\":\"https:\/\/www.zspswiecie.pl\/#website\"},\"datePublished\":\"2018-01-07T19:50:27+00:00\",\"dateModified\":\"2024-06-06T10:03:16+00:00\",\"breadcrumb\":{\"@id\":\"https:\/\/www.zspswiecie.pl\/index.php\/technik-logistyk\/#breadcrumb\"},\"inLanguage\":\"pl-PL\",\"potentialAction\":[{\"@type\":\"ReadAction\",\"target\":[\"https:\/\/www.zspswiecie.pl\/index.php\/technik-logistyk\/\"]}]},{\"@type\":\"BreadcrumbList\",\"@id\":\"https:\/\/www.zspswiecie.pl\/index.php\/technik-logistyk\/#breadcrumb\",\"itemListElement\":[{\"@type\":\"ListItem\",\"position\":1,\"name\":\"Strona g\u0142\u00f3wna\",\"item\":\"https:\/\/www.zspswiecie.pl\/index.php\/home\/strona-glowna\/\"},{\"@type\":\"ListItem\",\"position\":2,\"name\":\"Technik logistyk\"}]},{\"@type\":\"WebSite\",\"@id\":\"https:\/\/www.zspswiecie.pl\/#website\",\"url\":\"https:\/\/www.zspswiecie.pl\/\",\"name\":\"ZSP\",\"description\":\"Zesp\u00f3\u0142 Szk\u00f3\u0142 Ponadpodstawowych\",\"publisher\":{\"@id\":\"https:\/\/www.zspswiecie.pl\/#organization\"},\"potentialAction\":[{\"@type\":\"SearchAction\",\"target\":{\"@type\":\"EntryPoint\",\"urlTemplate\":\"https:\/\/www.zspswiecie.pl\/?s={search_term_string}\"},\"query-input\":{\"@type\":\"PropertyValueSpecification\",\"valueRequired\":true,\"valueName\":\"search_term_string\"}}],\"inLanguage\":\"pl-PL\"},{\"@type\":\"Organization\",\"@id\":\"https:\/\/www.zspswiecie.pl\/#organization\",\"name\":\"Zesp\u00f3\u0142 Szk\u00f3\u0142 Ponadpodstawowych\",\"url\":\"https:\/\/www.zspswiecie.pl\/\",\"logo\":{\"@type\":\"ImageObject\",\"inLanguage\":\"pl-PL\",\"@id\":\"https:\/\/www.zspswiecie.pl\/#\/schema\/logo\/image\/\",\"url\":\"http:\/\/www.zspswiecie.pl\/wp-content\/uploads\/2016\/03\/logo-zsp2.png\",\"contentUrl\":\"http:\/\/www.zspswiecie.pl\/wp-content\/uploads\/2016\/03\/logo-zsp2.png\",\"width\":449,\"height\":351,\"caption\":\"Zesp\u00f3\u0142 Szk\u00f3\u0142 Ponadpodstawowych\"},\"image\":{\"@id\":\"https:\/\/www.zspswiecie.pl\/#\/schema\/logo\/image\/\"},\"sameAs\":[\"https:\/\/www.facebook.com\/people\/Zesp-Szk-Ponadpodstawowych-w-wieciu\/100057638830230\/\"]}]}<\/script>\n<!-- \/ Yoast SEO plugin. -->","yoast_head_json":{"title":"Technik logistyk - ZSP","robots":{"index":"index","follow":"follow","max-snippet":"max-snippet:-1","max-image-preview":"max-image-preview:large","max-video-preview":"max-video-preview:-1"},"canonical":"https:\/\/www.zspswiecie.pl\/index.php\/technik-logistyk\/","og_locale":"pl_PL","og_type":"article","og_title":"Technik logistyk - ZSP","og_description":"Opis zawodu Technik logistyk\u00a0to specjalista w dziedzinie zaopatrzenia, dystrybucji, ekonomii, komunikacji i\u00a0transportu. Jego zadaniem jest dostarczy\u0107 w\u0142a\u015bciwy towar klientowi w zam\u00f3wionej przez niego ilo\u015bci... &nbsp; Wi\u0119cej...","og_url":"https:\/\/www.zspswiecie.pl\/index.php\/technik-logistyk\/","og_site_name":"ZSP","article_publisher":"https:\/\/www.facebook.com\/people\/Zesp-Szk-Ponadpodstawowych-w-wieciu\/100057638830230\/","article_modified_time":"2024-06-06T10:03:16+00:00","og_image":[{"url":"http:\/\/www.zspswiecie.pl\/wp-content\/uploads\/2016\/03\/ZSP_budynek_szko%c5%82y_%c5%9bwiecie.jpg","type":"","width":"","height":""}],"twitter_misc":{"Szacowany czas czytania":"2 minuty"},"schema":{"@context":"https:\/\/schema.org","@graph":[{"@type":"WebPage","@id":"https:\/\/www.zspswiecie.pl\/index.php\/technik-logistyk\/","url":"https:\/\/www.zspswiecie.pl\/index.php\/technik-logistyk\/","name":"Technik logistyk - ZSP","isPartOf":{"@id":"https:\/\/www.zspswiecie.pl\/#website"},"datePublished":"2018-01-07T19:50:27+00:00","dateModified":"2024-06-06T10:03:16+00:00","breadcrumb":{"@id":"https:\/\/www.zspswiecie.pl\/index.php\/technik-logistyk\/#breadcrumb"},"inLanguage":"pl-PL","potentialAction":[{"@type":"ReadAction","target":["https:\/\/www.zspswiecie.pl\/index.php\/technik-logistyk\/"]}]},{"@type":"BreadcrumbList","@id":"https:\/\/www.zspswiecie.pl\/index.php\/technik-logistyk\/#breadcrumb","itemListElement":[{"@type":"ListItem","position":1,"name":"Strona g\u0142\u00f3wna","item":"https:\/\/www.zspswiecie.pl\/index.php\/home\/strona-glowna\/"},{"@type":"ListItem","position":2,"name":"Technik logistyk"}]},{"@type":"WebSite","@id":"https:\/\/www.zspswiecie.pl\/#website","url":"https:\/\/www.zspswiecie.pl\/","name":"ZSP","description":"Zesp\u00f3\u0142 Szk\u00f3\u0142 Ponadpodstawowych","publisher":{"@id":"https:\/\/www.zspswiecie.pl\/#organization"},"potentialAction":[{"@type":"SearchAction","target":{"@type":"EntryPoint","urlTemplate":"https:\/\/www.zspswiecie.pl\/?s={search_term_string}"},"query-input":{"@type":"PropertyValueSpecification","valueRequired":true,"valueName":"search_term_string"}}],"inLanguage":"pl-PL"},{"@type":"Organization","@id":"https:\/\/www.zspswiecie.pl\/#organization","name":"Zesp\u00f3\u0142 Szk\u00f3\u0142 Ponadpodstawowych","url":"https:\/\/www.zspswiecie.pl\/","logo":{"@type":"ImageObject","inLanguage":"pl-PL","@id":"https:\/\/www.zspswiecie.pl\/#\/schema\/logo\/image\/","url":"http:\/\/www.zspswiecie.pl\/wp-content\/uploads\/2016\/03\/logo-zsp2.png","contentUrl":"http:\/\/www.zspswiecie.pl\/wp-content\/uploads\/2016\/03\/logo-zsp2.png","width":449,"height":351,"caption":"Zesp\u00f3\u0142 Szk\u00f3\u0142 Ponadpodstawowych"},"image":{"@id":"https:\/\/www.zspswiecie.pl\/#\/schema\/logo\/image\/"},"sameAs":["https:\/\/www.facebook.com\/people\/Zesp-Szk-Ponadpodstawowych-w-wieciu\/100057638830230\/"]}]}},"_links":{"self":[{"href":"https:\/\/www.zspswiecie.pl\/index.php\/wp-json\/wp\/v2\/pages\/4186","targetHints":{"allow":["GET"]}}],"collection":[{"href":"https:\/\/www.zspswiecie.pl\/index.php\/wp-json\/wp\/v2\/pages"}],"about":[{"href":"https:\/\/www.zspswiecie.pl\/index.php\/wp-json\/wp\/v2\/types\/page"}],"author":[{"embeddable":true,"href":"https:\/\/www.zspswiecie.pl\/index.php\/wp-json\/wp\/v2\/users\/2"}],"replies":[{"embeddable":true,"href":"https:\/\/www.zspswiecie.pl\/index.php\/wp-json\/wp\/v2\/comments?post=4186"}],"version-history":[{"count":14,"href":"https:\/\/www.zspswiecie.pl\/index.php\/wp-json\/wp\/v2\/pages\/4186\/revisions"}],"predecessor-version":[{"id":13507,"href":"https:\/\/www.zspswiecie.pl\/index.php\/wp-json\/wp\/v2\/pages\/4186\/revisions\/13507"}],"wp:attachment":[{"href":"https:\/\/www.zspswiecie.pl\/index.php\/wp-json\/wp\/v2\/media?parent=4186"}],"curies":[{"name":"wp","href":"https:\/\/api.w.org\/{rel}","templated":true}]}}