{"id":4178,"date":"2018-01-07T20:34:13","date_gmt":"2018-01-07T19:34:13","guid":{"rendered":"http:\/\/www.zspswiecie.pl\/?page_id=4178"},"modified":"2020-03-08T20:06:05","modified_gmt":"2020-03-08T19:06:05","slug":"technik-geodeta","status":"publish","type":"page","link":"https:\/\/www.zspswiecie.pl\/index.php\/technik-geodeta\/","title":{"rendered":"Technik geodeta"},"content":{"rendered":"<div><a href=\"https:\/\/www.zspswiecie.pl\/wp-content\/uploads\/2019\/03\/image227.jpg\"><img loading=\"lazy\" decoding=\"async\" class=\"alignnone size-full wp-image-6383\" src=\"https:\/\/www.zspswiecie.pl\/wp-content\/uploads\/2019\/03\/image227.jpg\" alt=\"image227\" width=\"800\" height=\"533\" \/><\/a><\/div>\n<div><\/div>\n<div><strong>Opis zawodu<\/strong><\/div>\n<div>Geodeta jest najbardziej nowoczesnym, praktycznym oraz atrakcyjnym zawodem na rynku pracy. Ci\u0105g\u0142y rozw\u00f3j geodezji poci\u0105ga za sob\u0105 konieczno\u015b\u0107 definiowania nowych zada\u0144, pojawiaj\u0105 si\u0119 nowe dyscypliny np. geomatyka, GIS, geodezja katastralna.<\/div>\n<div>\n<p>Geodezja ma szczeg\u00f3lne znaczenie w rozwoju wielu dziedzin spo\u0142eczno-gospodarczych kraju. Geodeci uczestnicz\u0105 w procesach planistycznych, projektowych i budowlanych, w realizacji r\u00f3\u017cnego rodzaju budowli naziemnych, nadziemnych i podziemnych, a w szczeg\u00f3lno\u015bci: prowadz\u0105 obs\u0142ug\u0119 monta\u017cu budowli, dokonuj\u0105 pomiaru odkszta\u0142ce\u0144 i przemieszcze\u0144 budowli, prowadz\u0105 ko\u0144cow\u0105 inwentaryzacj\u0119 powykonawcz\u0105.<br \/>\nDo zada\u0144 geodety nale\u017c\u0105 r\u00f3wnie\u017c regulacje stanu prawnego nieruchomo\u015bci.<br \/>\nW pracach wykorzystuje nowoczesne elektroniczne instrumenty geodezyjne wsp\u00f3\u0142pracuj\u0105ce z sieci\u0105 satelitarn\u0105, jak r\u00f3wnie\u017c techniki komputerowe z wykorzystaniem specjalistycznych program\u00f3w geodezyjnych i projektowych.<\/p>\n<p><strong>Okres nauki <\/strong>5 lat<\/p>\n<p>&nbsp;<\/p>\n<p><strong>Technik geodeta <\/strong>to zaw\u00f3d dla os\u00f3b, kt\u00f3re:<\/p>\n<ul>\n<li>lubi\u0105 prac\u0119 w terenie,<\/li>\n<li>chcesz wci\u0105\u017c poznawa\u0107 co\u015b nowego,<\/li>\n<li>lubi\u0105 przebywa\u0107 w\u015br\u00f3d ludzi,<\/li>\n<li>interesuj\u0105 si\u0119 nowymi technologiami,<\/li>\n<li>lubi\u0105 prace na komputerze,<\/li>\n<\/ul>\n<p><strong>W trakcie nauki technik geodeta zdobywa dwie kwalifikacje:<\/strong><br \/>\n<strong>BUD.18.<\/strong> Wykonywanie pomiar\u00f3w sytuacyjnych,wysoko\u015bciowych i realizacyjnych oraz opracowywanie wynik\u00f3w tych pomiar\u00f3w<br \/>\n<strong>BUD.19.<\/strong> Wykonywanie prac geodezyjnych zwi\u0105zanych z katastrem i gospodark\u0105 nieruchomo\u015bciami<\/p>\n<p><strong>W trakcie nauki nauczysz si\u0119 praktycznych umiej\u0119tno\u015bci zawodowych:<\/strong><\/p>\n<ul>\n<li>\u00a0obs\u0142ugiwa\u0107 nowoczesny sprz\u0119t geodezyjny,<\/li>\n<li>\u00a0wytycza\u0107 obiekty in\u017cynierskie (budynki, drogi, koleje, mosty itp.),<\/li>\n<li>dzieli\u0107 dzia\u0142ki, mierzy\u0107 ich powierzchnie,<\/li>\n<li>wykonywa\u0107 obliczenia z wykorzystaniem oprogramowania geodezyjnego,<\/li>\n<li>rysowa\u0107 mapy r\u0119cznie oraz na komputerze<\/li>\n<li>\u00a0odbywa \u0107wiczenia terenowe &#8211;\u00a0 wykonywanie pomiar\u00f3w na\u00a0 sprz\u0119cie geodezyjnym oraz obliczeniach i rysunku map<\/li>\n<\/ul>\n<p>Zdobyt\u0105 w szkole wiedz\u0119 z zakresu geodezji mo\u017cemy wykorzysta\u0107 w: budownictwie,<br \/>\nplanowaniu przestrzennym, wycenie nieruchomo\u015bci, pracach poszukiwawczych z\u0142\u00f3\u017c, nawigacji, wojsku, kartografii, g\u00f3rnictwie, rolnictwie, uczytelnianiu zdj\u0119\u0107 lotniczych i satelitarnych, gospodarce nieruchomo\u015bciami, zarz\u0105dzaniu sieciami uzbrojenia terenu.<\/p>\n<p><strong>Praca zawodowa<\/strong><br \/>\nDobrze wyszkoleni geodeci nale\u017c\u0105 do grupy poszukiwanych pracownik\u00f3w.<\/p>\n<p>Geodeci znajd\u0105 zatrudnienie w takich dzia\u0142ach gospodarki jak: obs\u0142uga inwestycji (mieszkaniowych, przemys\u0142owych, drogowych i kolejowych), rolnictwo, g\u00f3rnictwo, planowanie przestrzenne, administracja pa\u0144stwowa, opracowanie dokumentacji na potrzeby gospodarki nieruchomo\u015bciami.<\/p>\n<p><strong>Technik geodeta:<\/strong><\/p>\n<ul>\n<li>wsp\u00f3\u0142pracuje z in\u017cynierem geodet\u0105 przy prowadzeniu prac geodezyjnych,<\/li>\n<li>za pomoc\u0105 instrument\u00f3w geodezyjnych wykonuje pomiar terenu, a nast\u0119pnie otrzymane wyniki pomiar\u00f3w przedstawia w postaci map,<\/li>\n<li>na placu budowy wspomaga prac\u0119 budowniczych,<\/li>\n<li>zmienia struktur\u0119 przestrzeni poprzez podzia\u0142 dzia\u0142ek,<\/li>\n<li>bada przemieszczenia i odkszta\u0142cenia skomplikowanych budowli<\/li>\n<\/ul>\n<p><a href=\"https:\/\/www.zspswiecie.pl\/wp-content\/uploads\/2018\/04\/DSC04421.jpg\"><img loading=\"lazy\" decoding=\"async\" class=\"alignnone size-full wp-image-4862\" src=\"https:\/\/www.zspswiecie.pl\/wp-content\/uploads\/2018\/04\/DSC04421.jpg\" alt=\"SONY DSC\" width=\"800\" height=\"532\" \/><\/a><\/p>\n<p>&nbsp;<\/p>\n<\/div>\n<div class=\"su-youtube su-u-responsive-media-yes\"><iframe loading=\"lazy\" width=\"600\" height=\"400\" src=\"https:\/\/www.youtube.com\/embed\/VqaCrFGqKAs?\" frameborder=\"0\" allowfullscreen allow=\"autoplay; encrypted-media; picture-in-picture\" title=\"\"><\/iframe><\/div>\n","protected":false},"excerpt":{"rendered":"<p>Opis zawodu Geodeta jest najbardziej nowoczesnym, praktycznym oraz atrakcyjnym zawodem na rynku pracy. Ci\u0105g\u0142y rozw\u00f3j geodezji poci\u0105ga za sob\u0105 konieczno\u015b\u0107 definiowania nowych zada\u0144, pojawiaj\u0105&#8230; &nbsp; <a href=\"https:\/\/www.zspswiecie.pl\/index.php\/technik-geodeta\/\" class=\"moretag\">Wi\u0119cej&#8230;<\/a><\/p>\n","protected":false},"author":2,"featured_media":0,"parent":0,"menu_order":0,"comment_status":"closed","ping_status":"open","template":"page-fullwidth.php","meta":{"footnotes":""},"class_list":["post-4178","page","type-page","status-publish","hentry"],"yoast_head":"<!-- This site is optimized with the Yoast SEO plugin v26.8 - https:\/\/yoast.com\/product\/yoast-seo-wordpress\/ -->\n<title>Technik geodeta - ZSP<\/title>\n<meta name=\"robots\" content=\"index, follow, max-snippet:-1, max-image-preview:large, max-video-preview:-1\" \/>\n<link rel=\"canonical\" href=\"https:\/\/www.zspswiecie.pl\/index.php\/technik-geodeta\/\" \/>\n<meta property=\"og:locale\" content=\"pl_PL\" \/>\n<meta property=\"og:type\" content=\"article\" \/>\n<meta property=\"og:title\" content=\"Technik geodeta - ZSP\" \/>\n<meta property=\"og:description\" content=\"Opis zawodu Geodeta jest najbardziej nowoczesnym, praktycznym oraz atrakcyjnym zawodem na rynku pracy. Ci\u0105g\u0142y rozw\u00f3j geodezji poci\u0105ga za sob\u0105 konieczno\u015b\u0107 definiowania nowych zada\u0144, pojawiaj\u0105... &nbsp; Wi\u0119cej...\" \/>\n<meta property=\"og:url\" content=\"https:\/\/www.zspswiecie.pl\/index.php\/technik-geodeta\/\" \/>\n<meta property=\"og:site_name\" content=\"ZSP\" \/>\n<meta property=\"article:publisher\" content=\"https:\/\/www.facebook.com\/people\/Zesp-Szk-Ponadpodstawowych-w-wieciu\/100057638830230\/\" \/>\n<meta property=\"article:modified_time\" content=\"2020-03-08T19:06:05+00:00\" \/>\n<meta property=\"og:image\" content=\"http:\/\/www.zspswiecie.pl\/wp-content\/uploads\/2019\/03\/image227.jpg\" \/>\n<meta name=\"twitter:label1\" content=\"Szacowany czas czytania\" \/>\n\t<meta name=\"twitter:data1\" content=\"2 minuty\" \/>\n<script type=\"application\/ld+json\" class=\"yoast-schema-graph\">{\"@context\":\"https:\/\/schema.org\",\"@graph\":[{\"@type\":\"WebPage\",\"@id\":\"https:\/\/www.zspswiecie.pl\/index.php\/technik-geodeta\/\",\"url\":\"https:\/\/www.zspswiecie.pl\/index.php\/technik-geodeta\/\",\"name\":\"Technik geodeta - ZSP\",\"isPartOf\":{\"@id\":\"https:\/\/www.zspswiecie.pl\/#website\"},\"primaryImageOfPage\":{\"@id\":\"https:\/\/www.zspswiecie.pl\/index.php\/technik-geodeta\/#primaryimage\"},\"image\":{\"@id\":\"https:\/\/www.zspswiecie.pl\/index.php\/technik-geodeta\/#primaryimage\"},\"thumbnailUrl\":\"http:\/\/www.zspswiecie.pl\/wp-content\/uploads\/2019\/03\/image227.jpg\",\"datePublished\":\"2018-01-07T19:34:13+00:00\",\"dateModified\":\"2020-03-08T19:06:05+00:00\",\"breadcrumb\":{\"@id\":\"https:\/\/www.zspswiecie.pl\/index.php\/technik-geodeta\/#breadcrumb\"},\"inLanguage\":\"pl-PL\",\"potentialAction\":[{\"@type\":\"ReadAction\",\"target\":[\"https:\/\/www.zspswiecie.pl\/index.php\/technik-geodeta\/\"]}]},{\"@type\":\"ImageObject\",\"inLanguage\":\"pl-PL\",\"@id\":\"https:\/\/www.zspswiecie.pl\/index.php\/technik-geodeta\/#primaryimage\",\"url\":\"http:\/\/www.zspswiecie.pl\/wp-content\/uploads\/2019\/03\/image227.jpg\",\"contentUrl\":\"http:\/\/www.zspswiecie.pl\/wp-content\/uploads\/2019\/03\/image227.jpg\"},{\"@type\":\"BreadcrumbList\",\"@id\":\"https:\/\/www.zspswiecie.pl\/index.php\/technik-geodeta\/#breadcrumb\",\"itemListElement\":[{\"@type\":\"ListItem\",\"position\":1,\"name\":\"Strona g\u0142\u00f3wna\",\"item\":\"https:\/\/www.zspswiecie.pl\/index.php\/home\/strona-glowna\/\"},{\"@type\":\"ListItem\",\"position\":2,\"name\":\"Technik geodeta\"}]},{\"@type\":\"WebSite\",\"@id\":\"https:\/\/www.zspswiecie.pl\/#website\",\"url\":\"https:\/\/www.zspswiecie.pl\/\",\"name\":\"ZSP\",\"description\":\"Zesp\u00f3\u0142 Szk\u00f3\u0142 Ponadpodstawowych\",\"publisher\":{\"@id\":\"https:\/\/www.zspswiecie.pl\/#organization\"},\"potentialAction\":[{\"@type\":\"SearchAction\",\"target\":{\"@type\":\"EntryPoint\",\"urlTemplate\":\"https:\/\/www.zspswiecie.pl\/?s={search_term_string}\"},\"query-input\":{\"@type\":\"PropertyValueSpecification\",\"valueRequired\":true,\"valueName\":\"search_term_string\"}}],\"inLanguage\":\"pl-PL\"},{\"@type\":\"Organization\",\"@id\":\"https:\/\/www.zspswiecie.pl\/#organization\",\"name\":\"Zesp\u00f3\u0142 Szk\u00f3\u0142 Ponadpodstawowych\",\"url\":\"https:\/\/www.zspswiecie.pl\/\",\"logo\":{\"@type\":\"ImageObject\",\"inLanguage\":\"pl-PL\",\"@id\":\"https:\/\/www.zspswiecie.pl\/#\/schema\/logo\/image\/\",\"url\":\"http:\/\/www.zspswiecie.pl\/wp-content\/uploads\/2016\/03\/logo-zsp2.png\",\"contentUrl\":\"http:\/\/www.zspswiecie.pl\/wp-content\/uploads\/2016\/03\/logo-zsp2.png\",\"width\":449,\"height\":351,\"caption\":\"Zesp\u00f3\u0142 Szk\u00f3\u0142 Ponadpodstawowych\"},\"image\":{\"@id\":\"https:\/\/www.zspswiecie.pl\/#\/schema\/logo\/image\/\"},\"sameAs\":[\"https:\/\/www.facebook.com\/people\/Zesp-Szk-Ponadpodstawowych-w-wieciu\/100057638830230\/\"]}]}<\/script>\n<!-- \/ Yoast SEO plugin. -->","yoast_head_json":{"title":"Technik geodeta - ZSP","robots":{"index":"index","follow":"follow","max-snippet":"max-snippet:-1","max-image-preview":"max-image-preview:large","max-video-preview":"max-video-preview:-1"},"canonical":"https:\/\/www.zspswiecie.pl\/index.php\/technik-geodeta\/","og_locale":"pl_PL","og_type":"article","og_title":"Technik geodeta - ZSP","og_description":"Opis zawodu Geodeta jest najbardziej nowoczesnym, praktycznym oraz atrakcyjnym zawodem na rynku pracy. Ci\u0105g\u0142y rozw\u00f3j geodezji poci\u0105ga za sob\u0105 konieczno\u015b\u0107 definiowania nowych zada\u0144, pojawiaj\u0105... &nbsp; Wi\u0119cej...","og_url":"https:\/\/www.zspswiecie.pl\/index.php\/technik-geodeta\/","og_site_name":"ZSP","article_publisher":"https:\/\/www.facebook.com\/people\/Zesp-Szk-Ponadpodstawowych-w-wieciu\/100057638830230\/","article_modified_time":"2020-03-08T19:06:05+00:00","og_image":[{"url":"http:\/\/www.zspswiecie.pl\/wp-content\/uploads\/2019\/03\/image227.jpg","type":"","width":"","height":""}],"twitter_misc":{"Szacowany czas czytania":"2 minuty"},"schema":{"@context":"https:\/\/schema.org","@graph":[{"@type":"WebPage","@id":"https:\/\/www.zspswiecie.pl\/index.php\/technik-geodeta\/","url":"https:\/\/www.zspswiecie.pl\/index.php\/technik-geodeta\/","name":"Technik geodeta - ZSP","isPartOf":{"@id":"https:\/\/www.zspswiecie.pl\/#website"},"primaryImageOfPage":{"@id":"https:\/\/www.zspswiecie.pl\/index.php\/technik-geodeta\/#primaryimage"},"image":{"@id":"https:\/\/www.zspswiecie.pl\/index.php\/technik-geodeta\/#primaryimage"},"thumbnailUrl":"http:\/\/www.zspswiecie.pl\/wp-content\/uploads\/2019\/03\/image227.jpg","datePublished":"2018-01-07T19:34:13+00:00","dateModified":"2020-03-08T19:06:05+00:00","breadcrumb":{"@id":"https:\/\/www.zspswiecie.pl\/index.php\/technik-geodeta\/#breadcrumb"},"inLanguage":"pl-PL","potentialAction":[{"@type":"ReadAction","target":["https:\/\/www.zspswiecie.pl\/index.php\/technik-geodeta\/"]}]},{"@type":"ImageObject","inLanguage":"pl-PL","@id":"https:\/\/www.zspswiecie.pl\/index.php\/technik-geodeta\/#primaryimage","url":"http:\/\/www.zspswiecie.pl\/wp-content\/uploads\/2019\/03\/image227.jpg","contentUrl":"http:\/\/www.zspswiecie.pl\/wp-content\/uploads\/2019\/03\/image227.jpg"},{"@type":"BreadcrumbList","@id":"https:\/\/www.zspswiecie.pl\/index.php\/technik-geodeta\/#breadcrumb","itemListElement":[{"@type":"ListItem","position":1,"name":"Strona g\u0142\u00f3wna","item":"https:\/\/www.zspswiecie.pl\/index.php\/home\/strona-glowna\/"},{"@type":"ListItem","position":2,"name":"Technik geodeta"}]},{"@type":"WebSite","@id":"https:\/\/www.zspswiecie.pl\/#website","url":"https:\/\/www.zspswiecie.pl\/","name":"ZSP","description":"Zesp\u00f3\u0142 Szk\u00f3\u0142 Ponadpodstawowych","publisher":{"@id":"https:\/\/www.zspswiecie.pl\/#organization"},"potentialAction":[{"@type":"SearchAction","target":{"@type":"EntryPoint","urlTemplate":"https:\/\/www.zspswiecie.pl\/?s={search_term_string}"},"query-input":{"@type":"PropertyValueSpecification","valueRequired":true,"valueName":"search_term_string"}}],"inLanguage":"pl-PL"},{"@type":"Organization","@id":"https:\/\/www.zspswiecie.pl\/#organization","name":"Zesp\u00f3\u0142 Szk\u00f3\u0142 Ponadpodstawowych","url":"https:\/\/www.zspswiecie.pl\/","logo":{"@type":"ImageObject","inLanguage":"pl-PL","@id":"https:\/\/www.zspswiecie.pl\/#\/schema\/logo\/image\/","url":"http:\/\/www.zspswiecie.pl\/wp-content\/uploads\/2016\/03\/logo-zsp2.png","contentUrl":"http:\/\/www.zspswiecie.pl\/wp-content\/uploads\/2016\/03\/logo-zsp2.png","width":449,"height":351,"caption":"Zesp\u00f3\u0142 Szk\u00f3\u0142 Ponadpodstawowych"},"image":{"@id":"https:\/\/www.zspswiecie.pl\/#\/schema\/logo\/image\/"},"sameAs":["https:\/\/www.facebook.com\/people\/Zesp-Szk-Ponadpodstawowych-w-wieciu\/100057638830230\/"]}]}},"_links":{"self":[{"href":"https:\/\/www.zspswiecie.pl\/index.php\/wp-json\/wp\/v2\/pages\/4178","targetHints":{"allow":["GET"]}}],"collection":[{"href":"https:\/\/www.zspswiecie.pl\/index.php\/wp-json\/wp\/v2\/pages"}],"about":[{"href":"https:\/\/www.zspswiecie.pl\/index.php\/wp-json\/wp\/v2\/types\/page"}],"author":[{"embeddable":true,"href":"https:\/\/www.zspswiecie.pl\/index.php\/wp-json\/wp\/v2\/users\/2"}],"replies":[{"embeddable":true,"href":"https:\/\/www.zspswiecie.pl\/index.php\/wp-json\/wp\/v2\/comments?post=4178"}],"version-history":[{"count":13,"href":"https:\/\/www.zspswiecie.pl\/index.php\/wp-json\/wp\/v2\/pages\/4178\/revisions"}],"predecessor-version":[{"id":8002,"href":"https:\/\/www.zspswiecie.pl\/index.php\/wp-json\/wp\/v2\/pages\/4178\/revisions\/8002"}],"wp:attachment":[{"href":"https:\/\/www.zspswiecie.pl\/index.php\/wp-json\/wp\/v2\/media?parent=4178"}],"curies":[{"name":"wp","href":"https:\/\/api.w.org\/{rel}","templated":true}]}}