{"id":4138,"date":"2018-01-05T09:02:01","date_gmt":"2018-01-05T08:02:01","guid":{"rendered":"http:\/\/www.zspswiecie.pl\/?page_id=4138"},"modified":"2024-06-06T12:28:18","modified_gmt":"2024-06-06T10:28:18","slug":"technik-ekonomista","status":"publish","type":"page","link":"https:\/\/www.zspswiecie.pl\/index.php\/technik-ekonomista\/","title":{"rendered":"Technik ekonomista"},"content":{"rendered":"<p><span style=\"color: #000000;\"><strong>Opis zawodu<\/strong><\/span><\/p>\n<p><span style=\"color: #000000;\">Technik ekonomista \u2013 <strong>\u00a0<\/strong>to zaw\u00f3d wszechstronny i bardzo popularny na rynku pracy.<\/span><\/p>\n<p><span style=\"color: #000000;\">Praca technika ekonomisty zdominowana jest wykonywaniem czynno\u015bci biurowych, wype\u0142nianiem druk\u00f3w, rejestr\u00f3w zestawie\u0144 finansowych, a wi\u0119c prac\u0105 z cyframi i liczbami. Dlatego wa\u017cn\u0105 cech\u0105 jest dobry wzrok oraz zr\u0119czno\u015b\u0107 r\u0105k i palc\u00f3w, przydatna w pracy na klawiaturze komputera. Przysz\u0142y ekonomista powinien by\u0107 sumienny, dok\u0142adny, odpowiedzialny, dyskretny, odporny na emocje i stres, empatyczny i komunikatywny.<\/span><\/p>\n<p><span style=\"color: #000000;\"><strong>Okres nauki <\/strong>5 lat<\/span><\/p>\n<p><span style=\"color: #000000;\"><strong>Technik ekonomista <\/strong>to zaw\u00f3d dla os\u00f3b, kt\u00f3re:<\/span><\/p>\n<ul>\n<li><span style=\"color: #000000;\">interesuj\u0105 si\u0119 prac\u0105 biurow\u0105,<\/span><\/li>\n<li><span style=\"color: #000000;\">s\u0105 komunikatywne i \u0142atwo nawi\u0105zuj\u0105 kontakty,<\/span><\/li>\n<li><span style=\"color: #000000;\">wykazuj\u0105 si\u0119 aktywno\u015bci\u0105,<\/span><\/li>\n<li><span style=\"color: #000000;\">posiadaj\u0105 umiej\u0119tno\u015bci organizatorskie.<strong><br \/>\n<\/strong><\/span><\/li>\n<\/ul>\n<p><span style=\"color: #000000;\"><strong>W trakcie nauki nauczysz si\u0119 praktycznych umiej\u0119tno\u015bci zawodowych:<\/strong><\/span><\/p>\n<ul>\n<li><span style=\"color: #000000;\">zak\u0142adania biznesu, prowadzenia uproszczonej ksi\u0119gowo\u015bci i prowadzenia spraw kadrowych,<\/span><\/li>\n<li><span style=\"color: #000000;\">rozliczania deklaracji skarbowych i ZUS,<\/span><\/li>\n<li><span style=\"color: #000000;\">sporz\u0105dzania dokument\u00f3w ksi\u0119gowych i p\u0142acowych,<\/span><\/li>\n<li><span style=\"color: #000000;\">obs\u0142ugi program\u00f3w wspomagaj\u0105cych prowadzenie dzia\u0142alno\u015bci gospodarczej,<\/span><\/li>\n<li><span style=\"color: #000000;\">etyki biznesu.<\/span><\/li>\n<\/ul>\n<p><span style=\"color: #000000;\"><strong>W trakcie nauki technik ekonomista zdobywa dwie kwalifikacje:<br \/>\n<\/strong><\/span><\/p>\n<ul>\n<li><span style=\"color: #000000;\"><strong>EKA.04.<\/strong> Prowadzenie dokumentacji w jednostce organizacyjnej<\/span><\/li>\n<li><span style=\"color: #000000;\"><strong>EKA.05.<\/strong> Prowadzenie spraw kadrowo-p\u0142acowych i gospodarki finansowej jednostek organizacyjnych<\/span><\/li>\n<\/ul>\n<p><span style=\"color: #000000;\"><strong>Praca zawodowa<\/strong><\/span><\/p>\n<p><span style=\"color: #000000;\">Zaw\u00f3d technik ekonomista jest zawodem z wielkimi tradycjami. Zwi\u0105zany jest z wykonywaniem prac biurowych w jednostkach organizacyjnych ulokowanych w r\u00f3\u017cnych bran\u017cach, instytucjach ubezpieczeniowych, jednostkach samorz\u0105d\u00f3w terytorialnych, urz\u0119dach administracji publicznej, biurach rachunkowych, bankach oraz instytucjach publiczno-prawnych.<\/span><\/p>\n","protected":false},"excerpt":{"rendered":"<p>Opis zawodu Technik ekonomista \u2013 \u00a0to zaw\u00f3d wszechstronny i bardzo popularny na rynku pracy. Praca technika ekonomisty zdominowana jest wykonywaniem czynno\u015bci biurowych, wype\u0142nianiem druk\u00f3w,&#8230; &nbsp; <a href=\"https:\/\/www.zspswiecie.pl\/index.php\/technik-ekonomista\/\" class=\"moretag\">Wi\u0119cej&#8230;<\/a><\/p>\n","protected":false},"author":2,"featured_media":0,"parent":0,"menu_order":0,"comment_status":"closed","ping_status":"open","template":"page-fullwidth.php","meta":{"footnotes":""},"class_list":["post-4138","page","type-page","status-publish","hentry"],"yoast_head":"<!-- This site is optimized with the Yoast SEO plugin v26.8 - https:\/\/yoast.com\/product\/yoast-seo-wordpress\/ -->\n<title>Technik ekonomista - ZSP<\/title>\n<meta name=\"robots\" content=\"index, follow, max-snippet:-1, max-image-preview:large, max-video-preview:-1\" \/>\n<link rel=\"canonical\" href=\"https:\/\/www.zspswiecie.pl\/index.php\/technik-ekonomista\/\" \/>\n<meta property=\"og:locale\" content=\"pl_PL\" \/>\n<meta property=\"og:type\" content=\"article\" \/>\n<meta property=\"og:title\" content=\"Technik ekonomista - ZSP\" \/>\n<meta property=\"og:description\" content=\"Opis zawodu Technik ekonomista \u2013 \u00a0to zaw\u00f3d wszechstronny i bardzo popularny na rynku pracy. Praca technika ekonomisty zdominowana jest wykonywaniem czynno\u015bci biurowych, wype\u0142nianiem druk\u00f3w,... &nbsp; Wi\u0119cej...\" \/>\n<meta property=\"og:url\" content=\"https:\/\/www.zspswiecie.pl\/index.php\/technik-ekonomista\/\" \/>\n<meta property=\"og:site_name\" content=\"ZSP\" \/>\n<meta property=\"article:publisher\" content=\"https:\/\/www.facebook.com\/people\/Zesp-Szk-Ponadpodstawowych-w-wieciu\/100057638830230\/\" \/>\n<meta property=\"article:modified_time\" content=\"2024-06-06T10:28:18+00:00\" \/>\n<meta property=\"og:image\" content=\"http:\/\/www.zspswiecie.pl\/wp-content\/uploads\/2016\/03\/ZSP_budynek_szko%c5%82y_%c5%9bwiecie.jpg\" \/>\n<meta name=\"twitter:label1\" content=\"Szacowany czas czytania\" \/>\n\t<meta name=\"twitter:data1\" content=\"2 minuty\" \/>\n<script type=\"application\/ld+json\" class=\"yoast-schema-graph\">{\"@context\":\"https:\/\/schema.org\",\"@graph\":[{\"@type\":\"WebPage\",\"@id\":\"https:\/\/www.zspswiecie.pl\/index.php\/technik-ekonomista\/\",\"url\":\"https:\/\/www.zspswiecie.pl\/index.php\/technik-ekonomista\/\",\"name\":\"Technik ekonomista - ZSP\",\"isPartOf\":{\"@id\":\"https:\/\/www.zspswiecie.pl\/#website\"},\"datePublished\":\"2018-01-05T08:02:01+00:00\",\"dateModified\":\"2024-06-06T10:28:18+00:00\",\"breadcrumb\":{\"@id\":\"https:\/\/www.zspswiecie.pl\/index.php\/technik-ekonomista\/#breadcrumb\"},\"inLanguage\":\"pl-PL\",\"potentialAction\":[{\"@type\":\"ReadAction\",\"target\":[\"https:\/\/www.zspswiecie.pl\/index.php\/technik-ekonomista\/\"]}]},{\"@type\":\"BreadcrumbList\",\"@id\":\"https:\/\/www.zspswiecie.pl\/index.php\/technik-ekonomista\/#breadcrumb\",\"itemListElement\":[{\"@type\":\"ListItem\",\"position\":1,\"name\":\"Strona g\u0142\u00f3wna\",\"item\":\"https:\/\/www.zspswiecie.pl\/index.php\/home\/strona-glowna\/\"},{\"@type\":\"ListItem\",\"position\":2,\"name\":\"Technik ekonomista\"}]},{\"@type\":\"WebSite\",\"@id\":\"https:\/\/www.zspswiecie.pl\/#website\",\"url\":\"https:\/\/www.zspswiecie.pl\/\",\"name\":\"ZSP\",\"description\":\"Zesp\u00f3\u0142 Szk\u00f3\u0142 Ponadpodstawowych\",\"publisher\":{\"@id\":\"https:\/\/www.zspswiecie.pl\/#organization\"},\"potentialAction\":[{\"@type\":\"SearchAction\",\"target\":{\"@type\":\"EntryPoint\",\"urlTemplate\":\"https:\/\/www.zspswiecie.pl\/?s={search_term_string}\"},\"query-input\":{\"@type\":\"PropertyValueSpecification\",\"valueRequired\":true,\"valueName\":\"search_term_string\"}}],\"inLanguage\":\"pl-PL\"},{\"@type\":\"Organization\",\"@id\":\"https:\/\/www.zspswiecie.pl\/#organization\",\"name\":\"Zesp\u00f3\u0142 Szk\u00f3\u0142 Ponadpodstawowych\",\"url\":\"https:\/\/www.zspswiecie.pl\/\",\"logo\":{\"@type\":\"ImageObject\",\"inLanguage\":\"pl-PL\",\"@id\":\"https:\/\/www.zspswiecie.pl\/#\/schema\/logo\/image\/\",\"url\":\"http:\/\/www.zspswiecie.pl\/wp-content\/uploads\/2016\/03\/logo-zsp2.png\",\"contentUrl\":\"http:\/\/www.zspswiecie.pl\/wp-content\/uploads\/2016\/03\/logo-zsp2.png\",\"width\":449,\"height\":351,\"caption\":\"Zesp\u00f3\u0142 Szk\u00f3\u0142 Ponadpodstawowych\"},\"image\":{\"@id\":\"https:\/\/www.zspswiecie.pl\/#\/schema\/logo\/image\/\"},\"sameAs\":[\"https:\/\/www.facebook.com\/people\/Zesp-Szk-Ponadpodstawowych-w-wieciu\/100057638830230\/\"]}]}<\/script>\n<!-- \/ Yoast SEO plugin. -->","yoast_head_json":{"title":"Technik ekonomista - ZSP","robots":{"index":"index","follow":"follow","max-snippet":"max-snippet:-1","max-image-preview":"max-image-preview:large","max-video-preview":"max-video-preview:-1"},"canonical":"https:\/\/www.zspswiecie.pl\/index.php\/technik-ekonomista\/","og_locale":"pl_PL","og_type":"article","og_title":"Technik ekonomista - ZSP","og_description":"Opis zawodu Technik ekonomista \u2013 \u00a0to zaw\u00f3d wszechstronny i bardzo popularny na rynku pracy. Praca technika ekonomisty zdominowana jest wykonywaniem czynno\u015bci biurowych, wype\u0142nianiem druk\u00f3w,... &nbsp; Wi\u0119cej...","og_url":"https:\/\/www.zspswiecie.pl\/index.php\/technik-ekonomista\/","og_site_name":"ZSP","article_publisher":"https:\/\/www.facebook.com\/people\/Zesp-Szk-Ponadpodstawowych-w-wieciu\/100057638830230\/","article_modified_time":"2024-06-06T10:28:18+00:00","og_image":[{"url":"http:\/\/www.zspswiecie.pl\/wp-content\/uploads\/2016\/03\/ZSP_budynek_szko%c5%82y_%c5%9bwiecie.jpg","type":"","width":"","height":""}],"twitter_misc":{"Szacowany czas czytania":"2 minuty"},"schema":{"@context":"https:\/\/schema.org","@graph":[{"@type":"WebPage","@id":"https:\/\/www.zspswiecie.pl\/index.php\/technik-ekonomista\/","url":"https:\/\/www.zspswiecie.pl\/index.php\/technik-ekonomista\/","name":"Technik ekonomista - ZSP","isPartOf":{"@id":"https:\/\/www.zspswiecie.pl\/#website"},"datePublished":"2018-01-05T08:02:01+00:00","dateModified":"2024-06-06T10:28:18+00:00","breadcrumb":{"@id":"https:\/\/www.zspswiecie.pl\/index.php\/technik-ekonomista\/#breadcrumb"},"inLanguage":"pl-PL","potentialAction":[{"@type":"ReadAction","target":["https:\/\/www.zspswiecie.pl\/index.php\/technik-ekonomista\/"]}]},{"@type":"BreadcrumbList","@id":"https:\/\/www.zspswiecie.pl\/index.php\/technik-ekonomista\/#breadcrumb","itemListElement":[{"@type":"ListItem","position":1,"name":"Strona g\u0142\u00f3wna","item":"https:\/\/www.zspswiecie.pl\/index.php\/home\/strona-glowna\/"},{"@type":"ListItem","position":2,"name":"Technik ekonomista"}]},{"@type":"WebSite","@id":"https:\/\/www.zspswiecie.pl\/#website","url":"https:\/\/www.zspswiecie.pl\/","name":"ZSP","description":"Zesp\u00f3\u0142 Szk\u00f3\u0142 Ponadpodstawowych","publisher":{"@id":"https:\/\/www.zspswiecie.pl\/#organization"},"potentialAction":[{"@type":"SearchAction","target":{"@type":"EntryPoint","urlTemplate":"https:\/\/www.zspswiecie.pl\/?s={search_term_string}"},"query-input":{"@type":"PropertyValueSpecification","valueRequired":true,"valueName":"search_term_string"}}],"inLanguage":"pl-PL"},{"@type":"Organization","@id":"https:\/\/www.zspswiecie.pl\/#organization","name":"Zesp\u00f3\u0142 Szk\u00f3\u0142 Ponadpodstawowych","url":"https:\/\/www.zspswiecie.pl\/","logo":{"@type":"ImageObject","inLanguage":"pl-PL","@id":"https:\/\/www.zspswiecie.pl\/#\/schema\/logo\/image\/","url":"http:\/\/www.zspswiecie.pl\/wp-content\/uploads\/2016\/03\/logo-zsp2.png","contentUrl":"http:\/\/www.zspswiecie.pl\/wp-content\/uploads\/2016\/03\/logo-zsp2.png","width":449,"height":351,"caption":"Zesp\u00f3\u0142 Szk\u00f3\u0142 Ponadpodstawowych"},"image":{"@id":"https:\/\/www.zspswiecie.pl\/#\/schema\/logo\/image\/"},"sameAs":["https:\/\/www.facebook.com\/people\/Zesp-Szk-Ponadpodstawowych-w-wieciu\/100057638830230\/"]}]}},"_links":{"self":[{"href":"https:\/\/www.zspswiecie.pl\/index.php\/wp-json\/wp\/v2\/pages\/4138","targetHints":{"allow":["GET"]}}],"collection":[{"href":"https:\/\/www.zspswiecie.pl\/index.php\/wp-json\/wp\/v2\/pages"}],"about":[{"href":"https:\/\/www.zspswiecie.pl\/index.php\/wp-json\/wp\/v2\/types\/page"}],"author":[{"embeddable":true,"href":"https:\/\/www.zspswiecie.pl\/index.php\/wp-json\/wp\/v2\/users\/2"}],"replies":[{"embeddable":true,"href":"https:\/\/www.zspswiecie.pl\/index.php\/wp-json\/wp\/v2\/comments?post=4138"}],"version-history":[{"count":20,"href":"https:\/\/www.zspswiecie.pl\/index.php\/wp-json\/wp\/v2\/pages\/4138\/revisions"}],"predecessor-version":[{"id":13506,"href":"https:\/\/www.zspswiecie.pl\/index.php\/wp-json\/wp\/v2\/pages\/4138\/revisions\/13506"}],"wp:attachment":[{"href":"https:\/\/www.zspswiecie.pl\/index.php\/wp-json\/wp\/v2\/media?parent=4138"}],"curies":[{"name":"wp","href":"https:\/\/api.w.org\/{rel}","templated":true}]}}