{"id":3669,"date":"2017-09-26T09:48:41","date_gmt":"2017-09-26T07:48:41","guid":{"rendered":"http:\/\/www.zspswiecie.pl\/?page_id=3669"},"modified":"2018-03-22T12:49:20","modified_gmt":"2018-03-22T11:49:20","slug":"szkola-zawodowcow","status":"publish","type":"page","link":"https:\/\/www.zspswiecie.pl\/index.php\/szkola-zawodowcow\/","title":{"rendered":"Szko\u0142a Zawodowc\u00f3w"},"content":{"rendered":"<div class=\"row gutter\">\n<div id=\"post-3666\" class=\"col-lg-12 col-md-12 post-3666 post type-post status-publish format-standard has-post-thumbnail hentry category-informacje\">\n<div class=\"news-title-meta\">Nasza szko\u0142a przyst\u0105pi\u0142a do PROJEKTU \u201e<strong>SZKO\u0141A ZAWODOWC\u00d3W\u201d<\/strong><\/div>\n<div class=\"news-title-meta\">Uczestnicz\u0105 Klasy: II TIMt, III TM, III TL<\/div>\n<div class=\"news-title-meta\">\n<div class=\"news-body\">\n<p>\u00a0Celem projektu \u201eSzko\u0142a Zawodowc\u00f3w\u201d jest:<\/p>\n<ul>\n<li>zwi\u0119kszenie szans na zatrudnienie uczni\u00f3w technik\u00f3w, w szczeg\u00f3lno\u015bci poprzez podniesienie efektywno\u015bci kszta\u0142cenia zawodowego,<\/li>\n<li>udoskonalenie umiej\u0119tno\u015bci i kompetencji m\u0142odych ludzi umo\u017cliwiaj\u0105ce im wej\u015bcie na rynek pracy, popraw\u0119 wizerunku kszta\u0142cenia i szkolenia zawodowego,<\/li>\n<li>wsparcie uczni\u00f3w technik\u00f3w w zdobywaniu nowych kwalifikacji i umiej\u0119tno\u015bci zawodowych<\/li>\n<li>poznanie zawodowego j\u0119zyka obcego w stopniu umo\u017cliwiaj\u0105cym m.in. zaawansowan\u0105 komunikacj\u0119 w wybranych zawodach<\/li>\n<\/ul>\n<p>STRONA PROJEKTU <a href=\"https:\/\/prymus.kujawsko-pomorskie.pl\/65,szkola-zawodowcow\" target=\"_blank\" data-slimstat=\"5\">SZKO\u0141A ZAWODOWC\u00d3W<\/a><\/p>\n<p>ZADANIA<\/p>\n<ul>\n<li class=\"predef\">Tworzenie (doposa\u017cenie) bran\u017cowych pracowni j\u0119zyka obcego i\/lub pracowni kszta\u0142cenia zawodowego;<\/li>\n<li class=\"predef\">Innowacyjne zawodowe zaj\u0119cia pozalekcyjne;<\/li>\n<li>Innowacyjne zaj\u0119cia pozalekcyjne z bran\u017cowego j\u0119zyka obcego w inteligentnej specjalizacji: motoryzacja, urz\u0105dzenia transportowe i automatyka przemys\u0142owa dla zawod\u00f3w: technik mechanik, , technik mechatronik, technik logistyk, technik informatyk;<\/li>\n<li>Innowacyjne zaj\u0119cia pozalekcyjne z bran\u017cowego j\u0119zyka obcego w inteligentnej specjalizacji: transport, logistyka, handel-szlaki wodne i l\u0105dowe dla zawod\u00f3w: technik logistyk<\/li>\n<li>Wizyty studyjne uczni\u00f3w i nauczycieli w przedsi\u0119biorstwach;<\/li>\n<li>Innowacyjne zaj\u0119cia pozalekcyjne na wy\u017cszej uczelni;<\/li>\n<li>Kursy i studia podyplomowe doskonalenia zawodowego nauczycieli;<\/li>\n<li>Kurs zawodowy dla uczni\u00f3w zako\u0144czony certyfikatem dla zawodu technik informatyk, technik mechanik, technik mechatronik, technik logistyk, technik elektryk, technik pojazd\u00f3w samochodowych, technik elektronik, technik teleinformatyk, technik urz\u0105dze\u0144 i system\u00f3w energii odnawialnej, technik technologii \u017cywno\u015bci, technik spedytor;<\/li>\n<li>Konkurs Wynalazczo\u015bci;<\/li>\n<li>Sta\u017ce u pracodawc\u00f3w.<\/li>\n<\/ul>\n<\/div>\n<\/div>\n<\/div>\n<\/div>\n","protected":false},"excerpt":{"rendered":"<p>Nasza szko\u0142a przyst\u0105pi\u0142a do PROJEKTU \u201eSZKO\u0141A ZAWODOWC\u00d3W\u201d Uczestnicz\u0105 Klasy: II TIMt, III TM, III TL \u00a0Celem projektu \u201eSzko\u0142a Zawodowc\u00f3w\u201d jest: zwi\u0119kszenie szans na zatrudnienie&#8230; &nbsp; <a href=\"https:\/\/www.zspswiecie.pl\/index.php\/szkola-zawodowcow\/\" class=\"moretag\">Wi\u0119cej&#8230;<\/a><\/p>\n","protected":false},"author":2,"featured_media":0,"parent":0,"menu_order":0,"comment_status":"closed","ping_status":"open","template":"page-fullwidth.php","meta":{"footnotes":""},"class_list":["post-3669","page","type-page","status-publish","hentry"],"yoast_head":"<!-- This site is optimized with the Yoast SEO plugin v26.8 - https:\/\/yoast.com\/product\/yoast-seo-wordpress\/ -->\n<title>Szko\u0142a Zawodowc\u00f3w - ZSP<\/title>\n<meta name=\"robots\" content=\"index, follow, max-snippet:-1, max-image-preview:large, max-video-preview:-1\" \/>\n<link rel=\"canonical\" href=\"https:\/\/www.zspswiecie.pl\/index.php\/szkola-zawodowcow\/\" \/>\n<meta property=\"og:locale\" content=\"pl_PL\" \/>\n<meta property=\"og:type\" content=\"article\" \/>\n<meta property=\"og:title\" content=\"Szko\u0142a Zawodowc\u00f3w - ZSP\" \/>\n<meta property=\"og:description\" content=\"Nasza szko\u0142a przyst\u0105pi\u0142a do PROJEKTU \u201eSZKO\u0141A ZAWODOWC\u00d3W\u201d Uczestnicz\u0105 Klasy: II TIMt, III TM, III TL \u00a0Celem projektu \u201eSzko\u0142a Zawodowc\u00f3w\u201d jest: zwi\u0119kszenie szans na zatrudnienie... &nbsp; Wi\u0119cej...\" \/>\n<meta property=\"og:url\" content=\"https:\/\/www.zspswiecie.pl\/index.php\/szkola-zawodowcow\/\" \/>\n<meta property=\"og:site_name\" content=\"ZSP\" \/>\n<meta property=\"article:publisher\" content=\"https:\/\/www.facebook.com\/people\/Zesp-Szk-Ponadpodstawowych-w-wieciu\/100057638830230\/\" \/>\n<meta property=\"article:modified_time\" content=\"2018-03-22T11:49:20+00:00\" \/>\n<meta property=\"og:image\" content=\"http:\/\/www.zspswiecie.pl\/wp-content\/uploads\/2016\/03\/ZSP_budynek_szko%c5%82y_%c5%9bwiecie.jpg\" \/>\n<meta name=\"twitter:label1\" content=\"Szacowany czas czytania\" \/>\n\t<meta name=\"twitter:data1\" content=\"1 minuta\" \/>\n<script type=\"application\/ld+json\" class=\"yoast-schema-graph\">{\"@context\":\"https:\/\/schema.org\",\"@graph\":[{\"@type\":\"WebPage\",\"@id\":\"https:\/\/www.zspswiecie.pl\/index.php\/szkola-zawodowcow\/\",\"url\":\"https:\/\/www.zspswiecie.pl\/index.php\/szkola-zawodowcow\/\",\"name\":\"Szko\u0142a Zawodowc\u00f3w - ZSP\",\"isPartOf\":{\"@id\":\"https:\/\/www.zspswiecie.pl\/#website\"},\"datePublished\":\"2017-09-26T07:48:41+00:00\",\"dateModified\":\"2018-03-22T11:49:20+00:00\",\"breadcrumb\":{\"@id\":\"https:\/\/www.zspswiecie.pl\/index.php\/szkola-zawodowcow\/#breadcrumb\"},\"inLanguage\":\"pl-PL\",\"potentialAction\":[{\"@type\":\"ReadAction\",\"target\":[\"https:\/\/www.zspswiecie.pl\/index.php\/szkola-zawodowcow\/\"]}]},{\"@type\":\"BreadcrumbList\",\"@id\":\"https:\/\/www.zspswiecie.pl\/index.php\/szkola-zawodowcow\/#breadcrumb\",\"itemListElement\":[{\"@type\":\"ListItem\",\"position\":1,\"name\":\"Strona g\u0142\u00f3wna\",\"item\":\"https:\/\/www.zspswiecie.pl\/index.php\/home\/strona-glowna\/\"},{\"@type\":\"ListItem\",\"position\":2,\"name\":\"Szko\u0142a Zawodowc\u00f3w\"}]},{\"@type\":\"WebSite\",\"@id\":\"https:\/\/www.zspswiecie.pl\/#website\",\"url\":\"https:\/\/www.zspswiecie.pl\/\",\"name\":\"ZSP\",\"description\":\"Zesp\u00f3\u0142 Szk\u00f3\u0142 Ponadpodstawowych\",\"publisher\":{\"@id\":\"https:\/\/www.zspswiecie.pl\/#organization\"},\"potentialAction\":[{\"@type\":\"SearchAction\",\"target\":{\"@type\":\"EntryPoint\",\"urlTemplate\":\"https:\/\/www.zspswiecie.pl\/?s={search_term_string}\"},\"query-input\":{\"@type\":\"PropertyValueSpecification\",\"valueRequired\":true,\"valueName\":\"search_term_string\"}}],\"inLanguage\":\"pl-PL\"},{\"@type\":\"Organization\",\"@id\":\"https:\/\/www.zspswiecie.pl\/#organization\",\"name\":\"Zesp\u00f3\u0142 Szk\u00f3\u0142 Ponadpodstawowych\",\"url\":\"https:\/\/www.zspswiecie.pl\/\",\"logo\":{\"@type\":\"ImageObject\",\"inLanguage\":\"pl-PL\",\"@id\":\"https:\/\/www.zspswiecie.pl\/#\/schema\/logo\/image\/\",\"url\":\"http:\/\/www.zspswiecie.pl\/wp-content\/uploads\/2016\/03\/logo-zsp2.png\",\"contentUrl\":\"http:\/\/www.zspswiecie.pl\/wp-content\/uploads\/2016\/03\/logo-zsp2.png\",\"width\":449,\"height\":351,\"caption\":\"Zesp\u00f3\u0142 Szk\u00f3\u0142 Ponadpodstawowych\"},\"image\":{\"@id\":\"https:\/\/www.zspswiecie.pl\/#\/schema\/logo\/image\/\"},\"sameAs\":[\"https:\/\/www.facebook.com\/people\/Zesp-Szk-Ponadpodstawowych-w-wieciu\/100057638830230\/\"]}]}<\/script>\n<!-- \/ Yoast SEO plugin. -->","yoast_head_json":{"title":"Szko\u0142a Zawodowc\u00f3w - ZSP","robots":{"index":"index","follow":"follow","max-snippet":"max-snippet:-1","max-image-preview":"max-image-preview:large","max-video-preview":"max-video-preview:-1"},"canonical":"https:\/\/www.zspswiecie.pl\/index.php\/szkola-zawodowcow\/","og_locale":"pl_PL","og_type":"article","og_title":"Szko\u0142a Zawodowc\u00f3w - ZSP","og_description":"Nasza szko\u0142a przyst\u0105pi\u0142a do PROJEKTU \u201eSZKO\u0141A ZAWODOWC\u00d3W\u201d Uczestnicz\u0105 Klasy: II TIMt, III TM, III TL \u00a0Celem projektu \u201eSzko\u0142a Zawodowc\u00f3w\u201d jest: zwi\u0119kszenie szans na zatrudnienie... &nbsp; Wi\u0119cej...","og_url":"https:\/\/www.zspswiecie.pl\/index.php\/szkola-zawodowcow\/","og_site_name":"ZSP","article_publisher":"https:\/\/www.facebook.com\/people\/Zesp-Szk-Ponadpodstawowych-w-wieciu\/100057638830230\/","article_modified_time":"2018-03-22T11:49:20+00:00","og_image":[{"url":"http:\/\/www.zspswiecie.pl\/wp-content\/uploads\/2016\/03\/ZSP_budynek_szko%c5%82y_%c5%9bwiecie.jpg","type":"","width":"","height":""}],"twitter_misc":{"Szacowany czas czytania":"1 minuta"},"schema":{"@context":"https:\/\/schema.org","@graph":[{"@type":"WebPage","@id":"https:\/\/www.zspswiecie.pl\/index.php\/szkola-zawodowcow\/","url":"https:\/\/www.zspswiecie.pl\/index.php\/szkola-zawodowcow\/","name":"Szko\u0142a Zawodowc\u00f3w - ZSP","isPartOf":{"@id":"https:\/\/www.zspswiecie.pl\/#website"},"datePublished":"2017-09-26T07:48:41+00:00","dateModified":"2018-03-22T11:49:20+00:00","breadcrumb":{"@id":"https:\/\/www.zspswiecie.pl\/index.php\/szkola-zawodowcow\/#breadcrumb"},"inLanguage":"pl-PL","potentialAction":[{"@type":"ReadAction","target":["https:\/\/www.zspswiecie.pl\/index.php\/szkola-zawodowcow\/"]}]},{"@type":"BreadcrumbList","@id":"https:\/\/www.zspswiecie.pl\/index.php\/szkola-zawodowcow\/#breadcrumb","itemListElement":[{"@type":"ListItem","position":1,"name":"Strona g\u0142\u00f3wna","item":"https:\/\/www.zspswiecie.pl\/index.php\/home\/strona-glowna\/"},{"@type":"ListItem","position":2,"name":"Szko\u0142a Zawodowc\u00f3w"}]},{"@type":"WebSite","@id":"https:\/\/www.zspswiecie.pl\/#website","url":"https:\/\/www.zspswiecie.pl\/","name":"ZSP","description":"Zesp\u00f3\u0142 Szk\u00f3\u0142 Ponadpodstawowych","publisher":{"@id":"https:\/\/www.zspswiecie.pl\/#organization"},"potentialAction":[{"@type":"SearchAction","target":{"@type":"EntryPoint","urlTemplate":"https:\/\/www.zspswiecie.pl\/?s={search_term_string}"},"query-input":{"@type":"PropertyValueSpecification","valueRequired":true,"valueName":"search_term_string"}}],"inLanguage":"pl-PL"},{"@type":"Organization","@id":"https:\/\/www.zspswiecie.pl\/#organization","name":"Zesp\u00f3\u0142 Szk\u00f3\u0142 Ponadpodstawowych","url":"https:\/\/www.zspswiecie.pl\/","logo":{"@type":"ImageObject","inLanguage":"pl-PL","@id":"https:\/\/www.zspswiecie.pl\/#\/schema\/logo\/image\/","url":"http:\/\/www.zspswiecie.pl\/wp-content\/uploads\/2016\/03\/logo-zsp2.png","contentUrl":"http:\/\/www.zspswiecie.pl\/wp-content\/uploads\/2016\/03\/logo-zsp2.png","width":449,"height":351,"caption":"Zesp\u00f3\u0142 Szk\u00f3\u0142 Ponadpodstawowych"},"image":{"@id":"https:\/\/www.zspswiecie.pl\/#\/schema\/logo\/image\/"},"sameAs":["https:\/\/www.facebook.com\/people\/Zesp-Szk-Ponadpodstawowych-w-wieciu\/100057638830230\/"]}]}},"_links":{"self":[{"href":"https:\/\/www.zspswiecie.pl\/index.php\/wp-json\/wp\/v2\/pages\/3669","targetHints":{"allow":["GET"]}}],"collection":[{"href":"https:\/\/www.zspswiecie.pl\/index.php\/wp-json\/wp\/v2\/pages"}],"about":[{"href":"https:\/\/www.zspswiecie.pl\/index.php\/wp-json\/wp\/v2\/types\/page"}],"author":[{"embeddable":true,"href":"https:\/\/www.zspswiecie.pl\/index.php\/wp-json\/wp\/v2\/users\/2"}],"replies":[{"embeddable":true,"href":"https:\/\/www.zspswiecie.pl\/index.php\/wp-json\/wp\/v2\/comments?post=3669"}],"version-history":[{"count":3,"href":"https:\/\/www.zspswiecie.pl\/index.php\/wp-json\/wp\/v2\/pages\/3669\/revisions"}],"predecessor-version":[{"id":3674,"href":"https:\/\/www.zspswiecie.pl\/index.php\/wp-json\/wp\/v2\/pages\/3669\/revisions\/3674"}],"wp:attachment":[{"href":"https:\/\/www.zspswiecie.pl\/index.php\/wp-json\/wp\/v2\/media?parent=3669"}],"curies":[{"name":"wp","href":"https:\/\/api.w.org\/{rel}","templated":true}]}}