{"id":2666,"date":"2017-03-03T22:03:00","date_gmt":"2017-03-03T21:03:00","guid":{"rendered":"http:\/\/www.zspswiecie.pl\/?page_id=2666"},"modified":"2021-11-22T21:55:26","modified_gmt":"2021-11-22T20:55:26","slug":"zajecia-artystyczne-2","status":"publish","type":"page","link":"https:\/\/www.zspswiecie.pl\/index.php\/zajecia-artystyczne-2\/","title":{"rendered":"Zaj\u0119cia artystyczne"},"content":{"rendered":"<p><span style=\"color: #000000;\">Grupa teatralna \u201eNietakt\u201d to przestrze\u0144 do dzia\u0142ania artystycznego dla wszystkich mi\u0142o\u015bnik\u00f3w r\u00f3\u017cnych form teatru. Mo\u017cna do niej do\u0142\u0105czy\u0107 przez ca\u0142y czas trwania roku szkolnego.<\/span><\/p>\n<p><span style=\"color: #000000;\">Wystawiamy spektakle profilaktyczne, kabarety oraz przygotowujemy przedstawienia okoliczno\u015bciowe. <strong>Na swoim koncie mamy ju\u017c kilka sukces\u00f3w np. wyr\u00f3\u017cnienie w przegl\u0105dzie teatralnym podczas Dni Kultury i Sztuki 2016 w Osiu oraz podczas \u201eKieszeni Artystycznej\u201d w Centrum Kultury \u201eTeatr\u201d w Grudzi\u0105dzu.<\/strong><\/span><\/p>\n<p><span style=\"color: #000000;\">Je\u015bli masz w g\u0142owie artystyczne pomys\u0142y i chcesz tworzy\u0107 razem z nami szkoln\u0105 grup\u0119 teatraln\u0105 zapraszamy!<\/span><\/p>\n<p><span style=\"color: #000000;\">Opiekun: p. Marta Soko\u0142owska<\/span><\/p>\n<p><span style=\"color: #000000;\">NIETYKALNI<\/span><\/p>\n<p><span style=\"color: #000000;\"><div class=\"su-custom-gallery su-custom-gallery-align-left su-custom-gallery-title-never su-lightbox-gallery\"><div class=\"su-custom-gallery-slide\" style=\"width:200px;height:200px\"><a href=\"https:\/\/www.zspswiecie.pl\/wp-content\/uploads\/2017\/05\/15241771_607362766115627_7250258468418928355_n.jpg\" title=\"15241771_607362766115627_7250258468418928355_n\"><img loading=\"lazy\" decoding=\"async\" src=\"https:\/\/www.zspswiecie.pl\/wp-content\/uploads\/2017\/05\/15241771_607362766115627_7250258468418928355_n-200x200.jpg\" alt=\"15241771_607362766115627_7250258468418928355_n\" width=\"200\" height=\"200\" \/><span class=\"su-custom-gallery-title\">15241771_607362766115627_7250258468418928355_n<\/span><\/a><\/div><div class=\"su-custom-gallery-slide\" style=\"width:200px;height:200px\"><a href=\"https:\/\/www.zspswiecie.pl\/wp-content\/uploads\/2017\/05\/15241256_607362536115650_8633082473513459085_n.jpg\" title=\"15241256_607362536115650_8633082473513459085_n\"><img loading=\"lazy\" decoding=\"async\" src=\"https:\/\/www.zspswiecie.pl\/wp-content\/uploads\/2017\/05\/15241256_607362536115650_8633082473513459085_n-200x200.jpg\" alt=\"15241256_607362536115650_8633082473513459085_n\" width=\"200\" height=\"200\" \/><span class=\"su-custom-gallery-title\">15241256_607362536115650_8633082473513459085_n<\/span><\/a><\/div><div class=\"su-custom-gallery-slide\" style=\"width:200px;height:200px\"><a href=\"https:\/\/www.zspswiecie.pl\/wp-content\/uploads\/2017\/05\/15232165_607363122782258_7247111561312986279_n.jpg\" title=\"15232165_607363122782258_7247111561312986279_n\"><img loading=\"lazy\" decoding=\"async\" src=\"https:\/\/www.zspswiecie.pl\/wp-content\/uploads\/2017\/05\/15232165_607363122782258_7247111561312986279_n-200x200.jpg\" alt=\"15232165_607363122782258_7247111561312986279_n\" width=\"200\" height=\"200\" \/><span class=\"su-custom-gallery-title\">15232165_607363122782258_7247111561312986279_n<\/span><\/a><\/div><div class=\"su-custom-gallery-slide\" style=\"width:200px;height:200px\"><a href=\"https:\/\/www.zspswiecie.pl\/wp-content\/uploads\/2017\/05\/15220046_607359486115955_1427960554569262365_n.jpg\" title=\"15220046_607359486115955_1427960554569262365_n\"><img loading=\"lazy\" decoding=\"async\" src=\"https:\/\/www.zspswiecie.pl\/wp-content\/uploads\/2017\/05\/15220046_607359486115955_1427960554569262365_n-200x200.jpg\" alt=\"15220046_607359486115955_1427960554569262365_n\" width=\"200\" height=\"200\" \/><span class=\"su-custom-gallery-title\">15220046_607359486115955_1427960554569262365_n<\/span><\/a><\/div><div class=\"su-custom-gallery-slide\" style=\"width:200px;height:200px\"><a href=\"https:\/\/www.zspswiecie.pl\/wp-content\/uploads\/2017\/05\/15109594_607363232782247_1121907134494993601_n.jpg\" title=\"15109594_607363232782247_1121907134494993601_n\"><img loading=\"lazy\" decoding=\"async\" src=\"https:\/\/www.zspswiecie.pl\/wp-content\/uploads\/2017\/05\/15109594_607363232782247_1121907134494993601_n-200x200.jpg\" alt=\"15109594_607363232782247_1121907134494993601_n\" width=\"200\" height=\"200\" \/><span class=\"su-custom-gallery-title\">15109594_607363232782247_1121907134494993601_n<\/span><\/a><\/div><div class=\"su-clear\"><\/div><\/div><\/span><\/p>\n<p><span style=\"color: #000000;\">INNY NIE GORSZY<\/span><\/p>\n<p><span style=\"color: #000000;\"><div class=\"su-custom-gallery su-custom-gallery-align-left su-custom-gallery-title-never su-lightbox-gallery\"><div class=\"su-custom-gallery-slide\" style=\"width:200px;height:200px\"><a href=\"https:\/\/www.zspswiecie.pl\/wp-content\/uploads\/2017\/05\/DSC07390.jpg\" title=\"DSC07390\"><img loading=\"lazy\" decoding=\"async\" src=\"https:\/\/www.zspswiecie.pl\/wp-content\/uploads\/2017\/05\/DSC07390-200x200.jpg\" alt=\"DSC07390\" width=\"200\" height=\"200\" \/><span class=\"su-custom-gallery-title\">DSC07390<\/span><\/a><\/div><div class=\"su-custom-gallery-slide\" style=\"width:200px;height:200px\"><a href=\"https:\/\/www.zspswiecie.pl\/wp-content\/uploads\/2017\/05\/DSC07395.jpg\" title=\"DSC07395\"><img loading=\"lazy\" decoding=\"async\" src=\"https:\/\/www.zspswiecie.pl\/wp-content\/uploads\/2017\/05\/DSC07395-200x200.jpg\" alt=\"DSC07395\" width=\"200\" height=\"200\" \/><span class=\"su-custom-gallery-title\">DSC07395<\/span><\/a><\/div><div class=\"su-custom-gallery-slide\" style=\"width:200px;height:200px\"><a href=\"https:\/\/www.zspswiecie.pl\/wp-content\/uploads\/2017\/05\/DSC07397.jpg\" title=\"DSC07397\"><img loading=\"lazy\" decoding=\"async\" src=\"https:\/\/www.zspswiecie.pl\/wp-content\/uploads\/2017\/05\/DSC07397-200x200.jpg\" alt=\"DSC07397\" width=\"200\" height=\"200\" \/><span class=\"su-custom-gallery-title\">DSC07397<\/span><\/a><\/div><div class=\"su-custom-gallery-slide\" style=\"width:200px;height:200px\"><a href=\"https:\/\/www.zspswiecie.pl\/wp-content\/uploads\/2017\/05\/DSC07398.jpg\" title=\"DSC07398\"><img loading=\"lazy\" decoding=\"async\" src=\"https:\/\/www.zspswiecie.pl\/wp-content\/uploads\/2017\/05\/DSC07398-200x200.jpg\" alt=\"DSC07398\" width=\"200\" height=\"200\" \/><span class=\"su-custom-gallery-title\">DSC07398<\/span><\/a><\/div><div class=\"su-custom-gallery-slide\" style=\"width:200px;height:200px\"><a href=\"https:\/\/www.zspswiecie.pl\/wp-content\/uploads\/2017\/05\/DSC07400.jpg\" title=\"DSC07400\"><img loading=\"lazy\" decoding=\"async\" src=\"https:\/\/www.zspswiecie.pl\/wp-content\/uploads\/2017\/05\/DSC07400-200x200.jpg\" alt=\"DSC07400\" width=\"200\" height=\"200\" \/><span class=\"su-custom-gallery-title\">DSC07400<\/span><\/a><\/div><div class=\"su-clear\"><\/div><\/div><\/span><\/p>\n<p><span style=\"color: #000000;\">BETLEJEM W NAS<\/span><\/p>\n<p><span style=\"color: #000000;\"><div class=\"su-custom-gallery su-custom-gallery-align-left su-custom-gallery-title-never su-lightbox-gallery\"><div class=\"su-custom-gallery-slide\" style=\"width:200px;height:200px\"><a href=\"https:\/\/www.zspswiecie.pl\/wp-content\/uploads\/2017\/05\/15589988_621033354748568_5604678609482869636_n.jpg\" title=\"15589988_621033354748568_5604678609482869636_n\"><img loading=\"lazy\" decoding=\"async\" src=\"https:\/\/www.zspswiecie.pl\/wp-content\/uploads\/2017\/05\/15589988_621033354748568_5604678609482869636_n-200x200.jpg\" alt=\"15589988_621033354748568_5604678609482869636_n\" width=\"200\" height=\"200\" \/><span class=\"su-custom-gallery-title\">15589988_621033354748568_5604678609482869636_n<\/span><\/a><\/div><div class=\"su-custom-gallery-slide\" style=\"width:200px;height:200px\"><a href=\"https:\/\/www.zspswiecie.pl\/wp-content\/uploads\/2017\/05\/15541991_621033214748582_6762172841288755993_n.jpg\" title=\"15541991_621033214748582_6762172841288755993_n\"><img loading=\"lazy\" decoding=\"async\" src=\"https:\/\/www.zspswiecie.pl\/wp-content\/uploads\/2017\/05\/15541991_621033214748582_6762172841288755993_n-200x200.jpg\" alt=\"15541991_621033214748582_6762172841288755993_n\" width=\"200\" height=\"200\" \/><span class=\"su-custom-gallery-title\">15541991_621033214748582_6762172841288755993_n<\/span><\/a><\/div><div class=\"su-custom-gallery-slide\" style=\"width:200px;height:200px\"><a href=\"https:\/\/www.zspswiecie.pl\/wp-content\/uploads\/2017\/01\/15697964_621036098081627_5506144442647285288_n.bmp\" title=\"15697964_621036098081627_5506144442647285288_n\"><img loading=\"lazy\" decoding=\"async\" src=\"https:\/\/www.zspswiecie.pl\/wp-content\/uploads\/2017\/01\/15697964_621036098081627_5506144442647285288_n-200x200.bmp\" alt=\"15697964_621036098081627_5506144442647285288_n\" width=\"200\" height=\"200\" \/><span class=\"su-custom-gallery-title\">15697964_621036098081627_5506144442647285288_n<\/span><\/a><\/div><div class=\"su-custom-gallery-slide\" style=\"width:200px;height:200px\"><a href=\"https:\/\/www.zspswiecie.pl\/wp-content\/uploads\/2017\/01\/15697430_621035774748326_4918866279361581994_n.bmp\" title=\"15697430_621035774748326_4918866279361581994_n\"><img loading=\"lazy\" decoding=\"async\" src=\"https:\/\/www.zspswiecie.pl\/wp-content\/uploads\/2017\/01\/15697430_621035774748326_4918866279361581994_n-200x200.bmp\" alt=\"15697430_621035774748326_4918866279361581994_n\" width=\"200\" height=\"200\" \/><span class=\"su-custom-gallery-title\">15697430_621035774748326_4918866279361581994_n<\/span><\/a><\/div><div class=\"su-custom-gallery-slide\" style=\"width:200px;height:200px\"><a href=\"https:\/\/www.zspswiecie.pl\/wp-content\/uploads\/2017\/01\/15665401_621034344748469_7877818510525984266_n.bmp\" title=\"15665401_621034344748469_7877818510525984266_n\"><img loading=\"lazy\" decoding=\"async\" src=\"https:\/\/www.zspswiecie.pl\/wp-content\/uploads\/2017\/01\/15665401_621034344748469_7877818510525984266_n-200x200.bmp\" alt=\"15665401_621034344748469_7877818510525984266_n\" width=\"200\" height=\"200\" \/><span class=\"su-custom-gallery-title\">15665401_621034344748469_7877818510525984266_n<\/span><\/a><\/div><div class=\"su-clear\"><\/div><\/div><\/span><\/p>\n","protected":false},"excerpt":{"rendered":"<p>Grupa teatralna \u201eNietakt\u201d to przestrze\u0144 do dzia\u0142ania artystycznego dla wszystkich mi\u0142o\u015bnik\u00f3w r\u00f3\u017cnych form teatru. Mo\u017cna do niej do\u0142\u0105czy\u0107 przez ca\u0142y czas trwania roku szkolnego&#8230;. &nbsp; <a href=\"https:\/\/www.zspswiecie.pl\/index.php\/zajecia-artystyczne-2\/\" class=\"moretag\">Wi\u0119cej&#8230;<\/a><\/p>\n","protected":false},"author":2,"featured_media":0,"parent":0,"menu_order":0,"comment_status":"closed","ping_status":"open","template":"page-fullwidth.php","meta":{"footnotes":""},"class_list":["post-2666","page","type-page","status-publish","hentry"],"yoast_head":"<!-- This site is optimized with the Yoast SEO plugin v26.8 - https:\/\/yoast.com\/product\/yoast-seo-wordpress\/ -->\n<title>Zaj\u0119cia artystyczne - ZSP<\/title>\n<meta name=\"robots\" content=\"index, follow, max-snippet:-1, max-image-preview:large, max-video-preview:-1\" \/>\n<link rel=\"canonical\" href=\"https:\/\/www.zspswiecie.pl\/index.php\/zajecia-artystyczne-2\/\" \/>\n<meta property=\"og:locale\" content=\"pl_PL\" \/>\n<meta property=\"og:type\" content=\"article\" \/>\n<meta property=\"og:title\" content=\"Zaj\u0119cia artystyczne - ZSP\" \/>\n<meta property=\"og:description\" content=\"Grupa teatralna \u201eNietakt\u201d to przestrze\u0144 do dzia\u0142ania artystycznego dla wszystkich mi\u0142o\u015bnik\u00f3w r\u00f3\u017cnych form teatru. Mo\u017cna do niej do\u0142\u0105czy\u0107 przez ca\u0142y czas trwania roku szkolnego.... &nbsp; Wi\u0119cej...\" \/>\n<meta property=\"og:url\" content=\"https:\/\/www.zspswiecie.pl\/index.php\/zajecia-artystyczne-2\/\" \/>\n<meta property=\"og:site_name\" content=\"ZSP\" \/>\n<meta property=\"article:publisher\" content=\"https:\/\/www.facebook.com\/people\/Zesp-Szk-Ponadpodstawowych-w-wieciu\/100057638830230\/\" \/>\n<meta property=\"article:modified_time\" content=\"2021-11-22T20:55:26+00:00\" \/>\n<meta property=\"og:image\" content=\"http:\/\/www.zspswiecie.pl\/wp-content\/uploads\/2016\/03\/ZSP_budynek_szko%c5%82y_%c5%9bwiecie.jpg\" \/>\n<meta name=\"twitter:label1\" content=\"Szacowany czas czytania\" \/>\n\t<meta name=\"twitter:data1\" content=\"1 minuta\" \/>\n<script type=\"application\/ld+json\" class=\"yoast-schema-graph\">{\"@context\":\"https:\/\/schema.org\",\"@graph\":[{\"@type\":\"WebPage\",\"@id\":\"https:\/\/www.zspswiecie.pl\/index.php\/zajecia-artystyczne-2\/\",\"url\":\"https:\/\/www.zspswiecie.pl\/index.php\/zajecia-artystyczne-2\/\",\"name\":\"Zaj\u0119cia artystyczne - ZSP\",\"isPartOf\":{\"@id\":\"https:\/\/www.zspswiecie.pl\/#website\"},\"datePublished\":\"2017-03-03T21:03:00+00:00\",\"dateModified\":\"2021-11-22T20:55:26+00:00\",\"breadcrumb\":{\"@id\":\"https:\/\/www.zspswiecie.pl\/index.php\/zajecia-artystyczne-2\/#breadcrumb\"},\"inLanguage\":\"pl-PL\",\"potentialAction\":[{\"@type\":\"ReadAction\",\"target\":[\"https:\/\/www.zspswiecie.pl\/index.php\/zajecia-artystyczne-2\/\"]}]},{\"@type\":\"BreadcrumbList\",\"@id\":\"https:\/\/www.zspswiecie.pl\/index.php\/zajecia-artystyczne-2\/#breadcrumb\",\"itemListElement\":[{\"@type\":\"ListItem\",\"position\":1,\"name\":\"Strona g\u0142\u00f3wna\",\"item\":\"https:\/\/www.zspswiecie.pl\/index.php\/home\/strona-glowna\/\"},{\"@type\":\"ListItem\",\"position\":2,\"name\":\"Zaj\u0119cia artystyczne\"}]},{\"@type\":\"WebSite\",\"@id\":\"https:\/\/www.zspswiecie.pl\/#website\",\"url\":\"https:\/\/www.zspswiecie.pl\/\",\"name\":\"ZSP\",\"description\":\"Zesp\u00f3\u0142 Szk\u00f3\u0142 Ponadpodstawowych\",\"publisher\":{\"@id\":\"https:\/\/www.zspswiecie.pl\/#organization\"},\"potentialAction\":[{\"@type\":\"SearchAction\",\"target\":{\"@type\":\"EntryPoint\",\"urlTemplate\":\"https:\/\/www.zspswiecie.pl\/?s={search_term_string}\"},\"query-input\":{\"@type\":\"PropertyValueSpecification\",\"valueRequired\":true,\"valueName\":\"search_term_string\"}}],\"inLanguage\":\"pl-PL\"},{\"@type\":\"Organization\",\"@id\":\"https:\/\/www.zspswiecie.pl\/#organization\",\"name\":\"Zesp\u00f3\u0142 Szk\u00f3\u0142 Ponadpodstawowych\",\"url\":\"https:\/\/www.zspswiecie.pl\/\",\"logo\":{\"@type\":\"ImageObject\",\"inLanguage\":\"pl-PL\",\"@id\":\"https:\/\/www.zspswiecie.pl\/#\/schema\/logo\/image\/\",\"url\":\"http:\/\/www.zspswiecie.pl\/wp-content\/uploads\/2016\/03\/logo-zsp2.png\",\"contentUrl\":\"http:\/\/www.zspswiecie.pl\/wp-content\/uploads\/2016\/03\/logo-zsp2.png\",\"width\":449,\"height\":351,\"caption\":\"Zesp\u00f3\u0142 Szk\u00f3\u0142 Ponadpodstawowych\"},\"image\":{\"@id\":\"https:\/\/www.zspswiecie.pl\/#\/schema\/logo\/image\/\"},\"sameAs\":[\"https:\/\/www.facebook.com\/people\/Zesp-Szk-Ponadpodstawowych-w-wieciu\/100057638830230\/\"]}]}<\/script>\n<!-- \/ Yoast SEO plugin. -->","yoast_head_json":{"title":"Zaj\u0119cia artystyczne - ZSP","robots":{"index":"index","follow":"follow","max-snippet":"max-snippet:-1","max-image-preview":"max-image-preview:large","max-video-preview":"max-video-preview:-1"},"canonical":"https:\/\/www.zspswiecie.pl\/index.php\/zajecia-artystyczne-2\/","og_locale":"pl_PL","og_type":"article","og_title":"Zaj\u0119cia artystyczne - ZSP","og_description":"Grupa teatralna \u201eNietakt\u201d to przestrze\u0144 do dzia\u0142ania artystycznego dla wszystkich mi\u0142o\u015bnik\u00f3w r\u00f3\u017cnych form teatru. Mo\u017cna do niej do\u0142\u0105czy\u0107 przez ca\u0142y czas trwania roku szkolnego.... &nbsp; Wi\u0119cej...","og_url":"https:\/\/www.zspswiecie.pl\/index.php\/zajecia-artystyczne-2\/","og_site_name":"ZSP","article_publisher":"https:\/\/www.facebook.com\/people\/Zesp-Szk-Ponadpodstawowych-w-wieciu\/100057638830230\/","article_modified_time":"2021-11-22T20:55:26+00:00","og_image":[{"url":"http:\/\/www.zspswiecie.pl\/wp-content\/uploads\/2016\/03\/ZSP_budynek_szko%c5%82y_%c5%9bwiecie.jpg","type":"","width":"","height":""}],"twitter_misc":{"Szacowany czas czytania":"1 minuta"},"schema":{"@context":"https:\/\/schema.org","@graph":[{"@type":"WebPage","@id":"https:\/\/www.zspswiecie.pl\/index.php\/zajecia-artystyczne-2\/","url":"https:\/\/www.zspswiecie.pl\/index.php\/zajecia-artystyczne-2\/","name":"Zaj\u0119cia artystyczne - ZSP","isPartOf":{"@id":"https:\/\/www.zspswiecie.pl\/#website"},"datePublished":"2017-03-03T21:03:00+00:00","dateModified":"2021-11-22T20:55:26+00:00","breadcrumb":{"@id":"https:\/\/www.zspswiecie.pl\/index.php\/zajecia-artystyczne-2\/#breadcrumb"},"inLanguage":"pl-PL","potentialAction":[{"@type":"ReadAction","target":["https:\/\/www.zspswiecie.pl\/index.php\/zajecia-artystyczne-2\/"]}]},{"@type":"BreadcrumbList","@id":"https:\/\/www.zspswiecie.pl\/index.php\/zajecia-artystyczne-2\/#breadcrumb","itemListElement":[{"@type":"ListItem","position":1,"name":"Strona g\u0142\u00f3wna","item":"https:\/\/www.zspswiecie.pl\/index.php\/home\/strona-glowna\/"},{"@type":"ListItem","position":2,"name":"Zaj\u0119cia artystyczne"}]},{"@type":"WebSite","@id":"https:\/\/www.zspswiecie.pl\/#website","url":"https:\/\/www.zspswiecie.pl\/","name":"ZSP","description":"Zesp\u00f3\u0142 Szk\u00f3\u0142 Ponadpodstawowych","publisher":{"@id":"https:\/\/www.zspswiecie.pl\/#organization"},"potentialAction":[{"@type":"SearchAction","target":{"@type":"EntryPoint","urlTemplate":"https:\/\/www.zspswiecie.pl\/?s={search_term_string}"},"query-input":{"@type":"PropertyValueSpecification","valueRequired":true,"valueName":"search_term_string"}}],"inLanguage":"pl-PL"},{"@type":"Organization","@id":"https:\/\/www.zspswiecie.pl\/#organization","name":"Zesp\u00f3\u0142 Szk\u00f3\u0142 Ponadpodstawowych","url":"https:\/\/www.zspswiecie.pl\/","logo":{"@type":"ImageObject","inLanguage":"pl-PL","@id":"https:\/\/www.zspswiecie.pl\/#\/schema\/logo\/image\/","url":"http:\/\/www.zspswiecie.pl\/wp-content\/uploads\/2016\/03\/logo-zsp2.png","contentUrl":"http:\/\/www.zspswiecie.pl\/wp-content\/uploads\/2016\/03\/logo-zsp2.png","width":449,"height":351,"caption":"Zesp\u00f3\u0142 Szk\u00f3\u0142 Ponadpodstawowych"},"image":{"@id":"https:\/\/www.zspswiecie.pl\/#\/schema\/logo\/image\/"},"sameAs":["https:\/\/www.facebook.com\/people\/Zesp-Szk-Ponadpodstawowych-w-wieciu\/100057638830230\/"]}]}},"_links":{"self":[{"href":"https:\/\/www.zspswiecie.pl\/index.php\/wp-json\/wp\/v2\/pages\/2666","targetHints":{"allow":["GET"]}}],"collection":[{"href":"https:\/\/www.zspswiecie.pl\/index.php\/wp-json\/wp\/v2\/pages"}],"about":[{"href":"https:\/\/www.zspswiecie.pl\/index.php\/wp-json\/wp\/v2\/types\/page"}],"author":[{"embeddable":true,"href":"https:\/\/www.zspswiecie.pl\/index.php\/wp-json\/wp\/v2\/users\/2"}],"replies":[{"embeddable":true,"href":"https:\/\/www.zspswiecie.pl\/index.php\/wp-json\/wp\/v2\/comments?post=2666"}],"version-history":[{"count":10,"href":"https:\/\/www.zspswiecie.pl\/index.php\/wp-json\/wp\/v2\/pages\/2666\/revisions"}],"predecessor-version":[{"id":9734,"href":"https:\/\/www.zspswiecie.pl\/index.php\/wp-json\/wp\/v2\/pages\/2666\/revisions\/9734"}],"wp:attachment":[{"href":"https:\/\/www.zspswiecie.pl\/index.php\/wp-json\/wp\/v2\/media?parent=2666"}],"curies":[{"name":"wp","href":"https:\/\/api.w.org\/{rel}","templated":true}]}}