{"id":24,"date":"2016-03-07T09:35:14","date_gmt":"2016-03-07T08:35:14","guid":{"rendered":"http:\/\/nowa.zspswiecie.pl\/?page_id=24"},"modified":"2022-09-21T10:54:37","modified_gmt":"2022-09-21T08:54:37","slug":"pracownie","status":"publish","type":"page","link":"https:\/\/www.zspswiecie.pl\/index.php\/pracownie\/","title":{"rendered":"Pracownie przedmiot\u00f3w zawodowych"},"content":{"rendered":"<p><span style=\"color: #000000;\">Pracownia ekonomiczno-handlowa &#8211; sala 42, 42 a<br \/>\n<\/span><\/p>\n<div class=\"su-custom-gallery su-custom-gallery-align-left su-custom-gallery-title-never su-lightbox-gallery\"><div class=\"su-custom-gallery-slide\" style=\"width:200px;height:200px\"><a href=\"https:\/\/www.zspswiecie.pl\/wp-content\/uploads\/2016\/03\/pracowniaa.jpg\" title=\"pracowniaa\"><img loading=\"lazy\" decoding=\"async\" src=\"https:\/\/www.zspswiecie.pl\/wp-content\/uploads\/2016\/03\/pracowniaa-200x200.jpg\" alt=\"pracowniaa\" width=\"200\" height=\"200\" \/><span class=\"su-custom-gallery-title\">pracowniaa<\/span><\/a><\/div><div class=\"su-clear\"><\/div><\/div>\n<p><span style=\"color: #000000;\">Pracownia gastronomiczna &#8211; sala 4<\/span><\/p>\n<div class=\"su-custom-gallery su-custom-gallery-align-left su-custom-gallery-title-never su-lightbox-gallery\"><div class=\"su-custom-gallery-slide\" style=\"width:200px;height:200px\"><a href=\"https:\/\/www.zspswiecie.pl\/wp-content\/uploads\/2016\/03\/pracownia_-gastronomiczna.jpg\" title=\"pracownia_ gastronomiczna\"><img loading=\"lazy\" decoding=\"async\" src=\"https:\/\/www.zspswiecie.pl\/wp-content\/uploads\/2016\/03\/pracownia_-gastronomiczna-200x200.jpg\" alt=\"pracownia_ gastronomiczna\" width=\"200\" height=\"200\" \/><span class=\"su-custom-gallery-title\">pracownia_ gastronomiczna<\/span><\/a><\/div><div class=\"su-custom-gallery-slide\" style=\"width:200px;height:200px\"><a href=\"https:\/\/www.zspswiecie.pl\/wp-content\/uploads\/2020\/03\/P10101581.jpg\" title=\"\"><img loading=\"lazy\" decoding=\"async\" src=\"https:\/\/www.zspswiecie.pl\/wp-content\/uploads\/2020\/03\/P10101581-200x200.jpg\" alt=\"\" width=\"200\" height=\"200\" \/><\/a><\/div><div class=\"su-clear\"><\/div><\/div>\n<p><span style=\"color: #000000;\">Pracownie informatyczne &#8211; sala 59, 60,61A, A, B,C<\/span><\/p>\n<p><span style=\"color: #000000;\">Pracownia hotelarstwa &#8211; sala D<\/span><\/p>\n<div class=\"su-custom-gallery su-custom-gallery-align-left su-custom-gallery-title-never su-lightbox-gallery\"><div class=\"su-custom-gallery-slide\" style=\"width:200px;height:200px\"><a href=\"https:\/\/www.zspswiecie.pl\/wp-content\/uploads\/2016\/03\/P1010170.jpg\" title=\"OLYMPUS DIGITAL CAMERA\"><img loading=\"lazy\" decoding=\"async\" src=\"https:\/\/www.zspswiecie.pl\/wp-content\/uploads\/2016\/03\/P1010170-200x200.jpg\" alt=\"OLYMPUS DIGITAL CAMERA\" width=\"200\" height=\"200\" \/><span class=\"su-custom-gallery-title\">OLYMPUS DIGITAL CAMERA<\/span><\/a><\/div><div class=\"su-custom-gallery-slide\" style=\"width:200px;height:200px\"><a href=\"https:\/\/www.zspswiecie.pl\/wp-content\/uploads\/2016\/03\/P1010171.jpg\" title=\"OLYMPUS DIGITAL CAMERA\"><img loading=\"lazy\" decoding=\"async\" src=\"https:\/\/www.zspswiecie.pl\/wp-content\/uploads\/2016\/03\/P1010171-200x200.jpg\" alt=\"OLYMPUS DIGITAL CAMERA\" width=\"200\" height=\"200\" \/><span class=\"su-custom-gallery-title\">OLYMPUS DIGITAL CAMERA<\/span><\/a><\/div><div class=\"su-custom-gallery-slide\" style=\"width:200px;height:200px\"><a href=\"https:\/\/www.zspswiecie.pl\/wp-content\/uploads\/2016\/03\/P1010174.jpg\" title=\"OLYMPUS DIGITAL CAMERA\"><img loading=\"lazy\" decoding=\"async\" src=\"https:\/\/www.zspswiecie.pl\/wp-content\/uploads\/2016\/03\/P1010174-200x200.jpg\" alt=\"OLYMPUS DIGITAL CAMERA\" width=\"200\" height=\"200\" \/><span class=\"su-custom-gallery-title\">OLYMPUS DIGITAL CAMERA<\/span><\/a><\/div><div class=\"su-custom-gallery-slide\" style=\"width:200px;height:200px\"><a href=\"https:\/\/www.zspswiecie.pl\/wp-content\/uploads\/2020\/03\/P1010166.jpg\" title=\"\"><img loading=\"lazy\" decoding=\"async\" src=\"https:\/\/www.zspswiecie.pl\/wp-content\/uploads\/2020\/03\/P1010166-200x200.jpg\" alt=\"\" width=\"200\" height=\"200\" \/><\/a><\/div><div class=\"su-clear\"><\/div><\/div>\n<p><span style=\"color: #000000;\">Pracownia logistyczna &#8211; sala W6<br \/>\n<\/span><\/p>\n<p><span style=\"color: #000000;\"><div class=\"su-custom-gallery su-custom-gallery-align-left su-custom-gallery-title-never su-lightbox-gallery\"><div class=\"su-custom-gallery-slide\" style=\"width:200px;height:200px\"><a href=\"https:\/\/www.zspswiecie.pl\/wp-content\/uploads\/2016\/03\/pracownia-logistyczna.jpg\" title=\"pracownia logistyczna\"><img loading=\"lazy\" decoding=\"async\" src=\"https:\/\/www.zspswiecie.pl\/wp-content\/uploads\/2016\/03\/pracownia-logistyczna-200x200.jpg\" alt=\"pracownia logistyczna\" width=\"200\" height=\"200\" \/><span class=\"su-custom-gallery-title\">pracownia logistyczna<\/span><\/a><\/div><div class=\"su-custom-gallery-slide\" style=\"width:200px;height:200px\"><a href=\"https:\/\/www.zspswiecie.pl\/wp-content\/uploads\/2016\/03\/zsp_swiecie_slider_05.jpg\" title=\"zsp_swiecie_slider_05\"><img loading=\"lazy\" decoding=\"async\" src=\"https:\/\/www.zspswiecie.pl\/wp-content\/uploads\/2016\/03\/zsp_swiecie_slider_05-200x200.jpg\" alt=\"zsp_swiecie_slider_05\" width=\"200\" height=\"200\" \/><span class=\"su-custom-gallery-title\">zsp_swiecie_slider_05<\/span><\/a><\/div><div class=\"su-custom-gallery-slide\" style=\"width:200px;height:200px\"><a href=\"https:\/\/www.zspswiecie.pl\/wp-content\/uploads\/2016\/03\/zsp_swiecie_slider_04.jpg\" title=\"zsp_swiecie_slider_04\"><img loading=\"lazy\" decoding=\"async\" src=\"https:\/\/www.zspswiecie.pl\/wp-content\/uploads\/2016\/03\/zsp_swiecie_slider_04-200x200.jpg\" alt=\"zsp_swiecie_slider_04\" width=\"200\" height=\"200\" \/><span class=\"su-custom-gallery-title\">zsp_swiecie_slider_04<\/span><\/a><\/div><div class=\"su-custom-gallery-slide\" style=\"width:200px;height:200px\"><a href=\"https:\/\/www.zspswiecie.pl\/wp-content\/uploads\/2016\/04\/DSCF3814-Kopia.jpg\" title=\"DSCF3814 &#8211; Kopia\"><img loading=\"lazy\" decoding=\"async\" src=\"https:\/\/www.zspswiecie.pl\/wp-content\/uploads\/2016\/04\/DSCF3814-Kopia-200x200.jpg\" alt=\"DSCF3814 &#8211; Kopia\" width=\"200\" height=\"200\" \/><span class=\"su-custom-gallery-title\">DSCF3814 &#8211; Kopia<\/span><\/a><\/div><div class=\"su-clear\"><\/div><\/div><\/span><\/p>\n<p><span style=\"color: #000000;\">Pracownia mechaniczna &#8211; sala W4<\/span><\/p>\n<div class=\"su-custom-gallery su-custom-gallery-align-left su-custom-gallery-title-never su-lightbox-gallery\"><div class=\"su-custom-gallery-slide\" style=\"width:200px;height:200px\"><a href=\"https:\/\/www.zspswiecie.pl\/wp-content\/uploads\/2016\/03\/zsp_swiecie_slider_06.jpg\" title=\"zsp_swiecie_slider_06\"><img loading=\"lazy\" decoding=\"async\" src=\"https:\/\/www.zspswiecie.pl\/wp-content\/uploads\/2016\/03\/zsp_swiecie_slider_06-200x200.jpg\" alt=\"zsp_swiecie_slider_06\" width=\"200\" height=\"200\" \/><span class=\"su-custom-gallery-title\">zsp_swiecie_slider_06<\/span><\/a><\/div><div class=\"su-clear\"><\/div><\/div>\n<p><span style=\"color: #000000;\">Pracownia mechatroniczna &#8211; sala W1 A , W1B<br \/>\n<\/span><\/p>\n<p><span style=\"color: #000000;\"><div class=\"su-custom-gallery su-custom-gallery-align-left su-custom-gallery-title-never su-lightbox-gallery\"><div class=\"su-custom-gallery-slide\" style=\"width:200px;height:200px\"><a href=\"https:\/\/www.zspswiecie.pl\/wp-content\/uploads\/2016\/03\/zsp_swiecie_slider_03.jpg\" title=\"zsp_swiecie_slider_03\"><img loading=\"lazy\" decoding=\"async\" src=\"https:\/\/www.zspswiecie.pl\/wp-content\/uploads\/2016\/03\/zsp_swiecie_slider_03-200x200.jpg\" alt=\"zsp_swiecie_slider_03\" width=\"200\" height=\"200\" \/><span class=\"su-custom-gallery-title\">zsp_swiecie_slider_03<\/span><\/a><\/div><div class=\"su-custom-gallery-slide\" style=\"width:200px;height:200px\"><a href=\"https:\/\/www.zspswiecie.pl\/wp-content\/uploads\/2016\/03\/zsp_swiecie_slider_02.jpg\" title=\"zsp_swiecie_slider_02\"><img loading=\"lazy\" decoding=\"async\" src=\"https:\/\/www.zspswiecie.pl\/wp-content\/uploads\/2016\/03\/zsp_swiecie_slider_02-200x200.jpg\" alt=\"zsp_swiecie_slider_02\" width=\"200\" height=\"200\" \/><span class=\"su-custom-gallery-title\">zsp_swiecie_slider_02<\/span><\/a><\/div><div class=\"su-clear\"><\/div><\/div><\/span><\/p>\n<p><span style=\"color: #000000;\">Pracownia \u015blusarska\u00a0 &#8211; warsztaty szkolne<\/span><\/p>\n<div class=\"su-custom-gallery su-custom-gallery-align-left su-custom-gallery-title-never su-lightbox-gallery\"><div class=\"su-custom-gallery-slide\" style=\"width:200px;height:200px\"><a href=\"https:\/\/www.zspswiecie.pl\/wp-content\/uploads\/2016\/03\/pracownia-\u015blusarska-1.jpg\" title=\"pracownia \u015blusarska 1\"><img loading=\"lazy\" decoding=\"async\" src=\"https:\/\/www.zspswiecie.pl\/wp-content\/uploads\/2016\/03\/pracownia-\u015blusarska-1-200x200.jpg\" alt=\"pracownia \u015blusarska 1\" width=\"200\" height=\"200\" \/><span class=\"su-custom-gallery-title\">pracownia \u015blusarska 1<\/span><\/a><\/div><div class=\"su-custom-gallery-slide\" style=\"width:200px;height:200px\"><a href=\"https:\/\/www.zspswiecie.pl\/wp-content\/uploads\/2016\/05\/pracownia-\u015blusarska.jpg\" title=\"pracownia \u015blusarska\"><img loading=\"lazy\" decoding=\"async\" src=\"https:\/\/www.zspswiecie.pl\/wp-content\/uploads\/2016\/05\/pracownia-\u015blusarska-200x200.jpg\" alt=\"pracownia \u015blusarska\" width=\"200\" height=\"200\" \/><span class=\"su-custom-gallery-title\">pracownia \u015blusarska<\/span><\/a><\/div><div class=\"su-clear\"><\/div><\/div>\n<p><span style=\"color: #000000;\">Pracownia monterska &#8211; warsztaty szkolne<\/span><\/p>\n<p><span style=\"color: #000000;\">\u00a0<\/span><\/p>\n","protected":false},"excerpt":{"rendered":"<p>Pracownia ekonomiczno-handlowa &#8211; sala 42, 42 a Pracownia gastronomiczna &#8211; sala 4 Pracownie informatyczne &#8211; sala 59, 60,61A, A, B,C Pracownia hotelarstwa &#8211; sala&#8230; &nbsp; <a href=\"https:\/\/www.zspswiecie.pl\/index.php\/pracownie\/\" class=\"moretag\">Wi\u0119cej&#8230;<\/a><\/p>\n","protected":false},"author":1,"featured_media":0,"parent":0,"menu_order":0,"comment_status":"open","ping_status":"open","template":"page-fullwidth.php","meta":{"footnotes":""},"class_list":["post-24","page","type-page","status-publish","hentry"],"yoast_head":"<!-- This site is optimized with the Yoast SEO plugin v26.8 - https:\/\/yoast.com\/product\/yoast-seo-wordpress\/ -->\n<title>Pracownie przedmiot\u00f3w zawodowych - ZSP<\/title>\n<meta name=\"robots\" content=\"index, follow, max-snippet:-1, max-image-preview:large, max-video-preview:-1\" \/>\n<link rel=\"canonical\" href=\"https:\/\/www.zspswiecie.pl\/index.php\/pracownie\/\" \/>\n<meta property=\"og:locale\" content=\"pl_PL\" \/>\n<meta property=\"og:type\" content=\"article\" \/>\n<meta property=\"og:title\" content=\"Pracownie przedmiot\u00f3w zawodowych - ZSP\" \/>\n<meta property=\"og:description\" content=\"Pracownia ekonomiczno-handlowa &#8211; sala 42, 42 a Pracownia gastronomiczna &#8211; sala 4 Pracownie informatyczne &#8211; sala 59, 60,61A, A, B,C Pracownia hotelarstwa &#8211; sala... &nbsp; Wi\u0119cej...\" \/>\n<meta property=\"og:url\" content=\"https:\/\/www.zspswiecie.pl\/index.php\/pracownie\/\" \/>\n<meta property=\"og:site_name\" content=\"ZSP\" \/>\n<meta property=\"article:publisher\" content=\"https:\/\/www.facebook.com\/people\/Zesp-Szk-Ponadpodstawowych-w-wieciu\/100057638830230\/\" \/>\n<meta property=\"article:modified_time\" content=\"2022-09-21T08:54:37+00:00\" \/>\n<meta property=\"og:image\" content=\"http:\/\/www.zspswiecie.pl\/wp-content\/uploads\/2016\/03\/ZSP_budynek_szko%c5%82y_%c5%9bwiecie.jpg\" \/>\n<meta name=\"twitter:label1\" content=\"Szacowany czas czytania\" \/>\n\t<meta name=\"twitter:data1\" content=\"1 minuta\" \/>\n<script type=\"application\/ld+json\" class=\"yoast-schema-graph\">{\"@context\":\"https:\/\/schema.org\",\"@graph\":[{\"@type\":\"WebPage\",\"@id\":\"https:\/\/www.zspswiecie.pl\/index.php\/pracownie\/\",\"url\":\"https:\/\/www.zspswiecie.pl\/index.php\/pracownie\/\",\"name\":\"Pracownie przedmiot\u00f3w zawodowych - ZSP\",\"isPartOf\":{\"@id\":\"https:\/\/www.zspswiecie.pl\/#website\"},\"datePublished\":\"2016-03-07T08:35:14+00:00\",\"dateModified\":\"2022-09-21T08:54:37+00:00\",\"breadcrumb\":{\"@id\":\"https:\/\/www.zspswiecie.pl\/index.php\/pracownie\/#breadcrumb\"},\"inLanguage\":\"pl-PL\",\"potentialAction\":[{\"@type\":\"ReadAction\",\"target\":[\"https:\/\/www.zspswiecie.pl\/index.php\/pracownie\/\"]}]},{\"@type\":\"BreadcrumbList\",\"@id\":\"https:\/\/www.zspswiecie.pl\/index.php\/pracownie\/#breadcrumb\",\"itemListElement\":[{\"@type\":\"ListItem\",\"position\":1,\"name\":\"Strona g\u0142\u00f3wna\",\"item\":\"https:\/\/www.zspswiecie.pl\/index.php\/home\/strona-glowna\/\"},{\"@type\":\"ListItem\",\"position\":2,\"name\":\"Pracownie przedmiot\u00f3w zawodowych\"}]},{\"@type\":\"WebSite\",\"@id\":\"https:\/\/www.zspswiecie.pl\/#website\",\"url\":\"https:\/\/www.zspswiecie.pl\/\",\"name\":\"ZSP\",\"description\":\"Zesp\u00f3\u0142 Szk\u00f3\u0142 Ponadpodstawowych\",\"publisher\":{\"@id\":\"https:\/\/www.zspswiecie.pl\/#organization\"},\"potentialAction\":[{\"@type\":\"SearchAction\",\"target\":{\"@type\":\"EntryPoint\",\"urlTemplate\":\"https:\/\/www.zspswiecie.pl\/?s={search_term_string}\"},\"query-input\":{\"@type\":\"PropertyValueSpecification\",\"valueRequired\":true,\"valueName\":\"search_term_string\"}}],\"inLanguage\":\"pl-PL\"},{\"@type\":\"Organization\",\"@id\":\"https:\/\/www.zspswiecie.pl\/#organization\",\"name\":\"Zesp\u00f3\u0142 Szk\u00f3\u0142 Ponadpodstawowych\",\"url\":\"https:\/\/www.zspswiecie.pl\/\",\"logo\":{\"@type\":\"ImageObject\",\"inLanguage\":\"pl-PL\",\"@id\":\"https:\/\/www.zspswiecie.pl\/#\/schema\/logo\/image\/\",\"url\":\"http:\/\/www.zspswiecie.pl\/wp-content\/uploads\/2016\/03\/logo-zsp2.png\",\"contentUrl\":\"http:\/\/www.zspswiecie.pl\/wp-content\/uploads\/2016\/03\/logo-zsp2.png\",\"width\":449,\"height\":351,\"caption\":\"Zesp\u00f3\u0142 Szk\u00f3\u0142 Ponadpodstawowych\"},\"image\":{\"@id\":\"https:\/\/www.zspswiecie.pl\/#\/schema\/logo\/image\/\"},\"sameAs\":[\"https:\/\/www.facebook.com\/people\/Zesp-Szk-Ponadpodstawowych-w-wieciu\/100057638830230\/\"]}]}<\/script>\n<!-- \/ Yoast SEO plugin. -->","yoast_head_json":{"title":"Pracownie przedmiot\u00f3w zawodowych - ZSP","robots":{"index":"index","follow":"follow","max-snippet":"max-snippet:-1","max-image-preview":"max-image-preview:large","max-video-preview":"max-video-preview:-1"},"canonical":"https:\/\/www.zspswiecie.pl\/index.php\/pracownie\/","og_locale":"pl_PL","og_type":"article","og_title":"Pracownie przedmiot\u00f3w zawodowych - ZSP","og_description":"Pracownia ekonomiczno-handlowa &#8211; sala 42, 42 a Pracownia gastronomiczna &#8211; sala 4 Pracownie informatyczne &#8211; sala 59, 60,61A, A, B,C Pracownia hotelarstwa &#8211; sala... &nbsp; Wi\u0119cej...","og_url":"https:\/\/www.zspswiecie.pl\/index.php\/pracownie\/","og_site_name":"ZSP","article_publisher":"https:\/\/www.facebook.com\/people\/Zesp-Szk-Ponadpodstawowych-w-wieciu\/100057638830230\/","article_modified_time":"2022-09-21T08:54:37+00:00","og_image":[{"url":"http:\/\/www.zspswiecie.pl\/wp-content\/uploads\/2016\/03\/ZSP_budynek_szko%c5%82y_%c5%9bwiecie.jpg","type":"","width":"","height":""}],"twitter_misc":{"Szacowany czas czytania":"1 minuta"},"schema":{"@context":"https:\/\/schema.org","@graph":[{"@type":"WebPage","@id":"https:\/\/www.zspswiecie.pl\/index.php\/pracownie\/","url":"https:\/\/www.zspswiecie.pl\/index.php\/pracownie\/","name":"Pracownie przedmiot\u00f3w zawodowych - ZSP","isPartOf":{"@id":"https:\/\/www.zspswiecie.pl\/#website"},"datePublished":"2016-03-07T08:35:14+00:00","dateModified":"2022-09-21T08:54:37+00:00","breadcrumb":{"@id":"https:\/\/www.zspswiecie.pl\/index.php\/pracownie\/#breadcrumb"},"inLanguage":"pl-PL","potentialAction":[{"@type":"ReadAction","target":["https:\/\/www.zspswiecie.pl\/index.php\/pracownie\/"]}]},{"@type":"BreadcrumbList","@id":"https:\/\/www.zspswiecie.pl\/index.php\/pracownie\/#breadcrumb","itemListElement":[{"@type":"ListItem","position":1,"name":"Strona g\u0142\u00f3wna","item":"https:\/\/www.zspswiecie.pl\/index.php\/home\/strona-glowna\/"},{"@type":"ListItem","position":2,"name":"Pracownie przedmiot\u00f3w zawodowych"}]},{"@type":"WebSite","@id":"https:\/\/www.zspswiecie.pl\/#website","url":"https:\/\/www.zspswiecie.pl\/","name":"ZSP","description":"Zesp\u00f3\u0142 Szk\u00f3\u0142 Ponadpodstawowych","publisher":{"@id":"https:\/\/www.zspswiecie.pl\/#organization"},"potentialAction":[{"@type":"SearchAction","target":{"@type":"EntryPoint","urlTemplate":"https:\/\/www.zspswiecie.pl\/?s={search_term_string}"},"query-input":{"@type":"PropertyValueSpecification","valueRequired":true,"valueName":"search_term_string"}}],"inLanguage":"pl-PL"},{"@type":"Organization","@id":"https:\/\/www.zspswiecie.pl\/#organization","name":"Zesp\u00f3\u0142 Szk\u00f3\u0142 Ponadpodstawowych","url":"https:\/\/www.zspswiecie.pl\/","logo":{"@type":"ImageObject","inLanguage":"pl-PL","@id":"https:\/\/www.zspswiecie.pl\/#\/schema\/logo\/image\/","url":"http:\/\/www.zspswiecie.pl\/wp-content\/uploads\/2016\/03\/logo-zsp2.png","contentUrl":"http:\/\/www.zspswiecie.pl\/wp-content\/uploads\/2016\/03\/logo-zsp2.png","width":449,"height":351,"caption":"Zesp\u00f3\u0142 Szk\u00f3\u0142 Ponadpodstawowych"},"image":{"@id":"https:\/\/www.zspswiecie.pl\/#\/schema\/logo\/image\/"},"sameAs":["https:\/\/www.facebook.com\/people\/Zesp-Szk-Ponadpodstawowych-w-wieciu\/100057638830230\/"]}]}},"_links":{"self":[{"href":"https:\/\/www.zspswiecie.pl\/index.php\/wp-json\/wp\/v2\/pages\/24","targetHints":{"allow":["GET"]}}],"collection":[{"href":"https:\/\/www.zspswiecie.pl\/index.php\/wp-json\/wp\/v2\/pages"}],"about":[{"href":"https:\/\/www.zspswiecie.pl\/index.php\/wp-json\/wp\/v2\/types\/page"}],"author":[{"embeddable":true,"href":"https:\/\/www.zspswiecie.pl\/index.php\/wp-json\/wp\/v2\/users\/1"}],"replies":[{"embeddable":true,"href":"https:\/\/www.zspswiecie.pl\/index.php\/wp-json\/wp\/v2\/comments?post=24"}],"version-history":[{"count":22,"href":"https:\/\/www.zspswiecie.pl\/index.php\/wp-json\/wp\/v2\/pages\/24\/revisions"}],"predecessor-version":[{"id":10694,"href":"https:\/\/www.zspswiecie.pl\/index.php\/wp-json\/wp\/v2\/pages\/24\/revisions\/10694"}],"wp:attachment":[{"href":"https:\/\/www.zspswiecie.pl\/index.php\/wp-json\/wp\/v2\/media?parent=24"}],"curies":[{"name":"wp","href":"https:\/\/api.w.org\/{rel}","templated":true}]}}