{"id":230,"date":"2016-03-14T09:21:46","date_gmt":"2016-03-14T08:21:46","guid":{"rendered":"http:\/\/nowa.zspswiecie.pl\/?page_id=230"},"modified":"2024-09-09T13:39:20","modified_gmt":"2024-09-09T11:39:20","slug":"pliki-do-pobrania","status":"publish","type":"page","link":"https:\/\/www.zspswiecie.pl\/index.php\/pliki-do-pobrania\/","title":{"rendered":"Pliki do pobrania"},"content":{"rendered":"<p><span style=\"color: #000000;\">Pliki pdf<\/span><\/p>\n<ul>\n<li><a href=\"https:\/\/www.zspswiecie.pl\/wp-content\/uploads\/2022\/11\/praktyka.pdf\">Za\u015bwiadczenie o przyj\u0119ciu ucznia na praktyczn\u0105 nauk\u0119 zawodu<\/a><\/li>\n<li><a href=\"https:\/\/www.zspswiecie.pl\/wp-content\/uploads\/2019\/11\/Ocena_pracodawca_I_sem.pdf\" target=\"_blank\" rel=\"noopener noreferrer\">Ocena z zaj\u0119\u0107 praktycznych na I p\u00f3\u0142rocze<\/a><\/li>\n<li><a href=\"https:\/\/www.zspswiecie.pl\/wp-content\/uploads\/2020\/05\/Ocena_pracodawca_koniec_roku_szkolnego.pdf\" target=\"_blank\" rel=\"noopener noreferrer\">Ocena z zaj\u0119\u0107 praktycznych na koniec roku szkolnego (kl. I i II)<\/a><\/li>\n<li><a href=\"https:\/\/www.zspswiecie.pl\/wp-content\/uploads\/2020\/05\/Ocena_pracodawca_zako\u0144czenie_nauki.pdf\" target=\"_blank\" rel=\"noopener noreferrer\">Ocena z zaj\u0119\u0107 praktycznych na zako\u0144czenie nauki (kl.III)<\/a><\/li>\n<\/ul>\n<p><a href=\"https:\/\/www.zspswiecie.pl\/wp-content\/uploads\/2020\/09\/Deklaracja_dostepnosci.pdf\" target=\"_blank\" rel=\"noopener noreferrer\">Deklaracja dost\u0119pno\u015bci strony internetowej<\/a><\/p>\n\n\n<div data-wp-interactive=\"core\/file\" class=\"wp-block-file\"><object data-wp-bind--hidden=\"!state.hasPdfPreview\" hidden class=\"wp-block-file__embed\" data=\"https:\/\/www.zspswiecie.pl\/wp-content\/uploads\/2024\/09\/klasy24_25.pdf\" type=\"application\/pdf\" style=\"width:100%;height:600px\" aria-label=\"Osadzone z klasy24_25.\"><\/object><a id=\"wp-block-file--media-a790a0b4-ea42-4a97-99cc-7b0201b93e1e\" href=\"https:\/\/www.zspswiecie.pl\/wp-content\/uploads\/2024\/09\/klasy24_25.pdf\">klasy24_25<\/a><a href=\"https:\/\/www.zspswiecie.pl\/wp-content\/uploads\/2024\/09\/klasy24_25.pdf\" class=\"wp-block-file__button wp-element-button\" download aria-describedby=\"wp-block-file--media-a790a0b4-ea42-4a97-99cc-7b0201b93e1e\">Pobierz<\/a><\/div>\n","protected":false},"excerpt":{"rendered":"<p>Pliki pdf Za\u015bwiadczenie o przyj\u0119ciu ucznia na praktyczn\u0105 nauk\u0119 zawodu Ocena z zaj\u0119\u0107 praktycznych na I p\u00f3\u0142rocze Ocena z zaj\u0119\u0107 praktycznych na koniec roku&#8230; &nbsp; <a href=\"https:\/\/www.zspswiecie.pl\/index.php\/pliki-do-pobrania\/\" class=\"moretag\">Wi\u0119cej&#8230;<\/a><\/p>\n","protected":false},"author":1,"featured_media":0,"parent":0,"menu_order":0,"comment_status":"open","ping_status":"open","template":"page-fullwidth.php","meta":{"footnotes":""},"class_list":["post-230","page","type-page","status-publish","hentry"],"yoast_head":"<!-- This site is optimized with the Yoast SEO plugin v26.8 - https:\/\/yoast.com\/product\/yoast-seo-wordpress\/ -->\n<title>Pliki do pobrania - ZSP<\/title>\n<meta name=\"robots\" content=\"index, follow, max-snippet:-1, max-image-preview:large, max-video-preview:-1\" \/>\n<link rel=\"canonical\" href=\"https:\/\/www.zspswiecie.pl\/index.php\/pliki-do-pobrania\/\" \/>\n<meta property=\"og:locale\" content=\"pl_PL\" \/>\n<meta property=\"og:type\" content=\"article\" \/>\n<meta property=\"og:title\" content=\"Pliki do pobrania - ZSP\" \/>\n<meta property=\"og:description\" content=\"Pliki pdf Za\u015bwiadczenie o przyj\u0119ciu ucznia na praktyczn\u0105 nauk\u0119 zawodu Ocena z zaj\u0119\u0107 praktycznych na I p\u00f3\u0142rocze Ocena z zaj\u0119\u0107 praktycznych na koniec roku... &nbsp; Wi\u0119cej...\" \/>\n<meta property=\"og:url\" content=\"https:\/\/www.zspswiecie.pl\/index.php\/pliki-do-pobrania\/\" \/>\n<meta property=\"og:site_name\" content=\"ZSP\" \/>\n<meta property=\"article:publisher\" content=\"https:\/\/www.facebook.com\/people\/Zesp-Szk-Ponadpodstawowych-w-wieciu\/100057638830230\/\" \/>\n<meta property=\"article:modified_time\" content=\"2024-09-09T11:39:20+00:00\" \/>\n<meta property=\"og:image\" content=\"http:\/\/www.zspswiecie.pl\/wp-content\/uploads\/2016\/03\/ZSP_budynek_szko%c5%82y_%c5%9bwiecie.jpg\" \/>\n<meta name=\"twitter:label1\" content=\"Szacowany czas czytania\" \/>\n\t<meta name=\"twitter:data1\" content=\"1 minuta\" \/>\n<script type=\"application\/ld+json\" class=\"yoast-schema-graph\">{\"@context\":\"https:\/\/schema.org\",\"@graph\":[{\"@type\":\"WebPage\",\"@id\":\"https:\/\/www.zspswiecie.pl\/index.php\/pliki-do-pobrania\/\",\"url\":\"https:\/\/www.zspswiecie.pl\/index.php\/pliki-do-pobrania\/\",\"name\":\"Pliki do pobrania - ZSP\",\"isPartOf\":{\"@id\":\"https:\/\/www.zspswiecie.pl\/#website\"},\"datePublished\":\"2016-03-14T08:21:46+00:00\",\"dateModified\":\"2024-09-09T11:39:20+00:00\",\"breadcrumb\":{\"@id\":\"https:\/\/www.zspswiecie.pl\/index.php\/pliki-do-pobrania\/#breadcrumb\"},\"inLanguage\":\"pl-PL\",\"potentialAction\":[{\"@type\":\"ReadAction\",\"target\":[\"https:\/\/www.zspswiecie.pl\/index.php\/pliki-do-pobrania\/\"]}]},{\"@type\":\"BreadcrumbList\",\"@id\":\"https:\/\/www.zspswiecie.pl\/index.php\/pliki-do-pobrania\/#breadcrumb\",\"itemListElement\":[{\"@type\":\"ListItem\",\"position\":1,\"name\":\"Strona g\u0142\u00f3wna\",\"item\":\"https:\/\/www.zspswiecie.pl\/index.php\/home\/strona-glowna\/\"},{\"@type\":\"ListItem\",\"position\":2,\"name\":\"Pliki do pobrania\"}]},{\"@type\":\"WebSite\",\"@id\":\"https:\/\/www.zspswiecie.pl\/#website\",\"url\":\"https:\/\/www.zspswiecie.pl\/\",\"name\":\"ZSP\",\"description\":\"Zesp\u00f3\u0142 Szk\u00f3\u0142 Ponadpodstawowych\",\"publisher\":{\"@id\":\"https:\/\/www.zspswiecie.pl\/#organization\"},\"potentialAction\":[{\"@type\":\"SearchAction\",\"target\":{\"@type\":\"EntryPoint\",\"urlTemplate\":\"https:\/\/www.zspswiecie.pl\/?s={search_term_string}\"},\"query-input\":{\"@type\":\"PropertyValueSpecification\",\"valueRequired\":true,\"valueName\":\"search_term_string\"}}],\"inLanguage\":\"pl-PL\"},{\"@type\":\"Organization\",\"@id\":\"https:\/\/www.zspswiecie.pl\/#organization\",\"name\":\"Zesp\u00f3\u0142 Szk\u00f3\u0142 Ponadpodstawowych\",\"url\":\"https:\/\/www.zspswiecie.pl\/\",\"logo\":{\"@type\":\"ImageObject\",\"inLanguage\":\"pl-PL\",\"@id\":\"https:\/\/www.zspswiecie.pl\/#\/schema\/logo\/image\/\",\"url\":\"http:\/\/www.zspswiecie.pl\/wp-content\/uploads\/2016\/03\/logo-zsp2.png\",\"contentUrl\":\"http:\/\/www.zspswiecie.pl\/wp-content\/uploads\/2016\/03\/logo-zsp2.png\",\"width\":449,\"height\":351,\"caption\":\"Zesp\u00f3\u0142 Szk\u00f3\u0142 Ponadpodstawowych\"},\"image\":{\"@id\":\"https:\/\/www.zspswiecie.pl\/#\/schema\/logo\/image\/\"},\"sameAs\":[\"https:\/\/www.facebook.com\/people\/Zesp-Szk-Ponadpodstawowych-w-wieciu\/100057638830230\/\"]}]}<\/script>\n<!-- \/ Yoast SEO plugin. -->","yoast_head_json":{"title":"Pliki do pobrania - ZSP","robots":{"index":"index","follow":"follow","max-snippet":"max-snippet:-1","max-image-preview":"max-image-preview:large","max-video-preview":"max-video-preview:-1"},"canonical":"https:\/\/www.zspswiecie.pl\/index.php\/pliki-do-pobrania\/","og_locale":"pl_PL","og_type":"article","og_title":"Pliki do pobrania - ZSP","og_description":"Pliki pdf Za\u015bwiadczenie o przyj\u0119ciu ucznia na praktyczn\u0105 nauk\u0119 zawodu Ocena z zaj\u0119\u0107 praktycznych na I p\u00f3\u0142rocze Ocena z zaj\u0119\u0107 praktycznych na koniec roku... &nbsp; Wi\u0119cej...","og_url":"https:\/\/www.zspswiecie.pl\/index.php\/pliki-do-pobrania\/","og_site_name":"ZSP","article_publisher":"https:\/\/www.facebook.com\/people\/Zesp-Szk-Ponadpodstawowych-w-wieciu\/100057638830230\/","article_modified_time":"2024-09-09T11:39:20+00:00","og_image":[{"url":"http:\/\/www.zspswiecie.pl\/wp-content\/uploads\/2016\/03\/ZSP_budynek_szko%c5%82y_%c5%9bwiecie.jpg","type":"","width":"","height":""}],"twitter_misc":{"Szacowany czas czytania":"1 minuta"},"schema":{"@context":"https:\/\/schema.org","@graph":[{"@type":"WebPage","@id":"https:\/\/www.zspswiecie.pl\/index.php\/pliki-do-pobrania\/","url":"https:\/\/www.zspswiecie.pl\/index.php\/pliki-do-pobrania\/","name":"Pliki do pobrania - ZSP","isPartOf":{"@id":"https:\/\/www.zspswiecie.pl\/#website"},"datePublished":"2016-03-14T08:21:46+00:00","dateModified":"2024-09-09T11:39:20+00:00","breadcrumb":{"@id":"https:\/\/www.zspswiecie.pl\/index.php\/pliki-do-pobrania\/#breadcrumb"},"inLanguage":"pl-PL","potentialAction":[{"@type":"ReadAction","target":["https:\/\/www.zspswiecie.pl\/index.php\/pliki-do-pobrania\/"]}]},{"@type":"BreadcrumbList","@id":"https:\/\/www.zspswiecie.pl\/index.php\/pliki-do-pobrania\/#breadcrumb","itemListElement":[{"@type":"ListItem","position":1,"name":"Strona g\u0142\u00f3wna","item":"https:\/\/www.zspswiecie.pl\/index.php\/home\/strona-glowna\/"},{"@type":"ListItem","position":2,"name":"Pliki do pobrania"}]},{"@type":"WebSite","@id":"https:\/\/www.zspswiecie.pl\/#website","url":"https:\/\/www.zspswiecie.pl\/","name":"ZSP","description":"Zesp\u00f3\u0142 Szk\u00f3\u0142 Ponadpodstawowych","publisher":{"@id":"https:\/\/www.zspswiecie.pl\/#organization"},"potentialAction":[{"@type":"SearchAction","target":{"@type":"EntryPoint","urlTemplate":"https:\/\/www.zspswiecie.pl\/?s={search_term_string}"},"query-input":{"@type":"PropertyValueSpecification","valueRequired":true,"valueName":"search_term_string"}}],"inLanguage":"pl-PL"},{"@type":"Organization","@id":"https:\/\/www.zspswiecie.pl\/#organization","name":"Zesp\u00f3\u0142 Szk\u00f3\u0142 Ponadpodstawowych","url":"https:\/\/www.zspswiecie.pl\/","logo":{"@type":"ImageObject","inLanguage":"pl-PL","@id":"https:\/\/www.zspswiecie.pl\/#\/schema\/logo\/image\/","url":"http:\/\/www.zspswiecie.pl\/wp-content\/uploads\/2016\/03\/logo-zsp2.png","contentUrl":"http:\/\/www.zspswiecie.pl\/wp-content\/uploads\/2016\/03\/logo-zsp2.png","width":449,"height":351,"caption":"Zesp\u00f3\u0142 Szk\u00f3\u0142 Ponadpodstawowych"},"image":{"@id":"https:\/\/www.zspswiecie.pl\/#\/schema\/logo\/image\/"},"sameAs":["https:\/\/www.facebook.com\/people\/Zesp-Szk-Ponadpodstawowych-w-wieciu\/100057638830230\/"]}]}},"_links":{"self":[{"href":"https:\/\/www.zspswiecie.pl\/index.php\/wp-json\/wp\/v2\/pages\/230","targetHints":{"allow":["GET"]}}],"collection":[{"href":"https:\/\/www.zspswiecie.pl\/index.php\/wp-json\/wp\/v2\/pages"}],"about":[{"href":"https:\/\/www.zspswiecie.pl\/index.php\/wp-json\/wp\/v2\/types\/page"}],"author":[{"embeddable":true,"href":"https:\/\/www.zspswiecie.pl\/index.php\/wp-json\/wp\/v2\/users\/1"}],"replies":[{"embeddable":true,"href":"https:\/\/www.zspswiecie.pl\/index.php\/wp-json\/wp\/v2\/comments?post=230"}],"version-history":[{"count":36,"href":"https:\/\/www.zspswiecie.pl\/index.php\/wp-json\/wp\/v2\/pages\/230\/revisions"}],"predecessor-version":[{"id":13754,"href":"https:\/\/www.zspswiecie.pl\/index.php\/wp-json\/wp\/v2\/pages\/230\/revisions\/13754"}],"wp:attachment":[{"href":"https:\/\/www.zspswiecie.pl\/index.php\/wp-json\/wp\/v2\/media?parent=230"}],"curies":[{"name":"wp","href":"https:\/\/api.w.org\/{rel}","templated":true}]}}