{"id":20,"date":"2016-03-07T09:34:42","date_gmt":"2016-03-07T08:34:42","guid":{"rendered":"http:\/\/nowa.zspswiecie.pl\/?page_id=20"},"modified":"2026-04-01T14:38:05","modified_gmt":"2026-04-01T12:38:05","slug":"internat-zsp-swiecie","status":"publish","type":"page","link":"https:\/\/www.zspswiecie.pl\/index.php\/internat-zsp-swiecie\/","title":{"rendered":"Internat"},"content":{"rendered":"\n<p><mark style=\"background-color:rgba(0, 0, 0, 0)\" class=\"has-inline-color has-black-color\">INTERNAT ZESPO\u0141U SZK\u00d3\u0141 PONADPODSTAWOWYCH W \u015aWIECIU<\/mark><\/p>\n\n\n\n<p><mark style=\"background-color:rgba(0, 0, 0, 0)\" class=\"has-inline-color has-black-color\">Internat jest czynny od godz. 17.00 w niedziel\u0119 do godziny 16.00&nbsp; w pi\u0105tek.<\/mark><\/p>\n\n\n\n<p><mark style=\"background-color:rgba(0, 0, 0, 0)\" class=\"has-inline-color has-black-color\"><strong>Rekrutacja do internatu na rok szkolny 2026\/2027\u00a0 <\/strong>w terminie 11.05 &#8211; 19.06.2026r.<\/mark><\/p>\n\n\n\n<p><mark style=\"background-color:rgba(0, 0, 0, 0)\" class=\"has-inline-color has-black-color\">Podanie o przyj\u0119cie do Internatu Zespo\u0142u Szk\u00f3\u0142 Ponadpodstawowych<\/mark><\/p>\n\n\n\n<p><strong><mark style=\"background-color:rgba(0, 0, 0, 0)\" class=\"has-inline-color has-black-color\"><\/mark><\/strong><\/p>\n\n\n\n<div data-wp-interactive=\"core\/file\" class=\"wp-block-file\"><object data-wp-bind--hidden=\"!state.hasPdfPreview\" hidden class=\"wp-block-file__embed\" data=\"https:\/\/www.zspswiecie.pl\/wp-content\/uploads\/2026\/04\/internat_2026.pdf\" type=\"application\/pdf\" style=\"width:100%;height:600px\" aria-label=\"Osadzone z internat_2026.\"><\/object><a id=\"wp-block-file--media-9df79754-9400-4bb5-a277-9cf2d4577613\" href=\"https:\/\/www.zspswiecie.pl\/wp-content\/uploads\/2026\/04\/internat_2026.pdf\">internat_2026<\/a><a href=\"https:\/\/www.zspswiecie.pl\/wp-content\/uploads\/2026\/04\/internat_2026.pdf\" class=\"wp-block-file__button wp-element-button\" download aria-describedby=\"wp-block-file--media-9df79754-9400-4bb5-a277-9cf2d4577613\">Pobierz<\/a><\/div>\n\n\n<p style=\"text-align: center;\"><span style=\"color: #000000;\"><strong>Koszty pobytu i wy\u017cywienia <br \/><\/strong><\/span><\/p>\n<p><span style=\"color: #000000;\"><u>Uczniowie ZSP i szk\u00f3\u0142 zlokalizowanych w \u015awieciu.\u00a0<\/u><\/span><\/p>\n<p><span style=\"color: #000000;\">Zakwaterowanie: 80,00 z\u0142 miesi\u0119czne<\/span><\/p>\n<p><span style=\"color: #000000;\">18 z\u0142 stawka dzienna od poniedzia\u0142ku do czwartku<\/span><\/p>\n<p><span style=\"color: #000000;\">13 z\u0142 stawka dzienna w pi\u0105tek<\/span><\/p>\n<p><span style=\"color: #000000;\">Wy\u017cywienie:<\/span><\/p>\n<p><span style=\"color: #000000;\">5 z\u0142 &#8211; \u015bniadanie<\/span><\/p>\n<p><span style=\"color: #000000;\">8 z\u0142 &#8211; obiad<\/span><\/p>\n<p><span style=\"color: #000000;\">5 z\u0142 &#8211; kolacja<\/span><\/p>\n<p><span style=\"color: #000000;\">Posi\u0142ki wydawane s\u0105 od \u015bniadania w poniedzia\u0142ek do obiadu w pi\u0105tek. <br \/><\/span><\/p>\n<p><span style=\"color: #000000;\">P\u0142atno\u015bci w formie przelewu z 14-dniowym terminem licz\u0105c od daty wystawienia dokumentu.<\/span><\/p>\n<p><span style=\"color: #000000;\">Pokoje 3 i 4-oosobowe<\/span><\/p>\n\n\n<figure class=\"wp-block-gallery has-nested-images columns-default is-cropped wp-block-gallery-1 is-layout-flex wp-block-gallery-is-layout-flex\">\n<figure class=\"wp-block-image size-large\"><img loading=\"lazy\" decoding=\"async\" width=\"1200\" height=\"900\" data-id=\"8934\" src=\"https:\/\/www.zspswiecie.pl\/wp-content\/uploads\/2021\/03\/20210329_105515-1200x900.jpg\" alt=\"\" class=\"wp-image-8934\" srcset=\"https:\/\/www.zspswiecie.pl\/wp-content\/uploads\/2021\/03\/20210329_105515-1200x900.jpg 1200w, https:\/\/www.zspswiecie.pl\/wp-content\/uploads\/2021\/03\/20210329_105515-300x225.jpg 300w, https:\/\/www.zspswiecie.pl\/wp-content\/uploads\/2021\/03\/20210329_105515-768x576.jpg 768w, https:\/\/www.zspswiecie.pl\/wp-content\/uploads\/2021\/03\/20210329_105515-1536x1152.jpg 1536w, https:\/\/www.zspswiecie.pl\/wp-content\/uploads\/2021\/03\/20210329_105515-2048x1536.jpg 2048w\" sizes=\"auto, (max-width: 1200px) 100vw, 1200px\" \/><\/figure>\n\n\n\n<figure class=\"wp-block-image size-large\"><img loading=\"lazy\" decoding=\"async\" width=\"1200\" height=\"900\" data-id=\"8935\" src=\"https:\/\/www.zspswiecie.pl\/wp-content\/uploads\/2021\/03\/20210329_105600-1200x900.jpg\" alt=\"\" class=\"wp-image-8935\" srcset=\"https:\/\/www.zspswiecie.pl\/wp-content\/uploads\/2021\/03\/20210329_105600-1200x900.jpg 1200w, https:\/\/www.zspswiecie.pl\/wp-content\/uploads\/2021\/03\/20210329_105600-300x225.jpg 300w, https:\/\/www.zspswiecie.pl\/wp-content\/uploads\/2021\/03\/20210329_105600-768x576.jpg 768w, https:\/\/www.zspswiecie.pl\/wp-content\/uploads\/2021\/03\/20210329_105600-1536x1152.jpg 1536w, https:\/\/www.zspswiecie.pl\/wp-content\/uploads\/2021\/03\/20210329_105600-2048x1536.jpg 2048w\" sizes=\"auto, (max-width: 1200px) 100vw, 1200px\" \/><\/figure>\n\n\n\n<figure class=\"wp-block-image size-large\"><img loading=\"lazy\" decoding=\"async\" width=\"1200\" height=\"900\" data-id=\"8936\" src=\"https:\/\/www.zspswiecie.pl\/wp-content\/uploads\/2021\/03\/20210329_105237-1200x900.jpg\" alt=\"\" class=\"wp-image-8936\" srcset=\"https:\/\/www.zspswiecie.pl\/wp-content\/uploads\/2021\/03\/20210329_105237-1200x900.jpg 1200w, https:\/\/www.zspswiecie.pl\/wp-content\/uploads\/2021\/03\/20210329_105237-300x225.jpg 300w, https:\/\/www.zspswiecie.pl\/wp-content\/uploads\/2021\/03\/20210329_105237-768x576.jpg 768w, https:\/\/www.zspswiecie.pl\/wp-content\/uploads\/2021\/03\/20210329_105237-1536x1152.jpg 1536w, https:\/\/www.zspswiecie.pl\/wp-content\/uploads\/2021\/03\/20210329_105237-2048x1536.jpg 2048w\" sizes=\"auto, (max-width: 1200px) 100vw, 1200px\" \/><\/figure>\n\n\n\n<figure class=\"wp-block-image size-large\"><img loading=\"lazy\" decoding=\"async\" width=\"1200\" height=\"900\" data-id=\"8937\" src=\"https:\/\/www.zspswiecie.pl\/wp-content\/uploads\/2021\/03\/20210329_105256-1200x900.jpg\" alt=\"\" class=\"wp-image-8937\" srcset=\"https:\/\/www.zspswiecie.pl\/wp-content\/uploads\/2021\/03\/20210329_105256-1200x900.jpg 1200w, https:\/\/www.zspswiecie.pl\/wp-content\/uploads\/2021\/03\/20210329_105256-300x225.jpg 300w, https:\/\/www.zspswiecie.pl\/wp-content\/uploads\/2021\/03\/20210329_105256-768x576.jpg 768w, https:\/\/www.zspswiecie.pl\/wp-content\/uploads\/2021\/03\/20210329_105256-1536x1152.jpg 1536w, https:\/\/www.zspswiecie.pl\/wp-content\/uploads\/2021\/03\/20210329_105256-2048x1536.jpg 2048w\" sizes=\"auto, (max-width: 1200px) 100vw, 1200px\" \/><\/figure>\n\n\n\n<figure class=\"wp-block-image size-large\"><img loading=\"lazy\" decoding=\"async\" width=\"1200\" height=\"900\" data-id=\"8938\" src=\"https:\/\/www.zspswiecie.pl\/wp-content\/uploads\/2021\/03\/20210329_105341-1200x900.jpg\" alt=\"\" class=\"wp-image-8938\" srcset=\"https:\/\/www.zspswiecie.pl\/wp-content\/uploads\/2021\/03\/20210329_105341-1200x900.jpg 1200w, https:\/\/www.zspswiecie.pl\/wp-content\/uploads\/2021\/03\/20210329_105341-300x225.jpg 300w, https:\/\/www.zspswiecie.pl\/wp-content\/uploads\/2021\/03\/20210329_105341-768x576.jpg 768w, https:\/\/www.zspswiecie.pl\/wp-content\/uploads\/2021\/03\/20210329_105341-1536x1152.jpg 1536w, https:\/\/www.zspswiecie.pl\/wp-content\/uploads\/2021\/03\/20210329_105341-2048x1536.jpg 2048w\" sizes=\"auto, (max-width: 1200px) 100vw, 1200px\" \/><\/figure>\n\n\n\n<figure class=\"wp-block-image size-large\"><img loading=\"lazy\" decoding=\"async\" width=\"1200\" height=\"900\" data-id=\"8940\" src=\"https:\/\/www.zspswiecie.pl\/wp-content\/uploads\/2021\/03\/20210329_105408-1200x900.jpg\" alt=\"\" class=\"wp-image-8940\" srcset=\"https:\/\/www.zspswiecie.pl\/wp-content\/uploads\/2021\/03\/20210329_105408-1200x900.jpg 1200w, https:\/\/www.zspswiecie.pl\/wp-content\/uploads\/2021\/03\/20210329_105408-300x225.jpg 300w, https:\/\/www.zspswiecie.pl\/wp-content\/uploads\/2021\/03\/20210329_105408-768x576.jpg 768w, https:\/\/www.zspswiecie.pl\/wp-content\/uploads\/2021\/03\/20210329_105408-1536x1152.jpg 1536w, https:\/\/www.zspswiecie.pl\/wp-content\/uploads\/2021\/03\/20210329_105408-2048x1536.jpg 2048w\" sizes=\"auto, (max-width: 1200px) 100vw, 1200px\" \/><\/figure>\n<\/figure>\n","protected":false},"excerpt":{"rendered":"<p>INTERNAT ZESPO\u0141U SZK\u00d3\u0141 PONADPODSTAWOWYCH W \u015aWIECIU Internat jest czynny od godz. 17.00 w niedziel\u0119 do godziny 16.00&nbsp; w pi\u0105tek. Rekrutacja do internatu na rok&#8230; &nbsp; <a href=\"https:\/\/www.zspswiecie.pl\/index.php\/internat-zsp-swiecie\/\" class=\"moretag\">Wi\u0119cej&#8230;<\/a><\/p>\n","protected":false},"author":1,"featured_media":0,"parent":0,"menu_order":0,"comment_status":"open","ping_status":"open","template":"page-fullwidth.php","meta":{"footnotes":""},"class_list":["post-20","page","type-page","status-publish","hentry"],"yoast_head":"<!-- This site is optimized with the Yoast SEO plugin v26.8 - https:\/\/yoast.com\/product\/yoast-seo-wordpress\/ -->\n<title>Internat - ZSP \u015awiecie<\/title>\n<meta name=\"robots\" content=\"index, follow, max-snippet:-1, max-image-preview:large, max-video-preview:-1\" \/>\n<link rel=\"canonical\" href=\"https:\/\/www.zspswiecie.pl\/index.php\/internat-zsp-swiecie\/\" \/>\n<meta property=\"og:locale\" content=\"pl_PL\" \/>\n<meta property=\"og:type\" content=\"article\" \/>\n<meta property=\"og:title\" content=\"Internat - ZSP \u015awiecie\" \/>\n<meta property=\"og:description\" content=\"INTERNAT ZESPO\u0141U SZK\u00d3\u0141 PONADPODSTAWOWYCH W \u015aWIECIU Internat jest czynny od godz. 17.00 w niedziel\u0119 do godziny 16.00&nbsp; w pi\u0105tek. Rekrutacja do internatu na rok... &nbsp; Wi\u0119cej...\" \/>\n<meta property=\"og:url\" content=\"https:\/\/www.zspswiecie.pl\/index.php\/internat-zsp-swiecie\/\" \/>\n<meta property=\"og:site_name\" content=\"ZSP\" \/>\n<meta property=\"article:publisher\" content=\"https:\/\/www.facebook.com\/people\/Zesp-Szk-Ponadpodstawowych-w-wieciu\/100057638830230\/\" \/>\n<meta property=\"article:modified_time\" content=\"2026-04-01T12:38:05+00:00\" \/>\n<meta property=\"og:image\" content=\"http:\/\/www.zspswiecie.pl\/wp-content\/uploads\/2021\/03\/20210329_105515-1200x900.jpg\" \/>\n<meta name=\"twitter:label1\" content=\"Szacowany czas czytania\" \/>\n\t<meta name=\"twitter:data1\" content=\"2 minuty\" \/>\n<script type=\"application\/ld+json\" class=\"yoast-schema-graph\">{\"@context\":\"https:\/\/schema.org\",\"@graph\":[{\"@type\":\"WebPage\",\"@id\":\"https:\/\/www.zspswiecie.pl\/index.php\/internat-zsp-swiecie\/\",\"url\":\"https:\/\/www.zspswiecie.pl\/index.php\/internat-zsp-swiecie\/\",\"name\":\"Internat - ZSP \u015awiecie\",\"isPartOf\":{\"@id\":\"https:\/\/www.zspswiecie.pl\/#website\"},\"primaryImageOfPage\":{\"@id\":\"https:\/\/www.zspswiecie.pl\/index.php\/internat-zsp-swiecie\/#primaryimage\"},\"image\":{\"@id\":\"https:\/\/www.zspswiecie.pl\/index.php\/internat-zsp-swiecie\/#primaryimage\"},\"thumbnailUrl\":\"http:\/\/www.zspswiecie.pl\/wp-content\/uploads\/2021\/03\/20210329_105515-1200x900.jpg\",\"datePublished\":\"2016-03-07T08:34:42+00:00\",\"dateModified\":\"2026-04-01T12:38:05+00:00\",\"breadcrumb\":{\"@id\":\"https:\/\/www.zspswiecie.pl\/index.php\/internat-zsp-swiecie\/#breadcrumb\"},\"inLanguage\":\"pl-PL\",\"potentialAction\":[{\"@type\":\"ReadAction\",\"target\":[\"https:\/\/www.zspswiecie.pl\/index.php\/internat-zsp-swiecie\/\"]}]},{\"@type\":\"ImageObject\",\"inLanguage\":\"pl-PL\",\"@id\":\"https:\/\/www.zspswiecie.pl\/index.php\/internat-zsp-swiecie\/#primaryimage\",\"url\":\"http:\/\/www.zspswiecie.pl\/wp-content\/uploads\/2021\/03\/20210329_105515-1200x900.jpg\",\"contentUrl\":\"http:\/\/www.zspswiecie.pl\/wp-content\/uploads\/2021\/03\/20210329_105515-1200x900.jpg\"},{\"@type\":\"BreadcrumbList\",\"@id\":\"https:\/\/www.zspswiecie.pl\/index.php\/internat-zsp-swiecie\/#breadcrumb\",\"itemListElement\":[{\"@type\":\"ListItem\",\"position\":1,\"name\":\"Strona g\u0142\u00f3wna\",\"item\":\"https:\/\/www.zspswiecie.pl\/index.php\/home\/strona-glowna\/\"},{\"@type\":\"ListItem\",\"position\":2,\"name\":\"Internat\"}]},{\"@type\":\"WebSite\",\"@id\":\"https:\/\/www.zspswiecie.pl\/#website\",\"url\":\"https:\/\/www.zspswiecie.pl\/\",\"name\":\"ZSP\",\"description\":\"Zesp\u00f3\u0142 Szk\u00f3\u0142 Ponadpodstawowych\",\"publisher\":{\"@id\":\"https:\/\/www.zspswiecie.pl\/#organization\"},\"potentialAction\":[{\"@type\":\"SearchAction\",\"target\":{\"@type\":\"EntryPoint\",\"urlTemplate\":\"https:\/\/www.zspswiecie.pl\/?s={search_term_string}\"},\"query-input\":{\"@type\":\"PropertyValueSpecification\",\"valueRequired\":true,\"valueName\":\"search_term_string\"}}],\"inLanguage\":\"pl-PL\"},{\"@type\":\"Organization\",\"@id\":\"https:\/\/www.zspswiecie.pl\/#organization\",\"name\":\"Zesp\u00f3\u0142 Szk\u00f3\u0142 Ponadpodstawowych\",\"url\":\"https:\/\/www.zspswiecie.pl\/\",\"logo\":{\"@type\":\"ImageObject\",\"inLanguage\":\"pl-PL\",\"@id\":\"https:\/\/www.zspswiecie.pl\/#\/schema\/logo\/image\/\",\"url\":\"http:\/\/www.zspswiecie.pl\/wp-content\/uploads\/2016\/03\/logo-zsp2.png\",\"contentUrl\":\"http:\/\/www.zspswiecie.pl\/wp-content\/uploads\/2016\/03\/logo-zsp2.png\",\"width\":449,\"height\":351,\"caption\":\"Zesp\u00f3\u0142 Szk\u00f3\u0142 Ponadpodstawowych\"},\"image\":{\"@id\":\"https:\/\/www.zspswiecie.pl\/#\/schema\/logo\/image\/\"},\"sameAs\":[\"https:\/\/www.facebook.com\/people\/Zesp-Szk-Ponadpodstawowych-w-wieciu\/100057638830230\/\"]}]}<\/script>\n<!-- \/ Yoast SEO plugin. -->","yoast_head_json":{"title":"Internat - ZSP \u015awiecie","robots":{"index":"index","follow":"follow","max-snippet":"max-snippet:-1","max-image-preview":"max-image-preview:large","max-video-preview":"max-video-preview:-1"},"canonical":"https:\/\/www.zspswiecie.pl\/index.php\/internat-zsp-swiecie\/","og_locale":"pl_PL","og_type":"article","og_title":"Internat - ZSP \u015awiecie","og_description":"INTERNAT ZESPO\u0141U SZK\u00d3\u0141 PONADPODSTAWOWYCH W \u015aWIECIU Internat jest czynny od godz. 17.00 w niedziel\u0119 do godziny 16.00&nbsp; w pi\u0105tek. Rekrutacja do internatu na rok... &nbsp; Wi\u0119cej...","og_url":"https:\/\/www.zspswiecie.pl\/index.php\/internat-zsp-swiecie\/","og_site_name":"ZSP","article_publisher":"https:\/\/www.facebook.com\/people\/Zesp-Szk-Ponadpodstawowych-w-wieciu\/100057638830230\/","article_modified_time":"2026-04-01T12:38:05+00:00","og_image":[{"url":"http:\/\/www.zspswiecie.pl\/wp-content\/uploads\/2021\/03\/20210329_105515-1200x900.jpg","type":"","width":"","height":""}],"twitter_misc":{"Szacowany czas czytania":"2 minuty"},"schema":{"@context":"https:\/\/schema.org","@graph":[{"@type":"WebPage","@id":"https:\/\/www.zspswiecie.pl\/index.php\/internat-zsp-swiecie\/","url":"https:\/\/www.zspswiecie.pl\/index.php\/internat-zsp-swiecie\/","name":"Internat - ZSP \u015awiecie","isPartOf":{"@id":"https:\/\/www.zspswiecie.pl\/#website"},"primaryImageOfPage":{"@id":"https:\/\/www.zspswiecie.pl\/index.php\/internat-zsp-swiecie\/#primaryimage"},"image":{"@id":"https:\/\/www.zspswiecie.pl\/index.php\/internat-zsp-swiecie\/#primaryimage"},"thumbnailUrl":"http:\/\/www.zspswiecie.pl\/wp-content\/uploads\/2021\/03\/20210329_105515-1200x900.jpg","datePublished":"2016-03-07T08:34:42+00:00","dateModified":"2026-04-01T12:38:05+00:00","breadcrumb":{"@id":"https:\/\/www.zspswiecie.pl\/index.php\/internat-zsp-swiecie\/#breadcrumb"},"inLanguage":"pl-PL","potentialAction":[{"@type":"ReadAction","target":["https:\/\/www.zspswiecie.pl\/index.php\/internat-zsp-swiecie\/"]}]},{"@type":"ImageObject","inLanguage":"pl-PL","@id":"https:\/\/www.zspswiecie.pl\/index.php\/internat-zsp-swiecie\/#primaryimage","url":"http:\/\/www.zspswiecie.pl\/wp-content\/uploads\/2021\/03\/20210329_105515-1200x900.jpg","contentUrl":"http:\/\/www.zspswiecie.pl\/wp-content\/uploads\/2021\/03\/20210329_105515-1200x900.jpg"},{"@type":"BreadcrumbList","@id":"https:\/\/www.zspswiecie.pl\/index.php\/internat-zsp-swiecie\/#breadcrumb","itemListElement":[{"@type":"ListItem","position":1,"name":"Strona g\u0142\u00f3wna","item":"https:\/\/www.zspswiecie.pl\/index.php\/home\/strona-glowna\/"},{"@type":"ListItem","position":2,"name":"Internat"}]},{"@type":"WebSite","@id":"https:\/\/www.zspswiecie.pl\/#website","url":"https:\/\/www.zspswiecie.pl\/","name":"ZSP","description":"Zesp\u00f3\u0142 Szk\u00f3\u0142 Ponadpodstawowych","publisher":{"@id":"https:\/\/www.zspswiecie.pl\/#organization"},"potentialAction":[{"@type":"SearchAction","target":{"@type":"EntryPoint","urlTemplate":"https:\/\/www.zspswiecie.pl\/?s={search_term_string}"},"query-input":{"@type":"PropertyValueSpecification","valueRequired":true,"valueName":"search_term_string"}}],"inLanguage":"pl-PL"},{"@type":"Organization","@id":"https:\/\/www.zspswiecie.pl\/#organization","name":"Zesp\u00f3\u0142 Szk\u00f3\u0142 Ponadpodstawowych","url":"https:\/\/www.zspswiecie.pl\/","logo":{"@type":"ImageObject","inLanguage":"pl-PL","@id":"https:\/\/www.zspswiecie.pl\/#\/schema\/logo\/image\/","url":"http:\/\/www.zspswiecie.pl\/wp-content\/uploads\/2016\/03\/logo-zsp2.png","contentUrl":"http:\/\/www.zspswiecie.pl\/wp-content\/uploads\/2016\/03\/logo-zsp2.png","width":449,"height":351,"caption":"Zesp\u00f3\u0142 Szk\u00f3\u0142 Ponadpodstawowych"},"image":{"@id":"https:\/\/www.zspswiecie.pl\/#\/schema\/logo\/image\/"},"sameAs":["https:\/\/www.facebook.com\/people\/Zesp-Szk-Ponadpodstawowych-w-wieciu\/100057638830230\/"]}]}},"_links":{"self":[{"href":"https:\/\/www.zspswiecie.pl\/index.php\/wp-json\/wp\/v2\/pages\/20","targetHints":{"allow":["GET"]}}],"collection":[{"href":"https:\/\/www.zspswiecie.pl\/index.php\/wp-json\/wp\/v2\/pages"}],"about":[{"href":"https:\/\/www.zspswiecie.pl\/index.php\/wp-json\/wp\/v2\/types\/page"}],"author":[{"embeddable":true,"href":"https:\/\/www.zspswiecie.pl\/index.php\/wp-json\/wp\/v2\/users\/1"}],"replies":[{"embeddable":true,"href":"https:\/\/www.zspswiecie.pl\/index.php\/wp-json\/wp\/v2\/comments?post=20"}],"version-history":[{"count":43,"href":"https:\/\/www.zspswiecie.pl\/index.php\/wp-json\/wp\/v2\/pages\/20\/revisions"}],"predecessor-version":[{"id":16030,"href":"https:\/\/www.zspswiecie.pl\/index.php\/wp-json\/wp\/v2\/pages\/20\/revisions\/16030"}],"wp:attachment":[{"href":"https:\/\/www.zspswiecie.pl\/index.php\/wp-json\/wp\/v2\/media?parent=20"}],"curies":[{"name":"wp","href":"https:\/\/api.w.org\/{rel}","templated":true}]}}