{"id":195,"date":"2016-03-14T08:50:02","date_gmt":"2016-03-14T07:50:02","guid":{"rendered":"http:\/\/nowa.zspswiecie.pl\/?page_id=195"},"modified":"2023-07-03T19:44:56","modified_gmt":"2023-07-03T17:44:56","slug":"podreczniki","status":"publish","type":"page","link":"https:\/\/www.zspswiecie.pl\/index.php\/podreczniki\/","title":{"rendered":"WYKAZ PODR\u0118CZNIK\u00d3W"},"content":{"rendered":"<h2 style=\"text-align: center;\"><span style=\"color: #000000;\">Rok szkolny 2023\/2024<\/span><\/h2>\n<p style=\"text-align: center;\"><a href=\"https:\/\/www.zspswiecie.pl\/wp-content\/uploads\/2023\/07\/podreczniki_L_T.pdf\" target=\"_blank\" rel=\"noopener\"><span style=\"color: #000000;\"><span style=\"color: #003366;\">WYKAZ PODR\u0118CZNIK\u00d3W DLA KLASY I LICEUM i TECHNIKUM<\/span><\/span><\/a><\/p>\n<p style=\"text-align: center;\"><a href=\"https:\/\/www.zspswiecie.pl\/wp-content\/uploads\/2023\/07\/podreczniki_BS.pdf\" target=\"_blank\" rel=\"noopener\"><span style=\"color: #003366;\">WYKAZ PODR\u0118CZNIK\u00d3W DLA KLASY I BRAN\u017bOWEJ SZKO\u0141Y I STOPNIA<\/span><\/a><\/p>\n<p style=\"text-align: center;\"><span style=\"color: #003366;\"><a href=\"https:\/\/www.zspswiecie.pl\/wp-content\/uploads\/2023\/07\/podreczniki_zawodowe.pdf\" target=\"_blank\" rel=\"noopener\">WYKAZ PODR\u0118CZNIK\u00d3W DO PRZEDMIOT\u00d3W ZAWODOWYCH<\/a> <\/span><\/p>\n<p style=\"text-align: center;\"><span style=\"color: #000000;\">Zapraszamy na coroczny kiermasz podr\u0119cznik\u00f3w, kt\u00f3ry odb\u0119dzie si\u0119 w w miesi\u0105cu wrze\u015bniu<br \/><\/span><\/p>\n<p>\u00a0<\/p>\n<p><span style=\"color: #000000;\"><strong>Klasy starsze<br \/><\/strong><\/span><\/p>\n<p><span style=\"color: #000000;\">Lista podr\u0119cznik\u00f3w dla klas starszych jest kontynuacj\u0105 nauczania. <\/span><span style=\"color: #000000;\">Uczniowie\u00a0 b\u0119d\u0105 mogli naby\u0107 podr\u0119czniki\u00a0 r\u00f3wnie\u017c na kiermaszu.<\/span><\/p>\n<p>\u00a0<\/p>\n\n<a href=\"https:\/\/www.zspswiecie.pl\/wp-content\/uploads\/2023\/07\/podreczniki_zawodowe.pdf\" class=\"pdfemb-viewer\" style=\"\" data-width=\"max\" data-height=\"max\" data-toolbar=\"bottom\" data-toolbar-fixed=\"off\">podreczniki_zawodowe<\/a>\n<p class=\"wp-block-pdfemb-pdf-embedder-viewer\"><\/p>\n","protected":false},"excerpt":{"rendered":"<p>Rok szkolny 2023\/2024 WYKAZ PODR\u0118CZNIK\u00d3W DLA KLASY I LICEUM i TECHNIKUM WYKAZ PODR\u0118CZNIK\u00d3W DLA KLASY I BRAN\u017bOWEJ SZKO\u0141Y I STOPNIA WYKAZ PODR\u0118CZNIK\u00d3W DO PRZEDMIOT\u00d3W&#8230; &nbsp; <a href=\"https:\/\/www.zspswiecie.pl\/index.php\/podreczniki\/\" class=\"moretag\">Wi\u0119cej&#8230;<\/a><\/p>\n","protected":false},"author":1,"featured_media":1650,"parent":0,"menu_order":0,"comment_status":"open","ping_status":"open","template":"page-fullwidth.php","meta":{"footnotes":""},"class_list":["post-195","page","type-page","status-publish","has-post-thumbnail","hentry"],"yoast_head":"<!-- This site is optimized with the Yoast SEO plugin v26.8 - https:\/\/yoast.com\/product\/yoast-seo-wordpress\/ -->\n<title>WYKAZ PODR\u0118CZNIK\u00d3W - ZSP<\/title>\n<meta name=\"robots\" content=\"index, follow, max-snippet:-1, max-image-preview:large, max-video-preview:-1\" \/>\n<link rel=\"canonical\" href=\"https:\/\/www.zspswiecie.pl\/index.php\/podreczniki\/\" \/>\n<meta property=\"og:locale\" content=\"pl_PL\" \/>\n<meta property=\"og:type\" content=\"article\" \/>\n<meta property=\"og:title\" content=\"WYKAZ PODR\u0118CZNIK\u00d3W - ZSP\" \/>\n<meta property=\"og:description\" content=\"Rok szkolny 2023\/2024 WYKAZ PODR\u0118CZNIK\u00d3W DLA KLASY I LICEUM i TECHNIKUM WYKAZ PODR\u0118CZNIK\u00d3W DLA KLASY I BRAN\u017bOWEJ SZKO\u0141Y I STOPNIA WYKAZ PODR\u0118CZNIK\u00d3W DO PRZEDMIOT\u00d3W... &nbsp; Wi\u0119cej...\" \/>\n<meta property=\"og:url\" content=\"https:\/\/www.zspswiecie.pl\/index.php\/podreczniki\/\" \/>\n<meta property=\"og:site_name\" content=\"ZSP\" \/>\n<meta property=\"article:publisher\" content=\"https:\/\/www.facebook.com\/people\/Zesp-Szk-Ponadpodstawowych-w-wieciu\/100057638830230\/\" \/>\n<meta property=\"article:modified_time\" content=\"2023-07-03T17:44:56+00:00\" \/>\n<meta property=\"og:image\" content=\"https:\/\/www.zspswiecie.pl\/wp-content\/uploads\/2016\/07\/podreczniki-470x330.jpg\" \/>\n\t<meta property=\"og:image:width\" content=\"470\" \/>\n\t<meta property=\"og:image:height\" content=\"330\" \/>\n\t<meta property=\"og:image:type\" content=\"image\/jpeg\" \/>\n<meta name=\"twitter:label1\" content=\"Szacowany czas czytania\" \/>\n\t<meta name=\"twitter:data1\" content=\"1 minuta\" \/>\n<script type=\"application\/ld+json\" class=\"yoast-schema-graph\">{\"@context\":\"https:\/\/schema.org\",\"@graph\":[{\"@type\":\"WebPage\",\"@id\":\"https:\/\/www.zspswiecie.pl\/index.php\/podreczniki\/\",\"url\":\"https:\/\/www.zspswiecie.pl\/index.php\/podreczniki\/\",\"name\":\"WYKAZ PODR\u0118CZNIK\u00d3W - ZSP\",\"isPartOf\":{\"@id\":\"https:\/\/www.zspswiecie.pl\/#website\"},\"primaryImageOfPage\":{\"@id\":\"https:\/\/www.zspswiecie.pl\/index.php\/podreczniki\/#primaryimage\"},\"image\":{\"@id\":\"https:\/\/www.zspswiecie.pl\/index.php\/podreczniki\/#primaryimage\"},\"thumbnailUrl\":\"https:\/\/www.zspswiecie.pl\/wp-content\/uploads\/2016\/07\/podreczniki-470x330.jpg\",\"datePublished\":\"2016-03-14T07:50:02+00:00\",\"dateModified\":\"2023-07-03T17:44:56+00:00\",\"breadcrumb\":{\"@id\":\"https:\/\/www.zspswiecie.pl\/index.php\/podreczniki\/#breadcrumb\"},\"inLanguage\":\"pl-PL\",\"potentialAction\":[{\"@type\":\"ReadAction\",\"target\":[\"https:\/\/www.zspswiecie.pl\/index.php\/podreczniki\/\"]}]},{\"@type\":\"ImageObject\",\"inLanguage\":\"pl-PL\",\"@id\":\"https:\/\/www.zspswiecie.pl\/index.php\/podreczniki\/#primaryimage\",\"url\":\"https:\/\/www.zspswiecie.pl\/wp-content\/uploads\/2016\/07\/podreczniki-470x330.jpg\",\"contentUrl\":\"https:\/\/www.zspswiecie.pl\/wp-content\/uploads\/2016\/07\/podreczniki-470x330.jpg\",\"width\":470,\"height\":330},{\"@type\":\"BreadcrumbList\",\"@id\":\"https:\/\/www.zspswiecie.pl\/index.php\/podreczniki\/#breadcrumb\",\"itemListElement\":[{\"@type\":\"ListItem\",\"position\":1,\"name\":\"Strona g\u0142\u00f3wna\",\"item\":\"https:\/\/www.zspswiecie.pl\/index.php\/home\/strona-glowna\/\"},{\"@type\":\"ListItem\",\"position\":2,\"name\":\"WYKAZ PODR\u0118CZNIK\u00d3W\"}]},{\"@type\":\"WebSite\",\"@id\":\"https:\/\/www.zspswiecie.pl\/#website\",\"url\":\"https:\/\/www.zspswiecie.pl\/\",\"name\":\"ZSP\",\"description\":\"Zesp\u00f3\u0142 Szk\u00f3\u0142 Ponadpodstawowych\",\"publisher\":{\"@id\":\"https:\/\/www.zspswiecie.pl\/#organization\"},\"potentialAction\":[{\"@type\":\"SearchAction\",\"target\":{\"@type\":\"EntryPoint\",\"urlTemplate\":\"https:\/\/www.zspswiecie.pl\/?s={search_term_string}\"},\"query-input\":{\"@type\":\"PropertyValueSpecification\",\"valueRequired\":true,\"valueName\":\"search_term_string\"}}],\"inLanguage\":\"pl-PL\"},{\"@type\":\"Organization\",\"@id\":\"https:\/\/www.zspswiecie.pl\/#organization\",\"name\":\"Zesp\u00f3\u0142 Szk\u00f3\u0142 Ponadpodstawowych\",\"url\":\"https:\/\/www.zspswiecie.pl\/\",\"logo\":{\"@type\":\"ImageObject\",\"inLanguage\":\"pl-PL\",\"@id\":\"https:\/\/www.zspswiecie.pl\/#\/schema\/logo\/image\/\",\"url\":\"http:\/\/www.zspswiecie.pl\/wp-content\/uploads\/2016\/03\/logo-zsp2.png\",\"contentUrl\":\"http:\/\/www.zspswiecie.pl\/wp-content\/uploads\/2016\/03\/logo-zsp2.png\",\"width\":449,\"height\":351,\"caption\":\"Zesp\u00f3\u0142 Szk\u00f3\u0142 Ponadpodstawowych\"},\"image\":{\"@id\":\"https:\/\/www.zspswiecie.pl\/#\/schema\/logo\/image\/\"},\"sameAs\":[\"https:\/\/www.facebook.com\/people\/Zesp-Szk-Ponadpodstawowych-w-wieciu\/100057638830230\/\"]}]}<\/script>\n<!-- \/ Yoast SEO plugin. -->","yoast_head_json":{"title":"WYKAZ PODR\u0118CZNIK\u00d3W - ZSP","robots":{"index":"index","follow":"follow","max-snippet":"max-snippet:-1","max-image-preview":"max-image-preview:large","max-video-preview":"max-video-preview:-1"},"canonical":"https:\/\/www.zspswiecie.pl\/index.php\/podreczniki\/","og_locale":"pl_PL","og_type":"article","og_title":"WYKAZ PODR\u0118CZNIK\u00d3W - ZSP","og_description":"Rok szkolny 2023\/2024 WYKAZ PODR\u0118CZNIK\u00d3W DLA KLASY I LICEUM i TECHNIKUM WYKAZ PODR\u0118CZNIK\u00d3W DLA KLASY I BRAN\u017bOWEJ SZKO\u0141Y I STOPNIA WYKAZ PODR\u0118CZNIK\u00d3W DO PRZEDMIOT\u00d3W... &nbsp; Wi\u0119cej...","og_url":"https:\/\/www.zspswiecie.pl\/index.php\/podreczniki\/","og_site_name":"ZSP","article_publisher":"https:\/\/www.facebook.com\/people\/Zesp-Szk-Ponadpodstawowych-w-wieciu\/100057638830230\/","article_modified_time":"2023-07-03T17:44:56+00:00","og_image":[{"width":470,"height":330,"url":"https:\/\/www.zspswiecie.pl\/wp-content\/uploads\/2016\/07\/podreczniki-470x330.jpg","type":"image\/jpeg"}],"twitter_misc":{"Szacowany czas czytania":"1 minuta"},"schema":{"@context":"https:\/\/schema.org","@graph":[{"@type":"WebPage","@id":"https:\/\/www.zspswiecie.pl\/index.php\/podreczniki\/","url":"https:\/\/www.zspswiecie.pl\/index.php\/podreczniki\/","name":"WYKAZ PODR\u0118CZNIK\u00d3W - ZSP","isPartOf":{"@id":"https:\/\/www.zspswiecie.pl\/#website"},"primaryImageOfPage":{"@id":"https:\/\/www.zspswiecie.pl\/index.php\/podreczniki\/#primaryimage"},"image":{"@id":"https:\/\/www.zspswiecie.pl\/index.php\/podreczniki\/#primaryimage"},"thumbnailUrl":"https:\/\/www.zspswiecie.pl\/wp-content\/uploads\/2016\/07\/podreczniki-470x330.jpg","datePublished":"2016-03-14T07:50:02+00:00","dateModified":"2023-07-03T17:44:56+00:00","breadcrumb":{"@id":"https:\/\/www.zspswiecie.pl\/index.php\/podreczniki\/#breadcrumb"},"inLanguage":"pl-PL","potentialAction":[{"@type":"ReadAction","target":["https:\/\/www.zspswiecie.pl\/index.php\/podreczniki\/"]}]},{"@type":"ImageObject","inLanguage":"pl-PL","@id":"https:\/\/www.zspswiecie.pl\/index.php\/podreczniki\/#primaryimage","url":"https:\/\/www.zspswiecie.pl\/wp-content\/uploads\/2016\/07\/podreczniki-470x330.jpg","contentUrl":"https:\/\/www.zspswiecie.pl\/wp-content\/uploads\/2016\/07\/podreczniki-470x330.jpg","width":470,"height":330},{"@type":"BreadcrumbList","@id":"https:\/\/www.zspswiecie.pl\/index.php\/podreczniki\/#breadcrumb","itemListElement":[{"@type":"ListItem","position":1,"name":"Strona g\u0142\u00f3wna","item":"https:\/\/www.zspswiecie.pl\/index.php\/home\/strona-glowna\/"},{"@type":"ListItem","position":2,"name":"WYKAZ PODR\u0118CZNIK\u00d3W"}]},{"@type":"WebSite","@id":"https:\/\/www.zspswiecie.pl\/#website","url":"https:\/\/www.zspswiecie.pl\/","name":"ZSP","description":"Zesp\u00f3\u0142 Szk\u00f3\u0142 Ponadpodstawowych","publisher":{"@id":"https:\/\/www.zspswiecie.pl\/#organization"},"potentialAction":[{"@type":"SearchAction","target":{"@type":"EntryPoint","urlTemplate":"https:\/\/www.zspswiecie.pl\/?s={search_term_string}"},"query-input":{"@type":"PropertyValueSpecification","valueRequired":true,"valueName":"search_term_string"}}],"inLanguage":"pl-PL"},{"@type":"Organization","@id":"https:\/\/www.zspswiecie.pl\/#organization","name":"Zesp\u00f3\u0142 Szk\u00f3\u0142 Ponadpodstawowych","url":"https:\/\/www.zspswiecie.pl\/","logo":{"@type":"ImageObject","inLanguage":"pl-PL","@id":"https:\/\/www.zspswiecie.pl\/#\/schema\/logo\/image\/","url":"http:\/\/www.zspswiecie.pl\/wp-content\/uploads\/2016\/03\/logo-zsp2.png","contentUrl":"http:\/\/www.zspswiecie.pl\/wp-content\/uploads\/2016\/03\/logo-zsp2.png","width":449,"height":351,"caption":"Zesp\u00f3\u0142 Szk\u00f3\u0142 Ponadpodstawowych"},"image":{"@id":"https:\/\/www.zspswiecie.pl\/#\/schema\/logo\/image\/"},"sameAs":["https:\/\/www.facebook.com\/people\/Zesp-Szk-Ponadpodstawowych-w-wieciu\/100057638830230\/"]}]}},"_links":{"self":[{"href":"https:\/\/www.zspswiecie.pl\/index.php\/wp-json\/wp\/v2\/pages\/195","targetHints":{"allow":["GET"]}}],"collection":[{"href":"https:\/\/www.zspswiecie.pl\/index.php\/wp-json\/wp\/v2\/pages"}],"about":[{"href":"https:\/\/www.zspswiecie.pl\/index.php\/wp-json\/wp\/v2\/types\/page"}],"author":[{"embeddable":true,"href":"https:\/\/www.zspswiecie.pl\/index.php\/wp-json\/wp\/v2\/users\/1"}],"replies":[{"embeddable":true,"href":"https:\/\/www.zspswiecie.pl\/index.php\/wp-json\/wp\/v2\/comments?post=195"}],"version-history":[{"count":47,"href":"https:\/\/www.zspswiecie.pl\/index.php\/wp-json\/wp\/v2\/pages\/195\/revisions"}],"predecessor-version":[{"id":12128,"href":"https:\/\/www.zspswiecie.pl\/index.php\/wp-json\/wp\/v2\/pages\/195\/revisions\/12128"}],"wp:featuredmedia":[{"embeddable":true,"href":"https:\/\/www.zspswiecie.pl\/index.php\/wp-json\/wp\/v2\/media\/1650"}],"wp:attachment":[{"href":"https:\/\/www.zspswiecie.pl\/index.php\/wp-json\/wp\/v2\/media?parent=195"}],"curies":[{"name":"wp","href":"https:\/\/api.w.org\/{rel}","templated":true}]}}