{"id":11927,"date":"2023-05-22T22:24:02","date_gmt":"2023-05-22T20:24:02","guid":{"rendered":"http:\/\/www.zspswiecie.pl\/?page_id=11927"},"modified":"2026-04-29T14:59:56","modified_gmt":"2026-04-29T12:59:56","slug":"oddzial-przygotowania-wojskowego","status":"publish","type":"page","link":"https:\/\/www.zspswiecie.pl\/index.php\/oddzial-przygotowania-wojskowego\/","title":{"rendered":"Oddzia\u0142 Przygotowania Wojskowego"},"content":{"rendered":"\n<p><\/p>\n\n\n\n<figure class=\"wp-block-image size-full is-resized\"><img loading=\"lazy\" decoding=\"async\" width=\"890\" height=\"900\" src=\"https:\/\/www.zspswiecie.pl\/wp-content\/uploads\/2023\/05\/logo_zostan_zolnierzem_rzeczypospolitej.png\" alt=\"\" class=\"wp-image-11969\" style=\"width:527px;height:532px\" srcset=\"https:\/\/www.zspswiecie.pl\/wp-content\/uploads\/2023\/05\/logo_zostan_zolnierzem_rzeczypospolitej.png 890w, https:\/\/www.zspswiecie.pl\/wp-content\/uploads\/2023\/05\/logo_zostan_zolnierzem_rzeczypospolitej-297x300.png 297w, https:\/\/www.zspswiecie.pl\/wp-content\/uploads\/2023\/05\/logo_zostan_zolnierzem_rzeczypospolitej-768x777.png 768w\" sizes=\"auto, (max-width: 890px) 100vw, 890px\" \/><\/figure>\n\n\n\n<p><\/p>\n\n\n\n<p><mark style=\"background-color:rgba(0, 0, 0, 0)\" class=\"has-inline-color has-black-color\"><strong>UWAGA !!!&nbsp;<\/strong>Kandydaci przyst\u0119puj\u0105cy do egzaminu pr\u00f3by sprawno\u015bci fizycznej musz\u0105 posiada\u0107 odpowiedni str\u00f3j sportowy oraz obuwie sportowe.<\/mark><\/p>\n\n\n\n<p><strong><mark style=\"background-color:rgba(0, 0, 0, 0)\" class=\"has-inline-color has-black-color\">15 czerwca 2026r, godz. 9.00 na stadionie sportowym WDA \u015awiecie.<\/mark><\/strong><\/p>\n\n\n\n<p><a href=\"https:\/\/www.zspswiecie.pl\/wp-content\/uploads\/2023\/05\/Proba-sprawnosci-fizycznej-do-OPW.pdf\" target=\"_blank\" rel=\"noreferrer noopener\">pr\u00f3ba sprawno\u015bci fizycznej<\/a><\/p>\n\n\n\n<p><a href=\"https:\/\/www.zspswiecie.pl\/wp-content\/uploads\/2026\/04\/oswiadczenoe2026.pdf\">o\u015bwiadczenie rodzic\u00f3w pr\u00f3ba sprawno\u015bci<\/a><\/p>\n\n\n\n<p><mark style=\"background-color:rgba(0, 0, 0, 0)\" class=\"has-inline-color has-black-color\"><strong>ODDZIA\u0141 PRZYGOTOWANIA WOJSKOWEGO<\/strong> w Zespole Szk\u00f3l Ponadpodstawowych w \u015awieciu<strong>&nbsp;<\/strong>to propozycja dla os\u00f3b, kt\u00f3re swoj\u0105 przysz\u0142o\u015b\u0107 \u0142\u0105cz\u0105 z prac\u0105 w s\u0142u\u017cbach mundurowych<strong>.&nbsp;<\/strong>Oddzia\u0142 Przygotowania Wojskowego (OPW) to nowy rodzaj klas mundurowych, nad kt\u00f3rymi nadz\u00f3r merytoryczny sprawuje Ministerstwo Obrony Narodowej. OPW realizuje kszta\u0142cenie og\u00f3lne, zgodne z podstaw\u0105 programow\u0105 oraz &nbsp;program szkolenia z zakresu przygotowania wojskowego. Szkolenie wojskowe, kt\u00f3re przechodz\u0105 uczniowie w trakcie nauki, jest&nbsp; zbli\u017cone do tego, kt\u00f3re odbywaj\u0105 \u017co\u0142nierze s\u0142u\u017cby przygotowawczej. Zaj\u0119cia&nbsp; prowadz\u0105 instruktorzy z jednostek wojskowych. <\/mark><\/p>\n\n\n\n<p><mark style=\"background-color:rgba(0, 0, 0, 0)\" class=\"has-inline-color has-black-color\">Nasza szko\u0142a wsp\u00f3\u0142pracuje z jednostk\u0105 patronack\u0105&nbsp;<\/mark><a href=\"https:\/\/www.wojsko-polskie.pl\/8bot\/\"><strong>8 Kujawsko Pomorska Brygada  Obrony Terytorialnej.<\/strong><\/a><\/p>\n\n\n\n<p><mark style=\"background-color:rgba(0, 0, 0, 0)\" class=\"has-inline-color has-black-color\">Uczniowie ju\u017c w trakcie nauki zdobywaj\u0105 wiedz\u0119 i umiej\u0119tno\u015bci niezb\u0119dne ka\u017cdemu \u017co\u0142nierzowi. Szkolenie z zakresu przygotowania wojskowego odbywa si\u0119 &nbsp;w formie zaj\u0119\u0107 teoretycznych i praktycznych:<\/mark><\/p>\n\n\n\n<ul class=\"wp-block-list\">\n<li><mark style=\"background-color:rgba(0, 0, 0, 0)\" class=\"has-inline-color has-black-color\">w cz\u0119\u015bci teoretycznej program realizowany b\u0119dzie przez szko\u0142\u0119;<\/mark><\/li>\n\n\n\n<li><mark style=\"background-color:rgba(0, 0, 0, 0)\" class=\"has-inline-color has-black-color\">w cz\u0119\u015bci praktycznej przez patronack\u0105 jednostk\u0119 wojskow\u0105;<\/mark><\/li>\n<\/ul>\n\n\n\n<p><mark style=\"background-color:rgba(0, 0, 0, 0)\" class=\"has-inline-color has-black-color\">i zako\u0144czone b\u0119dzie obozem szkoleniowym.<\/mark><\/p>\n\n\n\n<p><mark style=\"background-color:rgba(0, 0, 0, 0)\" class=\"has-inline-color has-black-color\">OPW to nie tylko ch\u0119\u0107 zdobywania wysokiej sprawno\u015bci fizycznej, kt\u00f3r\u0105 mo\u017cna osi\u0105gn\u0105\u0107 jedynie poprzez regularny trening, ale r\u00f3wnie\u017c umiej\u0119tno\u015b\u0107 poruszania si\u0119 w terenie, wsp\u00f3\u0142dzia\u0142ania w grupie, pos\u0142ugiwania si\u0119 r\u00f3\u017cnymi typami broni, pokonywania przeszk\u00f3d. Uczniowie klasy OPW&nbsp; uczestnicz\u0105 w licznych zawodach: zar\u00f3wno&nbsp; sportowych jak i z zakresu obronno\u015bci. Na zaj\u0119ciach wychowania fizycznego dodatkowo realizuj\u0105 tre\u015bci z zakresu sztuk walki i pokonywania sprawno\u015bciowego toru przeszk\u00f3d.<\/mark><\/p>\n\n\n\n<p><mark style=\"background-color:rgba(0, 0, 0, 0)\" class=\"has-inline-color has-black-color\">W szkole znajduje si\u0119 odpowiednia baza dydaktyczna oraz wyposa\u017cenie np.:<\/mark><\/p>\n\n\n\n<p><strong>&#8211;&nbsp;<\/strong><mark style=\"background-color:rgba(0, 0, 0, 0)\" class=\"has-inline-color has-black-color\">nowoczesna strzelnica multimedialna;<\/mark><\/p>\n\n\n\n<p>&#8211; <mark style=\"background-color:rgba(0, 0, 0, 0)\" class=\"has-inline-color has-black-color\">sala sportowa;<\/mark><\/p>\n\n\n\n<p>&#8211; <mark style=\"background-color:rgba(0, 0, 0, 0)\" class=\"has-inline-color has-black-color\">si\u0142ownia,<\/mark><\/p>\n\n\n\n<p>&#8211; <mark style=\"background-color:rgba(0, 0, 0, 0)\" class=\"has-inline-color has-black-color\">sala do sport\u00f3w walki.<\/mark><\/p>\n\n\n\n<p><strong><mark style=\"background-color:rgba(0, 0, 0, 0)\" class=\"has-inline-color has-black-color\">W wyniku realizacji programu szkolenia uczniowie poznaj\u0105:<\/mark><\/strong><\/p>\n\n\n\n<p>&#8211;<mark style=\"background-color:rgba(0, 0, 0, 0)\" class=\"has-inline-color has-black-color\"> wiedz\u0119 o podstawowych uwarunkowaniach s\u0142u\u017cby wojskowej;<\/mark><\/p>\n\n\n\n<p>&#8211; <mark style=\"background-color:rgba(0, 0, 0, 0)\" class=\"has-inline-color has-black-color\">wybrane zagadnienia regulamin\u00f3w og\u00f3lnych;<\/mark><\/p>\n\n\n\n<p>&#8211; <mark style=\"background-color:rgba(0, 0, 0, 0)\" class=\"has-inline-color has-black-color\">musztr\u0119;<\/mark><\/p>\n\n\n\n<p>&#8211;<mark style=\"background-color:rgba(0, 0, 0, 0)\" class=\"has-inline-color has-black-color\"> ceremonia\u0142 wojskowy;<\/mark><\/p>\n\n\n\n<p>&#8211; <mark style=\"background-color:rgba(0, 0, 0, 0)\" class=\"has-inline-color has-black-color\">podstawy wychowania wojskowego;<\/mark><\/p>\n\n\n\n<p>&#8211; <mark style=\"background-color:rgba(0, 0, 0, 0)\" class=\"has-inline-color has-black-color\">podstawy szkolenia bojowego i strzeleckiego;<\/mark><\/p>\n\n\n\n<p>&#8211; <mark style=\"background-color:rgba(0, 0, 0, 0)\" class=\"has-inline-color has-black-color\">zasady rozpoznania wojskowego;<\/mark><\/p>\n\n\n\n<p>&#8211; <mark style=\"background-color:rgba(0, 0, 0, 0)\" class=\"has-inline-color has-black-color\">podstawy szkolenia in\u017cynieryjno-logistycznego.<\/mark><\/p>\n\n\n\n<p><strong><mark style=\"background-color:rgba(0, 0, 0, 0)\" class=\"has-inline-color has-black-color\">Korzy\u015bci dla Ciebie:<\/mark><\/strong><\/p>\n\n\n\n<ul class=\"wp-block-list\">\n<li><mark style=\"background-color:rgba(0, 0, 0, 0)\" class=\"has-inline-color has-black-color\">uczniowie OPW dzi\u0119ki dotacjom z MON&nbsp; otrzymaj\u0105 bezp\u0142atnie umundurowanie;<\/mark><\/li>\n\n\n\n<li><mark style=\"background-color:rgba(0, 0, 0, 0)\" class=\"has-inline-color has-black-color\">uczniowie OPW mog\u0105 &nbsp;liczy\u0107 na u\u0142atwienia w rekrutacji do s\u0142u\u017cby wojskowej;<\/mark><\/li>\n\n\n\n<li><mark style=\"background-color:rgba(0, 0, 0, 0)\" class=\"has-inline-color has-black-color\">uczniowie OPW b\u0119d\u0105 uprawnieni do odbycia skr\u00f3conej s\u0142u\u017cby przygotowawczej;<\/mark><\/li>\n\n\n\n<li><mark style=\"background-color:rgba(0, 0, 0, 0)\" class=\"has-inline-color has-black-color\">uczniowie, kt\u00f3rzy odb\u0119d\u0105 s\u0142u\u017cb\u0119 przygotowawcz\u0105 i z\u0142o\u017c\u0105 przysi\u0119g\u0119, stan\u0105 si\u0119 \u017co\u0142nierzami rezerwy;<\/mark><\/li>\n\n\n\n<li><mark style=\"background-color:rgba(0, 0, 0, 0)\" class=\"has-inline-color has-black-color\">uzyskaj\u0105 preferencje w trakcie naboru do Wojsk Obrony Terytorialnej oraz innych rodzaj\u00f3w s\u0142u\u017cby wojskowej;<\/mark><\/li>\n\n\n\n<li><mark style=\"background-color:rgba(0, 0, 0, 0)\" class=\"has-inline-color has-black-color\">zostan\u0105 przyj\u0119ci &nbsp;na akademie wojskowe na preferencyjnych warunkach (dodatkowe punkty podczas rozm\u00f3w rekrutacyjnych \u2013 uj\u0119te w uchwa\u0142ach wszystkich akademii wojskowych);<\/mark><\/li>\n\n\n\n<li><mark style=\"background-color:rgba(0, 0, 0, 0)\" class=\"has-inline-color has-black-color\">maj\u0105 mo\u017cliwo\u015b\u0107 udzia\u0142u w programie Legii Akademickiej w czasie trwania studi\u00f3w wy\u017cszych z zaliczeniem teoretycznej cz\u0119\u015bci szkoleniowej.<\/mark><\/li>\n\n\n\n<li><mark style=\"background-color:rgba(0, 0, 0, 0)\" class=\"has-inline-color has-black-color\">maj\u0105 mo\u017cliwo\u015b\u0107 sta\u0142ych konsultacji (ju\u017c w toku realizacji programu) przedstawicieli Terenowych Organ\u00f3w Administracji Wojskowej w zakresie mo\u017cliwo\u015bci przyj\u0119cia do s\u0142u\u017cby wojskowej oraz wskazywania mo\u017cliwo\u015bci podj\u0119cia s\u0142u\u017cby adekwatnych do potrzeb Si\u0142 Zbrojnych i uwarunkowa\u0144 kandydata.<\/mark><\/li>\n<\/ul>\n\n\n\n<p><mark style=\"background-color:rgba(0, 0, 0, 0)\" class=\"has-inline-color has-black-color\"><strong>Przedmioty uzupe\u0142niaj\u0105ce:<\/strong> podstawy szkolenia wojskowego;<\/mark><\/p>\n\n\n\n<p><mark style=\"background-color:rgba(0, 0, 0, 0)\" class=\"has-inline-color has-black-color\"><strong>Przedmioty rozszerzone:<\/strong> geografia;<\/mark><\/p>\n\n\n\n<p><strong><mark style=\"background-color:rgba(0, 0, 0, 0)\" class=\"has-inline-color has-black-color\">J\u0119zyki obce:<\/mark><\/strong><mark style=\"background-color:rgba(0, 0, 0, 0)\" class=\"has-inline-color has-black-color\"> j. angielski &#8211; obowi\u0105zkowy, j. rosyjski<\/mark><\/p>\n\n\n\n<p><strong><mark style=\"background-color:rgba(0, 0, 0, 0)\" class=\"has-inline-color has-black-color\">Przedmioty punktowane:<\/mark><\/strong><\/p>\n\n\n\n<p>&#8211;<mark style=\"background-color:rgba(0, 0, 0, 0)\" class=\"has-inline-color has-black-color\"> j\u0119zyk polski;<\/mark><\/p>\n\n\n\n<p>&#8211;<mark style=\"background-color:rgba(0, 0, 0, 0)\" class=\"has-inline-color has-black-color\"> matematyka;<\/mark><\/p>\n\n\n\n<p>&#8211; <mark style=\"background-color:rgba(0, 0, 0, 0)\" class=\"has-inline-color has-black-color\">geografia;<\/mark><\/p>\n\n\n\n<p><mark style=\"background-color:rgba(0, 0, 0, 0)\" class=\"has-inline-color has-black-color\">&#8211; j. angielski<\/mark><\/p>\n\n\n\n<p><strong><mark style=\"background-color:rgba(0, 0, 0, 0)\" class=\"has-inline-color has-black-color\">UWAGA!<\/mark><\/strong><\/p>\n\n\n\n<p><mark style=\"background-color:rgba(0, 0, 0, 0)\" class=\"has-inline-color has-black-color\">Liczba uczni\u00f3w w klasie&nbsp;<strong>nie mo\u017ce przekracza\u0107 &nbsp;30 os\u00f3b<\/strong><\/mark>. <mark style=\"background-color:rgba(0, 0, 0, 0)\" class=\"has-inline-color has-black-color\">Kandydaci do OPW przechodzi\u0107 b\u0119d\u0105 pr\u00f3b\u0119 sprawno\u015bci fizycznej.<\/mark><\/p>\n\n\n\n<p><strong><mark style=\"background-color:rgba(0, 0, 0, 0)\" class=\"has-inline-color has-black-color\">Dokumenty rekrutacyjne:<\/mark><\/strong><\/p>\n\n\n\n<p><a href=\"https:\/\/www.zspswiecie.pl\/wp-content\/uploads\/2023\/05\/orzeczenie_lekarskie-opw.pdf\" target=\"_blank\" rel=\"noreferrer noopener\">orzeczenie lekarskie<\/a><\/p>\n\n\n\n<p><\/p>\n\n\n\n<p><\/p>\n","protected":false},"excerpt":{"rendered":"<p>UWAGA !!!&nbsp;Kandydaci przyst\u0119puj\u0105cy do egzaminu pr\u00f3by sprawno\u015bci fizycznej musz\u0105 posiada\u0107 odpowiedni str\u00f3j sportowy oraz obuwie sportowe. 15 czerwca 2026r, godz. 9.00 na stadionie sportowym&#8230; &nbsp; <a href=\"https:\/\/www.zspswiecie.pl\/index.php\/oddzial-przygotowania-wojskowego\/\" class=\"moretag\">Wi\u0119cej&#8230;<\/a><\/p>\n","protected":false},"author":2,"featured_media":0,"parent":0,"menu_order":0,"comment_status":"closed","ping_status":"closed","template":"page-fullwidth.php","meta":{"footnotes":""},"class_list":["post-11927","page","type-page","status-publish","hentry"],"yoast_head":"<!-- This site is optimized with the Yoast SEO plugin v26.8 - https:\/\/yoast.com\/product\/yoast-seo-wordpress\/ -->\n<title>Oddzia\u0142 Przygotowania Wojskowego - ZSP<\/title>\n<meta name=\"robots\" content=\"index, follow, max-snippet:-1, max-image-preview:large, max-video-preview:-1\" \/>\n<link rel=\"canonical\" href=\"https:\/\/www.zspswiecie.pl\/index.php\/oddzial-przygotowania-wojskowego\/\" \/>\n<meta property=\"og:locale\" content=\"pl_PL\" \/>\n<meta property=\"og:type\" content=\"article\" \/>\n<meta property=\"og:title\" content=\"Oddzia\u0142 Przygotowania Wojskowego - ZSP\" \/>\n<meta property=\"og:description\" content=\"UWAGA !!!&nbsp;Kandydaci przyst\u0119puj\u0105cy do egzaminu pr\u00f3by sprawno\u015bci fizycznej musz\u0105 posiada\u0107 odpowiedni str\u00f3j sportowy oraz obuwie sportowe. 15 czerwca 2026r, godz. 9.00 na stadionie sportowym... &nbsp; Wi\u0119cej...\" \/>\n<meta property=\"og:url\" content=\"https:\/\/www.zspswiecie.pl\/index.php\/oddzial-przygotowania-wojskowego\/\" \/>\n<meta property=\"og:site_name\" content=\"ZSP\" \/>\n<meta property=\"article:publisher\" content=\"https:\/\/www.facebook.com\/people\/Zesp-Szk-Ponadpodstawowych-w-wieciu\/100057638830230\/\" \/>\n<meta property=\"article:modified_time\" content=\"2026-04-29T12:59:56+00:00\" \/>\n<meta property=\"og:image\" content=\"http:\/\/www.zspswiecie.pl\/wp-content\/uploads\/2023\/05\/logo_zostan_zolnierzem_rzeczypospolitej.png\" \/>\n<meta name=\"twitter:label1\" content=\"Szacowany czas czytania\" \/>\n\t<meta name=\"twitter:data1\" content=\"3 minuty\" \/>\n<script type=\"application\/ld+json\" class=\"yoast-schema-graph\">{\"@context\":\"https:\/\/schema.org\",\"@graph\":[{\"@type\":\"WebPage\",\"@id\":\"https:\/\/www.zspswiecie.pl\/index.php\/oddzial-przygotowania-wojskowego\/\",\"url\":\"https:\/\/www.zspswiecie.pl\/index.php\/oddzial-przygotowania-wojskowego\/\",\"name\":\"Oddzia\u0142 Przygotowania Wojskowego - ZSP\",\"isPartOf\":{\"@id\":\"https:\/\/www.zspswiecie.pl\/#website\"},\"primaryImageOfPage\":{\"@id\":\"https:\/\/www.zspswiecie.pl\/index.php\/oddzial-przygotowania-wojskowego\/#primaryimage\"},\"image\":{\"@id\":\"https:\/\/www.zspswiecie.pl\/index.php\/oddzial-przygotowania-wojskowego\/#primaryimage\"},\"thumbnailUrl\":\"http:\/\/www.zspswiecie.pl\/wp-content\/uploads\/2023\/05\/logo_zostan_zolnierzem_rzeczypospolitej.png\",\"datePublished\":\"2023-05-22T20:24:02+00:00\",\"dateModified\":\"2026-04-29T12:59:56+00:00\",\"breadcrumb\":{\"@id\":\"https:\/\/www.zspswiecie.pl\/index.php\/oddzial-przygotowania-wojskowego\/#breadcrumb\"},\"inLanguage\":\"pl-PL\",\"potentialAction\":[{\"@type\":\"ReadAction\",\"target\":[\"https:\/\/www.zspswiecie.pl\/index.php\/oddzial-przygotowania-wojskowego\/\"]}]},{\"@type\":\"ImageObject\",\"inLanguage\":\"pl-PL\",\"@id\":\"https:\/\/www.zspswiecie.pl\/index.php\/oddzial-przygotowania-wojskowego\/#primaryimage\",\"url\":\"http:\/\/www.zspswiecie.pl\/wp-content\/uploads\/2023\/05\/logo_zostan_zolnierzem_rzeczypospolitej.png\",\"contentUrl\":\"http:\/\/www.zspswiecie.pl\/wp-content\/uploads\/2023\/05\/logo_zostan_zolnierzem_rzeczypospolitej.png\"},{\"@type\":\"BreadcrumbList\",\"@id\":\"https:\/\/www.zspswiecie.pl\/index.php\/oddzial-przygotowania-wojskowego\/#breadcrumb\",\"itemListElement\":[{\"@type\":\"ListItem\",\"position\":1,\"name\":\"Strona g\u0142\u00f3wna\",\"item\":\"https:\/\/www.zspswiecie.pl\/index.php\/home\/strona-glowna\/\"},{\"@type\":\"ListItem\",\"position\":2,\"name\":\"Oddzia\u0142 Przygotowania Wojskowego\"}]},{\"@type\":\"WebSite\",\"@id\":\"https:\/\/www.zspswiecie.pl\/#website\",\"url\":\"https:\/\/www.zspswiecie.pl\/\",\"name\":\"ZSP\",\"description\":\"Zesp\u00f3\u0142 Szk\u00f3\u0142 Ponadpodstawowych\",\"publisher\":{\"@id\":\"https:\/\/www.zspswiecie.pl\/#organization\"},\"potentialAction\":[{\"@type\":\"SearchAction\",\"target\":{\"@type\":\"EntryPoint\",\"urlTemplate\":\"https:\/\/www.zspswiecie.pl\/?s={search_term_string}\"},\"query-input\":{\"@type\":\"PropertyValueSpecification\",\"valueRequired\":true,\"valueName\":\"search_term_string\"}}],\"inLanguage\":\"pl-PL\"},{\"@type\":\"Organization\",\"@id\":\"https:\/\/www.zspswiecie.pl\/#organization\",\"name\":\"Zesp\u00f3\u0142 Szk\u00f3\u0142 Ponadpodstawowych\",\"url\":\"https:\/\/www.zspswiecie.pl\/\",\"logo\":{\"@type\":\"ImageObject\",\"inLanguage\":\"pl-PL\",\"@id\":\"https:\/\/www.zspswiecie.pl\/#\/schema\/logo\/image\/\",\"url\":\"http:\/\/www.zspswiecie.pl\/wp-content\/uploads\/2016\/03\/logo-zsp2.png\",\"contentUrl\":\"http:\/\/www.zspswiecie.pl\/wp-content\/uploads\/2016\/03\/logo-zsp2.png\",\"width\":449,\"height\":351,\"caption\":\"Zesp\u00f3\u0142 Szk\u00f3\u0142 Ponadpodstawowych\"},\"image\":{\"@id\":\"https:\/\/www.zspswiecie.pl\/#\/schema\/logo\/image\/\"},\"sameAs\":[\"https:\/\/www.facebook.com\/people\/Zesp-Szk-Ponadpodstawowych-w-wieciu\/100057638830230\/\"]}]}<\/script>\n<!-- \/ Yoast SEO plugin. -->","yoast_head_json":{"title":"Oddzia\u0142 Przygotowania Wojskowego - ZSP","robots":{"index":"index","follow":"follow","max-snippet":"max-snippet:-1","max-image-preview":"max-image-preview:large","max-video-preview":"max-video-preview:-1"},"canonical":"https:\/\/www.zspswiecie.pl\/index.php\/oddzial-przygotowania-wojskowego\/","og_locale":"pl_PL","og_type":"article","og_title":"Oddzia\u0142 Przygotowania Wojskowego - ZSP","og_description":"UWAGA !!!&nbsp;Kandydaci przyst\u0119puj\u0105cy do egzaminu pr\u00f3by sprawno\u015bci fizycznej musz\u0105 posiada\u0107 odpowiedni str\u00f3j sportowy oraz obuwie sportowe. 15 czerwca 2026r, godz. 9.00 na stadionie sportowym... &nbsp; Wi\u0119cej...","og_url":"https:\/\/www.zspswiecie.pl\/index.php\/oddzial-przygotowania-wojskowego\/","og_site_name":"ZSP","article_publisher":"https:\/\/www.facebook.com\/people\/Zesp-Szk-Ponadpodstawowych-w-wieciu\/100057638830230\/","article_modified_time":"2026-04-29T12:59:56+00:00","og_image":[{"url":"http:\/\/www.zspswiecie.pl\/wp-content\/uploads\/2023\/05\/logo_zostan_zolnierzem_rzeczypospolitej.png","type":"","width":"","height":""}],"twitter_misc":{"Szacowany czas czytania":"3 minuty"},"schema":{"@context":"https:\/\/schema.org","@graph":[{"@type":"WebPage","@id":"https:\/\/www.zspswiecie.pl\/index.php\/oddzial-przygotowania-wojskowego\/","url":"https:\/\/www.zspswiecie.pl\/index.php\/oddzial-przygotowania-wojskowego\/","name":"Oddzia\u0142 Przygotowania Wojskowego - ZSP","isPartOf":{"@id":"https:\/\/www.zspswiecie.pl\/#website"},"primaryImageOfPage":{"@id":"https:\/\/www.zspswiecie.pl\/index.php\/oddzial-przygotowania-wojskowego\/#primaryimage"},"image":{"@id":"https:\/\/www.zspswiecie.pl\/index.php\/oddzial-przygotowania-wojskowego\/#primaryimage"},"thumbnailUrl":"http:\/\/www.zspswiecie.pl\/wp-content\/uploads\/2023\/05\/logo_zostan_zolnierzem_rzeczypospolitej.png","datePublished":"2023-05-22T20:24:02+00:00","dateModified":"2026-04-29T12:59:56+00:00","breadcrumb":{"@id":"https:\/\/www.zspswiecie.pl\/index.php\/oddzial-przygotowania-wojskowego\/#breadcrumb"},"inLanguage":"pl-PL","potentialAction":[{"@type":"ReadAction","target":["https:\/\/www.zspswiecie.pl\/index.php\/oddzial-przygotowania-wojskowego\/"]}]},{"@type":"ImageObject","inLanguage":"pl-PL","@id":"https:\/\/www.zspswiecie.pl\/index.php\/oddzial-przygotowania-wojskowego\/#primaryimage","url":"http:\/\/www.zspswiecie.pl\/wp-content\/uploads\/2023\/05\/logo_zostan_zolnierzem_rzeczypospolitej.png","contentUrl":"http:\/\/www.zspswiecie.pl\/wp-content\/uploads\/2023\/05\/logo_zostan_zolnierzem_rzeczypospolitej.png"},{"@type":"BreadcrumbList","@id":"https:\/\/www.zspswiecie.pl\/index.php\/oddzial-przygotowania-wojskowego\/#breadcrumb","itemListElement":[{"@type":"ListItem","position":1,"name":"Strona g\u0142\u00f3wna","item":"https:\/\/www.zspswiecie.pl\/index.php\/home\/strona-glowna\/"},{"@type":"ListItem","position":2,"name":"Oddzia\u0142 Przygotowania Wojskowego"}]},{"@type":"WebSite","@id":"https:\/\/www.zspswiecie.pl\/#website","url":"https:\/\/www.zspswiecie.pl\/","name":"ZSP","description":"Zesp\u00f3\u0142 Szk\u00f3\u0142 Ponadpodstawowych","publisher":{"@id":"https:\/\/www.zspswiecie.pl\/#organization"},"potentialAction":[{"@type":"SearchAction","target":{"@type":"EntryPoint","urlTemplate":"https:\/\/www.zspswiecie.pl\/?s={search_term_string}"},"query-input":{"@type":"PropertyValueSpecification","valueRequired":true,"valueName":"search_term_string"}}],"inLanguage":"pl-PL"},{"@type":"Organization","@id":"https:\/\/www.zspswiecie.pl\/#organization","name":"Zesp\u00f3\u0142 Szk\u00f3\u0142 Ponadpodstawowych","url":"https:\/\/www.zspswiecie.pl\/","logo":{"@type":"ImageObject","inLanguage":"pl-PL","@id":"https:\/\/www.zspswiecie.pl\/#\/schema\/logo\/image\/","url":"http:\/\/www.zspswiecie.pl\/wp-content\/uploads\/2016\/03\/logo-zsp2.png","contentUrl":"http:\/\/www.zspswiecie.pl\/wp-content\/uploads\/2016\/03\/logo-zsp2.png","width":449,"height":351,"caption":"Zesp\u00f3\u0142 Szk\u00f3\u0142 Ponadpodstawowych"},"image":{"@id":"https:\/\/www.zspswiecie.pl\/#\/schema\/logo\/image\/"},"sameAs":["https:\/\/www.facebook.com\/people\/Zesp-Szk-Ponadpodstawowych-w-wieciu\/100057638830230\/"]}]}},"_links":{"self":[{"href":"https:\/\/www.zspswiecie.pl\/index.php\/wp-json\/wp\/v2\/pages\/11927","targetHints":{"allow":["GET"]}}],"collection":[{"href":"https:\/\/www.zspswiecie.pl\/index.php\/wp-json\/wp\/v2\/pages"}],"about":[{"href":"https:\/\/www.zspswiecie.pl\/index.php\/wp-json\/wp\/v2\/types\/page"}],"author":[{"embeddable":true,"href":"https:\/\/www.zspswiecie.pl\/index.php\/wp-json\/wp\/v2\/users\/2"}],"replies":[{"embeddable":true,"href":"https:\/\/www.zspswiecie.pl\/index.php\/wp-json\/wp\/v2\/comments?post=11927"}],"version-history":[{"count":34,"href":"https:\/\/www.zspswiecie.pl\/index.php\/wp-json\/wp\/v2\/pages\/11927\/revisions"}],"predecessor-version":[{"id":16159,"href":"https:\/\/www.zspswiecie.pl\/index.php\/wp-json\/wp\/v2\/pages\/11927\/revisions\/16159"}],"wp:attachment":[{"href":"https:\/\/www.zspswiecie.pl\/index.php\/wp-json\/wp\/v2\/media?parent=11927"}],"curies":[{"name":"wp","href":"https:\/\/api.w.org\/{rel}","templated":true}]}}