{"id":110,"date":"2016-03-07T09:57:15","date_gmt":"2016-03-07T08:57:15","guid":{"rendered":"http:\/\/nowa.zspswiecie.pl\/?page_id=110"},"modified":"2025-09-09T09:13:51","modified_gmt":"2025-09-09T07:13:51","slug":"od-2015-r-tzw-nowa-matura","status":"publish","type":"page","link":"https:\/\/www.zspswiecie.pl\/index.php\/od-2015-r-tzw-nowa-matura\/","title":{"rendered":"Matura"},"content":{"rendered":"\n<div class=\"wp-block-columns is-layout-flex wp-container-core-columns-is-layout-9d6595d7 wp-block-columns-is-layout-flex\">\n<div class=\"wp-block-column is-layout-flow wp-block-column-is-layout-flow\" style=\"flex-basis:66.66%\">\n<p><mark style=\"background-color:rgba(0, 0, 0, 0)\" class=\"has-inline-color has-black-color\"><\/mark><\/p>\n\n\n\n<p><\/p>\n\n\n\n<p><a href=\"https:\/\/cke.gov.pl\/images\/_EGZAMIN_MATURALNY_OD_2023\/komunikaty\/2026\/komunikaty\/20250820%20E8%20EM%20Komunikat%20o%20harmonogramie%202026.pdf\">Harmonogram matur <strong>2026<\/strong><\/a><\/p>\n\n\n\n<p><a href=\"https:\/\/cke.gov.pl\/images\/_EGZAMIN_MATURALNY_OD_2023\/komunikaty\/2026\/komunikaty\/20250820%20EM%20Komunikat%20o%20dostosowaniach%202026.pdf\">Komunikat o dostosowaniach w <strong>2026r.<\/strong><\/a><\/p>\n\n\n\n<p><a href=\"https:\/\/cke.gov.pl\/images\/_EGZAMIN_MATURALNY_OD_2023\/komunikaty\/2026\/komunikaty\/20250820%20E8_EM%20Komunikat%20o%20przyborach%202026.pdf\">Komunikat o materia\u0142ach i przyborach pomocniczych w <strong>2026 r.<\/strong><\/a><\/p>\n\n\n\n<p><\/p>\n\n\n\n<p><mark style=\"background-color:rgba(0, 0, 0, 0)\" class=\"has-inline-color has-black-color\">Od roku 2025 zadania egzaminu maturalnego b\u0119d\u0105 sprawdza\u0142y poziom opanowania wiadomo\u015bci i umiej\u0119tno\u015bci okre\u015blonych w podstawie programowej kszta\u0142cenia og\u00f3lnego z 2024 r.<\/mark><\/p>\n<\/div>\n\n\n\n<div class=\"wp-block-column is-layout-flow wp-block-column-is-layout-flow\" style=\"flex-basis:33.33%\">\n<p><strong><em>Strony przydatne maturzy\u015bcie<\/em><\/strong><\/p>\n\n\n\n<p><strong>Okr\u0119gowa Komisja Egzaminacyjna &#8211; <a href=\"https:\/\/www.oke.gda.pl\/?page_id=1119\">zobacz wi\u0119cej<\/a><\/strong><\/p>\n\n\n\n<p><strong>Centralna Komisja Egzaminacyjna<a href=\"http:\/\/www.cke.edu.pl\/\" target=\"_blank\" rel=\"noreferrer noopener\"> &#8211; <\/a><a href=\"https:\/\/www.cke.gov.pl\/\" target=\"_blank\" rel=\"noreferrer noopener\">zobacz wi\u0119cej<\/a><\/strong><\/p>\n<\/div>\n<\/div>\n\n\n\n<p><\/p>\n","protected":false},"excerpt":{"rendered":"<p>Harmonogram matur 2026 Komunikat o dostosowaniach w 2026r. Komunikat o materia\u0142ach i przyborach pomocniczych w 2026 r. Od roku 2025 zadania egzaminu maturalnego b\u0119d\u0105&#8230; &nbsp; <a href=\"https:\/\/www.zspswiecie.pl\/index.php\/od-2015-r-tzw-nowa-matura\/\" class=\"moretag\">Wi\u0119cej&#8230;<\/a><\/p>\n","protected":false},"author":1,"featured_media":0,"parent":0,"menu_order":0,"comment_status":"open","ping_status":"open","template":"page-fullwidth.php","meta":{"footnotes":""},"class_list":["post-110","page","type-page","status-publish","hentry"],"yoast_head":"<!-- This site is optimized with the Yoast SEO plugin v26.8 - https:\/\/yoast.com\/product\/yoast-seo-wordpress\/ -->\n<title>Matura - ZSP<\/title>\n<meta name=\"robots\" content=\"index, follow, max-snippet:-1, max-image-preview:large, max-video-preview:-1\" \/>\n<link rel=\"canonical\" href=\"https:\/\/www.zspswiecie.pl\/index.php\/od-2015-r-tzw-nowa-matura\/\" \/>\n<meta property=\"og:locale\" content=\"pl_PL\" \/>\n<meta property=\"og:type\" content=\"article\" \/>\n<meta property=\"og:title\" content=\"Matura - ZSP\" \/>\n<meta property=\"og:description\" content=\"Harmonogram matur 2026 Komunikat o dostosowaniach w 2026r. Komunikat o materia\u0142ach i przyborach pomocniczych w 2026 r. Od roku 2025 zadania egzaminu maturalnego b\u0119d\u0105... &nbsp; Wi\u0119cej...\" \/>\n<meta property=\"og:url\" content=\"https:\/\/www.zspswiecie.pl\/index.php\/od-2015-r-tzw-nowa-matura\/\" \/>\n<meta property=\"og:site_name\" content=\"ZSP\" \/>\n<meta property=\"article:publisher\" content=\"https:\/\/www.facebook.com\/people\/Zesp-Szk-Ponadpodstawowych-w-wieciu\/100057638830230\/\" \/>\n<meta property=\"article:modified_time\" content=\"2025-09-09T07:13:51+00:00\" \/>\n<meta property=\"og:image\" content=\"http:\/\/www.zspswiecie.pl\/wp-content\/uploads\/2016\/03\/ZSP_budynek_szko%c5%82y_%c5%9bwiecie.jpg\" \/>\n<meta name=\"twitter:label1\" content=\"Szacowany czas czytania\" \/>\n\t<meta name=\"twitter:data1\" content=\"1 minuta\" \/>\n<script type=\"application\/ld+json\" class=\"yoast-schema-graph\">{\"@context\":\"https:\/\/schema.org\",\"@graph\":[{\"@type\":\"WebPage\",\"@id\":\"https:\/\/www.zspswiecie.pl\/index.php\/od-2015-r-tzw-nowa-matura\/\",\"url\":\"https:\/\/www.zspswiecie.pl\/index.php\/od-2015-r-tzw-nowa-matura\/\",\"name\":\"Matura - ZSP\",\"isPartOf\":{\"@id\":\"https:\/\/www.zspswiecie.pl\/#website\"},\"datePublished\":\"2016-03-07T08:57:15+00:00\",\"dateModified\":\"2025-09-09T07:13:51+00:00\",\"breadcrumb\":{\"@id\":\"https:\/\/www.zspswiecie.pl\/index.php\/od-2015-r-tzw-nowa-matura\/#breadcrumb\"},\"inLanguage\":\"pl-PL\",\"potentialAction\":[{\"@type\":\"ReadAction\",\"target\":[\"https:\/\/www.zspswiecie.pl\/index.php\/od-2015-r-tzw-nowa-matura\/\"]}]},{\"@type\":\"BreadcrumbList\",\"@id\":\"https:\/\/www.zspswiecie.pl\/index.php\/od-2015-r-tzw-nowa-matura\/#breadcrumb\",\"itemListElement\":[{\"@type\":\"ListItem\",\"position\":1,\"name\":\"Strona g\u0142\u00f3wna\",\"item\":\"https:\/\/www.zspswiecie.pl\/index.php\/home\/strona-glowna\/\"},{\"@type\":\"ListItem\",\"position\":2,\"name\":\"Matura\"}]},{\"@type\":\"WebSite\",\"@id\":\"https:\/\/www.zspswiecie.pl\/#website\",\"url\":\"https:\/\/www.zspswiecie.pl\/\",\"name\":\"ZSP\",\"description\":\"Zesp\u00f3\u0142 Szk\u00f3\u0142 Ponadpodstawowych\",\"publisher\":{\"@id\":\"https:\/\/www.zspswiecie.pl\/#organization\"},\"potentialAction\":[{\"@type\":\"SearchAction\",\"target\":{\"@type\":\"EntryPoint\",\"urlTemplate\":\"https:\/\/www.zspswiecie.pl\/?s={search_term_string}\"},\"query-input\":{\"@type\":\"PropertyValueSpecification\",\"valueRequired\":true,\"valueName\":\"search_term_string\"}}],\"inLanguage\":\"pl-PL\"},{\"@type\":\"Organization\",\"@id\":\"https:\/\/www.zspswiecie.pl\/#organization\",\"name\":\"Zesp\u00f3\u0142 Szk\u00f3\u0142 Ponadpodstawowych\",\"url\":\"https:\/\/www.zspswiecie.pl\/\",\"logo\":{\"@type\":\"ImageObject\",\"inLanguage\":\"pl-PL\",\"@id\":\"https:\/\/www.zspswiecie.pl\/#\/schema\/logo\/image\/\",\"url\":\"http:\/\/www.zspswiecie.pl\/wp-content\/uploads\/2016\/03\/logo-zsp2.png\",\"contentUrl\":\"http:\/\/www.zspswiecie.pl\/wp-content\/uploads\/2016\/03\/logo-zsp2.png\",\"width\":449,\"height\":351,\"caption\":\"Zesp\u00f3\u0142 Szk\u00f3\u0142 Ponadpodstawowych\"},\"image\":{\"@id\":\"https:\/\/www.zspswiecie.pl\/#\/schema\/logo\/image\/\"},\"sameAs\":[\"https:\/\/www.facebook.com\/people\/Zesp-Szk-Ponadpodstawowych-w-wieciu\/100057638830230\/\"]}]}<\/script>\n<!-- \/ Yoast SEO plugin. -->","yoast_head_json":{"title":"Matura - ZSP","robots":{"index":"index","follow":"follow","max-snippet":"max-snippet:-1","max-image-preview":"max-image-preview:large","max-video-preview":"max-video-preview:-1"},"canonical":"https:\/\/www.zspswiecie.pl\/index.php\/od-2015-r-tzw-nowa-matura\/","og_locale":"pl_PL","og_type":"article","og_title":"Matura - ZSP","og_description":"Harmonogram matur 2026 Komunikat o dostosowaniach w 2026r. Komunikat o materia\u0142ach i przyborach pomocniczych w 2026 r. Od roku 2025 zadania egzaminu maturalnego b\u0119d\u0105... &nbsp; Wi\u0119cej...","og_url":"https:\/\/www.zspswiecie.pl\/index.php\/od-2015-r-tzw-nowa-matura\/","og_site_name":"ZSP","article_publisher":"https:\/\/www.facebook.com\/people\/Zesp-Szk-Ponadpodstawowych-w-wieciu\/100057638830230\/","article_modified_time":"2025-09-09T07:13:51+00:00","og_image":[{"url":"http:\/\/www.zspswiecie.pl\/wp-content\/uploads\/2016\/03\/ZSP_budynek_szko%c5%82y_%c5%9bwiecie.jpg","type":"","width":"","height":""}],"twitter_misc":{"Szacowany czas czytania":"1 minuta"},"schema":{"@context":"https:\/\/schema.org","@graph":[{"@type":"WebPage","@id":"https:\/\/www.zspswiecie.pl\/index.php\/od-2015-r-tzw-nowa-matura\/","url":"https:\/\/www.zspswiecie.pl\/index.php\/od-2015-r-tzw-nowa-matura\/","name":"Matura - ZSP","isPartOf":{"@id":"https:\/\/www.zspswiecie.pl\/#website"},"datePublished":"2016-03-07T08:57:15+00:00","dateModified":"2025-09-09T07:13:51+00:00","breadcrumb":{"@id":"https:\/\/www.zspswiecie.pl\/index.php\/od-2015-r-tzw-nowa-matura\/#breadcrumb"},"inLanguage":"pl-PL","potentialAction":[{"@type":"ReadAction","target":["https:\/\/www.zspswiecie.pl\/index.php\/od-2015-r-tzw-nowa-matura\/"]}]},{"@type":"BreadcrumbList","@id":"https:\/\/www.zspswiecie.pl\/index.php\/od-2015-r-tzw-nowa-matura\/#breadcrumb","itemListElement":[{"@type":"ListItem","position":1,"name":"Strona g\u0142\u00f3wna","item":"https:\/\/www.zspswiecie.pl\/index.php\/home\/strona-glowna\/"},{"@type":"ListItem","position":2,"name":"Matura"}]},{"@type":"WebSite","@id":"https:\/\/www.zspswiecie.pl\/#website","url":"https:\/\/www.zspswiecie.pl\/","name":"ZSP","description":"Zesp\u00f3\u0142 Szk\u00f3\u0142 Ponadpodstawowych","publisher":{"@id":"https:\/\/www.zspswiecie.pl\/#organization"},"potentialAction":[{"@type":"SearchAction","target":{"@type":"EntryPoint","urlTemplate":"https:\/\/www.zspswiecie.pl\/?s={search_term_string}"},"query-input":{"@type":"PropertyValueSpecification","valueRequired":true,"valueName":"search_term_string"}}],"inLanguage":"pl-PL"},{"@type":"Organization","@id":"https:\/\/www.zspswiecie.pl\/#organization","name":"Zesp\u00f3\u0142 Szk\u00f3\u0142 Ponadpodstawowych","url":"https:\/\/www.zspswiecie.pl\/","logo":{"@type":"ImageObject","inLanguage":"pl-PL","@id":"https:\/\/www.zspswiecie.pl\/#\/schema\/logo\/image\/","url":"http:\/\/www.zspswiecie.pl\/wp-content\/uploads\/2016\/03\/logo-zsp2.png","contentUrl":"http:\/\/www.zspswiecie.pl\/wp-content\/uploads\/2016\/03\/logo-zsp2.png","width":449,"height":351,"caption":"Zesp\u00f3\u0142 Szk\u00f3\u0142 Ponadpodstawowych"},"image":{"@id":"https:\/\/www.zspswiecie.pl\/#\/schema\/logo\/image\/"},"sameAs":["https:\/\/www.facebook.com\/people\/Zesp-Szk-Ponadpodstawowych-w-wieciu\/100057638830230\/"]}]}},"_links":{"self":[{"href":"https:\/\/www.zspswiecie.pl\/index.php\/wp-json\/wp\/v2\/pages\/110","targetHints":{"allow":["GET"]}}],"collection":[{"href":"https:\/\/www.zspswiecie.pl\/index.php\/wp-json\/wp\/v2\/pages"}],"about":[{"href":"https:\/\/www.zspswiecie.pl\/index.php\/wp-json\/wp\/v2\/types\/page"}],"author":[{"embeddable":true,"href":"https:\/\/www.zspswiecie.pl\/index.php\/wp-json\/wp\/v2\/users\/1"}],"replies":[{"embeddable":true,"href":"https:\/\/www.zspswiecie.pl\/index.php\/wp-json\/wp\/v2\/comments?post=110"}],"version-history":[{"count":39,"href":"https:\/\/www.zspswiecie.pl\/index.php\/wp-json\/wp\/v2\/pages\/110\/revisions"}],"predecessor-version":[{"id":15320,"href":"https:\/\/www.zspswiecie.pl\/index.php\/wp-json\/wp\/v2\/pages\/110\/revisions\/15320"}],"wp:attachment":[{"href":"https:\/\/www.zspswiecie.pl\/index.php\/wp-json\/wp\/v2\/media?parent=110"}],"curies":[{"name":"wp","href":"https:\/\/api.w.org\/{rel}","templated":true}]}}