{"id":10102,"date":"2022-04-24T22:05:23","date_gmt":"2022-04-24T20:05:23","guid":{"rendered":"http:\/\/www.zspswiecie.pl\/?page_id=10102"},"modified":"2024-06-18T09:11:45","modified_gmt":"2024-06-18T07:11:45","slug":"akredytacja-erasmusa","status":"publish","type":"page","link":"https:\/\/www.zspswiecie.pl\/index.php\/akredytacja-erasmusa\/","title":{"rendered":"Erasmus + szans\u0105 zdobycia umiej\u0119tno\u015bci zawodowych na poziomie europejskim"},"content":{"rendered":"<p><span style=\"color: #000000;\">Projekt jest realizowany na lata 01.09.2021- 30.11.2022 r.<\/span><\/p>\n\n\n<figure class=\"wp-block-image size-large\"><img loading=\"lazy\" decoding=\"async\" width=\"707\" height=\"500\" src=\"https:\/\/www.zspswiecie.pl\/wp-content\/uploads\/2022\/02\/Certyfikat_Erasmus.jpg\" alt=\"\" class=\"wp-image-9854\" srcset=\"https:\/\/www.zspswiecie.pl\/wp-content\/uploads\/2022\/02\/Certyfikat_Erasmus.jpg 707w, https:\/\/www.zspswiecie.pl\/wp-content\/uploads\/2022\/02\/Certyfikat_Erasmus-300x212.jpg 300w\" sizes=\"auto, (max-width: 707px) 100vw, 707px\" \/><\/figure>\n\n\n\n<p><mark style=\"background-color:rgba(0, 0, 0, 0)\" class=\"has-inline-color has-black-color\">W dniach 6-7 kwietnia 2022 dyrekcja Zespo\u0142u Szk\u00f3\u0142 Ponadpodstawowych; Pan Piotr Kami\u0144ski, Pan Artur Kurzyna oraz Pani \u00a0Anna M\u0105dry uczestniczyli w wizycie przygotowawczej w \u00a0ramach projektu Erasmus +. Nauczyciele przybyli do Malmo, aby zobaczy\u0107 przysz\u0142e miejsca pracy i zakwaterowania uczni\u00f3w.<\/mark><\/p>\n\n\n\n<p><mark style=\"background-color:rgba(0, 0, 0, 0)\" class=\"has-inline-color has-black-color\">W terminie 04.06-02.07.2022 r. grupa szesnastu uczni\u00f3w wyjecha\u0142a na praktyki (7 uczni\u00f3w Technikum w zawodzie technik ekonomista, 2 uczni\u00f3w Technikum w zawodzie technik programista, 4 uczni\u00f3w Technikum w zawodzie technik mechatronik, 1 ucze\u0144 Technikum w zawodzie technik informatyk, 2 uczni\u00f3w Bran\u017cowej Szko\u0142y I Stopnia w zawodzie fryzjer).<\/mark><\/p>\n\n\n\n<div data-wp-interactive=\"core\/file\" class=\"wp-block-file\"><object data-wp-bind--hidden=\"!state.hasPdfPreview\" hidden class=\"wp-block-file__embed\" data=\"https:\/\/www.zspswiecie.pl\/wp-content\/uploads\/2024\/06\/Erasmus_2024.pdf\" type=\"application\/pdf\" style=\"width:100%;height:600px\" aria-label=\"Osadzone z Erasmus_2024.\"><\/object><a id=\"wp-block-file--media-52d66c87-d579-4e48-9ee1-ff329124937b\" href=\"https:\/\/www.zspswiecie.pl\/wp-content\/uploads\/2024\/06\/Erasmus_2024.pdf\">Erasmus_2024<\/a><a href=\"https:\/\/www.zspswiecie.pl\/wp-content\/uploads\/2024\/06\/Erasmus_2024.pdf\" class=\"wp-block-file__button wp-element-button\" download aria-describedby=\"wp-block-file--media-52d66c87-d579-4e48-9ee1-ff329124937b\">Pobierz<\/a><\/div>\n","protected":false},"excerpt":{"rendered":"<p>Projekt jest realizowany na lata 01.09.2021- 30.11.2022 r. W dniach 6-7 kwietnia 2022 dyrekcja Zespo\u0142u Szk\u00f3\u0142 Ponadpodstawowych; Pan Piotr Kami\u0144ski, Pan Artur Kurzyna oraz&#8230; &nbsp; <a href=\"https:\/\/www.zspswiecie.pl\/index.php\/akredytacja-erasmusa\/\" class=\"moretag\">Wi\u0119cej&#8230;<\/a><\/p>\n","protected":false},"author":2,"featured_media":0,"parent":0,"menu_order":0,"comment_status":"closed","ping_status":"closed","template":"page-fullwidth.php","meta":{"footnotes":""},"class_list":["post-10102","page","type-page","status-publish","hentry"],"yoast_head":"<!-- This site is optimized with the Yoast SEO plugin v26.8 - https:\/\/yoast.com\/product\/yoast-seo-wordpress\/ -->\n<title>Erasmus + szans\u0105 zdobycia umiej\u0119tno\u015bci zawodowych na poziomie europejskim - ZSP<\/title>\n<meta name=\"robots\" content=\"index, follow, max-snippet:-1, max-image-preview:large, max-video-preview:-1\" \/>\n<link rel=\"canonical\" href=\"https:\/\/www.zspswiecie.pl\/index.php\/akredytacja-erasmusa\/\" \/>\n<meta property=\"og:locale\" content=\"pl_PL\" \/>\n<meta property=\"og:type\" content=\"article\" \/>\n<meta property=\"og:title\" content=\"Erasmus + szans\u0105 zdobycia umiej\u0119tno\u015bci zawodowych na poziomie europejskim - ZSP\" \/>\n<meta property=\"og:description\" content=\"Projekt jest realizowany na lata 01.09.2021- 30.11.2022 r. W dniach 6-7 kwietnia 2022 dyrekcja Zespo\u0142u Szk\u00f3\u0142 Ponadpodstawowych; Pan Piotr Kami\u0144ski, Pan Artur Kurzyna oraz... &nbsp; Wi\u0119cej...\" \/>\n<meta property=\"og:url\" content=\"https:\/\/www.zspswiecie.pl\/index.php\/akredytacja-erasmusa\/\" \/>\n<meta property=\"og:site_name\" content=\"ZSP\" \/>\n<meta property=\"article:publisher\" content=\"https:\/\/www.facebook.com\/people\/Zesp-Szk-Ponadpodstawowych-w-wieciu\/100057638830230\/\" \/>\n<meta property=\"article:modified_time\" content=\"2024-06-18T07:11:45+00:00\" \/>\n<meta property=\"og:image\" content=\"http:\/\/www.zspswiecie.pl\/wp-content\/uploads\/2022\/02\/Certyfikat_Erasmus.jpg\" \/>\n<meta name=\"twitter:label1\" content=\"Szacowany czas czytania\" \/>\n\t<meta name=\"twitter:data1\" content=\"1 minuta\" \/>\n<script type=\"application\/ld+json\" class=\"yoast-schema-graph\">{\"@context\":\"https:\/\/schema.org\",\"@graph\":[{\"@type\":\"WebPage\",\"@id\":\"https:\/\/www.zspswiecie.pl\/index.php\/akredytacja-erasmusa\/\",\"url\":\"https:\/\/www.zspswiecie.pl\/index.php\/akredytacja-erasmusa\/\",\"name\":\"Erasmus + szans\u0105 zdobycia umiej\u0119tno\u015bci zawodowych na poziomie europejskim - ZSP\",\"isPartOf\":{\"@id\":\"https:\/\/www.zspswiecie.pl\/#website\"},\"primaryImageOfPage\":{\"@id\":\"https:\/\/www.zspswiecie.pl\/index.php\/akredytacja-erasmusa\/#primaryimage\"},\"image\":{\"@id\":\"https:\/\/www.zspswiecie.pl\/index.php\/akredytacja-erasmusa\/#primaryimage\"},\"thumbnailUrl\":\"http:\/\/www.zspswiecie.pl\/wp-content\/uploads\/2022\/02\/Certyfikat_Erasmus.jpg\",\"datePublished\":\"2022-04-24T20:05:23+00:00\",\"dateModified\":\"2024-06-18T07:11:45+00:00\",\"breadcrumb\":{\"@id\":\"https:\/\/www.zspswiecie.pl\/index.php\/akredytacja-erasmusa\/#breadcrumb\"},\"inLanguage\":\"pl-PL\",\"potentialAction\":[{\"@type\":\"ReadAction\",\"target\":[\"https:\/\/www.zspswiecie.pl\/index.php\/akredytacja-erasmusa\/\"]}]},{\"@type\":\"ImageObject\",\"inLanguage\":\"pl-PL\",\"@id\":\"https:\/\/www.zspswiecie.pl\/index.php\/akredytacja-erasmusa\/#primaryimage\",\"url\":\"http:\/\/www.zspswiecie.pl\/wp-content\/uploads\/2022\/02\/Certyfikat_Erasmus.jpg\",\"contentUrl\":\"http:\/\/www.zspswiecie.pl\/wp-content\/uploads\/2022\/02\/Certyfikat_Erasmus.jpg\"},{\"@type\":\"BreadcrumbList\",\"@id\":\"https:\/\/www.zspswiecie.pl\/index.php\/akredytacja-erasmusa\/#breadcrumb\",\"itemListElement\":[{\"@type\":\"ListItem\",\"position\":1,\"name\":\"Strona g\u0142\u00f3wna\",\"item\":\"https:\/\/www.zspswiecie.pl\/index.php\/home\/strona-glowna\/\"},{\"@type\":\"ListItem\",\"position\":2,\"name\":\"Erasmus + szans\u0105 zdobycia umiej\u0119tno\u015bci zawodowych na poziomie europejskim\"}]},{\"@type\":\"WebSite\",\"@id\":\"https:\/\/www.zspswiecie.pl\/#website\",\"url\":\"https:\/\/www.zspswiecie.pl\/\",\"name\":\"ZSP\",\"description\":\"Zesp\u00f3\u0142 Szk\u00f3\u0142 Ponadpodstawowych\",\"publisher\":{\"@id\":\"https:\/\/www.zspswiecie.pl\/#organization\"},\"potentialAction\":[{\"@type\":\"SearchAction\",\"target\":{\"@type\":\"EntryPoint\",\"urlTemplate\":\"https:\/\/www.zspswiecie.pl\/?s={search_term_string}\"},\"query-input\":{\"@type\":\"PropertyValueSpecification\",\"valueRequired\":true,\"valueName\":\"search_term_string\"}}],\"inLanguage\":\"pl-PL\"},{\"@type\":\"Organization\",\"@id\":\"https:\/\/www.zspswiecie.pl\/#organization\",\"name\":\"Zesp\u00f3\u0142 Szk\u00f3\u0142 Ponadpodstawowych\",\"url\":\"https:\/\/www.zspswiecie.pl\/\",\"logo\":{\"@type\":\"ImageObject\",\"inLanguage\":\"pl-PL\",\"@id\":\"https:\/\/www.zspswiecie.pl\/#\/schema\/logo\/image\/\",\"url\":\"http:\/\/www.zspswiecie.pl\/wp-content\/uploads\/2016\/03\/logo-zsp2.png\",\"contentUrl\":\"http:\/\/www.zspswiecie.pl\/wp-content\/uploads\/2016\/03\/logo-zsp2.png\",\"width\":449,\"height\":351,\"caption\":\"Zesp\u00f3\u0142 Szk\u00f3\u0142 Ponadpodstawowych\"},\"image\":{\"@id\":\"https:\/\/www.zspswiecie.pl\/#\/schema\/logo\/image\/\"},\"sameAs\":[\"https:\/\/www.facebook.com\/people\/Zesp-Szk-Ponadpodstawowych-w-wieciu\/100057638830230\/\"]}]}<\/script>\n<!-- \/ Yoast SEO plugin. -->","yoast_head_json":{"title":"Erasmus + szans\u0105 zdobycia umiej\u0119tno\u015bci zawodowych na poziomie europejskim - ZSP","robots":{"index":"index","follow":"follow","max-snippet":"max-snippet:-1","max-image-preview":"max-image-preview:large","max-video-preview":"max-video-preview:-1"},"canonical":"https:\/\/www.zspswiecie.pl\/index.php\/akredytacja-erasmusa\/","og_locale":"pl_PL","og_type":"article","og_title":"Erasmus + szans\u0105 zdobycia umiej\u0119tno\u015bci zawodowych na poziomie europejskim - ZSP","og_description":"Projekt jest realizowany na lata 01.09.2021- 30.11.2022 r. W dniach 6-7 kwietnia 2022 dyrekcja Zespo\u0142u Szk\u00f3\u0142 Ponadpodstawowych; Pan Piotr Kami\u0144ski, Pan Artur Kurzyna oraz... &nbsp; Wi\u0119cej...","og_url":"https:\/\/www.zspswiecie.pl\/index.php\/akredytacja-erasmusa\/","og_site_name":"ZSP","article_publisher":"https:\/\/www.facebook.com\/people\/Zesp-Szk-Ponadpodstawowych-w-wieciu\/100057638830230\/","article_modified_time":"2024-06-18T07:11:45+00:00","og_image":[{"url":"http:\/\/www.zspswiecie.pl\/wp-content\/uploads\/2022\/02\/Certyfikat_Erasmus.jpg","type":"","width":"","height":""}],"twitter_misc":{"Szacowany czas czytania":"1 minuta"},"schema":{"@context":"https:\/\/schema.org","@graph":[{"@type":"WebPage","@id":"https:\/\/www.zspswiecie.pl\/index.php\/akredytacja-erasmusa\/","url":"https:\/\/www.zspswiecie.pl\/index.php\/akredytacja-erasmusa\/","name":"Erasmus + szans\u0105 zdobycia umiej\u0119tno\u015bci zawodowych na poziomie europejskim - ZSP","isPartOf":{"@id":"https:\/\/www.zspswiecie.pl\/#website"},"primaryImageOfPage":{"@id":"https:\/\/www.zspswiecie.pl\/index.php\/akredytacja-erasmusa\/#primaryimage"},"image":{"@id":"https:\/\/www.zspswiecie.pl\/index.php\/akredytacja-erasmusa\/#primaryimage"},"thumbnailUrl":"http:\/\/www.zspswiecie.pl\/wp-content\/uploads\/2022\/02\/Certyfikat_Erasmus.jpg","datePublished":"2022-04-24T20:05:23+00:00","dateModified":"2024-06-18T07:11:45+00:00","breadcrumb":{"@id":"https:\/\/www.zspswiecie.pl\/index.php\/akredytacja-erasmusa\/#breadcrumb"},"inLanguage":"pl-PL","potentialAction":[{"@type":"ReadAction","target":["https:\/\/www.zspswiecie.pl\/index.php\/akredytacja-erasmusa\/"]}]},{"@type":"ImageObject","inLanguage":"pl-PL","@id":"https:\/\/www.zspswiecie.pl\/index.php\/akredytacja-erasmusa\/#primaryimage","url":"http:\/\/www.zspswiecie.pl\/wp-content\/uploads\/2022\/02\/Certyfikat_Erasmus.jpg","contentUrl":"http:\/\/www.zspswiecie.pl\/wp-content\/uploads\/2022\/02\/Certyfikat_Erasmus.jpg"},{"@type":"BreadcrumbList","@id":"https:\/\/www.zspswiecie.pl\/index.php\/akredytacja-erasmusa\/#breadcrumb","itemListElement":[{"@type":"ListItem","position":1,"name":"Strona g\u0142\u00f3wna","item":"https:\/\/www.zspswiecie.pl\/index.php\/home\/strona-glowna\/"},{"@type":"ListItem","position":2,"name":"Erasmus + szans\u0105 zdobycia umiej\u0119tno\u015bci zawodowych na poziomie europejskim"}]},{"@type":"WebSite","@id":"https:\/\/www.zspswiecie.pl\/#website","url":"https:\/\/www.zspswiecie.pl\/","name":"ZSP","description":"Zesp\u00f3\u0142 Szk\u00f3\u0142 Ponadpodstawowych","publisher":{"@id":"https:\/\/www.zspswiecie.pl\/#organization"},"potentialAction":[{"@type":"SearchAction","target":{"@type":"EntryPoint","urlTemplate":"https:\/\/www.zspswiecie.pl\/?s={search_term_string}"},"query-input":{"@type":"PropertyValueSpecification","valueRequired":true,"valueName":"search_term_string"}}],"inLanguage":"pl-PL"},{"@type":"Organization","@id":"https:\/\/www.zspswiecie.pl\/#organization","name":"Zesp\u00f3\u0142 Szk\u00f3\u0142 Ponadpodstawowych","url":"https:\/\/www.zspswiecie.pl\/","logo":{"@type":"ImageObject","inLanguage":"pl-PL","@id":"https:\/\/www.zspswiecie.pl\/#\/schema\/logo\/image\/","url":"http:\/\/www.zspswiecie.pl\/wp-content\/uploads\/2016\/03\/logo-zsp2.png","contentUrl":"http:\/\/www.zspswiecie.pl\/wp-content\/uploads\/2016\/03\/logo-zsp2.png","width":449,"height":351,"caption":"Zesp\u00f3\u0142 Szk\u00f3\u0142 Ponadpodstawowych"},"image":{"@id":"https:\/\/www.zspswiecie.pl\/#\/schema\/logo\/image\/"},"sameAs":["https:\/\/www.facebook.com\/people\/Zesp-Szk-Ponadpodstawowych-w-wieciu\/100057638830230\/"]}]}},"_links":{"self":[{"href":"https:\/\/www.zspswiecie.pl\/index.php\/wp-json\/wp\/v2\/pages\/10102","targetHints":{"allow":["GET"]}}],"collection":[{"href":"https:\/\/www.zspswiecie.pl\/index.php\/wp-json\/wp\/v2\/pages"}],"about":[{"href":"https:\/\/www.zspswiecie.pl\/index.php\/wp-json\/wp\/v2\/types\/page"}],"author":[{"embeddable":true,"href":"https:\/\/www.zspswiecie.pl\/index.php\/wp-json\/wp\/v2\/users\/2"}],"replies":[{"embeddable":true,"href":"https:\/\/www.zspswiecie.pl\/index.php\/wp-json\/wp\/v2\/comments?post=10102"}],"version-history":[{"count":9,"href":"https:\/\/www.zspswiecie.pl\/index.php\/wp-json\/wp\/v2\/pages\/10102\/revisions"}],"predecessor-version":[{"id":13585,"href":"https:\/\/www.zspswiecie.pl\/index.php\/wp-json\/wp\/v2\/pages\/10102\/revisions\/13585"}],"wp:attachment":[{"href":"https:\/\/www.zspswiecie.pl\/index.php\/wp-json\/wp\/v2\/media?parent=10102"}],"curies":[{"name":"wp","href":"https:\/\/api.w.org\/{rel}","templated":true}]}}