{"id":10081,"date":"2022-04-22T14:59:35","date_gmt":"2022-04-22T12:59:35","guid":{"rendered":"http:\/\/www.zspswiecie.pl\/?page_id=10081"},"modified":"2022-04-26T23:27:24","modified_gmt":"2022-04-26T21:27:24","slug":"umiedzynarodowienie-naszej-szkoly","status":"publish","type":"page","link":"https:\/\/www.zspswiecie.pl\/index.php\/umiedzynarodowienie-naszej-szkoly\/","title":{"rendered":"Umi\u0119dzynarodowienie naszej szko\u0142y"},"content":{"rendered":"\n<div class=\"wp-block-columns is-layout-flex wp-container-core-columns-is-layout-9d6595d7 wp-block-columns-is-layout-flex\">\n<div class=\"wp-block-column is-layout-flow wp-block-column-is-layout-flow\">\n<p><span style=\"color: #000000;\">Informacja o projekcie:<\/span><\/p>\n<p><span style=\"color: #000000;\">Projekt <strong>\u201eWyjazdy na praktyki zagraniczne w programie Erasmus+ jako nieod\u0142\u0105czny element<\/strong> <strong>dalszego umi\u0119dzynarodowienia ZSP w \u015awieciu\u201d<\/strong> jest realizowany w latach 2020 \u2013 2023. Jest to ju\u017c czwarty projekt realizowany we wsp\u00f3\u0142pracy z niemieckim Partnerem firm\u0105 Siegmundsburger Haus Werraquelle GmbH z landu Turyngia. Projekt w ca\u0142o\u015bci jest finansowany ze \u015brodk\u00f3w Unii Europejskiej. W projekcie zaplanowano udzia\u0142 54 uczni\u00f3w.<\/span><\/p>\n<p><span style=\"color: #000000;\">Celem Projektu jest:<\/span><\/p>\n<p><span style=\"color: #000000;\">&#8211; zdobycie umiej\u0119tno\u015bci zawodowych,<\/span><\/p>\n<p><span style=\"color: #000000;\">&#8211; doskonalenie umiej\u0119tno\u015bci komunikacyjnych w j\u0119zykach obcych,<\/span><\/p>\n<p><span style=\"color: #000000;\">&#8211; rozw\u00f3j umiej\u0119tno\u015bci personalnych w \u015brodowisku mi\u0119dzynarodowym,<\/span><\/p>\n<p><span style=\"color: #000000;\">&#8211; poznanie innego kraju, jego historii, kultury i tradycji.<\/span><\/p>\n<p><span style=\"color: #000000;\">W ramach projektu uczniowie wyje\u017cd\u017caj\u0105 na 4 tygodniowe praktyki zawodowe. Ucz\u0105cy si\u0119 w zawodach:\u00a0 technik hotelarstwa oraz technik \u017cywienia i us\u0142ug gastronomicznych odbywaj\u0105 praktyki w hotelach zlokalizowanych w r\u00f3\u017cnych miejscowo\u015bciach Turyngii. Ucz\u0105cy si\u0119 w zawodzie technik logistyk realizuj\u0105 praktyk\u0119 w Centrum logistycznym w pobli\u017cu miejscowo\u015bci Eisenach.<\/span><\/p>\n<p><span style=\"color: #000000;\">Przed wyjazdem do Niemiec uczniowie otrzymuj\u0105 wsparcie w postaci zaj\u0119\u0107: \u201eTrening komunikacyjny\u201d, \u201eKomisjonowanie i etykietowanie\u201d, \u201eObs\u0142uga go\u015bcia\u201d, \u201eRozs\u0105dne korzystanie z telefonu i smartfona\u201d oraz \u201eZ dala od domu\u201d. Uczestnicy Projektu s\u0105 dodatkowo ubezpieczeni, otrzymuj\u0105 \u015brodki na zakup odzie\u017cy roboczej, podr\u00f3\u017c odbywa si\u0119 w spos\u00f3b zorganizowany przez szko\u0142\u0119. Na miejscu uczestnicy Projektu otrzymuj\u0105: zakwaterowanie, wy\u017cywienie oraz kieszonkowe. W Niemczech z uczniami przebywa nauczyciel \u2013 opiekun.<\/span><\/p>\n<p><span style=\"color: #000000;\">W trakcie podr\u00f3\u017cy do Niemiec uczestnicy i opiekun zwiedzaj\u0105 miasto Wiemar. Zwiedzaj\u0105 r\u00f3wnie\u017c miejscowo\u015bci, w kt\u00f3rych odbywaj\u0105 praktyki.<\/span><\/p>\n<p><span style=\"color: #000000;\">Ca\u0142kowity bud\u017cet projektu to <strong>141259 \u20ac<\/strong><\/span><\/p>\n<\/div>\n\n\n\n<div class=\"wp-block-column is-layout-flow wp-block-column-is-layout-flow\">\n<figure class=\"wp-block-image size-large\"><img loading=\"lazy\" decoding=\"async\" width=\"436\" height=\"600\" src=\"https:\/\/www.zspswiecie.pl\/wp-content\/uploads\/2019\/02\/Scaner.jpg\" alt=\"\" class=\"wp-image-6105\"\/><\/figure>\n<\/div>\n<\/div>\n\n\n\n<div class=\"wp-block-columns is-layout-flex wp-container-core-columns-is-layout-9d6595d7 wp-block-columns-is-layout-flex\">\n<div class=\"wp-block-column is-layout-flow wp-block-column-is-layout-flow\"><\/div>\n<\/div>\n\n\n<div class=\"news-meta\">\u00a0<\/div>\n<div class=\"news-body\">\n<p><span style=\"color: #000000;\">25 listopada 2021 r. w naszej szkole odby\u0142o si\u0119 spotkanie zwi\u0105zane z realizacj\u0105 projektu \u201eUmi\u0119dzynarodowienie naszej szko\u0142y Erasmus + nasz\u0105 szans\u0105\u201d.\u00a0 Uczniowie, kt\u00f3rzy odbyli miesi\u0119czne praktyki zagraniczne przygotowali prezentacje multimedialne i podzielili si\u0119 do\u015bwiadczeniami z m\u0142odszymi kolegami.<\/span><\/p>\n<p><span style=\"color: #000000;\">Zawody realizuj\u0105ce praktyki zagraniczne: technik hotelarstwa. technik \u017cywienia i us\u0142ug gastronomicznych, technik logistyk. Wsparcie dla uczestnik\u00f3w projektu obj\u0119\u0142o przygotowanie j\u0119zykowe i zawodowe, przygotowanie mentalne- spotkanie z przedstawicielami Instytucji Partnerskiej , ubezpieczenie na czas pobytu w Niemczech, przejazd do Niemiec i powr\u00f3t do kraju, kieszonkowe.<\/span><\/p>\n<p><span style=\"color: #000000;\">Koordynator Projektu Pani Ewa Joachimiak<\/span><\/p>\n<\/div>\n\n\n<figure class=\"wp-block-image size-large\"><img loading=\"lazy\" decoding=\"async\" width=\"1200\" height=\"675\" src=\"https:\/\/www.zspswiecie.pl\/wp-content\/uploads\/2021\/11\/1637874002603-1200x675.jpg\" alt=\"\" class=\"wp-image-9742\" srcset=\"https:\/\/www.zspswiecie.pl\/wp-content\/uploads\/2021\/11\/1637874002603-1200x675.jpg 1200w, https:\/\/www.zspswiecie.pl\/wp-content\/uploads\/2021\/11\/1637874002603-300x169.jpg 300w, https:\/\/www.zspswiecie.pl\/wp-content\/uploads\/2021\/11\/1637874002603-768x432.jpg 768w, https:\/\/www.zspswiecie.pl\/wp-content\/uploads\/2021\/11\/1637874002603.jpg 1280w\" sizes=\"auto, (max-width: 1200px) 100vw, 1200px\" \/><\/figure>\n","protected":false},"excerpt":{"rendered":"<p>Informacja o projekcie: Projekt \u201eWyjazdy na praktyki zagraniczne w programie Erasmus+ jako nieod\u0142\u0105czny element dalszego umi\u0119dzynarodowienia ZSP w \u015awieciu\u201d jest realizowany w latach 2020&#8230; &nbsp; <a href=\"https:\/\/www.zspswiecie.pl\/index.php\/umiedzynarodowienie-naszej-szkoly\/\" class=\"moretag\">Wi\u0119cej&#8230;<\/a><\/p>\n","protected":false},"author":2,"featured_media":0,"parent":0,"menu_order":0,"comment_status":"closed","ping_status":"closed","template":"page-fullwidth.php","meta":{"footnotes":""},"class_list":["post-10081","page","type-page","status-publish","hentry"],"yoast_head":"<!-- This site is optimized with the Yoast SEO plugin v26.8 - https:\/\/yoast.com\/product\/yoast-seo-wordpress\/ -->\n<title>Umi\u0119dzynarodowienie naszej szko\u0142y - ZSP<\/title>\n<meta name=\"robots\" content=\"index, follow, max-snippet:-1, max-image-preview:large, max-video-preview:-1\" \/>\n<link rel=\"canonical\" href=\"https:\/\/www.zspswiecie.pl\/index.php\/umiedzynarodowienie-naszej-szkoly\/\" \/>\n<meta property=\"og:locale\" content=\"pl_PL\" \/>\n<meta property=\"og:type\" content=\"article\" \/>\n<meta property=\"og:title\" content=\"Umi\u0119dzynarodowienie naszej szko\u0142y - ZSP\" \/>\n<meta property=\"og:description\" content=\"Informacja o projekcie: Projekt \u201eWyjazdy na praktyki zagraniczne w programie Erasmus+ jako nieod\u0142\u0105czny element dalszego umi\u0119dzynarodowienia ZSP w \u015awieciu\u201d jest realizowany w latach 2020... &nbsp; Wi\u0119cej...\" \/>\n<meta property=\"og:url\" content=\"https:\/\/www.zspswiecie.pl\/index.php\/umiedzynarodowienie-naszej-szkoly\/\" \/>\n<meta property=\"og:site_name\" content=\"ZSP\" \/>\n<meta property=\"article:publisher\" content=\"https:\/\/www.facebook.com\/people\/Zesp-Szk-Ponadpodstawowych-w-wieciu\/100057638830230\/\" \/>\n<meta property=\"article:modified_time\" content=\"2022-04-26T21:27:24+00:00\" \/>\n<meta property=\"og:image\" content=\"http:\/\/www.zspswiecie.pl\/wp-content\/uploads\/2019\/02\/Scaner.jpg\" \/>\n<meta name=\"twitter:label1\" content=\"Szacowany czas czytania\" \/>\n\t<meta name=\"twitter:data1\" content=\"2 minuty\" \/>\n<script type=\"application\/ld+json\" class=\"yoast-schema-graph\">{\"@context\":\"https:\/\/schema.org\",\"@graph\":[{\"@type\":\"WebPage\",\"@id\":\"https:\/\/www.zspswiecie.pl\/index.php\/umiedzynarodowienie-naszej-szkoly\/\",\"url\":\"https:\/\/www.zspswiecie.pl\/index.php\/umiedzynarodowienie-naszej-szkoly\/\",\"name\":\"Umi\u0119dzynarodowienie naszej szko\u0142y - ZSP\",\"isPartOf\":{\"@id\":\"https:\/\/www.zspswiecie.pl\/#website\"},\"primaryImageOfPage\":{\"@id\":\"https:\/\/www.zspswiecie.pl\/index.php\/umiedzynarodowienie-naszej-szkoly\/#primaryimage\"},\"image\":{\"@id\":\"https:\/\/www.zspswiecie.pl\/index.php\/umiedzynarodowienie-naszej-szkoly\/#primaryimage\"},\"thumbnailUrl\":\"http:\/\/www.zspswiecie.pl\/wp-content\/uploads\/2019\/02\/Scaner.jpg\",\"datePublished\":\"2022-04-22T12:59:35+00:00\",\"dateModified\":\"2022-04-26T21:27:24+00:00\",\"breadcrumb\":{\"@id\":\"https:\/\/www.zspswiecie.pl\/index.php\/umiedzynarodowienie-naszej-szkoly\/#breadcrumb\"},\"inLanguage\":\"pl-PL\",\"potentialAction\":[{\"@type\":\"ReadAction\",\"target\":[\"https:\/\/www.zspswiecie.pl\/index.php\/umiedzynarodowienie-naszej-szkoly\/\"]}]},{\"@type\":\"ImageObject\",\"inLanguage\":\"pl-PL\",\"@id\":\"https:\/\/www.zspswiecie.pl\/index.php\/umiedzynarodowienie-naszej-szkoly\/#primaryimage\",\"url\":\"http:\/\/www.zspswiecie.pl\/wp-content\/uploads\/2019\/02\/Scaner.jpg\",\"contentUrl\":\"http:\/\/www.zspswiecie.pl\/wp-content\/uploads\/2019\/02\/Scaner.jpg\"},{\"@type\":\"BreadcrumbList\",\"@id\":\"https:\/\/www.zspswiecie.pl\/index.php\/umiedzynarodowienie-naszej-szkoly\/#breadcrumb\",\"itemListElement\":[{\"@type\":\"ListItem\",\"position\":1,\"name\":\"Strona g\u0142\u00f3wna\",\"item\":\"https:\/\/www.zspswiecie.pl\/index.php\/home\/strona-glowna\/\"},{\"@type\":\"ListItem\",\"position\":2,\"name\":\"Umi\u0119dzynarodowienie naszej szko\u0142y\"}]},{\"@type\":\"WebSite\",\"@id\":\"https:\/\/www.zspswiecie.pl\/#website\",\"url\":\"https:\/\/www.zspswiecie.pl\/\",\"name\":\"ZSP\",\"description\":\"Zesp\u00f3\u0142 Szk\u00f3\u0142 Ponadpodstawowych\",\"publisher\":{\"@id\":\"https:\/\/www.zspswiecie.pl\/#organization\"},\"potentialAction\":[{\"@type\":\"SearchAction\",\"target\":{\"@type\":\"EntryPoint\",\"urlTemplate\":\"https:\/\/www.zspswiecie.pl\/?s={search_term_string}\"},\"query-input\":{\"@type\":\"PropertyValueSpecification\",\"valueRequired\":true,\"valueName\":\"search_term_string\"}}],\"inLanguage\":\"pl-PL\"},{\"@type\":\"Organization\",\"@id\":\"https:\/\/www.zspswiecie.pl\/#organization\",\"name\":\"Zesp\u00f3\u0142 Szk\u00f3\u0142 Ponadpodstawowych\",\"url\":\"https:\/\/www.zspswiecie.pl\/\",\"logo\":{\"@type\":\"ImageObject\",\"inLanguage\":\"pl-PL\",\"@id\":\"https:\/\/www.zspswiecie.pl\/#\/schema\/logo\/image\/\",\"url\":\"http:\/\/www.zspswiecie.pl\/wp-content\/uploads\/2016\/03\/logo-zsp2.png\",\"contentUrl\":\"http:\/\/www.zspswiecie.pl\/wp-content\/uploads\/2016\/03\/logo-zsp2.png\",\"width\":449,\"height\":351,\"caption\":\"Zesp\u00f3\u0142 Szk\u00f3\u0142 Ponadpodstawowych\"},\"image\":{\"@id\":\"https:\/\/www.zspswiecie.pl\/#\/schema\/logo\/image\/\"},\"sameAs\":[\"https:\/\/www.facebook.com\/people\/Zesp-Szk-Ponadpodstawowych-w-wieciu\/100057638830230\/\"]}]}<\/script>\n<!-- \/ Yoast SEO plugin. -->","yoast_head_json":{"title":"Umi\u0119dzynarodowienie naszej szko\u0142y - ZSP","robots":{"index":"index","follow":"follow","max-snippet":"max-snippet:-1","max-image-preview":"max-image-preview:large","max-video-preview":"max-video-preview:-1"},"canonical":"https:\/\/www.zspswiecie.pl\/index.php\/umiedzynarodowienie-naszej-szkoly\/","og_locale":"pl_PL","og_type":"article","og_title":"Umi\u0119dzynarodowienie naszej szko\u0142y - ZSP","og_description":"Informacja o projekcie: Projekt \u201eWyjazdy na praktyki zagraniczne w programie Erasmus+ jako nieod\u0142\u0105czny element dalszego umi\u0119dzynarodowienia ZSP w \u015awieciu\u201d jest realizowany w latach 2020... &nbsp; Wi\u0119cej...","og_url":"https:\/\/www.zspswiecie.pl\/index.php\/umiedzynarodowienie-naszej-szkoly\/","og_site_name":"ZSP","article_publisher":"https:\/\/www.facebook.com\/people\/Zesp-Szk-Ponadpodstawowych-w-wieciu\/100057638830230\/","article_modified_time":"2022-04-26T21:27:24+00:00","og_image":[{"url":"http:\/\/www.zspswiecie.pl\/wp-content\/uploads\/2019\/02\/Scaner.jpg","type":"","width":"","height":""}],"twitter_misc":{"Szacowany czas czytania":"2 minuty"},"schema":{"@context":"https:\/\/schema.org","@graph":[{"@type":"WebPage","@id":"https:\/\/www.zspswiecie.pl\/index.php\/umiedzynarodowienie-naszej-szkoly\/","url":"https:\/\/www.zspswiecie.pl\/index.php\/umiedzynarodowienie-naszej-szkoly\/","name":"Umi\u0119dzynarodowienie naszej szko\u0142y - ZSP","isPartOf":{"@id":"https:\/\/www.zspswiecie.pl\/#website"},"primaryImageOfPage":{"@id":"https:\/\/www.zspswiecie.pl\/index.php\/umiedzynarodowienie-naszej-szkoly\/#primaryimage"},"image":{"@id":"https:\/\/www.zspswiecie.pl\/index.php\/umiedzynarodowienie-naszej-szkoly\/#primaryimage"},"thumbnailUrl":"http:\/\/www.zspswiecie.pl\/wp-content\/uploads\/2019\/02\/Scaner.jpg","datePublished":"2022-04-22T12:59:35+00:00","dateModified":"2022-04-26T21:27:24+00:00","breadcrumb":{"@id":"https:\/\/www.zspswiecie.pl\/index.php\/umiedzynarodowienie-naszej-szkoly\/#breadcrumb"},"inLanguage":"pl-PL","potentialAction":[{"@type":"ReadAction","target":["https:\/\/www.zspswiecie.pl\/index.php\/umiedzynarodowienie-naszej-szkoly\/"]}]},{"@type":"ImageObject","inLanguage":"pl-PL","@id":"https:\/\/www.zspswiecie.pl\/index.php\/umiedzynarodowienie-naszej-szkoly\/#primaryimage","url":"http:\/\/www.zspswiecie.pl\/wp-content\/uploads\/2019\/02\/Scaner.jpg","contentUrl":"http:\/\/www.zspswiecie.pl\/wp-content\/uploads\/2019\/02\/Scaner.jpg"},{"@type":"BreadcrumbList","@id":"https:\/\/www.zspswiecie.pl\/index.php\/umiedzynarodowienie-naszej-szkoly\/#breadcrumb","itemListElement":[{"@type":"ListItem","position":1,"name":"Strona g\u0142\u00f3wna","item":"https:\/\/www.zspswiecie.pl\/index.php\/home\/strona-glowna\/"},{"@type":"ListItem","position":2,"name":"Umi\u0119dzynarodowienie naszej szko\u0142y"}]},{"@type":"WebSite","@id":"https:\/\/www.zspswiecie.pl\/#website","url":"https:\/\/www.zspswiecie.pl\/","name":"ZSP","description":"Zesp\u00f3\u0142 Szk\u00f3\u0142 Ponadpodstawowych","publisher":{"@id":"https:\/\/www.zspswiecie.pl\/#organization"},"potentialAction":[{"@type":"SearchAction","target":{"@type":"EntryPoint","urlTemplate":"https:\/\/www.zspswiecie.pl\/?s={search_term_string}"},"query-input":{"@type":"PropertyValueSpecification","valueRequired":true,"valueName":"search_term_string"}}],"inLanguage":"pl-PL"},{"@type":"Organization","@id":"https:\/\/www.zspswiecie.pl\/#organization","name":"Zesp\u00f3\u0142 Szk\u00f3\u0142 Ponadpodstawowych","url":"https:\/\/www.zspswiecie.pl\/","logo":{"@type":"ImageObject","inLanguage":"pl-PL","@id":"https:\/\/www.zspswiecie.pl\/#\/schema\/logo\/image\/","url":"http:\/\/www.zspswiecie.pl\/wp-content\/uploads\/2016\/03\/logo-zsp2.png","contentUrl":"http:\/\/www.zspswiecie.pl\/wp-content\/uploads\/2016\/03\/logo-zsp2.png","width":449,"height":351,"caption":"Zesp\u00f3\u0142 Szk\u00f3\u0142 Ponadpodstawowych"},"image":{"@id":"https:\/\/www.zspswiecie.pl\/#\/schema\/logo\/image\/"},"sameAs":["https:\/\/www.facebook.com\/people\/Zesp-Szk-Ponadpodstawowych-w-wieciu\/100057638830230\/"]}]}},"_links":{"self":[{"href":"https:\/\/www.zspswiecie.pl\/index.php\/wp-json\/wp\/v2\/pages\/10081","targetHints":{"allow":["GET"]}}],"collection":[{"href":"https:\/\/www.zspswiecie.pl\/index.php\/wp-json\/wp\/v2\/pages"}],"about":[{"href":"https:\/\/www.zspswiecie.pl\/index.php\/wp-json\/wp\/v2\/types\/page"}],"author":[{"embeddable":true,"href":"https:\/\/www.zspswiecie.pl\/index.php\/wp-json\/wp\/v2\/users\/2"}],"replies":[{"embeddable":true,"href":"https:\/\/www.zspswiecie.pl\/index.php\/wp-json\/wp\/v2\/comments?post=10081"}],"version-history":[{"count":8,"href":"https:\/\/www.zspswiecie.pl\/index.php\/wp-json\/wp\/v2\/pages\/10081\/revisions"}],"predecessor-version":[{"id":10126,"href":"https:\/\/www.zspswiecie.pl\/index.php\/wp-json\/wp\/v2\/pages\/10081\/revisions\/10126"}],"wp:attachment":[{"href":"https:\/\/www.zspswiecie.pl\/index.php\/wp-json\/wp\/v2\/media?parent=10081"}],"curies":[{"name":"wp","href":"https:\/\/api.w.org\/{rel}","templated":true}]}}